{"id":1259,"date":"2023-11-30T17:55:37","date_gmt":"2023-11-30T16:55:37","guid":{"rendered":"https:\/\/effluences.com\/?post_type=product&#038;p=1259"},"modified":"2025-06-03T14:12:32","modified_gmt":"2025-06-03T12:12:32","slug":"millepertuis","status":"publish","type":"product","link":"https:\/\/effluences.com\/de\/shop\/blumen\/johanniskraut\/","title":{"rendered":"Johanniskraut"},"content":{"rendered":"<h2>L'<em>Abfluss<\/em> '<strong>Johanniskraut<\/strong>' des Lumen Care Labors<\/h2>\n<p>Ist ein Anh\u00e4nger, der Sie in Ihrer F\u00e4higkeit unterst\u00fctzt, Ihre Gef\u00fchle zu beherrschen und Ihr volles Potenzial zu entfalten. Die <em>Effluences<\/em> bringen Ihnen eine tiefe positive Transformation, wenn Sie sie in Hautkontakt tragen<strong>. <\/strong><\/p>\n<h2>Eine technologische Innovation, um sich um seine Gef\u00fchle zu k\u00fcmmern<\/h2>\n<p>Die <em>Effluences<\/em> sind vibrierende Elixiere, die Ihr emotionales Wohlbefinden positiv verst\u00e4rken. Diese in Frankreich hergestellten Glaskapseln enthalten Wasser, das mit Licht kodiert und mit den reinen Schwingungen von '...' versehen ist.<strong>Johanniskraut<\/strong>'. Auf sehr hohe Verd\u00fcnnungen gebracht, strahlen diese Schwingungen durch das Glas der Kapsel.<\/p>\n<p>&nbsp;<\/p>","protected":false},"excerpt":{"rendered":"<h3>Positive Verst\u00e4rkung : <\/h3>\n<p>Strahlt eine Energie des Friedens und des Loslassens im gegenw\u00e4rtigen Augenblick aus. Tr\u00e4gt dazu bei, nach einer Zeit des Ungleichgewichts die Lebensfreude wiederzufinden und sich im Wohlbefinden voll zu entfalten.<\/p>","protected":false},"featured_media":1140,"comment_status":"open","ping_status":"closed","template":"","meta":[],"product_cat":[27],"product_tag":[],"class_list":{"0":"post-1259","1":"product","2":"type-product","3":"status-publish","4":"has-post-thumbnail","6":"product_cat-fleurs","8":"first","9":"instock","10":"taxable","11":"shipping-taxable","12":"purchasable","13":"product-type-variable"},"yoast_head":"<!-- This site is optimized with the Yoast SEO Premium plugin v21.5 (Yoast SEO v23.7) - https:\/\/yoast.com\/wordpress\/plugins\/seo\/ -->\n<title>Millepertuis - Effluences : \u00e9lixirs \u00e9motionnels<\/title>\n<meta name=\"robots\" content=\"index, follow, max-snippet:-1, max-image-preview:large, max-video-preview:-1\" \/>\n<link rel=\"canonical\" href=\"https:\/\/effluences.com\/de\/shop\/blumen\/johanniskraut\/\" \/>\n<meta property=\"og:locale\" content=\"de_DE\" \/>\n<meta property=\"og:type\" content=\"article\" \/>\n<meta property=\"og:title\" content=\"Millepertuis\" \/>\n<meta property=\"og:description\" content=\"Renforcement positif : Rayonne une \u00e9nergie de paix, de l\u00e2cher-prise dans l\u2019instant pr\u00e9sent. Contribue \u00e0 retrouver la joie de vivre et \u00e0 s\u2019\u00e9panouir pleinement dans le bien-\u00eatre apr\u00e8s une p\u00e9riode de d\u00e9s\u00e9quilibre.\" \/>\n<meta property=\"og:url\" content=\"https:\/\/effluences.com\/de\/shop\/blumen\/johanniskraut\/\" \/>\n<meta property=\"og:site_name\" content=\"Effluences : \u00e9lixirs \u00e9motionnels\" \/>\n<meta property=\"article:modified_time\" content=\"2025-06-03T12:12:32+00:00\" \/>\n<meta property=\"og:image\" content=\"https:\/\/effluences.com\/wp-content\/uploads\/2023\/11\/Millepertuis.jpg\" \/>\n\t<meta property=\"og:image:width\" content=\"740\" \/>\n\t<meta property=\"og:image:height\" content=\"1110\" \/>\n\t<meta property=\"og:image:type\" content=\"image\/jpeg\" \/>\n<meta name=\"twitter:card\" content=\"summary_large_image\" \/>\n<meta name=\"twitter:label1\" content=\"Verf\u00fcgbarkeit\" \/>\n\t<meta name=\"twitter:data1\" content=\"Auf Lager\" \/>\n<script type=\"application\/ld+json\" class=\"yoast-schema-graph\">{\"@context\":\"https:\/\/schema.org\",\"@graph\":[{\"@type\":\"WebPage\",\"@id\":\"https:\/\/effluences.com\/boutique\/fleurs\/millepertuis\/\",\"url\":\"https:\/\/effluences.com\/boutique\/fleurs\/millepertuis\/\",\"name\":\"Millepertuis - Effluences : \u00e9lixirs \u00e9motionnels\",\"isPartOf\":{\"@id\":\"https:\/\/effluences.com\/#website\"},\"primaryImageOfPage\":{\"@id\":\"https:\/\/effluences.com\/boutique\/fleurs\/millepertuis\/#primaryimage\"},\"image\":{\"@id\":\"https:\/\/effluences.com\/boutique\/fleurs\/millepertuis\/#primaryimage\"},\"thumbnailUrl\":\"https:\/\/effluences.com\/wp-content\/uploads\/2023\/11\/Millepertuis.jpg\",\"datePublished\":\"2023-11-30T16:55:37+00:00\",\"dateModified\":\"2025-06-03T12:12:32+00:00\",\"breadcrumb\":{\"@id\":\"https:\/\/effluences.com\/boutique\/fleurs\/millepertuis\/#breadcrumb\"},\"inLanguage\":\"de\",\"potentialAction\":[{\"@type\":\"ReadAction\",\"target\":[\"https:\/\/effluences.com\/boutique\/fleurs\/millepertuis\/\"]}]},{\"@type\":\"ImageObject\",\"inLanguage\":\"de\",\"@id\":\"https:\/\/effluences.com\/boutique\/fleurs\/millepertuis\/#primaryimage\",\"url\":\"https:\/\/effluences.com\/wp-content\/uploads\/2023\/11\/Millepertuis.jpg\",\"contentUrl\":\"https:\/\/effluences.com\/wp-content\/uploads\/2023\/11\/Millepertuis.jpg\",\"width\":740,\"height\":1110},{\"@type\":\"BreadcrumbList\",\"@id\":\"https:\/\/effluences.com\/boutique\/fleurs\/millepertuis\/#breadcrumb\",\"itemListElement\":[{\"@type\":\"ListItem\",\"position\":1,\"name\":\"Accueil\",\"item\":\"https:\/\/effluences.com\/\"},{\"@type\":\"ListItem\",\"position\":2,\"name\":\"Boutique\",\"item\":\"https:\/\/effluences.com\/boutique\/\"},{\"@type\":\"ListItem\",\"position\":3,\"name\":\"Millepertuis\"}]},{\"@type\":\"WebSite\",\"@id\":\"https:\/\/effluences.com\/#website\",\"url\":\"https:\/\/effluences.com\/\",\"name\":\"Les Effluences\",\"description\":\"Boostez vos \u00e9motions positives\",\"publisher\":{\"@id\":\"https:\/\/effluences.com\/#organization\"},\"alternateName\":\"Effluences\",\"potentialAction\":[{\"@type\":\"SearchAction\",\"target\":{\"@type\":\"EntryPoint\",\"urlTemplate\":\"https:\/\/effluences.com\/?s={search_term_string}\"},\"query-input\":{\"@type\":\"PropertyValueSpecification\",\"valueRequired\":true,\"valueName\":\"search_term_string\"}}],\"inLanguage\":\"de\"},{\"@type\":\"Organization\",\"@id\":\"https:\/\/effluences.com\/#organization\",\"name\":\"Lumen Care Laboratory\",\"url\":\"https:\/\/effluences.com\/\",\"logo\":{\"@type\":\"ImageObject\",\"inLanguage\":\"de\",\"@id\":\"https:\/\/effluences.com\/#\/schema\/logo\/image\/\",\"url\":\"https:\/\/effluences.com\/wp-content\/uploads\/2023\/12\/logo-LCL-vectoriel-Def.png\",\"contentUrl\":\"https:\/\/effluences.com\/wp-content\/uploads\/2023\/12\/logo-LCL-vectoriel-Def.png\",\"width\":3790,\"height\":714,\"caption\":\"Lumen Care Laboratory\"},\"image\":{\"@id\":\"https:\/\/effluences.com\/#\/schema\/logo\/image\/\"}}]}<\/script>\n<meta property=\"product:brand\" content=\"Effluences\" \/>\n<meta property=\"og:availability\" content=\"instock\" \/>\n<meta property=\"product:availability\" content=\"instock\" \/>\n<meta property=\"product:retailer_item_id\" content=\"F11\" \/>\n<meta property=\"product:condition\" content=\"new\" \/>\n<!-- \/ Yoast SEO Premium plugin. -->","yoast_head_json":{"title":"Millepertuis - Effluences : \u00e9lixirs \u00e9motionnels","robots":{"index":"index","follow":"follow","max-snippet":"max-snippet:-1","max-image-preview":"max-image-preview:large","max-video-preview":"max-video-preview:-1"},"canonical":"https:\/\/effluences.com\/de\/shop\/blumen\/johanniskraut\/","og_locale":"de_DE","og_type":"article","og_title":"Millepertuis","og_description":"Renforcement positif : Rayonne une \u00e9nergie de paix, de l\u00e2cher-prise dans l\u2019instant pr\u00e9sent. Contribue \u00e0 retrouver la joie de vivre et \u00e0 s\u2019\u00e9panouir pleinement dans le bien-\u00eatre apr\u00e8s une p\u00e9riode de d\u00e9s\u00e9quilibre.","og_url":"https:\/\/effluences.com\/de\/shop\/blumen\/johanniskraut\/","og_site_name":"Effluences : \u00e9lixirs \u00e9motionnels","article_modified_time":"2025-06-03T12:12:32+00:00","og_image":[{"width":740,"height":1110,"url":"https:\/\/effluences.com\/wp-content\/uploads\/2023\/11\/Millepertuis.jpg","type":"image\/jpeg"}],"twitter_card":"summary_large_image","twitter_misc":{"Verf\u00fcgbarkeit":"Auf Lager"},"schema":{"@context":"https:\/\/schema.org","@graph":[{"@type":"WebPage","@id":"https:\/\/effluences.com\/boutique\/fleurs\/millepertuis\/","url":"https:\/\/effluences.com\/boutique\/fleurs\/millepertuis\/","name":"Millepertuis - Effluences : \u00e9lixirs \u00e9motionnels","isPartOf":{"@id":"https:\/\/effluences.com\/#website"},"primaryImageOfPage":{"@id":"https:\/\/effluences.com\/boutique\/fleurs\/millepertuis\/#primaryimage"},"image":{"@id":"https:\/\/effluences.com\/boutique\/fleurs\/millepertuis\/#primaryimage"},"thumbnailUrl":"https:\/\/effluences.com\/wp-content\/uploads\/2023\/11\/Millepertuis.jpg","datePublished":"2023-11-30T16:55:37+00:00","dateModified":"2025-06-03T12:12:32+00:00","breadcrumb":{"@id":"https:\/\/effluences.com\/boutique\/fleurs\/millepertuis\/#breadcrumb"},"inLanguage":"de","potentialAction":[{"@type":"ReadAction","target":["https:\/\/effluences.com\/boutique\/fleurs\/millepertuis\/"]}]},{"@type":"ImageObject","inLanguage":"de","@id":"https:\/\/effluences.com\/boutique\/fleurs\/millepertuis\/#primaryimage","url":"https:\/\/effluences.com\/wp-content\/uploads\/2023\/11\/Millepertuis.jpg","contentUrl":"https:\/\/effluences.com\/wp-content\/uploads\/2023\/11\/Millepertuis.jpg","width":740,"height":1110},{"@type":"BreadcrumbList","@id":"https:\/\/effluences.com\/boutique\/fleurs\/millepertuis\/#breadcrumb","itemListElement":[{"@type":"ListItem","position":1,"name":"Accueil","item":"https:\/\/effluences.com\/"},{"@type":"ListItem","position":2,"name":"Boutique","item":"https:\/\/effluences.com\/boutique\/"},{"@type":"ListItem","position":3,"name":"Millepertuis"}]},{"@type":"WebSite","@id":"https:\/\/effluences.com\/#website","url":"https:\/\/effluences.com\/","name":"Les Effluences","description":"Boostez vos \u00e9motions positives","publisher":{"@id":"https:\/\/effluences.com\/#organization"},"alternateName":"Effluences","potentialAction":[{"@type":"SearchAction","target":{"@type":"EntryPoint","urlTemplate":"https:\/\/effluences.com\/?s={search_term_string}"},"query-input":{"@type":"PropertyValueSpecification","valueRequired":true,"valueName":"search_term_string"}}],"inLanguage":"de"},{"@type":"Organization","@id":"https:\/\/effluences.com\/#organization","name":"Lumen Care Laboratory","url":"https:\/\/effluences.com\/","logo":{"@type":"ImageObject","inLanguage":"de","@id":"https:\/\/effluences.com\/#\/schema\/logo\/image\/","url":"https:\/\/effluences.com\/wp-content\/uploads\/2023\/12\/logo-LCL-vectoriel-Def.png","contentUrl":"https:\/\/effluences.com\/wp-content\/uploads\/2023\/12\/logo-LCL-vectoriel-Def.png","width":3790,"height":714,"caption":"Lumen Care Laboratory"},"image":{"@id":"https:\/\/effluences.com\/#\/schema\/logo\/image\/"}}]},"product_brand":"Effluences","og_availability":"instock","product_availability":"instock","product_retailer_item_id":"F11","product_condition":"new"},"_links":{"self":[{"href":"https:\/\/effluences.com\/de\/wp-json\/wp\/v2\/product\/1259","targetHints":{"allow":["GET"]}}],"collection":[{"href":"https:\/\/effluences.com\/de\/wp-json\/wp\/v2\/product"}],"about":[{"href":"https:\/\/effluences.com\/de\/wp-json\/wp\/v2\/types\/product"}],"replies":[{"embeddable":true,"href":"https:\/\/effluences.com\/de\/wp-json\/wp\/v2\/comments?post=1259"}],"version-history":[{"count":3,"href":"https:\/\/effluences.com\/de\/wp-json\/wp\/v2\/product\/1259\/revisions"}],"predecessor-version":[{"id":1520,"href":"https:\/\/effluences.com\/de\/wp-json\/wp\/v2\/product\/1259\/revisions\/1520"}],"wp:featuredmedia":[{"embeddable":true,"href":"https:\/\/effluences.com\/de\/wp-json\/wp\/v2\/media\/1140"}],"wp:attachment":[{"href":"https:\/\/effluences.com\/de\/wp-json\/wp\/v2\/media?parent=1259"}],"wp:term":[{"taxonomy":"product_cat","embeddable":true,"href":"https:\/\/effluences.com\/de\/wp-json\/wp\/v2\/product_cat?post=1259"},{"taxonomy":"product_tag","embeddable":true,"href":"https:\/\/effluences.com\/de\/wp-json\/wp\/v2\/product_tag?post=1259"}],"curies":[{"name":"wp","href":"https:\/\/api.w.org\/{rel}","templated":true}]}}