{"id":1843,"date":"2024-10-22T19:30:10","date_gmt":"2024-10-22T17:30:10","guid":{"rendered":"https:\/\/effluences.com\/?post_type=product&#038;p=1843"},"modified":"2025-06-03T14:07:05","modified_gmt":"2025-06-03T12:07:05","slug":"joie-de-vivre-melange-5-effluences","status":"publish","type":"product","link":"https:\/\/effluences.com\/de\/shop\/mischungen\/neu-start_parcours\/","title":{"rendered":"Lebensfreude - 5-Effluenzen-Mischung"},"content":{"rendered":"<div class=\"fusion-one-full fusion-layout-column fusion-column-last fusion-spacing-yes\">\n<div class=\"fusion-column-wrapper\">\n<h2 data-fontsize=\"40\" data-lineheight=\"48\"><em><b>Composition du m\u00e9lange &lsquo;*<span data-sheets-root=\"1\">Joie de vivre<\/span>'<\/b><\/em><\/h2>\n<\/div>\n<\/div>\n<table style=\"border-collapse: collapse; width: 100%;\">\n<tbody>\n<tr>\n<td style=\"width: 50%;\">\n<ul>\n<li aria-level=\"1\"><span style=\"color: #00ccff;\"><strong>Freude<\/strong><\/span><br \/>\nJe suis heureux\u00b7se. Je suis joyeux\u00b7se. Je suis \u00e9panoui\u00b7e. Je laisse la joie m\u2019envahir. Je me connecte \u00e0 la l\u00e9g\u00e8ret\u00e9 et \u00e0 la s\u00e9r\u00e9nit\u00e9.<\/li>\n<li aria-level=\"1\"><span style=\"color: #00ccff;\"><strong>Entschuldigung<\/strong><\/span><br \/>\nJe pardonne. Je me pardonne. Je suis pardonn\u00e9\u00b7e. Je m\u2019excuse. Je suis d\u00e9sol\u00e9\u00b7e.<\/li>\n<li aria-level=\"1\"><span style=\"color: #00ccff;\"><strong>Empfangen und Dankbarkeit<\/strong><\/span><br \/>\nJe re\u00e7ois. J\u2019accueille. J\u2019accepte ce qu\u2019on me donne avec joie. Je laisse la gratitude m\u2019envahir. Je remercie.<\/li>\n<\/ul>\n<\/td>\n<td style=\"width: 50%;\">\n<ul>\n<li aria-level=\"1\"><span style=\"color: #00ccff;\"><strong>Inhalt<\/strong><\/span><br \/>\nJe me lib\u00e8re de tout besoin d\u2019acquisition et de possession. Je suis pleinement satisfait\u00b7e de ce que j\u2019ai. J\u2019ai tout ce dont j\u2019ai besoin. Je suis combl\u00e9\u00b7e. Je suis en s\u00e9curit\u00e9 et en paix. Merci.<\/li>\n<li aria-level=\"1\"><span style=\"color: #00ccff;\"><strong>Azalee<\/strong><\/span><br \/>\nBringt eine Energie der Verankerung und inneren St\u00e4rke. F\u00f6rdert die Vers\u00f6hnung.<\/li>\n<\/ul>\n<\/td>\n<\/tr>\n<\/tbody>\n<\/table>\n<p>Collier inclus.<\/p>\n<h2>Un m\u00e9lange de <em>5 Ausfl\u00fcsse<\/em><\/h2>\n<p>Ce m\u00e9lange est constitu\u00e9 de 5 <em>Effluences <\/em>prises parmi des r\u00e9f\u00e9rences en \u00e9motionnels, fleurs et cristaux. 5 c&rsquo;est le nombre maximum d&rsquo;<em>Effluences<\/em> qu&rsquo;il est possible de porter en m\u00eame temps. Ce m\u00e9lange constitue ainsi le meilleur potentiel pour mettre en \u0153uvre l&rsquo;intention du m\u00e9lange.<\/p>","protected":false},"excerpt":{"rendered":"<h2>M\u00e9lange &lsquo;*<span data-sheets-root=\"1\">Joie de vivre<\/span>'<\/h2>\n<p><span data-sheets-root=\"1\">Composition : Joie &#8211; Contentement &#8211; Pardon &#8211; Recevoir et Gratitude &#8211; Azal\u00e9e<br \/>\n<\/span><\/p>\n<p>&nbsp;<\/p>\n<p>&nbsp;<\/p>","protected":false},"featured_media":1880,"comment_status":"open","ping_status":"closed","template":"","meta":[],"product_cat":[39],"product_tag":[],"class_list":{"0":"post-1843","1":"product","2":"type-product","3":"status-publish","4":"has-post-thumbnail","6":"product_cat-melanges","8":"first","9":"instock","10":"taxable","11":"shipping-taxable","12":"purchasable","13":"product-type-simple"},"yoast_head":"<!-- This site is optimized with the Yoast SEO Premium plugin v21.5 (Yoast SEO v23.7) - https:\/\/yoast.com\/wordpress\/plugins\/seo\/ -->\n<title>Joie de vivre - M\u00e9lange 5 Effluences - Effluences : \u00e9lixirs \u00e9motionnels<\/title>\n<meta name=\"description\" content=\"Coffret &#039;Nouveau d\u00e9part&#039;. Cheminer au travers d&#039;une s\u00e9rie d&#039;Effluences permet d&#039;aborder une probl\u00e9matique sous l&#039;ensemble de ses aspects. Chaque capsule sera l&#039;occasion de d\u00e9couvrir comment un \u00e9l\u00e9ment sp\u00e9cifique s&#039;accorde avec nos ressentis et notre \u00e9volution dans ce parcours. Parfois, si une Effluence est trop difficile \u00e0 porter, la laisser de c\u00f4t\u00e9. Les autres Effluences permettront de pr\u00e9parer le terrain.\" \/>\n<meta name=\"robots\" content=\"index, follow, max-snippet:-1, max-image-preview:large, max-video-preview:-1\" \/>\n<link rel=\"canonical\" href=\"https:\/\/effluences.com\/de\/shop\/mischungen\/neu-start_parcours\/\" \/>\n<meta property=\"og:locale\" content=\"de_DE\" \/>\n<meta property=\"og:type\" content=\"article\" \/>\n<meta property=\"og:title\" content=\"Joie de vivre - M\u00e9lange 5 Effluences\" \/>\n<meta property=\"og:description\" content=\"Coffret &#039;Nouveau d\u00e9part&#039;. Cheminer au travers d&#039;une s\u00e9rie d&#039;Effluences permet d&#039;aborder une probl\u00e9matique sous l&#039;ensemble de ses aspects. Chaque capsule sera l&#039;occasion de d\u00e9couvrir comment un \u00e9l\u00e9ment sp\u00e9cifique s&#039;accorde avec nos ressentis et notre \u00e9volution dans ce parcours. Parfois, si une Effluence est trop difficile \u00e0 porter, la laisser de c\u00f4t\u00e9. Les autres Effluences permettront de pr\u00e9parer le terrain.\" \/>\n<meta property=\"og:url\" content=\"https:\/\/effluences.com\/de\/shop\/mischungen\/neu-start_parcours\/\" \/>\n<meta property=\"og:site_name\" content=\"Effluences : \u00e9lixirs \u00e9motionnels\" \/>\n<meta property=\"article:modified_time\" content=\"2025-06-03T12:07:05+00:00\" \/>\n<meta property=\"og:image\" content=\"https:\/\/effluences.com\/wp-content\/uploads\/2024\/11\/Melange-joie-de-vivre.png\" \/>\n\t<meta property=\"og:image:width\" content=\"394\" \/>\n\t<meta property=\"og:image:height\" content=\"406\" \/>\n\t<meta property=\"og:image:type\" content=\"image\/png\" \/>\n<meta name=\"twitter:card\" content=\"summary_large_image\" \/>\n<meta name=\"twitter:label1\" content=\"Preis\" \/>\n\t<meta name=\"twitter:data1\" content=\"35,00&nbsp;&euro;\" \/>\n\t<meta name=\"twitter:label2\" content=\"Verf\u00fcgbarkeit\" \/>\n\t<meta name=\"twitter:data2\" content=\"Auf Lager\" \/>\n<script type=\"application\/ld+json\" class=\"yoast-schema-graph\">{\"@context\":\"https:\/\/schema.org\",\"@graph\":[{\"@type\":\"WebPage\",\"@id\":\"https:\/\/effluences.com\/boutique\/melanges\/joie-de-vivre-melange-5-effluences\/\",\"url\":\"https:\/\/effluences.com\/boutique\/melanges\/joie-de-vivre-melange-5-effluences\/\",\"name\":\"Joie de vivre - M\u00e9lange 5 Effluences - Effluences : \u00e9lixirs \u00e9motionnels\",\"isPartOf\":{\"@id\":\"https:\/\/effluences.com\/#website\"},\"primaryImageOfPage\":{\"@id\":\"https:\/\/effluences.com\/boutique\/melanges\/joie-de-vivre-melange-5-effluences\/#primaryimage\"},\"image\":{\"@id\":\"https:\/\/effluences.com\/boutique\/melanges\/joie-de-vivre-melange-5-effluences\/#primaryimage\"},\"thumbnailUrl\":\"https:\/\/effluences.com\/wp-content\/uploads\/2024\/11\/Melange-joie-de-vivre.png\",\"datePublished\":\"2024-10-22T17:30:10+00:00\",\"dateModified\":\"2025-06-03T12:07:05+00:00\",\"description\":\"Coffret 'Nouveau d\u00e9part'. Cheminer au travers d'une s\u00e9rie d'Effluences permet d'aborder une probl\u00e9matique sous l'ensemble de ses aspects. Chaque capsule sera l'occasion de d\u00e9couvrir comment un \u00e9l\u00e9ment sp\u00e9cifique s'accorde avec nos ressentis et notre \u00e9volution dans ce parcours. Parfois, si une Effluence est trop difficile \u00e0 porter, la laisser de c\u00f4t\u00e9. Les autres Effluences permettront de pr\u00e9parer le terrain.\",\"breadcrumb\":{\"@id\":\"https:\/\/effluences.com\/boutique\/melanges\/joie-de-vivre-melange-5-effluences\/#breadcrumb\"},\"inLanguage\":\"de\",\"potentialAction\":[{\"@type\":\"ReadAction\",\"target\":[\"https:\/\/effluences.com\/boutique\/melanges\/joie-de-vivre-melange-5-effluences\/\"]}]},{\"@type\":\"ImageObject\",\"inLanguage\":\"de\",\"@id\":\"https:\/\/effluences.com\/boutique\/melanges\/joie-de-vivre-melange-5-effluences\/#primaryimage\",\"url\":\"https:\/\/effluences.com\/wp-content\/uploads\/2024\/11\/Melange-joie-de-vivre.png\",\"contentUrl\":\"https:\/\/effluences.com\/wp-content\/uploads\/2024\/11\/Melange-joie-de-vivre.png\",\"width\":394,\"height\":406},{\"@type\":\"BreadcrumbList\",\"@id\":\"https:\/\/effluences.com\/boutique\/melanges\/joie-de-vivre-melange-5-effluences\/#breadcrumb\",\"itemListElement\":[{\"@type\":\"ListItem\",\"position\":1,\"name\":\"Accueil\",\"item\":\"https:\/\/effluences.com\/\"},{\"@type\":\"ListItem\",\"position\":2,\"name\":\"Boutique\",\"item\":\"https:\/\/effluences.com\/boutique\/\"},{\"@type\":\"ListItem\",\"position\":3,\"name\":\"Joie de vivre &#8211; M\u00e9lange 5 Effluences\"}]},{\"@type\":\"WebSite\",\"@id\":\"https:\/\/effluences.com\/#website\",\"url\":\"https:\/\/effluences.com\/\",\"name\":\"Les Effluences\",\"description\":\"Boostez vos \u00e9motions positives\",\"publisher\":{\"@id\":\"https:\/\/effluences.com\/#organization\"},\"alternateName\":\"Effluences\",\"potentialAction\":[{\"@type\":\"SearchAction\",\"target\":{\"@type\":\"EntryPoint\",\"urlTemplate\":\"https:\/\/effluences.com\/?s={search_term_string}\"},\"query-input\":{\"@type\":\"PropertyValueSpecification\",\"valueRequired\":true,\"valueName\":\"search_term_string\"}}],\"inLanguage\":\"de\"},{\"@type\":\"Organization\",\"@id\":\"https:\/\/effluences.com\/#organization\",\"name\":\"Lumen Care Laboratory\",\"url\":\"https:\/\/effluences.com\/\",\"logo\":{\"@type\":\"ImageObject\",\"inLanguage\":\"de\",\"@id\":\"https:\/\/effluences.com\/#\/schema\/logo\/image\/\",\"url\":\"https:\/\/effluences.com\/wp-content\/uploads\/2023\/12\/logo-LCL-vectoriel-Def.png\",\"contentUrl\":\"https:\/\/effluences.com\/wp-content\/uploads\/2023\/12\/logo-LCL-vectoriel-Def.png\",\"width\":3790,\"height\":714,\"caption\":\"Lumen Care Laboratory\"},\"image\":{\"@id\":\"https:\/\/effluences.com\/#\/schema\/logo\/image\/\"}}]}<\/script>\n<meta property=\"product:brand\" content=\"Effluences\" \/>\n<meta property=\"product:price:amount\" content=\"35.00\" \/>\n<meta property=\"product:price:currency\" content=\"EUR\" \/>\n<meta property=\"og:availability\" content=\"instock\" \/>\n<meta property=\"product:availability\" content=\"instock\" \/>\n<meta property=\"product:retailer_item_id\" content=\"3760398604729\" \/>\n<meta property=\"product:condition\" content=\"new\" \/>\n<!-- \/ Yoast SEO Premium plugin. -->","yoast_head_json":{"title":"Joie de vivre - M\u00e9lange 5 Effluences - Effluences : \u00e9lixirs \u00e9motionnels","description":"Coffret 'Nouveau d\u00e9part'. Cheminer au travers d'une s\u00e9rie d'Effluences permet d'aborder une probl\u00e9matique sous l'ensemble de ses aspects. Chaque capsule sera l'occasion de d\u00e9couvrir comment un \u00e9l\u00e9ment sp\u00e9cifique s'accorde avec nos ressentis et notre \u00e9volution dans ce parcours. Parfois, si une Effluence est trop difficile \u00e0 porter, la laisser de c\u00f4t\u00e9. Les autres Effluences permettront de pr\u00e9parer le terrain.","robots":{"index":"index","follow":"follow","max-snippet":"max-snippet:-1","max-image-preview":"max-image-preview:large","max-video-preview":"max-video-preview:-1"},"canonical":"https:\/\/effluences.com\/de\/shop\/mischungen\/neu-start_parcours\/","og_locale":"de_DE","og_type":"article","og_title":"Joie de vivre - M\u00e9lange 5 Effluences","og_description":"Coffret 'Nouveau d\u00e9part'. Cheminer au travers d'une s\u00e9rie d'Effluences permet d'aborder une probl\u00e9matique sous l'ensemble de ses aspects. Chaque capsule sera l'occasion de d\u00e9couvrir comment un \u00e9l\u00e9ment sp\u00e9cifique s'accorde avec nos ressentis et notre \u00e9volution dans ce parcours. Parfois, si une Effluence est trop difficile \u00e0 porter, la laisser de c\u00f4t\u00e9. Les autres Effluences permettront de pr\u00e9parer le terrain.","og_url":"https:\/\/effluences.com\/de\/shop\/mischungen\/neu-start_parcours\/","og_site_name":"Effluences : \u00e9lixirs \u00e9motionnels","article_modified_time":"2025-06-03T12:07:05+00:00","og_image":[{"width":394,"height":406,"url":"https:\/\/effluences.com\/wp-content\/uploads\/2024\/11\/Melange-joie-de-vivre.png","type":"image\/png"}],"twitter_card":"summary_large_image","twitter_misc":{"Preis":"35,00&nbsp;&euro;","Verf\u00fcgbarkeit":"Auf Lager"},"schema":{"@context":"https:\/\/schema.org","@graph":[{"@type":"WebPage","@id":"https:\/\/effluences.com\/boutique\/melanges\/joie-de-vivre-melange-5-effluences\/","url":"https:\/\/effluences.com\/boutique\/melanges\/joie-de-vivre-melange-5-effluences\/","name":"Joie de vivre - M\u00e9lange 5 Effluences - Effluences : \u00e9lixirs \u00e9motionnels","isPartOf":{"@id":"https:\/\/effluences.com\/#website"},"primaryImageOfPage":{"@id":"https:\/\/effluences.com\/boutique\/melanges\/joie-de-vivre-melange-5-effluences\/#primaryimage"},"image":{"@id":"https:\/\/effluences.com\/boutique\/melanges\/joie-de-vivre-melange-5-effluences\/#primaryimage"},"thumbnailUrl":"https:\/\/effluences.com\/wp-content\/uploads\/2024\/11\/Melange-joie-de-vivre.png","datePublished":"2024-10-22T17:30:10+00:00","dateModified":"2025-06-03T12:07:05+00:00","description":"Coffret 'Nouveau d\u00e9part'. Cheminer au travers d'une s\u00e9rie d'Effluences permet d'aborder une probl\u00e9matique sous l'ensemble de ses aspects. Chaque capsule sera l'occasion de d\u00e9couvrir comment un \u00e9l\u00e9ment sp\u00e9cifique s'accorde avec nos ressentis et notre \u00e9volution dans ce parcours. Parfois, si une Effluence est trop difficile \u00e0 porter, la laisser de c\u00f4t\u00e9. Les autres Effluences permettront de pr\u00e9parer le terrain.","breadcrumb":{"@id":"https:\/\/effluences.com\/boutique\/melanges\/joie-de-vivre-melange-5-effluences\/#breadcrumb"},"inLanguage":"de","potentialAction":[{"@type":"ReadAction","target":["https:\/\/effluences.com\/boutique\/melanges\/joie-de-vivre-melange-5-effluences\/"]}]},{"@type":"ImageObject","inLanguage":"de","@id":"https:\/\/effluences.com\/boutique\/melanges\/joie-de-vivre-melange-5-effluences\/#primaryimage","url":"https:\/\/effluences.com\/wp-content\/uploads\/2024\/11\/Melange-joie-de-vivre.png","contentUrl":"https:\/\/effluences.com\/wp-content\/uploads\/2024\/11\/Melange-joie-de-vivre.png","width":394,"height":406},{"@type":"BreadcrumbList","@id":"https:\/\/effluences.com\/boutique\/melanges\/joie-de-vivre-melange-5-effluences\/#breadcrumb","itemListElement":[{"@type":"ListItem","position":1,"name":"Accueil","item":"https:\/\/effluences.com\/"},{"@type":"ListItem","position":2,"name":"Boutique","item":"https:\/\/effluences.com\/boutique\/"},{"@type":"ListItem","position":3,"name":"Joie de vivre &#8211; M\u00e9lange 5 Effluences"}]},{"@type":"WebSite","@id":"https:\/\/effluences.com\/#website","url":"https:\/\/effluences.com\/","name":"Les Effluences","description":"Boostez vos \u00e9motions positives","publisher":{"@id":"https:\/\/effluences.com\/#organization"},"alternateName":"Effluences","potentialAction":[{"@type":"SearchAction","target":{"@type":"EntryPoint","urlTemplate":"https:\/\/effluences.com\/?s={search_term_string}"},"query-input":{"@type":"PropertyValueSpecification","valueRequired":true,"valueName":"search_term_string"}}],"inLanguage":"de"},{"@type":"Organization","@id":"https:\/\/effluences.com\/#organization","name":"Lumen Care Laboratory","url":"https:\/\/effluences.com\/","logo":{"@type":"ImageObject","inLanguage":"de","@id":"https:\/\/effluences.com\/#\/schema\/logo\/image\/","url":"https:\/\/effluences.com\/wp-content\/uploads\/2023\/12\/logo-LCL-vectoriel-Def.png","contentUrl":"https:\/\/effluences.com\/wp-content\/uploads\/2023\/12\/logo-LCL-vectoriel-Def.png","width":3790,"height":714,"caption":"Lumen Care Laboratory"},"image":{"@id":"https:\/\/effluences.com\/#\/schema\/logo\/image\/"}}]},"product_brand":"Effluences","product_price_amount":"35.00","product_price_currency":"EUR","og_availability":"instock","product_availability":"instock","product_retailer_item_id":"3760398604729","product_condition":"new"},"_links":{"self":[{"href":"https:\/\/effluences.com\/de\/wp-json\/wp\/v2\/product\/1843","targetHints":{"allow":["GET"]}}],"collection":[{"href":"https:\/\/effluences.com\/de\/wp-json\/wp\/v2\/product"}],"about":[{"href":"https:\/\/effluences.com\/de\/wp-json\/wp\/v2\/types\/product"}],"replies":[{"embeddable":true,"href":"https:\/\/effluences.com\/de\/wp-json\/wp\/v2\/comments?post=1843"}],"version-history":[{"count":1,"href":"https:\/\/effluences.com\/de\/wp-json\/wp\/v2\/product\/1843\/revisions"}],"predecessor-version":[{"id":1844,"href":"https:\/\/effluences.com\/de\/wp-json\/wp\/v2\/product\/1843\/revisions\/1844"}],"wp:featuredmedia":[{"embeddable":true,"href":"https:\/\/effluences.com\/de\/wp-json\/wp\/v2\/media\/1880"}],"wp:attachment":[{"href":"https:\/\/effluences.com\/de\/wp-json\/wp\/v2\/media?parent=1843"}],"wp:term":[{"taxonomy":"product_cat","embeddable":true,"href":"https:\/\/effluences.com\/de\/wp-json\/wp\/v2\/product_cat?post=1843"},{"taxonomy":"product_tag","embeddable":true,"href":"https:\/\/effluences.com\/de\/wp-json\/wp\/v2\/product_tag?post=1843"}],"curies":[{"name":"wp","href":"https:\/\/api.w.org\/{rel}","templated":true}]}}