{"id":248,"date":"2023-11-15T23:14:51","date_gmt":"2023-11-15T22:14:51","guid":{"rendered":"https:\/\/effluences.lumen-care.com\/?post_type=product&#038;p=248"},"modified":"2025-06-03T14:11:18","modified_gmt":"2025-06-03T12:11:18","slug":"paix","status":"publish","type":"product","link":"https:\/\/effluences.com\/de\/shop\/emotions-positive\/frieden\/","title":{"rendered":"Frieden"},"content":{"rendered":"<h2>L'<em>Abfluss<\/em> &#039;<strong>Frieden<\/strong>&#039; des Lumen Care Labors<\/h2>\n<p>Ist ein Anh\u00e4nger, der Sie in Ihrer F\u00e4higkeit unterst\u00fctzt, Ihre Gef\u00fchle zu beherrschen und Ihr volles Potenzial zu entfalten. Die <em>Effluences<\/em> bringen Ihnen eine tiefe positive Transformation, wenn Sie sie in Hautkontakt tragen<strong>. <\/strong>&nbsp;<\/p>\n<h2>Eine technologische Innovation, um sich um seine Gef\u00fchle zu k\u00fcmmern<\/h2>\n<p>Die <em>Effluences<\/em> sind vibrierende Elixiere, die Ihr emotionales Wohlbefinden positiv verst\u00e4rken. Diese in Frankreich hergestellten Glaskapseln enthalten lichtcodiertes Wasser, das mit den reinen Schwingungen von &amp;#039 informiert ist;<strong>Frieden<\/strong>&#039;. Bei sehr hohen Verd\u00fcnnungen strahlen diese Vibrationen durch das Glas der Kapsel.<\/p>","protected":false},"excerpt":{"rendered":"<h3>Positive Verst\u00e4rkung : <\/h3>\n<p>Ich verbinde mich mit dem inneren Frieden. Ich lasse den Frieden in mich eindringen. Ich bin im Frieden mit mir selbst und mit anderen. Ich \u00f6ffne mein Herz.<\/p>","protected":false},"featured_media":1149,"comment_status":"open","ping_status":"closed","template":"","meta":[],"product_cat":[24],"product_tag":[],"class_list":{"0":"post-248","1":"product","2":"type-product","3":"status-publish","4":"has-post-thumbnail","6":"product_cat-emotions-positives","8":"first","9":"instock","10":"taxable","11":"shipping-taxable","12":"purchasable","13":"product-type-variable"},"yoast_head":"<!-- This site is optimized with the Yoast SEO Premium plugin v21.5 (Yoast SEO v23.7) - https:\/\/yoast.com\/wordpress\/plugins\/seo\/ -->\n<title>Paix - Effluences : \u00e9lixirs \u00e9motionnels<\/title>\n<meta name=\"robots\" content=\"index, follow, max-snippet:-1, max-image-preview:large, max-video-preview:-1\" \/>\n<link rel=\"canonical\" href=\"https:\/\/effluences.com\/de\/shop\/emotions-positive\/frieden\/\" \/>\n<meta property=\"og:locale\" content=\"de_DE\" \/>\n<meta property=\"og:type\" content=\"article\" \/>\n<meta property=\"og:title\" content=\"Paix\" \/>\n<meta property=\"og:description\" content=\"Renforcement positif : Je me connecte \u00e0 la paix int\u00e9rieure. Je laisse la paix m&#039;envahir. Je suis en paix avec moi-m\u00eame et les autres. J&#039;ouvre mon c\u0153ur.\" \/>\n<meta property=\"og:url\" content=\"https:\/\/effluences.com\/de\/shop\/emotions-positive\/frieden\/\" \/>\n<meta property=\"og:site_name\" content=\"Effluences : \u00e9lixirs \u00e9motionnels\" \/>\n<meta property=\"article:modified_time\" content=\"2025-06-03T12:11:18+00:00\" \/>\n<meta property=\"og:image\" content=\"https:\/\/effluences.com\/wp-content\/uploads\/2023\/11\/Paix.jpg\" \/>\n\t<meta property=\"og:image:width\" content=\"740\" \/>\n\t<meta property=\"og:image:height\" content=\"1110\" \/>\n\t<meta property=\"og:image:type\" content=\"image\/jpeg\" \/>\n<meta name=\"twitter:card\" content=\"summary_large_image\" \/>\n<meta name=\"twitter:label1\" content=\"Verf\u00fcgbarkeit\" \/>\n\t<meta name=\"twitter:data1\" content=\"Auf Lager\" \/>\n<script type=\"application\/ld+json\" class=\"yoast-schema-graph\">{\"@context\":\"https:\/\/schema.org\",\"@graph\":[{\"@type\":\"WebPage\",\"@id\":\"https:\/\/effluences.com\/boutique\/emotions-positives\/paix\/\",\"url\":\"https:\/\/effluences.com\/boutique\/emotions-positives\/paix\/\",\"name\":\"Paix - Effluences : \u00e9lixirs \u00e9motionnels\",\"isPartOf\":{\"@id\":\"https:\/\/effluences.com\/#website\"},\"primaryImageOfPage\":{\"@id\":\"https:\/\/effluences.com\/boutique\/emotions-positives\/paix\/#primaryimage\"},\"image\":{\"@id\":\"https:\/\/effluences.com\/boutique\/emotions-positives\/paix\/#primaryimage\"},\"thumbnailUrl\":\"https:\/\/effluences.com\/wp-content\/uploads\/2023\/11\/Paix.jpg\",\"datePublished\":\"2023-11-15T22:14:51+00:00\",\"dateModified\":\"2025-06-03T12:11:18+00:00\",\"breadcrumb\":{\"@id\":\"https:\/\/effluences.com\/boutique\/emotions-positives\/paix\/#breadcrumb\"},\"inLanguage\":\"de\",\"potentialAction\":[{\"@type\":\"ReadAction\",\"target\":[\"https:\/\/effluences.com\/boutique\/emotions-positives\/paix\/\"]}]},{\"@type\":\"ImageObject\",\"inLanguage\":\"de\",\"@id\":\"https:\/\/effluences.com\/boutique\/emotions-positives\/paix\/#primaryimage\",\"url\":\"https:\/\/effluences.com\/wp-content\/uploads\/2023\/11\/Paix.jpg\",\"contentUrl\":\"https:\/\/effluences.com\/wp-content\/uploads\/2023\/11\/Paix.jpg\",\"width\":740,\"height\":1110},{\"@type\":\"BreadcrumbList\",\"@id\":\"https:\/\/effluences.com\/boutique\/emotions-positives\/paix\/#breadcrumb\",\"itemListElement\":[{\"@type\":\"ListItem\",\"position\":1,\"name\":\"Accueil\",\"item\":\"https:\/\/effluences.com\/\"},{\"@type\":\"ListItem\",\"position\":2,\"name\":\"Boutique\",\"item\":\"https:\/\/effluences.com\/boutique\/\"},{\"@type\":\"ListItem\",\"position\":3,\"name\":\"Paix\"}]},{\"@type\":\"WebSite\",\"@id\":\"https:\/\/effluences.com\/#website\",\"url\":\"https:\/\/effluences.com\/\",\"name\":\"Les Effluences\",\"description\":\"Boostez vos \u00e9motions positives\",\"publisher\":{\"@id\":\"https:\/\/effluences.com\/#organization\"},\"alternateName\":\"Effluences\",\"potentialAction\":[{\"@type\":\"SearchAction\",\"target\":{\"@type\":\"EntryPoint\",\"urlTemplate\":\"https:\/\/effluences.com\/?s={search_term_string}\"},\"query-input\":{\"@type\":\"PropertyValueSpecification\",\"valueRequired\":true,\"valueName\":\"search_term_string\"}}],\"inLanguage\":\"de\"},{\"@type\":\"Organization\",\"@id\":\"https:\/\/effluences.com\/#organization\",\"name\":\"Lumen Care Laboratory\",\"url\":\"https:\/\/effluences.com\/\",\"logo\":{\"@type\":\"ImageObject\",\"inLanguage\":\"de\",\"@id\":\"https:\/\/effluences.com\/#\/schema\/logo\/image\/\",\"url\":\"https:\/\/effluences.com\/wp-content\/uploads\/2023\/12\/logo-LCL-vectoriel-Def.png\",\"contentUrl\":\"https:\/\/effluences.com\/wp-content\/uploads\/2023\/12\/logo-LCL-vectoriel-Def.png\",\"width\":3790,\"height\":714,\"caption\":\"Lumen Care Laboratory\"},\"image\":{\"@id\":\"https:\/\/effluences.com\/#\/schema\/logo\/image\/\"}}]}<\/script>\n<meta property=\"product:brand\" content=\"Effluences\" \/>\n<meta property=\"og:availability\" content=\"instock\" \/>\n<meta property=\"product:availability\" content=\"instock\" \/>\n<meta property=\"product:retailer_item_id\" content=\"E17\" \/>\n<meta property=\"product:condition\" content=\"new\" \/>\n<!-- \/ Yoast SEO Premium plugin. -->","yoast_head_json":{"title":"Paix - Effluences : \u00e9lixirs \u00e9motionnels","robots":{"index":"index","follow":"follow","max-snippet":"max-snippet:-1","max-image-preview":"max-image-preview:large","max-video-preview":"max-video-preview:-1"},"canonical":"https:\/\/effluences.com\/de\/shop\/emotions-positive\/frieden\/","og_locale":"de_DE","og_type":"article","og_title":"Paix","og_description":"Renforcement positif : Je me connecte \u00e0 la paix int\u00e9rieure. Je laisse la paix m'envahir. Je suis en paix avec moi-m\u00eame et les autres. J'ouvre mon c\u0153ur.","og_url":"https:\/\/effluences.com\/de\/shop\/emotions-positive\/frieden\/","og_site_name":"Effluences : \u00e9lixirs \u00e9motionnels","article_modified_time":"2025-06-03T12:11:18+00:00","og_image":[{"width":740,"height":1110,"url":"https:\/\/effluences.com\/wp-content\/uploads\/2023\/11\/Paix.jpg","type":"image\/jpeg"}],"twitter_card":"summary_large_image","twitter_misc":{"Verf\u00fcgbarkeit":"Auf Lager"},"schema":{"@context":"https:\/\/schema.org","@graph":[{"@type":"WebPage","@id":"https:\/\/effluences.com\/boutique\/emotions-positives\/paix\/","url":"https:\/\/effluences.com\/boutique\/emotions-positives\/paix\/","name":"Paix - Effluences : \u00e9lixirs \u00e9motionnels","isPartOf":{"@id":"https:\/\/effluences.com\/#website"},"primaryImageOfPage":{"@id":"https:\/\/effluences.com\/boutique\/emotions-positives\/paix\/#primaryimage"},"image":{"@id":"https:\/\/effluences.com\/boutique\/emotions-positives\/paix\/#primaryimage"},"thumbnailUrl":"https:\/\/effluences.com\/wp-content\/uploads\/2023\/11\/Paix.jpg","datePublished":"2023-11-15T22:14:51+00:00","dateModified":"2025-06-03T12:11:18+00:00","breadcrumb":{"@id":"https:\/\/effluences.com\/boutique\/emotions-positives\/paix\/#breadcrumb"},"inLanguage":"de","potentialAction":[{"@type":"ReadAction","target":["https:\/\/effluences.com\/boutique\/emotions-positives\/paix\/"]}]},{"@type":"ImageObject","inLanguage":"de","@id":"https:\/\/effluences.com\/boutique\/emotions-positives\/paix\/#primaryimage","url":"https:\/\/effluences.com\/wp-content\/uploads\/2023\/11\/Paix.jpg","contentUrl":"https:\/\/effluences.com\/wp-content\/uploads\/2023\/11\/Paix.jpg","width":740,"height":1110},{"@type":"BreadcrumbList","@id":"https:\/\/effluences.com\/boutique\/emotions-positives\/paix\/#breadcrumb","itemListElement":[{"@type":"ListItem","position":1,"name":"Accueil","item":"https:\/\/effluences.com\/"},{"@type":"ListItem","position":2,"name":"Boutique","item":"https:\/\/effluences.com\/boutique\/"},{"@type":"ListItem","position":3,"name":"Paix"}]},{"@type":"WebSite","@id":"https:\/\/effluences.com\/#website","url":"https:\/\/effluences.com\/","name":"Les Effluences","description":"Boostez vos \u00e9motions positives","publisher":{"@id":"https:\/\/effluences.com\/#organization"},"alternateName":"Effluences","potentialAction":[{"@type":"SearchAction","target":{"@type":"EntryPoint","urlTemplate":"https:\/\/effluences.com\/?s={search_term_string}"},"query-input":{"@type":"PropertyValueSpecification","valueRequired":true,"valueName":"search_term_string"}}],"inLanguage":"de"},{"@type":"Organization","@id":"https:\/\/effluences.com\/#organization","name":"Lumen Care Laboratory","url":"https:\/\/effluences.com\/","logo":{"@type":"ImageObject","inLanguage":"de","@id":"https:\/\/effluences.com\/#\/schema\/logo\/image\/","url":"https:\/\/effluences.com\/wp-content\/uploads\/2023\/12\/logo-LCL-vectoriel-Def.png","contentUrl":"https:\/\/effluences.com\/wp-content\/uploads\/2023\/12\/logo-LCL-vectoriel-Def.png","width":3790,"height":714,"caption":"Lumen Care Laboratory"},"image":{"@id":"https:\/\/effluences.com\/#\/schema\/logo\/image\/"}}]},"product_brand":"Effluences","og_availability":"instock","product_availability":"instock","product_retailer_item_id":"E17","product_condition":"new"},"_links":{"self":[{"href":"https:\/\/effluences.com\/de\/wp-json\/wp\/v2\/product\/248","targetHints":{"allow":["GET"]}}],"collection":[{"href":"https:\/\/effluences.com\/de\/wp-json\/wp\/v2\/product"}],"about":[{"href":"https:\/\/effluences.com\/de\/wp-json\/wp\/v2\/types\/product"}],"replies":[{"embeddable":true,"href":"https:\/\/effluences.com\/de\/wp-json\/wp\/v2\/comments?post=248"}],"version-history":[{"count":2,"href":"https:\/\/effluences.com\/de\/wp-json\/wp\/v2\/product\/248\/revisions"}],"predecessor-version":[{"id":1485,"href":"https:\/\/effluences.com\/de\/wp-json\/wp\/v2\/product\/248\/revisions\/1485"}],"wp:featuredmedia":[{"embeddable":true,"href":"https:\/\/effluences.com\/de\/wp-json\/wp\/v2\/media\/1149"}],"wp:attachment":[{"href":"https:\/\/effluences.com\/de\/wp-json\/wp\/v2\/media?parent=248"}],"wp:term":[{"taxonomy":"product_cat","embeddable":true,"href":"https:\/\/effluences.com\/de\/wp-json\/wp\/v2\/product_cat?post=248"},{"taxonomy":"product_tag","embeddable":true,"href":"https:\/\/effluences.com\/de\/wp-json\/wp\/v2\/product_tag?post=248"}],"curies":[{"name":"wp","href":"https:\/\/api.w.org\/{rel}","templated":true}]}}