{"id":307,"date":"2023-11-15T23:15:15","date_gmt":"2023-11-15T22:15:15","guid":{"rendered":"https:\/\/effluences.lumen-care.com\/?post_type=product&#038;p=307"},"modified":"2025-06-03T14:12:19","modified_gmt":"2025-06-03T12:12:19","slug":"realisation-du-soi","status":"publish","type":"product","link":"https:\/\/effluences.com\/de\/shop\/gebete-mantras-mandalas\/selbstverwirklichung\/","title":{"rendered":"Selbstverwirklichung"},"content":{"rendered":"<p><span style=\"font-size: 90%;\"><em>Nach \"Die Botschaften von Maitreya\" von B. Creme<br \/>\n<\/em><\/span><\/p>\n<p>Ich bringe meine wahre Natur als leuchtender Gott zum Ausdruck.<br \/>\nIch bringe meine wahre Natur zum Ausdruck, die Liebe ist.<br \/>\nM\u00f6gen das g\u00f6ttliche Licht, die Liebe und die Kraft des<br \/>\nEinziger und heiligster Gott manifestieren sich jetzt<br \/>\nin mir, in meinem Herzen und in meinem Geist.<\/p>\n<p>&nbsp;<\/p>","protected":false},"excerpt":{"rendered":"<h2>Nach \"Die Botschaften von Maitreya\" von B. Creme :<\/h2>\n<p>Ich bringe meine wahre Natur als leuchtender Gott zum Ausdruck.<br \/>\nIch bringe meine wahre Natur zum Ausdruck, die Liebe ist.<br \/>\nM\u00f6gen das g\u00f6ttliche Licht, die Liebe und die Kraft des<br \/>\nEinziger und heiligster Gott manifestieren sich jetzt<br \/>\nin mir, in meinem Herzen und in meinem Geist.<\/p>\n<p>&nbsp;<\/p>","protected":false},"featured_media":1155,"comment_status":"open","ping_status":"closed","template":"","meta":[],"product_cat":[28],"product_tag":[],"class_list":{"0":"post-307","1":"product","2":"type-product","3":"status-publish","4":"has-post-thumbnail","6":"product_cat-prieres-mantras-mandalas","8":"first","9":"instock","10":"taxable","11":"shipping-taxable","12":"purchasable","13":"product-type-variable"},"yoast_head":"<!-- This site is optimized with the Yoast SEO Premium plugin v21.5 (Yoast SEO v23.7) - https:\/\/yoast.com\/wordpress\/plugins\/seo\/ -->\n<title>R\u00e9alisation du soi - Effluences : \u00e9lixirs \u00e9motionnels<\/title>\n<meta name=\"description\" content=\"J\u2019exprime ma v\u00e9ritable nature de dieu lumineux.J\u2019exprime ma v\u00e9ritable nature qu\u2019est l\u2019Amour.Que la Divine Lumi\u00e8re, l\u2019Amour et la Puissance duDieu unique et tr\u00e8s saint se manifestent maintenanten moi, dans mon c\u0153ur et dans mon esprit.\" \/>\n<meta name=\"robots\" content=\"index, follow, max-snippet:-1, max-image-preview:large, max-video-preview:-1\" \/>\n<link rel=\"canonical\" href=\"https:\/\/effluences.com\/de\/shop\/gebete-mantras-mandalas\/selbstverwirklichung\/\" \/>\n<meta property=\"og:locale\" content=\"de_DE\" \/>\n<meta property=\"og:type\" content=\"article\" \/>\n<meta property=\"og:title\" content=\"R\u00e9alisation du soi\" \/>\n<meta property=\"og:description\" content=\"J\u2019exprime ma v\u00e9ritable nature de dieu lumineux.J\u2019exprime ma v\u00e9ritable nature qu\u2019est l\u2019Amour.Que la Divine Lumi\u00e8re, l\u2019Amour et la Puissance duDieu unique et tr\u00e8s saint se manifestent maintenanten moi, dans mon c\u0153ur et dans mon esprit.\" \/>\n<meta property=\"og:url\" content=\"https:\/\/effluences.com\/de\/shop\/gebete-mantras-mandalas\/selbstverwirklichung\/\" \/>\n<meta property=\"og:site_name\" content=\"Effluences : \u00e9lixirs \u00e9motionnels\" \/>\n<meta property=\"article:modified_time\" content=\"2025-06-03T12:12:19+00:00\" \/>\n<meta property=\"og:image\" content=\"https:\/\/effluences.com\/wp-content\/uploads\/2023\/11\/Real.-du-soi.jpg\" \/>\n\t<meta property=\"og:image:width\" content=\"740\" \/>\n\t<meta property=\"og:image:height\" content=\"1110\" \/>\n\t<meta property=\"og:image:type\" content=\"image\/jpeg\" \/>\n<meta name=\"twitter:card\" content=\"summary_large_image\" \/>\n<meta name=\"twitter:label1\" content=\"Verf\u00fcgbarkeit\" \/>\n\t<meta name=\"twitter:data1\" content=\"Auf Lager\" \/>\n<script type=\"application\/ld+json\" class=\"yoast-schema-graph\">{\"@context\":\"https:\/\/schema.org\",\"@graph\":[{\"@type\":\"WebPage\",\"@id\":\"https:\/\/effluences.com\/boutique\/prieres-mantras-mandalas\/realisation-du-soi\/\",\"url\":\"https:\/\/effluences.com\/boutique\/prieres-mantras-mandalas\/realisation-du-soi\/\",\"name\":\"R\u00e9alisation du soi - Effluences : \u00e9lixirs \u00e9motionnels\",\"isPartOf\":{\"@id\":\"https:\/\/effluences.com\/#website\"},\"primaryImageOfPage\":{\"@id\":\"https:\/\/effluences.com\/boutique\/prieres-mantras-mandalas\/realisation-du-soi\/#primaryimage\"},\"image\":{\"@id\":\"https:\/\/effluences.com\/boutique\/prieres-mantras-mandalas\/realisation-du-soi\/#primaryimage\"},\"thumbnailUrl\":\"https:\/\/effluences.com\/wp-content\/uploads\/2023\/11\/Real.-du-soi.jpg\",\"datePublished\":\"2023-11-15T22:15:15+00:00\",\"dateModified\":\"2025-06-03T12:12:19+00:00\",\"description\":\"J\u2019exprime ma v\u00e9ritable nature de dieu lumineux.J\u2019exprime ma v\u00e9ritable nature qu\u2019est l\u2019Amour.Que la Divine Lumi\u00e8re, l\u2019Amour et la Puissance duDieu unique et tr\u00e8s saint se manifestent maintenanten moi, dans mon c\u0153ur et dans mon esprit.\",\"breadcrumb\":{\"@id\":\"https:\/\/effluences.com\/boutique\/prieres-mantras-mandalas\/realisation-du-soi\/#breadcrumb\"},\"inLanguage\":\"de\",\"potentialAction\":[{\"@type\":\"ReadAction\",\"target\":[\"https:\/\/effluences.com\/boutique\/prieres-mantras-mandalas\/realisation-du-soi\/\"]}]},{\"@type\":\"ImageObject\",\"inLanguage\":\"de\",\"@id\":\"https:\/\/effluences.com\/boutique\/prieres-mantras-mandalas\/realisation-du-soi\/#primaryimage\",\"url\":\"https:\/\/effluences.com\/wp-content\/uploads\/2023\/11\/Real.-du-soi.jpg\",\"contentUrl\":\"https:\/\/effluences.com\/wp-content\/uploads\/2023\/11\/Real.-du-soi.jpg\",\"width\":740,\"height\":1110},{\"@type\":\"BreadcrumbList\",\"@id\":\"https:\/\/effluences.com\/boutique\/prieres-mantras-mandalas\/realisation-du-soi\/#breadcrumb\",\"itemListElement\":[{\"@type\":\"ListItem\",\"position\":1,\"name\":\"Accueil\",\"item\":\"https:\/\/effluences.com\/\"},{\"@type\":\"ListItem\",\"position\":2,\"name\":\"Boutique\",\"item\":\"https:\/\/effluences.com\/boutique\/\"},{\"@type\":\"ListItem\",\"position\":3,\"name\":\"R\u00e9alisation du soi\"}]},{\"@type\":\"WebSite\",\"@id\":\"https:\/\/effluences.com\/#website\",\"url\":\"https:\/\/effluences.com\/\",\"name\":\"Les Effluences\",\"description\":\"Boostez vos \u00e9motions positives\",\"publisher\":{\"@id\":\"https:\/\/effluences.com\/#organization\"},\"alternateName\":\"Effluences\",\"potentialAction\":[{\"@type\":\"SearchAction\",\"target\":{\"@type\":\"EntryPoint\",\"urlTemplate\":\"https:\/\/effluences.com\/?s={search_term_string}\"},\"query-input\":{\"@type\":\"PropertyValueSpecification\",\"valueRequired\":true,\"valueName\":\"search_term_string\"}}],\"inLanguage\":\"de\"},{\"@type\":\"Organization\",\"@id\":\"https:\/\/effluences.com\/#organization\",\"name\":\"Lumen Care Laboratory\",\"url\":\"https:\/\/effluences.com\/\",\"logo\":{\"@type\":\"ImageObject\",\"inLanguage\":\"de\",\"@id\":\"https:\/\/effluences.com\/#\/schema\/logo\/image\/\",\"url\":\"https:\/\/effluences.com\/wp-content\/uploads\/2023\/12\/logo-LCL-vectoriel-Def.png\",\"contentUrl\":\"https:\/\/effluences.com\/wp-content\/uploads\/2023\/12\/logo-LCL-vectoriel-Def.png\",\"width\":3790,\"height\":714,\"caption\":\"Lumen Care Laboratory\"},\"image\":{\"@id\":\"https:\/\/effluences.com\/#\/schema\/logo\/image\/\"}}]}<\/script>\n<meta property=\"product:brand\" content=\"Effluences\" \/>\n<meta property=\"og:availability\" content=\"instock\" \/>\n<meta property=\"product:availability\" content=\"instock\" \/>\n<meta property=\"product:retailer_item_id\" content=\"PM01\" \/>\n<meta property=\"product:condition\" content=\"new\" \/>\n<!-- \/ Yoast SEO Premium plugin. -->","yoast_head_json":{"title":"R\u00e9alisation du soi - Effluences : \u00e9lixirs \u00e9motionnels","description":"J\u2019exprime ma v\u00e9ritable nature de dieu lumineux.J\u2019exprime ma v\u00e9ritable nature qu\u2019est l\u2019Amour.Que la Divine Lumi\u00e8re, l\u2019Amour et la Puissance duDieu unique et tr\u00e8s saint se manifestent maintenanten moi, dans mon c\u0153ur et dans mon esprit.","robots":{"index":"index","follow":"follow","max-snippet":"max-snippet:-1","max-image-preview":"max-image-preview:large","max-video-preview":"max-video-preview:-1"},"canonical":"https:\/\/effluences.com\/de\/shop\/gebete-mantras-mandalas\/selbstverwirklichung\/","og_locale":"de_DE","og_type":"article","og_title":"R\u00e9alisation du soi","og_description":"J\u2019exprime ma v\u00e9ritable nature de dieu lumineux.J\u2019exprime ma v\u00e9ritable nature qu\u2019est l\u2019Amour.Que la Divine Lumi\u00e8re, l\u2019Amour et la Puissance duDieu unique et tr\u00e8s saint se manifestent maintenanten moi, dans mon c\u0153ur et dans mon esprit.","og_url":"https:\/\/effluences.com\/de\/shop\/gebete-mantras-mandalas\/selbstverwirklichung\/","og_site_name":"Effluences : \u00e9lixirs \u00e9motionnels","article_modified_time":"2025-06-03T12:12:19+00:00","og_image":[{"width":740,"height":1110,"url":"https:\/\/effluences.com\/wp-content\/uploads\/2023\/11\/Real.-du-soi.jpg","type":"image\/jpeg"}],"twitter_card":"summary_large_image","twitter_misc":{"Verf\u00fcgbarkeit":"Auf Lager"},"schema":{"@context":"https:\/\/schema.org","@graph":[{"@type":"WebPage","@id":"https:\/\/effluences.com\/boutique\/prieres-mantras-mandalas\/realisation-du-soi\/","url":"https:\/\/effluences.com\/boutique\/prieres-mantras-mandalas\/realisation-du-soi\/","name":"R\u00e9alisation du soi - Effluences : \u00e9lixirs \u00e9motionnels","isPartOf":{"@id":"https:\/\/effluences.com\/#website"},"primaryImageOfPage":{"@id":"https:\/\/effluences.com\/boutique\/prieres-mantras-mandalas\/realisation-du-soi\/#primaryimage"},"image":{"@id":"https:\/\/effluences.com\/boutique\/prieres-mantras-mandalas\/realisation-du-soi\/#primaryimage"},"thumbnailUrl":"https:\/\/effluences.com\/wp-content\/uploads\/2023\/11\/Real.-du-soi.jpg","datePublished":"2023-11-15T22:15:15+00:00","dateModified":"2025-06-03T12:12:19+00:00","description":"J\u2019exprime ma v\u00e9ritable nature de dieu lumineux.J\u2019exprime ma v\u00e9ritable nature qu\u2019est l\u2019Amour.Que la Divine Lumi\u00e8re, l\u2019Amour et la Puissance duDieu unique et tr\u00e8s saint se manifestent maintenanten moi, dans mon c\u0153ur et dans mon esprit.","breadcrumb":{"@id":"https:\/\/effluences.com\/boutique\/prieres-mantras-mandalas\/realisation-du-soi\/#breadcrumb"},"inLanguage":"de","potentialAction":[{"@type":"ReadAction","target":["https:\/\/effluences.com\/boutique\/prieres-mantras-mandalas\/realisation-du-soi\/"]}]},{"@type":"ImageObject","inLanguage":"de","@id":"https:\/\/effluences.com\/boutique\/prieres-mantras-mandalas\/realisation-du-soi\/#primaryimage","url":"https:\/\/effluences.com\/wp-content\/uploads\/2023\/11\/Real.-du-soi.jpg","contentUrl":"https:\/\/effluences.com\/wp-content\/uploads\/2023\/11\/Real.-du-soi.jpg","width":740,"height":1110},{"@type":"BreadcrumbList","@id":"https:\/\/effluences.com\/boutique\/prieres-mantras-mandalas\/realisation-du-soi\/#breadcrumb","itemListElement":[{"@type":"ListItem","position":1,"name":"Accueil","item":"https:\/\/effluences.com\/"},{"@type":"ListItem","position":2,"name":"Boutique","item":"https:\/\/effluences.com\/boutique\/"},{"@type":"ListItem","position":3,"name":"R\u00e9alisation du soi"}]},{"@type":"WebSite","@id":"https:\/\/effluences.com\/#website","url":"https:\/\/effluences.com\/","name":"Les Effluences","description":"Boostez vos \u00e9motions positives","publisher":{"@id":"https:\/\/effluences.com\/#organization"},"alternateName":"Effluences","potentialAction":[{"@type":"SearchAction","target":{"@type":"EntryPoint","urlTemplate":"https:\/\/effluences.com\/?s={search_term_string}"},"query-input":{"@type":"PropertyValueSpecification","valueRequired":true,"valueName":"search_term_string"}}],"inLanguage":"de"},{"@type":"Organization","@id":"https:\/\/effluences.com\/#organization","name":"Lumen Care Laboratory","url":"https:\/\/effluences.com\/","logo":{"@type":"ImageObject","inLanguage":"de","@id":"https:\/\/effluences.com\/#\/schema\/logo\/image\/","url":"https:\/\/effluences.com\/wp-content\/uploads\/2023\/12\/logo-LCL-vectoriel-Def.png","contentUrl":"https:\/\/effluences.com\/wp-content\/uploads\/2023\/12\/logo-LCL-vectoriel-Def.png","width":3790,"height":714,"caption":"Lumen Care Laboratory"},"image":{"@id":"https:\/\/effluences.com\/#\/schema\/logo\/image\/"}}]},"product_brand":"Effluences","og_availability":"instock","product_availability":"instock","product_retailer_item_id":"PM01","product_condition":"new"},"_links":{"self":[{"href":"https:\/\/effluences.com\/de\/wp-json\/wp\/v2\/product\/307","targetHints":{"allow":["GET"]}}],"collection":[{"href":"https:\/\/effluences.com\/de\/wp-json\/wp\/v2\/product"}],"about":[{"href":"https:\/\/effluences.com\/de\/wp-json\/wp\/v2\/types\/product"}],"replies":[{"embeddable":true,"href":"https:\/\/effluences.com\/de\/wp-json\/wp\/v2\/comments?post=307"}],"version-history":[{"count":3,"href":"https:\/\/effluences.com\/de\/wp-json\/wp\/v2\/product\/307\/revisions"}],"predecessor-version":[{"id":1667,"href":"https:\/\/effluences.com\/de\/wp-json\/wp\/v2\/product\/307\/revisions\/1667"}],"wp:featuredmedia":[{"embeddable":true,"href":"https:\/\/effluences.com\/de\/wp-json\/wp\/v2\/media\/1155"}],"wp:attachment":[{"href":"https:\/\/effluences.com\/de\/wp-json\/wp\/v2\/media?parent=307"}],"wp:term":[{"taxonomy":"product_cat","embeddable":true,"href":"https:\/\/effluences.com\/de\/wp-json\/wp\/v2\/product_cat?post=307"},{"taxonomy":"product_tag","embeddable":true,"href":"https:\/\/effluences.com\/de\/wp-json\/wp\/v2\/product_tag?post=307"}],"curies":[{"name":"wp","href":"https:\/\/api.w.org\/{rel}","templated":true}]}}