{"id":308,"date":"2023-11-15T23:15:15","date_gmt":"2023-11-15T22:15:15","guid":{"rendered":"https:\/\/effluences.lumen-care.com\/?post_type=product&#038;p=308"},"modified":"2025-06-03T14:12:19","modified_gmt":"2025-06-03T12:12:19","slug":"notre-pere","status":"publish","type":"product","link":"https:\/\/effluences.com\/de\/shop\/gebete-mantras-mandalas\/unser-vater\/","title":{"rendered":"Unser Vater"},"content":{"rendered":"<p><span style=\"font-size: 90%;\"><em>Nach dem Evangelium nach Matth\u00e4us (6:9-13) - Christliche Tradition<\/em><\/span><\/p>\n<p>Unser Vater, der du bist im Himmel, geheiligt werde dein Name, dein Reich komme, dein Wille geschehe, wie im Himmel, so auf Erden. Gib mir heute meinen Teil des Brotes. Und vergib mir meine Schuld, wie auch ich vergebe denen, die mir Unrecht getan haben. Besch\u00fctze mich und f\u00fchre mich weg von der Pr\u00fcfung. Und erl\u00f6se mich von dem B\u00f6sen.<\/p>\n<p>&nbsp;<\/p>","protected":false},"excerpt":{"rendered":"<h2>Nach dem Evangelium nach Matth\u00e4us (6:9-13) - Christliche Tradition :<\/h2>\n<p>Unser Vater, der du bist im Himmel, geheiligt werde dein Name, dein Reich komme, dein Wille geschehe, wie im Himmel so auf Erden. Gib mir heute meinen Teil des Brotes. Vergib mir meine Schuld, wie auch ich vergebe denen, die mir Unrecht getan haben. Besch\u00fctze mich und f\u00fchre mich weg von der Pr\u00fcfung. Und erl\u00f6se mich von dem B\u00f6sen.<\/p>\n<p>&nbsp;<\/p>","protected":false},"featured_media":1141,"comment_status":"open","ping_status":"closed","template":"","meta":[],"product_cat":[28],"product_tag":[],"class_list":{"0":"post-308","1":"product","2":"type-product","3":"status-publish","4":"has-post-thumbnail","6":"product_cat-prieres-mantras-mandalas","8":"first","9":"instock","10":"taxable","11":"shipping-taxable","12":"purchasable","13":"product-type-variable"},"yoast_head":"<!-- This site is optimized with the Yoast SEO Premium plugin v21.5 (Yoast SEO v23.7) - https:\/\/yoast.com\/wordpress\/plugins\/seo\/ -->\n<title>Notre P\u00e8re - Effluences : \u00e9lixirs \u00e9motionnels<\/title>\n<meta name=\"description\" content=\"D\u2019apr\u00e8s l\u2019\u00e9vangile selon Matthieu (6:9-13) \u2014 Tradition Chr\u00e9tienneNotre P\u00e8re, qui est aux cieux, que ton nom soit sanctifi\u00e9, que ton r\u00e8gne vienne, que ta volont\u00e9, soit faite sur la terre comme aux ciels. Donne-moi aujourd\u2019hui ma part de pain. Pardonne-moi mes offenses, comme je pardonne aussi \u00e0 ceux qui m\u2019ont offens\u00e9. Prot\u00e8ge-moi et \u00e9loigne-moi de l\u2019\u00e9preuve. Et d\u00e9livre-moi du Mal.\" \/>\n<meta name=\"robots\" content=\"index, follow, max-snippet:-1, max-image-preview:large, max-video-preview:-1\" \/>\n<link rel=\"canonical\" href=\"https:\/\/effluences.com\/de\/shop\/gebete-mantras-mandalas\/unser-vater\/\" \/>\n<meta property=\"og:locale\" content=\"de_DE\" \/>\n<meta property=\"og:type\" content=\"article\" \/>\n<meta property=\"og:title\" content=\"Notre P\u00e8re\" \/>\n<meta property=\"og:description\" content=\"D\u2019apr\u00e8s l\u2019\u00e9vangile selon Matthieu (6:9-13) \u2014 Tradition Chr\u00e9tienneNotre P\u00e8re, qui est aux cieux, que ton nom soit sanctifi\u00e9, que ton r\u00e8gne vienne, que ta volont\u00e9, soit faite sur la terre comme aux ciels. Donne-moi aujourd\u2019hui ma part de pain. Pardonne-moi mes offenses, comme je pardonne aussi \u00e0 ceux qui m\u2019ont offens\u00e9. Prot\u00e8ge-moi et \u00e9loigne-moi de l\u2019\u00e9preuve. Et d\u00e9livre-moi du Mal.\" \/>\n<meta property=\"og:url\" content=\"https:\/\/effluences.com\/de\/shop\/gebete-mantras-mandalas\/unser-vater\/\" \/>\n<meta property=\"og:site_name\" content=\"Effluences : \u00e9lixirs \u00e9motionnels\" \/>\n<meta property=\"article:modified_time\" content=\"2025-06-03T12:12:19+00:00\" \/>\n<meta property=\"og:image\" content=\"https:\/\/effluences.com\/wp-content\/uploads\/2023\/11\/Notre-Pere.jpg\" \/>\n\t<meta property=\"og:image:width\" content=\"740\" \/>\n\t<meta property=\"og:image:height\" content=\"1110\" \/>\n\t<meta property=\"og:image:type\" content=\"image\/jpeg\" \/>\n<meta name=\"twitter:card\" content=\"summary_large_image\" \/>\n<meta name=\"twitter:label1\" content=\"Verf\u00fcgbarkeit\" \/>\n\t<meta name=\"twitter:data1\" content=\"Auf Lager\" \/>\n<script type=\"application\/ld+json\" class=\"yoast-schema-graph\">{\"@context\":\"https:\/\/schema.org\",\"@graph\":[{\"@type\":\"WebPage\",\"@id\":\"https:\/\/effluences.com\/boutique\/prieres-mantras-mandalas\/notre-pere\/\",\"url\":\"https:\/\/effluences.com\/boutique\/prieres-mantras-mandalas\/notre-pere\/\",\"name\":\"Notre P\u00e8re - Effluences : \u00e9lixirs \u00e9motionnels\",\"isPartOf\":{\"@id\":\"https:\/\/effluences.com\/#website\"},\"primaryImageOfPage\":{\"@id\":\"https:\/\/effluences.com\/boutique\/prieres-mantras-mandalas\/notre-pere\/#primaryimage\"},\"image\":{\"@id\":\"https:\/\/effluences.com\/boutique\/prieres-mantras-mandalas\/notre-pere\/#primaryimage\"},\"thumbnailUrl\":\"https:\/\/effluences.com\/wp-content\/uploads\/2023\/11\/Notre-Pere.jpg\",\"datePublished\":\"2023-11-15T22:15:15+00:00\",\"dateModified\":\"2025-06-03T12:12:19+00:00\",\"description\":\"D\u2019apr\u00e8s l\u2019\u00e9vangile selon Matthieu (6:9-13) \u2014 Tradition Chr\u00e9tienneNotre P\u00e8re, qui est aux cieux, que ton nom soit sanctifi\u00e9, que ton r\u00e8gne vienne, que ta volont\u00e9, soit faite sur la terre comme aux ciels. Donne-moi aujourd\u2019hui ma part de pain. Pardonne-moi mes offenses, comme je pardonne aussi \u00e0 ceux qui m\u2019ont offens\u00e9. Prot\u00e8ge-moi et \u00e9loigne-moi de l\u2019\u00e9preuve. Et d\u00e9livre-moi du Mal.\",\"breadcrumb\":{\"@id\":\"https:\/\/effluences.com\/boutique\/prieres-mantras-mandalas\/notre-pere\/#breadcrumb\"},\"inLanguage\":\"de\",\"potentialAction\":[{\"@type\":\"ReadAction\",\"target\":[\"https:\/\/effluences.com\/boutique\/prieres-mantras-mandalas\/notre-pere\/\"]}]},{\"@type\":\"ImageObject\",\"inLanguage\":\"de\",\"@id\":\"https:\/\/effluences.com\/boutique\/prieres-mantras-mandalas\/notre-pere\/#primaryimage\",\"url\":\"https:\/\/effluences.com\/wp-content\/uploads\/2023\/11\/Notre-Pere.jpg\",\"contentUrl\":\"https:\/\/effluences.com\/wp-content\/uploads\/2023\/11\/Notre-Pere.jpg\",\"width\":740,\"height\":1110},{\"@type\":\"BreadcrumbList\",\"@id\":\"https:\/\/effluences.com\/boutique\/prieres-mantras-mandalas\/notre-pere\/#breadcrumb\",\"itemListElement\":[{\"@type\":\"ListItem\",\"position\":1,\"name\":\"Accueil\",\"item\":\"https:\/\/effluences.com\/\"},{\"@type\":\"ListItem\",\"position\":2,\"name\":\"Boutique\",\"item\":\"https:\/\/effluences.com\/boutique\/\"},{\"@type\":\"ListItem\",\"position\":3,\"name\":\"Notre P\u00e8re\"}]},{\"@type\":\"WebSite\",\"@id\":\"https:\/\/effluences.com\/#website\",\"url\":\"https:\/\/effluences.com\/\",\"name\":\"Les Effluences\",\"description\":\"Boostez vos \u00e9motions positives\",\"publisher\":{\"@id\":\"https:\/\/effluences.com\/#organization\"},\"alternateName\":\"Effluences\",\"potentialAction\":[{\"@type\":\"SearchAction\",\"target\":{\"@type\":\"EntryPoint\",\"urlTemplate\":\"https:\/\/effluences.com\/?s={search_term_string}\"},\"query-input\":{\"@type\":\"PropertyValueSpecification\",\"valueRequired\":true,\"valueName\":\"search_term_string\"}}],\"inLanguage\":\"de\"},{\"@type\":\"Organization\",\"@id\":\"https:\/\/effluences.com\/#organization\",\"name\":\"Lumen Care Laboratory\",\"url\":\"https:\/\/effluences.com\/\",\"logo\":{\"@type\":\"ImageObject\",\"inLanguage\":\"de\",\"@id\":\"https:\/\/effluences.com\/#\/schema\/logo\/image\/\",\"url\":\"https:\/\/effluences.com\/wp-content\/uploads\/2023\/12\/logo-LCL-vectoriel-Def.png\",\"contentUrl\":\"https:\/\/effluences.com\/wp-content\/uploads\/2023\/12\/logo-LCL-vectoriel-Def.png\",\"width\":3790,\"height\":714,\"caption\":\"Lumen Care Laboratory\"},\"image\":{\"@id\":\"https:\/\/effluences.com\/#\/schema\/logo\/image\/\"}}]}<\/script>\n<meta property=\"product:brand\" content=\"Effluences\" \/>\n<meta property=\"og:availability\" content=\"instock\" \/>\n<meta property=\"product:availability\" content=\"instock\" \/>\n<meta property=\"product:retailer_item_id\" content=\"PM02\" \/>\n<meta property=\"product:condition\" content=\"new\" \/>\n<!-- \/ Yoast SEO Premium plugin. -->","yoast_head_json":{"title":"Notre P\u00e8re - Effluences : \u00e9lixirs \u00e9motionnels","description":"D\u2019apr\u00e8s l\u2019\u00e9vangile selon Matthieu (6:9-13) \u2014 Tradition Chr\u00e9tienneNotre P\u00e8re, qui est aux cieux, que ton nom soit sanctifi\u00e9, que ton r\u00e8gne vienne, que ta volont\u00e9, soit faite sur la terre comme aux ciels. Donne-moi aujourd\u2019hui ma part de pain. Pardonne-moi mes offenses, comme je pardonne aussi \u00e0 ceux qui m\u2019ont offens\u00e9. Prot\u00e8ge-moi et \u00e9loigne-moi de l\u2019\u00e9preuve. Et d\u00e9livre-moi du Mal.","robots":{"index":"index","follow":"follow","max-snippet":"max-snippet:-1","max-image-preview":"max-image-preview:large","max-video-preview":"max-video-preview:-1"},"canonical":"https:\/\/effluences.com\/de\/shop\/gebete-mantras-mandalas\/unser-vater\/","og_locale":"de_DE","og_type":"article","og_title":"Notre P\u00e8re","og_description":"D\u2019apr\u00e8s l\u2019\u00e9vangile selon Matthieu (6:9-13) \u2014 Tradition Chr\u00e9tienneNotre P\u00e8re, qui est aux cieux, que ton nom soit sanctifi\u00e9, que ton r\u00e8gne vienne, que ta volont\u00e9, soit faite sur la terre comme aux ciels. Donne-moi aujourd\u2019hui ma part de pain. Pardonne-moi mes offenses, comme je pardonne aussi \u00e0 ceux qui m\u2019ont offens\u00e9. Prot\u00e8ge-moi et \u00e9loigne-moi de l\u2019\u00e9preuve. Et d\u00e9livre-moi du Mal.","og_url":"https:\/\/effluences.com\/de\/shop\/gebete-mantras-mandalas\/unser-vater\/","og_site_name":"Effluences : \u00e9lixirs \u00e9motionnels","article_modified_time":"2025-06-03T12:12:19+00:00","og_image":[{"width":740,"height":1110,"url":"https:\/\/effluences.com\/wp-content\/uploads\/2023\/11\/Notre-Pere.jpg","type":"image\/jpeg"}],"twitter_card":"summary_large_image","twitter_misc":{"Verf\u00fcgbarkeit":"Auf Lager"},"schema":{"@context":"https:\/\/schema.org","@graph":[{"@type":"WebPage","@id":"https:\/\/effluences.com\/boutique\/prieres-mantras-mandalas\/notre-pere\/","url":"https:\/\/effluences.com\/boutique\/prieres-mantras-mandalas\/notre-pere\/","name":"Notre P\u00e8re - Effluences : \u00e9lixirs \u00e9motionnels","isPartOf":{"@id":"https:\/\/effluences.com\/#website"},"primaryImageOfPage":{"@id":"https:\/\/effluences.com\/boutique\/prieres-mantras-mandalas\/notre-pere\/#primaryimage"},"image":{"@id":"https:\/\/effluences.com\/boutique\/prieres-mantras-mandalas\/notre-pere\/#primaryimage"},"thumbnailUrl":"https:\/\/effluences.com\/wp-content\/uploads\/2023\/11\/Notre-Pere.jpg","datePublished":"2023-11-15T22:15:15+00:00","dateModified":"2025-06-03T12:12:19+00:00","description":"D\u2019apr\u00e8s l\u2019\u00e9vangile selon Matthieu (6:9-13) \u2014 Tradition Chr\u00e9tienneNotre P\u00e8re, qui est aux cieux, que ton nom soit sanctifi\u00e9, que ton r\u00e8gne vienne, que ta volont\u00e9, soit faite sur la terre comme aux ciels. Donne-moi aujourd\u2019hui ma part de pain. Pardonne-moi mes offenses, comme je pardonne aussi \u00e0 ceux qui m\u2019ont offens\u00e9. Prot\u00e8ge-moi et \u00e9loigne-moi de l\u2019\u00e9preuve. Et d\u00e9livre-moi du Mal.","breadcrumb":{"@id":"https:\/\/effluences.com\/boutique\/prieres-mantras-mandalas\/notre-pere\/#breadcrumb"},"inLanguage":"de","potentialAction":[{"@type":"ReadAction","target":["https:\/\/effluences.com\/boutique\/prieres-mantras-mandalas\/notre-pere\/"]}]},{"@type":"ImageObject","inLanguage":"de","@id":"https:\/\/effluences.com\/boutique\/prieres-mantras-mandalas\/notre-pere\/#primaryimage","url":"https:\/\/effluences.com\/wp-content\/uploads\/2023\/11\/Notre-Pere.jpg","contentUrl":"https:\/\/effluences.com\/wp-content\/uploads\/2023\/11\/Notre-Pere.jpg","width":740,"height":1110},{"@type":"BreadcrumbList","@id":"https:\/\/effluences.com\/boutique\/prieres-mantras-mandalas\/notre-pere\/#breadcrumb","itemListElement":[{"@type":"ListItem","position":1,"name":"Accueil","item":"https:\/\/effluences.com\/"},{"@type":"ListItem","position":2,"name":"Boutique","item":"https:\/\/effluences.com\/boutique\/"},{"@type":"ListItem","position":3,"name":"Notre P\u00e8re"}]},{"@type":"WebSite","@id":"https:\/\/effluences.com\/#website","url":"https:\/\/effluences.com\/","name":"Les Effluences","description":"Boostez vos \u00e9motions positives","publisher":{"@id":"https:\/\/effluences.com\/#organization"},"alternateName":"Effluences","potentialAction":[{"@type":"SearchAction","target":{"@type":"EntryPoint","urlTemplate":"https:\/\/effluences.com\/?s={search_term_string}"},"query-input":{"@type":"PropertyValueSpecification","valueRequired":true,"valueName":"search_term_string"}}],"inLanguage":"de"},{"@type":"Organization","@id":"https:\/\/effluences.com\/#organization","name":"Lumen Care Laboratory","url":"https:\/\/effluences.com\/","logo":{"@type":"ImageObject","inLanguage":"de","@id":"https:\/\/effluences.com\/#\/schema\/logo\/image\/","url":"https:\/\/effluences.com\/wp-content\/uploads\/2023\/12\/logo-LCL-vectoriel-Def.png","contentUrl":"https:\/\/effluences.com\/wp-content\/uploads\/2023\/12\/logo-LCL-vectoriel-Def.png","width":3790,"height":714,"caption":"Lumen Care Laboratory"},"image":{"@id":"https:\/\/effluences.com\/#\/schema\/logo\/image\/"}}]},"product_brand":"Effluences","og_availability":"instock","product_availability":"instock","product_retailer_item_id":"PM02","product_condition":"new"},"_links":{"self":[{"href":"https:\/\/effluences.com\/de\/wp-json\/wp\/v2\/product\/308","targetHints":{"allow":["GET"]}}],"collection":[{"href":"https:\/\/effluences.com\/de\/wp-json\/wp\/v2\/product"}],"about":[{"href":"https:\/\/effluences.com\/de\/wp-json\/wp\/v2\/types\/product"}],"replies":[{"embeddable":true,"href":"https:\/\/effluences.com\/de\/wp-json\/wp\/v2\/comments?post=308"}],"version-history":[{"count":2,"href":"https:\/\/effluences.com\/de\/wp-json\/wp\/v2\/product\/308\/revisions"}],"predecessor-version":[{"id":1673,"href":"https:\/\/effluences.com\/de\/wp-json\/wp\/v2\/product\/308\/revisions\/1673"}],"wp:featuredmedia":[{"embeddable":true,"href":"https:\/\/effluences.com\/de\/wp-json\/wp\/v2\/media\/1141"}],"wp:attachment":[{"href":"https:\/\/effluences.com\/de\/wp-json\/wp\/v2\/media?parent=308"}],"wp:term":[{"taxonomy":"product_cat","embeddable":true,"href":"https:\/\/effluences.com\/de\/wp-json\/wp\/v2\/product_cat?post=308"},{"taxonomy":"product_tag","embeddable":true,"href":"https:\/\/effluences.com\/de\/wp-json\/wp\/v2\/product_tag?post=308"}],"curies":[{"name":"wp","href":"https:\/\/api.w.org\/{rel}","templated":true}]}}