{"id":309,"date":"2023-11-15T23:15:15","date_gmt":"2023-11-15T22:15:15","guid":{"rendered":"https:\/\/effluences.lumen-care.com\/?post_type=product&#038;p=309"},"modified":"2025-06-03T14:12:19","modified_gmt":"2025-06-03T12:12:19","slug":"mercaba","status":"publish","type":"product","link":"https:\/\/effluences.com\/de\/shop\/gebete-mantras-mandalas\/mercaba\/","title":{"rendered":"Mercaba"},"content":{"rendered":"<p><span style=\"font-size: 90%;\"><em>Verfahren zur Ausrichtung<\/em><\/span><br \/>\nIch verbinde mich mit meiner Quelle. Ich lasse den Klang \u00d4m erklingen. Ich verbinde mich mit den Energien der Dankbarkeit.<br \/>\nIch verbinde mich mit den Energien der Weisheit. Ich verbinde mich mit den Energien der Liebe. Ich verbinde mich mit der Erde. Ich verbinde mich mit dem Himmel.<\/p>","protected":false},"excerpt":{"rendered":"<h2>Ausrichtungsverfahren : <\/h2>\n<p>Ich verbinde mich mit meiner Quelle. Ich lasse den Klang \u00d4m erklingen. Ich verbinde mich mit den Energien der Dankbarkeit. Ich verbinde mich mit den Energien der Weisheit. Ich verbinde mich mit den Energien der Liebe. Ich verbinde mich mit der Erde. Ich verbinde mich mit dem Himmel.<\/p>","protected":false},"featured_media":1139,"comment_status":"open","ping_status":"closed","template":"","meta":[],"product_cat":[28],"product_tag":[],"class_list":{"0":"post-309","1":"product","2":"type-product","3":"status-publish","4":"has-post-thumbnail","6":"product_cat-prieres-mantras-mandalas","8":"first","9":"instock","10":"taxable","11":"shipping-taxable","12":"purchasable","13":"product-type-variable"},"yoast_head":"<!-- This site is optimized with the Yoast SEO Premium plugin v21.5 (Yoast SEO v23.7) - https:\/\/yoast.com\/wordpress\/plugins\/seo\/ -->\n<title>Mercaba - Effluences : \u00e9lixirs \u00e9motionnels<\/title>\n<meta name=\"description\" content=\"Proc\u00e9dure d\u2019alignementJe me connecte \u00e0 ma Source. Je fais r\u00e9sonner le son \u00d4m. Je me connecte aux \u00e9nergies de Gratitude.Je me connecte aux \u00e9nergies de Sagesse. Je me connecte aux \u00e9nergies d\u2019Amour. Je me connecte \u00e0 la Terre. Je me connecte au Ciel.\" \/>\n<meta name=\"robots\" content=\"index, follow, max-snippet:-1, max-image-preview:large, max-video-preview:-1\" \/>\n<link rel=\"canonical\" href=\"https:\/\/effluences.com\/de\/shop\/gebete-mantras-mandalas\/mercaba\/\" \/>\n<meta property=\"og:locale\" content=\"de_DE\" \/>\n<meta property=\"og:type\" content=\"article\" \/>\n<meta property=\"og:title\" content=\"Mercaba\" \/>\n<meta property=\"og:description\" content=\"Proc\u00e9dure d\u2019alignementJe me connecte \u00e0 ma Source. Je fais r\u00e9sonner le son \u00d4m. Je me connecte aux \u00e9nergies de Gratitude.Je me connecte aux \u00e9nergies de Sagesse. Je me connecte aux \u00e9nergies d\u2019Amour. Je me connecte \u00e0 la Terre. Je me connecte au Ciel.\" \/>\n<meta property=\"og:url\" content=\"https:\/\/effluences.com\/de\/shop\/gebete-mantras-mandalas\/mercaba\/\" \/>\n<meta property=\"og:site_name\" content=\"Effluences : \u00e9lixirs \u00e9motionnels\" \/>\n<meta property=\"article:modified_time\" content=\"2025-06-03T12:12:19+00:00\" \/>\n<meta property=\"og:image\" content=\"https:\/\/effluences.com\/wp-content\/uploads\/2023\/11\/Mercaba.jpg\" \/>\n\t<meta property=\"og:image:width\" content=\"740\" \/>\n\t<meta property=\"og:image:height\" content=\"1110\" \/>\n\t<meta property=\"og:image:type\" content=\"image\/jpeg\" \/>\n<meta name=\"twitter:card\" content=\"summary_large_image\" \/>\n<meta name=\"twitter:label1\" content=\"Verf\u00fcgbarkeit\" \/>\n\t<meta name=\"twitter:data1\" content=\"Auf Lager\" \/>\n<script type=\"application\/ld+json\" class=\"yoast-schema-graph\">{\"@context\":\"https:\/\/schema.org\",\"@graph\":[{\"@type\":\"WebPage\",\"@id\":\"https:\/\/effluences.com\/boutique\/prieres-mantras-mandalas\/mercaba\/\",\"url\":\"https:\/\/effluences.com\/boutique\/prieres-mantras-mandalas\/mercaba\/\",\"name\":\"Mercaba - Effluences : \u00e9lixirs \u00e9motionnels\",\"isPartOf\":{\"@id\":\"https:\/\/effluences.com\/#website\"},\"primaryImageOfPage\":{\"@id\":\"https:\/\/effluences.com\/boutique\/prieres-mantras-mandalas\/mercaba\/#primaryimage\"},\"image\":{\"@id\":\"https:\/\/effluences.com\/boutique\/prieres-mantras-mandalas\/mercaba\/#primaryimage\"},\"thumbnailUrl\":\"https:\/\/effluences.com\/wp-content\/uploads\/2023\/11\/Mercaba.jpg\",\"datePublished\":\"2023-11-15T22:15:15+00:00\",\"dateModified\":\"2025-06-03T12:12:19+00:00\",\"description\":\"Proc\u00e9dure d\u2019alignementJe me connecte \u00e0 ma Source. Je fais r\u00e9sonner le son \u00d4m. Je me connecte aux \u00e9nergies de Gratitude.Je me connecte aux \u00e9nergies de Sagesse. Je me connecte aux \u00e9nergies d\u2019Amour. Je me connecte \u00e0 la Terre. Je me connecte au Ciel.\",\"breadcrumb\":{\"@id\":\"https:\/\/effluences.com\/boutique\/prieres-mantras-mandalas\/mercaba\/#breadcrumb\"},\"inLanguage\":\"de\",\"potentialAction\":[{\"@type\":\"ReadAction\",\"target\":[\"https:\/\/effluences.com\/boutique\/prieres-mantras-mandalas\/mercaba\/\"]}]},{\"@type\":\"ImageObject\",\"inLanguage\":\"de\",\"@id\":\"https:\/\/effluences.com\/boutique\/prieres-mantras-mandalas\/mercaba\/#primaryimage\",\"url\":\"https:\/\/effluences.com\/wp-content\/uploads\/2023\/11\/Mercaba.jpg\",\"contentUrl\":\"https:\/\/effluences.com\/wp-content\/uploads\/2023\/11\/Mercaba.jpg\",\"width\":740,\"height\":1110},{\"@type\":\"BreadcrumbList\",\"@id\":\"https:\/\/effluences.com\/boutique\/prieres-mantras-mandalas\/mercaba\/#breadcrumb\",\"itemListElement\":[{\"@type\":\"ListItem\",\"position\":1,\"name\":\"Accueil\",\"item\":\"https:\/\/effluences.com\/\"},{\"@type\":\"ListItem\",\"position\":2,\"name\":\"Boutique\",\"item\":\"https:\/\/effluences.com\/boutique\/\"},{\"@type\":\"ListItem\",\"position\":3,\"name\":\"Mercaba\"}]},{\"@type\":\"WebSite\",\"@id\":\"https:\/\/effluences.com\/#website\",\"url\":\"https:\/\/effluences.com\/\",\"name\":\"Les Effluences\",\"description\":\"Boostez vos \u00e9motions positives\",\"publisher\":{\"@id\":\"https:\/\/effluences.com\/#organization\"},\"alternateName\":\"Effluences\",\"potentialAction\":[{\"@type\":\"SearchAction\",\"target\":{\"@type\":\"EntryPoint\",\"urlTemplate\":\"https:\/\/effluences.com\/?s={search_term_string}\"},\"query-input\":{\"@type\":\"PropertyValueSpecification\",\"valueRequired\":true,\"valueName\":\"search_term_string\"}}],\"inLanguage\":\"de\"},{\"@type\":\"Organization\",\"@id\":\"https:\/\/effluences.com\/#organization\",\"name\":\"Lumen Care Laboratory\",\"url\":\"https:\/\/effluences.com\/\",\"logo\":{\"@type\":\"ImageObject\",\"inLanguage\":\"de\",\"@id\":\"https:\/\/effluences.com\/#\/schema\/logo\/image\/\",\"url\":\"https:\/\/effluences.com\/wp-content\/uploads\/2023\/12\/logo-LCL-vectoriel-Def.png\",\"contentUrl\":\"https:\/\/effluences.com\/wp-content\/uploads\/2023\/12\/logo-LCL-vectoriel-Def.png\",\"width\":3790,\"height\":714,\"caption\":\"Lumen Care Laboratory\"},\"image\":{\"@id\":\"https:\/\/effluences.com\/#\/schema\/logo\/image\/\"}}]}<\/script>\n<meta property=\"product:brand\" content=\"Effluences\" \/>\n<meta property=\"og:availability\" content=\"instock\" \/>\n<meta property=\"product:availability\" content=\"instock\" \/>\n<meta property=\"product:retailer_item_id\" content=\"PM03\" \/>\n<meta property=\"product:condition\" content=\"new\" \/>\n<!-- \/ Yoast SEO Premium plugin. -->","yoast_head_json":{"title":"Mercaba - Effluences : \u00e9lixirs \u00e9motionnels","description":"Proc\u00e9dure d\u2019alignementJe me connecte \u00e0 ma Source. Je fais r\u00e9sonner le son \u00d4m. Je me connecte aux \u00e9nergies de Gratitude.Je me connecte aux \u00e9nergies de Sagesse. Je me connecte aux \u00e9nergies d\u2019Amour. Je me connecte \u00e0 la Terre. Je me connecte au Ciel.","robots":{"index":"index","follow":"follow","max-snippet":"max-snippet:-1","max-image-preview":"max-image-preview:large","max-video-preview":"max-video-preview:-1"},"canonical":"https:\/\/effluences.com\/de\/shop\/gebete-mantras-mandalas\/mercaba\/","og_locale":"de_DE","og_type":"article","og_title":"Mercaba","og_description":"Proc\u00e9dure d\u2019alignementJe me connecte \u00e0 ma Source. Je fais r\u00e9sonner le son \u00d4m. Je me connecte aux \u00e9nergies de Gratitude.Je me connecte aux \u00e9nergies de Sagesse. Je me connecte aux \u00e9nergies d\u2019Amour. Je me connecte \u00e0 la Terre. Je me connecte au Ciel.","og_url":"https:\/\/effluences.com\/de\/shop\/gebete-mantras-mandalas\/mercaba\/","og_site_name":"Effluences : \u00e9lixirs \u00e9motionnels","article_modified_time":"2025-06-03T12:12:19+00:00","og_image":[{"width":740,"height":1110,"url":"https:\/\/effluences.com\/wp-content\/uploads\/2023\/11\/Mercaba.jpg","type":"image\/jpeg"}],"twitter_card":"summary_large_image","twitter_misc":{"Verf\u00fcgbarkeit":"Auf Lager"},"schema":{"@context":"https:\/\/schema.org","@graph":[{"@type":"WebPage","@id":"https:\/\/effluences.com\/boutique\/prieres-mantras-mandalas\/mercaba\/","url":"https:\/\/effluences.com\/boutique\/prieres-mantras-mandalas\/mercaba\/","name":"Mercaba - Effluences : \u00e9lixirs \u00e9motionnels","isPartOf":{"@id":"https:\/\/effluences.com\/#website"},"primaryImageOfPage":{"@id":"https:\/\/effluences.com\/boutique\/prieres-mantras-mandalas\/mercaba\/#primaryimage"},"image":{"@id":"https:\/\/effluences.com\/boutique\/prieres-mantras-mandalas\/mercaba\/#primaryimage"},"thumbnailUrl":"https:\/\/effluences.com\/wp-content\/uploads\/2023\/11\/Mercaba.jpg","datePublished":"2023-11-15T22:15:15+00:00","dateModified":"2025-06-03T12:12:19+00:00","description":"Proc\u00e9dure d\u2019alignementJe me connecte \u00e0 ma Source. Je fais r\u00e9sonner le son \u00d4m. Je me connecte aux \u00e9nergies de Gratitude.Je me connecte aux \u00e9nergies de Sagesse. Je me connecte aux \u00e9nergies d\u2019Amour. Je me connecte \u00e0 la Terre. Je me connecte au Ciel.","breadcrumb":{"@id":"https:\/\/effluences.com\/boutique\/prieres-mantras-mandalas\/mercaba\/#breadcrumb"},"inLanguage":"de","potentialAction":[{"@type":"ReadAction","target":["https:\/\/effluences.com\/boutique\/prieres-mantras-mandalas\/mercaba\/"]}]},{"@type":"ImageObject","inLanguage":"de","@id":"https:\/\/effluences.com\/boutique\/prieres-mantras-mandalas\/mercaba\/#primaryimage","url":"https:\/\/effluences.com\/wp-content\/uploads\/2023\/11\/Mercaba.jpg","contentUrl":"https:\/\/effluences.com\/wp-content\/uploads\/2023\/11\/Mercaba.jpg","width":740,"height":1110},{"@type":"BreadcrumbList","@id":"https:\/\/effluences.com\/boutique\/prieres-mantras-mandalas\/mercaba\/#breadcrumb","itemListElement":[{"@type":"ListItem","position":1,"name":"Accueil","item":"https:\/\/effluences.com\/"},{"@type":"ListItem","position":2,"name":"Boutique","item":"https:\/\/effluences.com\/boutique\/"},{"@type":"ListItem","position":3,"name":"Mercaba"}]},{"@type":"WebSite","@id":"https:\/\/effluences.com\/#website","url":"https:\/\/effluences.com\/","name":"Les Effluences","description":"Boostez vos \u00e9motions positives","publisher":{"@id":"https:\/\/effluences.com\/#organization"},"alternateName":"Effluences","potentialAction":[{"@type":"SearchAction","target":{"@type":"EntryPoint","urlTemplate":"https:\/\/effluences.com\/?s={search_term_string}"},"query-input":{"@type":"PropertyValueSpecification","valueRequired":true,"valueName":"search_term_string"}}],"inLanguage":"de"},{"@type":"Organization","@id":"https:\/\/effluences.com\/#organization","name":"Lumen Care Laboratory","url":"https:\/\/effluences.com\/","logo":{"@type":"ImageObject","inLanguage":"de","@id":"https:\/\/effluences.com\/#\/schema\/logo\/image\/","url":"https:\/\/effluences.com\/wp-content\/uploads\/2023\/12\/logo-LCL-vectoriel-Def.png","contentUrl":"https:\/\/effluences.com\/wp-content\/uploads\/2023\/12\/logo-LCL-vectoriel-Def.png","width":3790,"height":714,"caption":"Lumen Care Laboratory"},"image":{"@id":"https:\/\/effluences.com\/#\/schema\/logo\/image\/"}}]},"product_brand":"Effluences","og_availability":"instock","product_availability":"instock","product_retailer_item_id":"PM03","product_condition":"new"},"_links":{"self":[{"href":"https:\/\/effluences.com\/de\/wp-json\/wp\/v2\/product\/309","targetHints":{"allow":["GET"]}}],"collection":[{"href":"https:\/\/effluences.com\/de\/wp-json\/wp\/v2\/product"}],"about":[{"href":"https:\/\/effluences.com\/de\/wp-json\/wp\/v2\/types\/product"}],"replies":[{"embeddable":true,"href":"https:\/\/effluences.com\/de\/wp-json\/wp\/v2\/comments?post=309"}],"version-history":[{"count":6,"href":"https:\/\/effluences.com\/de\/wp-json\/wp\/v2\/product\/309\/revisions"}],"predecessor-version":[{"id":1682,"href":"https:\/\/effluences.com\/de\/wp-json\/wp\/v2\/product\/309\/revisions\/1682"}],"wp:featuredmedia":[{"embeddable":true,"href":"https:\/\/effluences.com\/de\/wp-json\/wp\/v2\/media\/1139"}],"wp:attachment":[{"href":"https:\/\/effluences.com\/de\/wp-json\/wp\/v2\/media?parent=309"}],"wp:term":[{"taxonomy":"product_cat","embeddable":true,"href":"https:\/\/effluences.com\/de\/wp-json\/wp\/v2\/product_cat?post=309"},{"taxonomy":"product_tag","embeddable":true,"href":"https:\/\/effluences.com\/de\/wp-json\/wp\/v2\/product_tag?post=309"}],"curies":[{"name":"wp","href":"https:\/\/api.w.org\/{rel}","templated":true}]}}