{"id":44,"date":"2023-11-15T23:13:14","date_gmt":"2023-11-15T22:13:14","guid":{"rendered":"https:\/\/effluences.lumen-care.com\/?post_type=product&#038;p=44"},"modified":"2025-06-03T14:10:38","modified_gmt":"2025-06-03T12:10:38","slug":"volonte_parcours","status":"publish","type":"product","link":"https:\/\/effluences.com\/de\/shop\/kasten\/will-office-effluences\/","title":{"rendered":"Willenskraft - Thematischer Pfad"},"content":{"rendered":"<div class=\"fusion-one-full fusion-layout-column fusion-column-last fusion-spacing-yes\">\n<div class=\"fusion-column-wrapper\">\n<h2 data-fontsize=\"40\" data-lineheight=\"48\"><em><b>Zusammensetzung des Geschenksets 'Volont\u00e9' (Wille)<\/b><\/em><\/h2>\n<\/div>\n<\/div>\n<table style=\"border-collapse: collapse; width: 100%;\">\n<tbody>\n<tr>\n<td style=\"width: 50%;\">\n<ul>\n<li aria-level=\"1\">Wille*<\/li>\n<li aria-level=\"1\">Selbstvertrauen*<\/li>\n<li aria-level=\"1\">Verantwortung*<\/li>\n<li aria-level=\"1\">Iris*<\/li>\n<li aria-level=\"1\">Mohnblume*<\/li>\n<\/ul>\n<\/td>\n<td style=\"width: 50%;\">\n<ul>\n<li aria-level=\"1\">Rosenquarz<\/li>\n<li aria-level=\"1\">Optimismus<\/li>\n<li aria-level=\"1\">Silber<\/li>\n<li aria-level=\"1\">Scheitern akzeptieren<\/li>\n<li aria-level=\"1\">Freiheit und Unabh\u00e4ngigkeit<\/li>\n<\/ul>\n<\/td>\n<\/tr>\n<\/tbody>\n<\/table>\n<p>Inklusive Halsband und Aluminiumbox<br \/>\n* Auswahl f\u00fcr 5 Effluences<\/p>\n<h2>Ein Weg zur pers\u00f6nlichen Entwicklung<\/h2>\n<p>Weg durch eine Reihe von<em>Effluences<\/em> erm\u00f6glicht es, eine Problematik unter all ihren Aspekten anzugehen. Jede Kapsel bietet die Gelegenheit zu entdecken, wie ein bestimmtes Element mit unseren Gef\u00fchlen und unserer Entwicklung auf diesem Weg zusammenpasst. Manchmal, wenn ein Effluence zu schwer zu tragen ist, lassen Sie ihn einfach weg. Die anderen <em>Effluences<\/em> werden es erm\u00f6glichen, den Boden zu bereiten.<\/p>\n<p>&nbsp;<\/p>\n<p>&nbsp;<\/p>","protected":false},"excerpt":{"rendered":"<h2>Geschenkset 'Willenskraft<\/h2>\n<p>Ein Parcours aus 5 oder 10 Kapseln, der es erm\u00f6glicht, alle Facetten des Themas anzusprechen<\/p>\n<p>&nbsp;<\/p>\n<p>&nbsp;<\/p>","protected":false},"featured_media":1218,"comment_status":"open","ping_status":"closed","template":"","meta":[],"product_cat":[18],"product_tag":[],"class_list":{"0":"post-44","1":"product","2":"type-product","3":"status-publish","4":"has-post-thumbnail","6":"product_cat-parcours","8":"first","9":"instock","10":"taxable","11":"shipping-taxable","12":"purchasable","13":"product-type-variable"},"yoast_head":"<!-- This site is optimized with the Yoast SEO Premium plugin v21.5 (Yoast SEO v23.7) - https:\/\/yoast.com\/wordpress\/plugins\/seo\/ -->\n<title>Volont\u00e9 - Parcours th\u00e9matique - Effluences : \u00e9lixirs \u00e9motionnels<\/title>\n<meta name=\"description\" content=\"Coffret &#039;Volont\u00e9&#039;. Cheminer au travers d&#039;une s\u00e9rie d&#039;Effluences permet d&#039;aborder une probl\u00e9matique sous l&#039;ensemble de ses aspects. Chaque capsule sera l&#039;occasion de d\u00e9couvrir comment un \u00e9l\u00e9ment sp\u00e9cifique s&#039;accorde avec nos ressentis et notre \u00e9volution dans ce parcours. Parfois, si une Effluence est trop difficile \u00e0 porter, la laisser de c\u00f4t\u00e9. Les autres Effluences permettront de pr\u00e9parer le terrain.\" \/>\n<meta name=\"robots\" content=\"index, follow, max-snippet:-1, max-image-preview:large, max-video-preview:-1\" \/>\n<link rel=\"canonical\" href=\"https:\/\/effluences.com\/de\/shop\/kasten\/will-office-effluences\/\" \/>\n<meta property=\"og:locale\" content=\"de_DE\" \/>\n<meta property=\"og:type\" content=\"article\" \/>\n<meta property=\"og:title\" content=\"Volont\u00e9 - Parcours th\u00e9matique\" \/>\n<meta property=\"og:description\" content=\"Coffret &#039;Volont\u00e9&#039;. Cheminer au travers d&#039;une s\u00e9rie d&#039;Effluences permet d&#039;aborder une probl\u00e9matique sous l&#039;ensemble de ses aspects. Chaque capsule sera l&#039;occasion de d\u00e9couvrir comment un \u00e9l\u00e9ment sp\u00e9cifique s&#039;accorde avec nos ressentis et notre \u00e9volution dans ce parcours. Parfois, si une Effluence est trop difficile \u00e0 porter, la laisser de c\u00f4t\u00e9. Les autres Effluences permettront de pr\u00e9parer le terrain.\" \/>\n<meta property=\"og:url\" content=\"https:\/\/effluences.com\/de\/shop\/kasten\/will-office-effluences\/\" \/>\n<meta property=\"og:site_name\" content=\"Effluences : \u00e9lixirs \u00e9motionnels\" \/>\n<meta property=\"article:modified_time\" content=\"2025-06-03T12:10:38+00:00\" \/>\n<meta property=\"og:image\" content=\"https:\/\/effluences.com\/wp-content\/uploads\/2023\/11\/Coffret_volonte.jpg\" \/>\n\t<meta property=\"og:image:width\" content=\"599\" \/>\n\t<meta property=\"og:image:height\" content=\"400\" \/>\n\t<meta property=\"og:image:type\" content=\"image\/jpeg\" \/>\n<meta name=\"twitter:card\" content=\"summary_large_image\" \/>\n<meta name=\"twitter:label1\" content=\"Verf\u00fcgbarkeit\" \/>\n\t<meta name=\"twitter:data1\" content=\"Auf Lager\" \/>\n<script type=\"application\/ld+json\" class=\"yoast-schema-graph\">{\"@context\":\"https:\/\/schema.org\",\"@graph\":[{\"@type\":\"WebPage\",\"@id\":\"https:\/\/effluences.com\/boutique\/parcours\/volonte_parcours\/\",\"url\":\"https:\/\/effluences.com\/boutique\/parcours\/volonte_parcours\/\",\"name\":\"Volont\u00e9 - Parcours th\u00e9matique - Effluences : \u00e9lixirs \u00e9motionnels\",\"isPartOf\":{\"@id\":\"https:\/\/effluences.com\/#website\"},\"primaryImageOfPage\":{\"@id\":\"https:\/\/effluences.com\/boutique\/parcours\/volonte_parcours\/#primaryimage\"},\"image\":{\"@id\":\"https:\/\/effluences.com\/boutique\/parcours\/volonte_parcours\/#primaryimage\"},\"thumbnailUrl\":\"https:\/\/effluences.com\/wp-content\/uploads\/2023\/11\/Coffret_volonte.jpg\",\"datePublished\":\"2023-11-15T22:13:14+00:00\",\"dateModified\":\"2025-06-03T12:10:38+00:00\",\"description\":\"Coffret 'Volont\u00e9'. Cheminer au travers d'une s\u00e9rie d'Effluences permet d'aborder une probl\u00e9matique sous l'ensemble de ses aspects. Chaque capsule sera l'occasion de d\u00e9couvrir comment un \u00e9l\u00e9ment sp\u00e9cifique s'accorde avec nos ressentis et notre \u00e9volution dans ce parcours. Parfois, si une Effluence est trop difficile \u00e0 porter, la laisser de c\u00f4t\u00e9. Les autres Effluences permettront de pr\u00e9parer le terrain.\",\"breadcrumb\":{\"@id\":\"https:\/\/effluences.com\/boutique\/parcours\/volonte_parcours\/#breadcrumb\"},\"inLanguage\":\"de\",\"potentialAction\":[{\"@type\":\"ReadAction\",\"target\":[\"https:\/\/effluences.com\/boutique\/parcours\/volonte_parcours\/\"]}]},{\"@type\":\"ImageObject\",\"inLanguage\":\"de\",\"@id\":\"https:\/\/effluences.com\/boutique\/parcours\/volonte_parcours\/#primaryimage\",\"url\":\"https:\/\/effluences.com\/wp-content\/uploads\/2023\/11\/Coffret_volonte.jpg\",\"contentUrl\":\"https:\/\/effluences.com\/wp-content\/uploads\/2023\/11\/Coffret_volonte.jpg\",\"width\":599,\"height\":400},{\"@type\":\"BreadcrumbList\",\"@id\":\"https:\/\/effluences.com\/boutique\/parcours\/volonte_parcours\/#breadcrumb\",\"itemListElement\":[{\"@type\":\"ListItem\",\"position\":1,\"name\":\"Accueil\",\"item\":\"https:\/\/effluences.com\/\"},{\"@type\":\"ListItem\",\"position\":2,\"name\":\"Boutique\",\"item\":\"https:\/\/effluences.com\/boutique\/\"},{\"@type\":\"ListItem\",\"position\":3,\"name\":\"Volont\u00e9 &#8211; Parcours th\u00e9matique\"}]},{\"@type\":\"WebSite\",\"@id\":\"https:\/\/effluences.com\/#website\",\"url\":\"https:\/\/effluences.com\/\",\"name\":\"Les Effluences\",\"description\":\"Boostez vos \u00e9motions positives\",\"publisher\":{\"@id\":\"https:\/\/effluences.com\/#organization\"},\"alternateName\":\"Effluences\",\"potentialAction\":[{\"@type\":\"SearchAction\",\"target\":{\"@type\":\"EntryPoint\",\"urlTemplate\":\"https:\/\/effluences.com\/?s={search_term_string}\"},\"query-input\":{\"@type\":\"PropertyValueSpecification\",\"valueRequired\":true,\"valueName\":\"search_term_string\"}}],\"inLanguage\":\"de\"},{\"@type\":\"Organization\",\"@id\":\"https:\/\/effluences.com\/#organization\",\"name\":\"Lumen Care Laboratory\",\"url\":\"https:\/\/effluences.com\/\",\"logo\":{\"@type\":\"ImageObject\",\"inLanguage\":\"de\",\"@id\":\"https:\/\/effluences.com\/#\/schema\/logo\/image\/\",\"url\":\"https:\/\/effluences.com\/wp-content\/uploads\/2023\/12\/logo-LCL-vectoriel-Def.png\",\"contentUrl\":\"https:\/\/effluences.com\/wp-content\/uploads\/2023\/12\/logo-LCL-vectoriel-Def.png\",\"width\":3790,\"height\":714,\"caption\":\"Lumen Care Laboratory\"},\"image\":{\"@id\":\"https:\/\/effluences.com\/#\/schema\/logo\/image\/\"}}]}<\/script>\n<meta property=\"product:brand\" content=\"Effluences\" \/>\n<meta property=\"og:availability\" content=\"instock\" \/>\n<meta property=\"product:availability\" content=\"instock\" \/>\n<meta property=\"product:condition\" content=\"new\" \/>\n<!-- \/ Yoast SEO Premium plugin. -->","yoast_head_json":{"title":"Volont\u00e9 - Parcours th\u00e9matique - Effluences : \u00e9lixirs \u00e9motionnels","description":"Coffret 'Volont\u00e9'. Cheminer au travers d'une s\u00e9rie d'Effluences permet d'aborder une probl\u00e9matique sous l'ensemble de ses aspects. Chaque capsule sera l'occasion de d\u00e9couvrir comment un \u00e9l\u00e9ment sp\u00e9cifique s'accorde avec nos ressentis et notre \u00e9volution dans ce parcours. Parfois, si une Effluence est trop difficile \u00e0 porter, la laisser de c\u00f4t\u00e9. Les autres Effluences permettront de pr\u00e9parer le terrain.","robots":{"index":"index","follow":"follow","max-snippet":"max-snippet:-1","max-image-preview":"max-image-preview:large","max-video-preview":"max-video-preview:-1"},"canonical":"https:\/\/effluences.com\/de\/shop\/kasten\/will-office-effluences\/","og_locale":"de_DE","og_type":"article","og_title":"Volont\u00e9 - Parcours th\u00e9matique","og_description":"Coffret 'Volont\u00e9'. Cheminer au travers d'une s\u00e9rie d'Effluences permet d'aborder une probl\u00e9matique sous l'ensemble de ses aspects. Chaque capsule sera l'occasion de d\u00e9couvrir comment un \u00e9l\u00e9ment sp\u00e9cifique s'accorde avec nos ressentis et notre \u00e9volution dans ce parcours. Parfois, si une Effluence est trop difficile \u00e0 porter, la laisser de c\u00f4t\u00e9. Les autres Effluences permettront de pr\u00e9parer le terrain.","og_url":"https:\/\/effluences.com\/de\/shop\/kasten\/will-office-effluences\/","og_site_name":"Effluences : \u00e9lixirs \u00e9motionnels","article_modified_time":"2025-06-03T12:10:38+00:00","og_image":[{"width":599,"height":400,"url":"https:\/\/effluences.com\/wp-content\/uploads\/2023\/11\/Coffret_volonte.jpg","type":"image\/jpeg"}],"twitter_card":"summary_large_image","twitter_misc":{"Verf\u00fcgbarkeit":"Auf Lager"},"schema":{"@context":"https:\/\/schema.org","@graph":[{"@type":"WebPage","@id":"https:\/\/effluences.com\/boutique\/parcours\/volonte_parcours\/","url":"https:\/\/effluences.com\/boutique\/parcours\/volonte_parcours\/","name":"Volont\u00e9 - Parcours th\u00e9matique - Effluences : \u00e9lixirs \u00e9motionnels","isPartOf":{"@id":"https:\/\/effluences.com\/#website"},"primaryImageOfPage":{"@id":"https:\/\/effluences.com\/boutique\/parcours\/volonte_parcours\/#primaryimage"},"image":{"@id":"https:\/\/effluences.com\/boutique\/parcours\/volonte_parcours\/#primaryimage"},"thumbnailUrl":"https:\/\/effluences.com\/wp-content\/uploads\/2023\/11\/Coffret_volonte.jpg","datePublished":"2023-11-15T22:13:14+00:00","dateModified":"2025-06-03T12:10:38+00:00","description":"Coffret 'Volont\u00e9'. Cheminer au travers d'une s\u00e9rie d'Effluences permet d'aborder une probl\u00e9matique sous l'ensemble de ses aspects. Chaque capsule sera l'occasion de d\u00e9couvrir comment un \u00e9l\u00e9ment sp\u00e9cifique s'accorde avec nos ressentis et notre \u00e9volution dans ce parcours. Parfois, si une Effluence est trop difficile \u00e0 porter, la laisser de c\u00f4t\u00e9. Les autres Effluences permettront de pr\u00e9parer le terrain.","breadcrumb":{"@id":"https:\/\/effluences.com\/boutique\/parcours\/volonte_parcours\/#breadcrumb"},"inLanguage":"de","potentialAction":[{"@type":"ReadAction","target":["https:\/\/effluences.com\/boutique\/parcours\/volonte_parcours\/"]}]},{"@type":"ImageObject","inLanguage":"de","@id":"https:\/\/effluences.com\/boutique\/parcours\/volonte_parcours\/#primaryimage","url":"https:\/\/effluences.com\/wp-content\/uploads\/2023\/11\/Coffret_volonte.jpg","contentUrl":"https:\/\/effluences.com\/wp-content\/uploads\/2023\/11\/Coffret_volonte.jpg","width":599,"height":400},{"@type":"BreadcrumbList","@id":"https:\/\/effluences.com\/boutique\/parcours\/volonte_parcours\/#breadcrumb","itemListElement":[{"@type":"ListItem","position":1,"name":"Accueil","item":"https:\/\/effluences.com\/"},{"@type":"ListItem","position":2,"name":"Boutique","item":"https:\/\/effluences.com\/boutique\/"},{"@type":"ListItem","position":3,"name":"Volont\u00e9 &#8211; Parcours th\u00e9matique"}]},{"@type":"WebSite","@id":"https:\/\/effluences.com\/#website","url":"https:\/\/effluences.com\/","name":"Les Effluences","description":"Boostez vos \u00e9motions positives","publisher":{"@id":"https:\/\/effluences.com\/#organization"},"alternateName":"Effluences","potentialAction":[{"@type":"SearchAction","target":{"@type":"EntryPoint","urlTemplate":"https:\/\/effluences.com\/?s={search_term_string}"},"query-input":{"@type":"PropertyValueSpecification","valueRequired":true,"valueName":"search_term_string"}}],"inLanguage":"de"},{"@type":"Organization","@id":"https:\/\/effluences.com\/#organization","name":"Lumen Care Laboratory","url":"https:\/\/effluences.com\/","logo":{"@type":"ImageObject","inLanguage":"de","@id":"https:\/\/effluences.com\/#\/schema\/logo\/image\/","url":"https:\/\/effluences.com\/wp-content\/uploads\/2023\/12\/logo-LCL-vectoriel-Def.png","contentUrl":"https:\/\/effluences.com\/wp-content\/uploads\/2023\/12\/logo-LCL-vectoriel-Def.png","width":3790,"height":714,"caption":"Lumen Care Laboratory"},"image":{"@id":"https:\/\/effluences.com\/#\/schema\/logo\/image\/"}}]},"product_brand":"Effluences","og_availability":"instock","product_availability":"instock","product_condition":"new"},"_links":{"self":[{"href":"https:\/\/effluences.com\/de\/wp-json\/wp\/v2\/product\/44","targetHints":{"allow":["GET"]}}],"collection":[{"href":"https:\/\/effluences.com\/de\/wp-json\/wp\/v2\/product"}],"about":[{"href":"https:\/\/effluences.com\/de\/wp-json\/wp\/v2\/types\/product"}],"replies":[{"embeddable":true,"href":"https:\/\/effluences.com\/de\/wp-json\/wp\/v2\/comments?post=44"}],"version-history":[{"count":15,"href":"https:\/\/effluences.com\/de\/wp-json\/wp\/v2\/product\/44\/revisions"}],"predecessor-version":[{"id":1753,"href":"https:\/\/effluences.com\/de\/wp-json\/wp\/v2\/product\/44\/revisions\/1753"}],"wp:featuredmedia":[{"embeddable":true,"href":"https:\/\/effluences.com\/de\/wp-json\/wp\/v2\/media\/1218"}],"wp:attachment":[{"href":"https:\/\/effluences.com\/de\/wp-json\/wp\/v2\/media?parent=44"}],"wp:term":[{"taxonomy":"product_cat","embeddable":true,"href":"https:\/\/effluences.com\/de\/wp-json\/wp\/v2\/product_cat?post=44"},{"taxonomy":"product_tag","embeddable":true,"href":"https:\/\/effluences.com\/de\/wp-json\/wp\/v2\/product_tag?post=44"}],"curies":[{"name":"wp","href":"https:\/\/api.w.org\/{rel}","templated":true}]}}