{"id":295,"date":"2023-11-15T23:15:13","date_gmt":"2023-11-15T22:15:13","guid":{"rendered":"https:\/\/effluences.lumen-care.com\/?post_type=product&#038;p=295"},"modified":"2025-06-03T14:12:05","modified_gmt":"2025-06-03T12:12:05","slug":"rose","status":"publish","type":"product","link":"https:\/\/effluences.com\/en\/boutique\/flowers\/pink\/","title":{"rendered":"Rose"},"content":{"rendered":"<h2>L'<em>Effluence<\/em> &#039;<strong>Rose<\/strong>&#039; from the Lumen Care laboratory<\/h2>\n<p>Is a pendant that helps you master your emotions and release your full potential. The <em>Effluences<\/em> bring about a profound positive transformation by bringing them into contact with the skin<strong>. <\/strong>&nbsp;<\/p>\n<h2>A technological innovation to take care of your emotions<\/h2>\n<p>The <em>Effluences<\/em> are vibratory elixirs that work to positively enhance your emotional well-being. Made in France, these glass capsules contain light-encoded water infused with the pure vibrations of &#039;<strong>Rose<\/strong>&#039;. At very high dilutions, these vibrations radiate through the glass of the capsule.<\/p>","protected":false},"excerpt":{"rendered":"<h3>Positive reinforcement : <\/h3>\n<p>Exchange and dialogue with oneself and with others. Helps you to remain whole and intact in your relationship with the world, without forgetting or losing yourself. Effective against anxiety, stress and temporary depression.<\/p>","protected":false},"featured_media":1159,"comment_status":"open","ping_status":"closed","template":"","meta":[],"product_cat":[27],"product_tag":[],"class_list":{"0":"post-295","1":"product","2":"type-product","3":"status-publish","4":"has-post-thumbnail","6":"product_cat-fleurs","8":"first","9":"instock","10":"taxable","11":"shipping-taxable","12":"purchasable","13":"product-type-variable"},"yoast_head":"<!-- This site is optimized with the Yoast SEO Premium plugin v21.5 (Yoast SEO v23.7) - https:\/\/yoast.com\/wordpress\/plugins\/seo\/ -->\n<title>Rose - Effluences : \u00e9lixirs \u00e9motionnels<\/title>\n<meta name=\"robots\" content=\"index, follow, max-snippet:-1, max-image-preview:large, max-video-preview:-1\" \/>\n<link rel=\"canonical\" href=\"https:\/\/effluences.com\/en\/boutique\/flowers\/pink\/\" \/>\n<meta property=\"og:locale\" content=\"en_GB\" \/>\n<meta property=\"og:type\" content=\"article\" \/>\n<meta property=\"og:title\" content=\"Rose\" \/>\n<meta property=\"og:description\" content=\"Renforcement positif : \u00c9change et dialogue avec soi et avec l\u2019autre. Aide \u00e0 rester entier, int\u00e8gre dans sa relation au monde, sans s\u2019oublier ni se perdre. Efficace contre l\u2019anxi\u00e9t\u00e9, le stress et les d\u00e9primes passag\u00e8res.\" \/>\n<meta property=\"og:url\" content=\"https:\/\/effluences.com\/en\/boutique\/flowers\/pink\/\" \/>\n<meta property=\"og:site_name\" content=\"Effluences : \u00e9lixirs \u00e9motionnels\" \/>\n<meta property=\"article:modified_time\" content=\"2025-06-03T12:12:05+00:00\" \/>\n<meta property=\"og:image\" content=\"https:\/\/effluences.com\/wp-content\/uploads\/2023\/11\/Rose.jpg\" \/>\n\t<meta property=\"og:image:width\" content=\"740\" \/>\n\t<meta property=\"og:image:height\" content=\"1110\" \/>\n\t<meta property=\"og:image:type\" content=\"image\/jpeg\" \/>\n<meta name=\"twitter:card\" content=\"summary_large_image\" \/>\n<meta name=\"twitter:label1\" content=\"Availability\" \/>\n\t<meta name=\"twitter:data1\" content=\"In stock\" \/>\n<script type=\"application\/ld+json\" class=\"yoast-schema-graph\">{\"@context\":\"https:\/\/schema.org\",\"@graph\":[{\"@type\":\"WebPage\",\"@id\":\"https:\/\/effluences.com\/boutique\/fleurs\/rose\/\",\"url\":\"https:\/\/effluences.com\/boutique\/fleurs\/rose\/\",\"name\":\"Rose - Effluences : \u00e9lixirs \u00e9motionnels\",\"isPartOf\":{\"@id\":\"https:\/\/effluences.com\/#website\"},\"primaryImageOfPage\":{\"@id\":\"https:\/\/effluences.com\/boutique\/fleurs\/rose\/#primaryimage\"},\"image\":{\"@id\":\"https:\/\/effluences.com\/boutique\/fleurs\/rose\/#primaryimage\"},\"thumbnailUrl\":\"https:\/\/effluences.com\/wp-content\/uploads\/2023\/11\/Rose.jpg\",\"datePublished\":\"2023-11-15T22:15:13+00:00\",\"dateModified\":\"2025-06-03T12:12:05+00:00\",\"breadcrumb\":{\"@id\":\"https:\/\/effluences.com\/boutique\/fleurs\/rose\/#breadcrumb\"},\"inLanguage\":\"en-GB\",\"potentialAction\":[{\"@type\":\"ReadAction\",\"target\":[\"https:\/\/effluences.com\/boutique\/fleurs\/rose\/\"]}]},{\"@type\":\"ImageObject\",\"inLanguage\":\"en-GB\",\"@id\":\"https:\/\/effluences.com\/boutique\/fleurs\/rose\/#primaryimage\",\"url\":\"https:\/\/effluences.com\/wp-content\/uploads\/2023\/11\/Rose.jpg\",\"contentUrl\":\"https:\/\/effluences.com\/wp-content\/uploads\/2023\/11\/Rose.jpg\",\"width\":740,\"height\":1110},{\"@type\":\"BreadcrumbList\",\"@id\":\"https:\/\/effluences.com\/boutique\/fleurs\/rose\/#breadcrumb\",\"itemListElement\":[{\"@type\":\"ListItem\",\"position\":1,\"name\":\"Accueil\",\"item\":\"https:\/\/effluences.com\/\"},{\"@type\":\"ListItem\",\"position\":2,\"name\":\"Boutique\",\"item\":\"https:\/\/effluences.com\/boutique\/\"},{\"@type\":\"ListItem\",\"position\":3,\"name\":\"Rose\"}]},{\"@type\":\"WebSite\",\"@id\":\"https:\/\/effluences.com\/#website\",\"url\":\"https:\/\/effluences.com\/\",\"name\":\"Les Effluences\",\"description\":\"Boostez vos \u00e9motions positives\",\"publisher\":{\"@id\":\"https:\/\/effluences.com\/#organization\"},\"alternateName\":\"Effluences\",\"potentialAction\":[{\"@type\":\"SearchAction\",\"target\":{\"@type\":\"EntryPoint\",\"urlTemplate\":\"https:\/\/effluences.com\/?s={search_term_string}\"},\"query-input\":{\"@type\":\"PropertyValueSpecification\",\"valueRequired\":true,\"valueName\":\"search_term_string\"}}],\"inLanguage\":\"en-GB\"},{\"@type\":\"Organization\",\"@id\":\"https:\/\/effluences.com\/#organization\",\"name\":\"Lumen Care Laboratory\",\"url\":\"https:\/\/effluences.com\/\",\"logo\":{\"@type\":\"ImageObject\",\"inLanguage\":\"en-GB\",\"@id\":\"https:\/\/effluences.com\/#\/schema\/logo\/image\/\",\"url\":\"https:\/\/effluences.com\/wp-content\/uploads\/2023\/12\/logo-LCL-vectoriel-Def.png\",\"contentUrl\":\"https:\/\/effluences.com\/wp-content\/uploads\/2023\/12\/logo-LCL-vectoriel-Def.png\",\"width\":3790,\"height\":714,\"caption\":\"Lumen Care Laboratory\"},\"image\":{\"@id\":\"https:\/\/effluences.com\/#\/schema\/logo\/image\/\"}}]}<\/script>\n<meta property=\"product:brand\" content=\"Effluences\" \/>\n<meta property=\"og:availability\" content=\"instock\" \/>\n<meta property=\"product:availability\" content=\"instock\" \/>\n<meta property=\"product:retailer_item_id\" content=\"F07\" \/>\n<meta property=\"product:condition\" content=\"new\" \/>\n<!-- \/ Yoast SEO Premium plugin. -->","yoast_head_json":{"title":"Rose - Effluences : \u00e9lixirs \u00e9motionnels","robots":{"index":"index","follow":"follow","max-snippet":"max-snippet:-1","max-image-preview":"max-image-preview:large","max-video-preview":"max-video-preview:-1"},"canonical":"https:\/\/effluences.com\/en\/boutique\/flowers\/pink\/","og_locale":"en_GB","og_type":"article","og_title":"Rose","og_description":"Renforcement positif : \u00c9change et dialogue avec soi et avec l\u2019autre. Aide \u00e0 rester entier, int\u00e8gre dans sa relation au monde, sans s\u2019oublier ni se perdre. Efficace contre l\u2019anxi\u00e9t\u00e9, le stress et les d\u00e9primes passag\u00e8res.","og_url":"https:\/\/effluences.com\/en\/boutique\/flowers\/pink\/","og_site_name":"Effluences : \u00e9lixirs \u00e9motionnels","article_modified_time":"2025-06-03T12:12:05+00:00","og_image":[{"width":740,"height":1110,"url":"https:\/\/effluences.com\/wp-content\/uploads\/2023\/11\/Rose.jpg","type":"image\/jpeg"}],"twitter_card":"summary_large_image","twitter_misc":{"Availability":"In stock"},"schema":{"@context":"https:\/\/schema.org","@graph":[{"@type":"WebPage","@id":"https:\/\/effluences.com\/boutique\/fleurs\/rose\/","url":"https:\/\/effluences.com\/boutique\/fleurs\/rose\/","name":"Rose - Effluences : \u00e9lixirs \u00e9motionnels","isPartOf":{"@id":"https:\/\/effluences.com\/#website"},"primaryImageOfPage":{"@id":"https:\/\/effluences.com\/boutique\/fleurs\/rose\/#primaryimage"},"image":{"@id":"https:\/\/effluences.com\/boutique\/fleurs\/rose\/#primaryimage"},"thumbnailUrl":"https:\/\/effluences.com\/wp-content\/uploads\/2023\/11\/Rose.jpg","datePublished":"2023-11-15T22:15:13+00:00","dateModified":"2025-06-03T12:12:05+00:00","breadcrumb":{"@id":"https:\/\/effluences.com\/boutique\/fleurs\/rose\/#breadcrumb"},"inLanguage":"en-GB","potentialAction":[{"@type":"ReadAction","target":["https:\/\/effluences.com\/boutique\/fleurs\/rose\/"]}]},{"@type":"ImageObject","inLanguage":"en-GB","@id":"https:\/\/effluences.com\/boutique\/fleurs\/rose\/#primaryimage","url":"https:\/\/effluences.com\/wp-content\/uploads\/2023\/11\/Rose.jpg","contentUrl":"https:\/\/effluences.com\/wp-content\/uploads\/2023\/11\/Rose.jpg","width":740,"height":1110},{"@type":"BreadcrumbList","@id":"https:\/\/effluences.com\/boutique\/fleurs\/rose\/#breadcrumb","itemListElement":[{"@type":"ListItem","position":1,"name":"Accueil","item":"https:\/\/effluences.com\/"},{"@type":"ListItem","position":2,"name":"Boutique","item":"https:\/\/effluences.com\/boutique\/"},{"@type":"ListItem","position":3,"name":"Rose"}]},{"@type":"WebSite","@id":"https:\/\/effluences.com\/#website","url":"https:\/\/effluences.com\/","name":"Les Effluences","description":"Boostez vos \u00e9motions positives","publisher":{"@id":"https:\/\/effluences.com\/#organization"},"alternateName":"Effluences","potentialAction":[{"@type":"SearchAction","target":{"@type":"EntryPoint","urlTemplate":"https:\/\/effluences.com\/?s={search_term_string}"},"query-input":{"@type":"PropertyValueSpecification","valueRequired":true,"valueName":"search_term_string"}}],"inLanguage":"en-GB"},{"@type":"Organization","@id":"https:\/\/effluences.com\/#organization","name":"Lumen Care Laboratory","url":"https:\/\/effluences.com\/","logo":{"@type":"ImageObject","inLanguage":"en-GB","@id":"https:\/\/effluences.com\/#\/schema\/logo\/image\/","url":"https:\/\/effluences.com\/wp-content\/uploads\/2023\/12\/logo-LCL-vectoriel-Def.png","contentUrl":"https:\/\/effluences.com\/wp-content\/uploads\/2023\/12\/logo-LCL-vectoriel-Def.png","width":3790,"height":714,"caption":"Lumen Care Laboratory"},"image":{"@id":"https:\/\/effluences.com\/#\/schema\/logo\/image\/"}}]},"product_brand":"Effluences","og_availability":"instock","product_availability":"instock","product_retailer_item_id":"F07","product_condition":"new"},"_links":{"self":[{"href":"https:\/\/effluences.com\/en\/wp-json\/wp\/v2\/product\/295","targetHints":{"allow":["GET"]}}],"collection":[{"href":"https:\/\/effluences.com\/en\/wp-json\/wp\/v2\/product"}],"about":[{"href":"https:\/\/effluences.com\/en\/wp-json\/wp\/v2\/types\/product"}],"replies":[{"embeddable":true,"href":"https:\/\/effluences.com\/en\/wp-json\/wp\/v2\/comments?post=295"}],"version-history":[{"count":2,"href":"https:\/\/effluences.com\/en\/wp-json\/wp\/v2\/product\/295\/revisions"}],"predecessor-version":[{"id":1511,"href":"https:\/\/effluences.com\/en\/wp-json\/wp\/v2\/product\/295\/revisions\/1511"}],"wp:featuredmedia":[{"embeddable":true,"href":"https:\/\/effluences.com\/en\/wp-json\/wp\/v2\/media\/1159"}],"wp:attachment":[{"href":"https:\/\/effluences.com\/en\/wp-json\/wp\/v2\/media?parent=295"}],"wp:term":[{"taxonomy":"product_cat","embeddable":true,"href":"https:\/\/effluences.com\/en\/wp-json\/wp\/v2\/product_cat?post=295"},{"taxonomy":"product_tag","embeddable":true,"href":"https:\/\/effluences.com\/en\/wp-json\/wp\/v2\/product_tag?post=295"}],"curies":[{"name":"wp","href":"https:\/\/api.w.org\/{rel}","templated":true}]}}