{"id":89,"date":"2023-11-15T23:13:38","date_gmt":"2023-11-15T22:13:38","guid":{"rendered":"https:\/\/effluences.lumen-care.com\/?post_type=product&#038;p=89"},"modified":"2025-06-03T14:10:58","modified_gmt":"2025-06-03T12:10:58","slug":"accepter-lautre","status":"publish","type":"product","link":"https:\/\/effluences.com\/en\/boutique\/emotions-positives\/accept-the-other\/","title":{"rendered":"Accepting others"},"content":{"rendered":"<h2>L'<em>Effluence<\/em> &#039;<strong>Accepting others<\/strong>&#039; from the Lumen Care laboratory<\/h2>\n<p>Is a pendant that helps you master your emotions and release your full potential. The <em>Effluences<\/em> bring about a profound positive transformation by bringing them into contact with the skin<strong>. <\/strong>&nbsp;<\/p>\n<h2>A technological innovation to take care of your emotions<\/h2>\n<p>The <em>Effluences<\/em> are vibratory elixirs that work to positively enhance your emotional well-being. Made in France, these glass capsules contain light-encoded water infused with the pure vibrations of &#039;<strong>Accepting others<\/strong>&#039;. At very high dilutions, these vibrations radiate through the glass of the capsule.<\/p>","protected":false},"excerpt":{"rendered":"<h3>Positive reinforcement : <\/h3>\n<p>I accept difference and diversity. I trust others. I respect others. I am tolerant. I listen to and respect other people's differences. I accept other people's limits and points of view.<\/p>","protected":false},"featured_media":1175,"comment_status":"open","ping_status":"closed","template":"","meta":[],"product_cat":[24],"product_tag":[],"class_list":{"0":"post-89","1":"product","2":"type-product","3":"status-publish","4":"has-post-thumbnail","6":"product_cat-emotions-positives","8":"first","9":"instock","10":"taxable","11":"shipping-taxable","12":"purchasable","13":"product-type-variable"},"yoast_head":"<!-- This site is optimized with the Yoast SEO Premium plugin v21.5 (Yoast SEO v23.7) - https:\/\/yoast.com\/wordpress\/plugins\/seo\/ -->\n<title>Accepter l&#039;autre - Effluences : \u00e9lixirs \u00e9motionnels<\/title>\n<meta name=\"robots\" content=\"index, follow, max-snippet:-1, max-image-preview:large, max-video-preview:-1\" \/>\n<link rel=\"canonical\" href=\"https:\/\/effluences.com\/en\/boutique\/emotions-positives\/accept-the-other\/\" \/>\n<meta property=\"og:locale\" content=\"en_GB\" \/>\n<meta property=\"og:type\" content=\"article\" \/>\n<meta property=\"og:title\" content=\"Accepter l&#039;autre\" \/>\n<meta property=\"og:description\" content=\"Renforcement positif : J&#039;accepte la diff\u00e9rence et la diversit\u00e9. Je fais confiance \u00e0 l&#039;autre. Je respecte l&#039;autre. Je suis tol\u00e9rant\u00b7e. J\u2019\u00e9coute et je respecte l&#039;autre dans sa diff\u00e9rence. J&#039;accepte les limites et le point de vue de l&#039;autre.\" \/>\n<meta property=\"og:url\" content=\"https:\/\/effluences.com\/en\/boutique\/emotions-positives\/accept-the-other\/\" \/>\n<meta property=\"og:site_name\" content=\"Effluences : \u00e9lixirs \u00e9motionnels\" \/>\n<meta property=\"article:modified_time\" content=\"2025-06-03T12:10:58+00:00\" \/>\n<meta property=\"og:image\" content=\"https:\/\/effluences.com\/wp-content\/uploads\/2023\/11\/Ac.-lautre.jpg\" \/>\n\t<meta property=\"og:image:width\" content=\"740\" \/>\n\t<meta property=\"og:image:height\" content=\"1110\" \/>\n\t<meta property=\"og:image:type\" content=\"image\/jpeg\" \/>\n<meta name=\"twitter:card\" content=\"summary_large_image\" \/>\n<meta name=\"twitter:label1\" content=\"Availability\" \/>\n\t<meta name=\"twitter:data1\" content=\"In stock\" \/>\n<script type=\"application\/ld+json\" class=\"yoast-schema-graph\">{\"@context\":\"https:\/\/schema.org\",\"@graph\":[{\"@type\":\"WebPage\",\"@id\":\"https:\/\/effluences.com\/boutique\/emotions-positives\/accepter-lautre\/\",\"url\":\"https:\/\/effluences.com\/boutique\/emotions-positives\/accepter-lautre\/\",\"name\":\"Accepter l'autre - Effluences : \u00e9lixirs \u00e9motionnels\",\"isPartOf\":{\"@id\":\"https:\/\/effluences.com\/#website\"},\"primaryImageOfPage\":{\"@id\":\"https:\/\/effluences.com\/boutique\/emotions-positives\/accepter-lautre\/#primaryimage\"},\"image\":{\"@id\":\"https:\/\/effluences.com\/boutique\/emotions-positives\/accepter-lautre\/#primaryimage\"},\"thumbnailUrl\":\"https:\/\/effluences.com\/wp-content\/uploads\/2023\/11\/Ac.-lautre.jpg\",\"datePublished\":\"2023-11-15T22:13:38+00:00\",\"dateModified\":\"2025-06-03T12:10:58+00:00\",\"breadcrumb\":{\"@id\":\"https:\/\/effluences.com\/boutique\/emotions-positives\/accepter-lautre\/#breadcrumb\"},\"inLanguage\":\"en-GB\",\"potentialAction\":[{\"@type\":\"ReadAction\",\"target\":[\"https:\/\/effluences.com\/boutique\/emotions-positives\/accepter-lautre\/\"]}]},{\"@type\":\"ImageObject\",\"inLanguage\":\"en-GB\",\"@id\":\"https:\/\/effluences.com\/boutique\/emotions-positives\/accepter-lautre\/#primaryimage\",\"url\":\"https:\/\/effluences.com\/wp-content\/uploads\/2023\/11\/Ac.-lautre.jpg\",\"contentUrl\":\"https:\/\/effluences.com\/wp-content\/uploads\/2023\/11\/Ac.-lautre.jpg\",\"width\":740,\"height\":1110},{\"@type\":\"BreadcrumbList\",\"@id\":\"https:\/\/effluences.com\/boutique\/emotions-positives\/accepter-lautre\/#breadcrumb\",\"itemListElement\":[{\"@type\":\"ListItem\",\"position\":1,\"name\":\"Accueil\",\"item\":\"https:\/\/effluences.com\/\"},{\"@type\":\"ListItem\",\"position\":2,\"name\":\"Boutique\",\"item\":\"https:\/\/effluences.com\/boutique\/\"},{\"@type\":\"ListItem\",\"position\":3,\"name\":\"Accepter l&#8217;autre\"}]},{\"@type\":\"WebSite\",\"@id\":\"https:\/\/effluences.com\/#website\",\"url\":\"https:\/\/effluences.com\/\",\"name\":\"Les Effluences\",\"description\":\"Boostez vos \u00e9motions positives\",\"publisher\":{\"@id\":\"https:\/\/effluences.com\/#organization\"},\"alternateName\":\"Effluences\",\"potentialAction\":[{\"@type\":\"SearchAction\",\"target\":{\"@type\":\"EntryPoint\",\"urlTemplate\":\"https:\/\/effluences.com\/?s={search_term_string}\"},\"query-input\":{\"@type\":\"PropertyValueSpecification\",\"valueRequired\":true,\"valueName\":\"search_term_string\"}}],\"inLanguage\":\"en-GB\"},{\"@type\":\"Organization\",\"@id\":\"https:\/\/effluences.com\/#organization\",\"name\":\"Lumen Care Laboratory\",\"url\":\"https:\/\/effluences.com\/\",\"logo\":{\"@type\":\"ImageObject\",\"inLanguage\":\"en-GB\",\"@id\":\"https:\/\/effluences.com\/#\/schema\/logo\/image\/\",\"url\":\"https:\/\/effluences.com\/wp-content\/uploads\/2023\/12\/logo-LCL-vectoriel-Def.png\",\"contentUrl\":\"https:\/\/effluences.com\/wp-content\/uploads\/2023\/12\/logo-LCL-vectoriel-Def.png\",\"width\":3790,\"height\":714,\"caption\":\"Lumen Care Laboratory\"},\"image\":{\"@id\":\"https:\/\/effluences.com\/#\/schema\/logo\/image\/\"}}]}<\/script>\n<meta property=\"product:brand\" content=\"Effluences\" \/>\n<meta property=\"og:availability\" content=\"instock\" \/>\n<meta property=\"product:availability\" content=\"instock\" \/>\n<meta property=\"product:retailer_item_id\" content=\"E26\" \/>\n<meta property=\"product:condition\" content=\"new\" \/>\n<!-- \/ Yoast SEO Premium plugin. -->","yoast_head_json":{"title":"Accepter l'autre - Effluences : \u00e9lixirs \u00e9motionnels","robots":{"index":"index","follow":"follow","max-snippet":"max-snippet:-1","max-image-preview":"max-image-preview:large","max-video-preview":"max-video-preview:-1"},"canonical":"https:\/\/effluences.com\/en\/boutique\/emotions-positives\/accept-the-other\/","og_locale":"en_GB","og_type":"article","og_title":"Accepter l'autre","og_description":"Renforcement positif : J'accepte la diff\u00e9rence et la diversit\u00e9. Je fais confiance \u00e0 l'autre. Je respecte l'autre. Je suis tol\u00e9rant\u00b7e. J\u2019\u00e9coute et je respecte l'autre dans sa diff\u00e9rence. J'accepte les limites et le point de vue de l'autre.","og_url":"https:\/\/effluences.com\/en\/boutique\/emotions-positives\/accept-the-other\/","og_site_name":"Effluences : \u00e9lixirs \u00e9motionnels","article_modified_time":"2025-06-03T12:10:58+00:00","og_image":[{"width":740,"height":1110,"url":"https:\/\/effluences.com\/wp-content\/uploads\/2023\/11\/Ac.-lautre.jpg","type":"image\/jpeg"}],"twitter_card":"summary_large_image","twitter_misc":{"Availability":"In stock"},"schema":{"@context":"https:\/\/schema.org","@graph":[{"@type":"WebPage","@id":"https:\/\/effluences.com\/boutique\/emotions-positives\/accepter-lautre\/","url":"https:\/\/effluences.com\/boutique\/emotions-positives\/accepter-lautre\/","name":"Accepter l'autre - Effluences : \u00e9lixirs \u00e9motionnels","isPartOf":{"@id":"https:\/\/effluences.com\/#website"},"primaryImageOfPage":{"@id":"https:\/\/effluences.com\/boutique\/emotions-positives\/accepter-lautre\/#primaryimage"},"image":{"@id":"https:\/\/effluences.com\/boutique\/emotions-positives\/accepter-lautre\/#primaryimage"},"thumbnailUrl":"https:\/\/effluences.com\/wp-content\/uploads\/2023\/11\/Ac.-lautre.jpg","datePublished":"2023-11-15T22:13:38+00:00","dateModified":"2025-06-03T12:10:58+00:00","breadcrumb":{"@id":"https:\/\/effluences.com\/boutique\/emotions-positives\/accepter-lautre\/#breadcrumb"},"inLanguage":"en-GB","potentialAction":[{"@type":"ReadAction","target":["https:\/\/effluences.com\/boutique\/emotions-positives\/accepter-lautre\/"]}]},{"@type":"ImageObject","inLanguage":"en-GB","@id":"https:\/\/effluences.com\/boutique\/emotions-positives\/accepter-lautre\/#primaryimage","url":"https:\/\/effluences.com\/wp-content\/uploads\/2023\/11\/Ac.-lautre.jpg","contentUrl":"https:\/\/effluences.com\/wp-content\/uploads\/2023\/11\/Ac.-lautre.jpg","width":740,"height":1110},{"@type":"BreadcrumbList","@id":"https:\/\/effluences.com\/boutique\/emotions-positives\/accepter-lautre\/#breadcrumb","itemListElement":[{"@type":"ListItem","position":1,"name":"Accueil","item":"https:\/\/effluences.com\/"},{"@type":"ListItem","position":2,"name":"Boutique","item":"https:\/\/effluences.com\/boutique\/"},{"@type":"ListItem","position":3,"name":"Accepter l&#8217;autre"}]},{"@type":"WebSite","@id":"https:\/\/effluences.com\/#website","url":"https:\/\/effluences.com\/","name":"Les Effluences","description":"Boostez vos \u00e9motions positives","publisher":{"@id":"https:\/\/effluences.com\/#organization"},"alternateName":"Effluences","potentialAction":[{"@type":"SearchAction","target":{"@type":"EntryPoint","urlTemplate":"https:\/\/effluences.com\/?s={search_term_string}"},"query-input":{"@type":"PropertyValueSpecification","valueRequired":true,"valueName":"search_term_string"}}],"inLanguage":"en-GB"},{"@type":"Organization","@id":"https:\/\/effluences.com\/#organization","name":"Lumen Care Laboratory","url":"https:\/\/effluences.com\/","logo":{"@type":"ImageObject","inLanguage":"en-GB","@id":"https:\/\/effluences.com\/#\/schema\/logo\/image\/","url":"https:\/\/effluences.com\/wp-content\/uploads\/2023\/12\/logo-LCL-vectoriel-Def.png","contentUrl":"https:\/\/effluences.com\/wp-content\/uploads\/2023\/12\/logo-LCL-vectoriel-Def.png","width":3790,"height":714,"caption":"Lumen Care Laboratory"},"image":{"@id":"https:\/\/effluences.com\/#\/schema\/logo\/image\/"}}]},"product_brand":"Effluences","og_availability":"instock","product_availability":"instock","product_retailer_item_id":"E26","product_condition":"new"},"_links":{"self":[{"href":"https:\/\/effluences.com\/en\/wp-json\/wp\/v2\/product\/89","targetHints":{"allow":["GET"]}}],"collection":[{"href":"https:\/\/effluences.com\/en\/wp-json\/wp\/v2\/product"}],"about":[{"href":"https:\/\/effluences.com\/en\/wp-json\/wp\/v2\/types\/product"}],"replies":[{"embeddable":true,"href":"https:\/\/effluences.com\/en\/wp-json\/wp\/v2\/comments?post=89"}],"version-history":[{"count":2,"href":"https:\/\/effluences.com\/en\/wp-json\/wp\/v2\/product\/89\/revisions"}],"predecessor-version":[{"id":1472,"href":"https:\/\/effluences.com\/en\/wp-json\/wp\/v2\/product\/89\/revisions\/1472"}],"wp:featuredmedia":[{"embeddable":true,"href":"https:\/\/effluences.com\/en\/wp-json\/wp\/v2\/media\/1175"}],"wp:attachment":[{"href":"https:\/\/effluences.com\/en\/wp-json\/wp\/v2\/media?parent=89"}],"wp:term":[{"taxonomy":"product_cat","embeddable":true,"href":"https:\/\/effluences.com\/en\/wp-json\/wp\/v2\/product_cat?post=89"},{"taxonomy":"product_tag","embeddable":true,"href":"https:\/\/effluences.com\/en\/wp-json\/wp\/v2\/product_tag?post=89"}],"curies":[{"name":"wp","href":"https:\/\/api.w.org\/{rel}","templated":true}]}}