{"id":261,"date":"2023-11-15T23:14:53","date_gmt":"2023-11-15T22:14:53","guid":{"rendered":"https:\/\/effluences.lumen-care.com\/?post_type=product&#038;p=261"},"modified":"2025-06-03T14:11:38","modified_gmt":"2025-06-03T12:11:38","slug":"lapis-lazuli","status":"publish","type":"product","link":"https:\/\/effluences.com\/es\/boutique\/cristales\/lapislazuli\/","title":{"rendered":"Lapisl\u00e1zuli"},"content":{"rendered":"<h2>L'<em>Efluentes<\/em> &#039;<strong>Lapisl\u00e1zuli<\/strong>&#039; del laboratorio Lumen Care<\/h2>\n<p>Es un colgante que te ayuda a dominar tus emociones y liberar todo tu potencial. El <em>Efluentes<\/em> provocan una profunda transformaci\u00f3n positiva al entrar en contacto con la piel<strong>. <\/strong>&nbsp;<\/p>\n<h2>Una innovaci\u00f3n tecnol\u00f3gica para cuidar tus emociones<\/h2>\n<p>En <em>Efluentes<\/em> son elixires vibratorios que mejoran positivamente el bienestar emocional. Fabricadas en Francia, estas c\u00e1psulas de cristal contienen agua codificada con luz infundida con las vibraciones puras de &#039;<strong>Lapisl\u00e1zuli<\/strong>&#039;. A diluciones muy altas, estas vibraciones irradian a trav\u00e9s del cristal de la c\u00e1psula.<\/p>","protected":false},"excerpt":{"rendered":"<h3>Refuerzo positivo : <\/h3>\n<p>Libera bloqueos, protege contra la negatividad y potencia la ayuda y la amabilidad. Ayuda a recordar los sue\u00f1os y a comprender sus mensajes. Clarifica la mente, estimula la clarividencia y la introspecci\u00f3n.<\/p>","protected":false},"featured_media":1212,"comment_status":"open","ping_status":"closed","template":"","meta":[],"product_cat":[26],"product_tag":[],"class_list":{"0":"post-261","1":"product","2":"type-product","3":"status-publish","4":"has-post-thumbnail","6":"product_cat-cristaux","8":"first","9":"instock","10":"taxable","11":"shipping-taxable","12":"purchasable","13":"product-type-variable"},"yoast_head":"<!-- This site is optimized with the Yoast SEO Premium plugin v21.5 (Yoast SEO v23.7) - https:\/\/yoast.com\/wordpress\/plugins\/seo\/ -->\n<title>Lapis Lazuli - Effluences : \u00e9lixirs \u00e9motionnels<\/title>\n<meta name=\"robots\" content=\"index, follow, max-snippet:-1, max-image-preview:large, max-video-preview:-1\" \/>\n<link rel=\"canonical\" href=\"https:\/\/effluences.com\/es\/boutique\/cristales\/lapislazuli\/\" \/>\n<meta property=\"og:locale\" content=\"es_ES\" \/>\n<meta property=\"og:type\" content=\"article\" \/>\n<meta property=\"og:title\" content=\"Lapis Lazuli\" \/>\n<meta property=\"og:description\" content=\"Renforcement positif : Lib\u00e8re les blocages, prot\u00e8ge de la n\u00e9gativit\u00e9 et renforce la serviabilit\u00e9 et la bont\u00e9. Aide \u00e0 nous souvenir de nos r\u00eaves et \u00e0 comprendre leurs messages. Clarifie le mental, stimule la clairvoyance, l\u2019introspection.\" \/>\n<meta property=\"og:url\" content=\"https:\/\/effluences.com\/es\/boutique\/cristales\/lapislazuli\/\" \/>\n<meta property=\"og:site_name\" content=\"Effluences : \u00e9lixirs \u00e9motionnels\" \/>\n<meta property=\"article:modified_time\" content=\"2025-06-03T12:11:38+00:00\" \/>\n<meta property=\"og:image\" content=\"https:\/\/effluences.com\/wp-content\/uploads\/2023\/11\/Lapis-Lazuli.jpg\" \/>\n\t<meta property=\"og:image:width\" content=\"740\" \/>\n\t<meta property=\"og:image:height\" content=\"1110\" \/>\n\t<meta property=\"og:image:type\" content=\"image\/jpeg\" \/>\n<meta name=\"twitter:card\" content=\"summary_large_image\" \/>\n<meta name=\"twitter:label1\" content=\"Disponibilidad\" \/>\n\t<meta name=\"twitter:data1\" content=\"Disponible\" \/>\n<script type=\"application\/ld+json\" class=\"yoast-schema-graph\">{\"@context\":\"https:\/\/schema.org\",\"@graph\":[{\"@type\":\"WebPage\",\"@id\":\"https:\/\/effluences.com\/boutique\/cristaux\/lapis-lazuli\/\",\"url\":\"https:\/\/effluences.com\/boutique\/cristaux\/lapis-lazuli\/\",\"name\":\"Lapis Lazuli - Effluences : \u00e9lixirs \u00e9motionnels\",\"isPartOf\":{\"@id\":\"https:\/\/effluences.com\/#website\"},\"primaryImageOfPage\":{\"@id\":\"https:\/\/effluences.com\/boutique\/cristaux\/lapis-lazuli\/#primaryimage\"},\"image\":{\"@id\":\"https:\/\/effluences.com\/boutique\/cristaux\/lapis-lazuli\/#primaryimage\"},\"thumbnailUrl\":\"https:\/\/effluences.com\/wp-content\/uploads\/2023\/11\/Lapis-Lazuli.jpg\",\"datePublished\":\"2023-11-15T22:14:53+00:00\",\"dateModified\":\"2025-06-03T12:11:38+00:00\",\"breadcrumb\":{\"@id\":\"https:\/\/effluences.com\/boutique\/cristaux\/lapis-lazuli\/#breadcrumb\"},\"inLanguage\":\"es\",\"potentialAction\":[{\"@type\":\"ReadAction\",\"target\":[\"https:\/\/effluences.com\/boutique\/cristaux\/lapis-lazuli\/\"]}]},{\"@type\":\"ImageObject\",\"inLanguage\":\"es\",\"@id\":\"https:\/\/effluences.com\/boutique\/cristaux\/lapis-lazuli\/#primaryimage\",\"url\":\"https:\/\/effluences.com\/wp-content\/uploads\/2023\/11\/Lapis-Lazuli.jpg\",\"contentUrl\":\"https:\/\/effluences.com\/wp-content\/uploads\/2023\/11\/Lapis-Lazuli.jpg\",\"width\":740,\"height\":1110},{\"@type\":\"BreadcrumbList\",\"@id\":\"https:\/\/effluences.com\/boutique\/cristaux\/lapis-lazuli\/#breadcrumb\",\"itemListElement\":[{\"@type\":\"ListItem\",\"position\":1,\"name\":\"Accueil\",\"item\":\"https:\/\/effluences.com\/\"},{\"@type\":\"ListItem\",\"position\":2,\"name\":\"Boutique\",\"item\":\"https:\/\/effluences.com\/boutique\/\"},{\"@type\":\"ListItem\",\"position\":3,\"name\":\"Lapis Lazuli\"}]},{\"@type\":\"WebSite\",\"@id\":\"https:\/\/effluences.com\/#website\",\"url\":\"https:\/\/effluences.com\/\",\"name\":\"Les Effluences\",\"description\":\"Boostez vos \u00e9motions positives\",\"publisher\":{\"@id\":\"https:\/\/effluences.com\/#organization\"},\"alternateName\":\"Effluences\",\"potentialAction\":[{\"@type\":\"SearchAction\",\"target\":{\"@type\":\"EntryPoint\",\"urlTemplate\":\"https:\/\/effluences.com\/?s={search_term_string}\"},\"query-input\":{\"@type\":\"PropertyValueSpecification\",\"valueRequired\":true,\"valueName\":\"search_term_string\"}}],\"inLanguage\":\"es\"},{\"@type\":\"Organization\",\"@id\":\"https:\/\/effluences.com\/#organization\",\"name\":\"Lumen Care Laboratory\",\"url\":\"https:\/\/effluences.com\/\",\"logo\":{\"@type\":\"ImageObject\",\"inLanguage\":\"es\",\"@id\":\"https:\/\/effluences.com\/#\/schema\/logo\/image\/\",\"url\":\"https:\/\/effluences.com\/wp-content\/uploads\/2023\/12\/logo-LCL-vectoriel-Def.png\",\"contentUrl\":\"https:\/\/effluences.com\/wp-content\/uploads\/2023\/12\/logo-LCL-vectoriel-Def.png\",\"width\":3790,\"height\":714,\"caption\":\"Lumen Care Laboratory\"},\"image\":{\"@id\":\"https:\/\/effluences.com\/#\/schema\/logo\/image\/\"}}]}<\/script>\n<meta property=\"product:brand\" content=\"Effluences\" \/>\n<meta property=\"og:availability\" content=\"instock\" \/>\n<meta property=\"product:availability\" content=\"instock\" \/>\n<meta property=\"product:retailer_item_id\" content=\"C10\" \/>\n<meta property=\"product:condition\" content=\"new\" \/>\n<!-- \/ Yoast SEO Premium plugin. -->","yoast_head_json":{"title":"Lapis Lazuli - Effluences : \u00e9lixirs \u00e9motionnels","robots":{"index":"index","follow":"follow","max-snippet":"max-snippet:-1","max-image-preview":"max-image-preview:large","max-video-preview":"max-video-preview:-1"},"canonical":"https:\/\/effluences.com\/es\/boutique\/cristales\/lapislazuli\/","og_locale":"es_ES","og_type":"article","og_title":"Lapis Lazuli","og_description":"Renforcement positif : Lib\u00e8re les blocages, prot\u00e8ge de la n\u00e9gativit\u00e9 et renforce la serviabilit\u00e9 et la bont\u00e9. Aide \u00e0 nous souvenir de nos r\u00eaves et \u00e0 comprendre leurs messages. Clarifie le mental, stimule la clairvoyance, l\u2019introspection.","og_url":"https:\/\/effluences.com\/es\/boutique\/cristales\/lapislazuli\/","og_site_name":"Effluences : \u00e9lixirs \u00e9motionnels","article_modified_time":"2025-06-03T12:11:38+00:00","og_image":[{"width":740,"height":1110,"url":"https:\/\/effluences.com\/wp-content\/uploads\/2023\/11\/Lapis-Lazuli.jpg","type":"image\/jpeg"}],"twitter_card":"summary_large_image","twitter_misc":{"Disponibilidad":"Disponible"},"schema":{"@context":"https:\/\/schema.org","@graph":[{"@type":"WebPage","@id":"https:\/\/effluences.com\/boutique\/cristaux\/lapis-lazuli\/","url":"https:\/\/effluences.com\/boutique\/cristaux\/lapis-lazuli\/","name":"Lapis Lazuli - Effluences : \u00e9lixirs \u00e9motionnels","isPartOf":{"@id":"https:\/\/effluences.com\/#website"},"primaryImageOfPage":{"@id":"https:\/\/effluences.com\/boutique\/cristaux\/lapis-lazuli\/#primaryimage"},"image":{"@id":"https:\/\/effluences.com\/boutique\/cristaux\/lapis-lazuli\/#primaryimage"},"thumbnailUrl":"https:\/\/effluences.com\/wp-content\/uploads\/2023\/11\/Lapis-Lazuli.jpg","datePublished":"2023-11-15T22:14:53+00:00","dateModified":"2025-06-03T12:11:38+00:00","breadcrumb":{"@id":"https:\/\/effluences.com\/boutique\/cristaux\/lapis-lazuli\/#breadcrumb"},"inLanguage":"es","potentialAction":[{"@type":"ReadAction","target":["https:\/\/effluences.com\/boutique\/cristaux\/lapis-lazuli\/"]}]},{"@type":"ImageObject","inLanguage":"es","@id":"https:\/\/effluences.com\/boutique\/cristaux\/lapis-lazuli\/#primaryimage","url":"https:\/\/effluences.com\/wp-content\/uploads\/2023\/11\/Lapis-Lazuli.jpg","contentUrl":"https:\/\/effluences.com\/wp-content\/uploads\/2023\/11\/Lapis-Lazuli.jpg","width":740,"height":1110},{"@type":"BreadcrumbList","@id":"https:\/\/effluences.com\/boutique\/cristaux\/lapis-lazuli\/#breadcrumb","itemListElement":[{"@type":"ListItem","position":1,"name":"Accueil","item":"https:\/\/effluences.com\/"},{"@type":"ListItem","position":2,"name":"Boutique","item":"https:\/\/effluences.com\/boutique\/"},{"@type":"ListItem","position":3,"name":"Lapis Lazuli"}]},{"@type":"WebSite","@id":"https:\/\/effluences.com\/#website","url":"https:\/\/effluences.com\/","name":"Les Effluences","description":"Boostez vos \u00e9motions positives","publisher":{"@id":"https:\/\/effluences.com\/#organization"},"alternateName":"Effluences","potentialAction":[{"@type":"SearchAction","target":{"@type":"EntryPoint","urlTemplate":"https:\/\/effluences.com\/?s={search_term_string}"},"query-input":{"@type":"PropertyValueSpecification","valueRequired":true,"valueName":"search_term_string"}}],"inLanguage":"es"},{"@type":"Organization","@id":"https:\/\/effluences.com\/#organization","name":"Lumen Care Laboratory","url":"https:\/\/effluences.com\/","logo":{"@type":"ImageObject","inLanguage":"es","@id":"https:\/\/effluences.com\/#\/schema\/logo\/image\/","url":"https:\/\/effluences.com\/wp-content\/uploads\/2023\/12\/logo-LCL-vectoriel-Def.png","contentUrl":"https:\/\/effluences.com\/wp-content\/uploads\/2023\/12\/logo-LCL-vectoriel-Def.png","width":3790,"height":714,"caption":"Lumen Care Laboratory"},"image":{"@id":"https:\/\/effluences.com\/#\/schema\/logo\/image\/"}}]},"product_brand":"Effluences","og_availability":"instock","product_availability":"instock","product_retailer_item_id":"C10","product_condition":"new"},"_links":{"self":[{"href":"https:\/\/effluences.com\/es\/wp-json\/wp\/v2\/product\/261","targetHints":{"allow":["GET"]}}],"collection":[{"href":"https:\/\/effluences.com\/es\/wp-json\/wp\/v2\/product"}],"about":[{"href":"https:\/\/effluences.com\/es\/wp-json\/wp\/v2\/types\/product"}],"replies":[{"embeddable":true,"href":"https:\/\/effluences.com\/es\/wp-json\/wp\/v2\/comments?post=261"}],"version-history":[{"count":3,"href":"https:\/\/effluences.com\/es\/wp-json\/wp\/v2\/product\/261\/revisions"}],"predecessor-version":[{"id":1498,"href":"https:\/\/effluences.com\/es\/wp-json\/wp\/v2\/product\/261\/revisions\/1498"}],"wp:featuredmedia":[{"embeddable":true,"href":"https:\/\/effluences.com\/es\/wp-json\/wp\/v2\/media\/1212"}],"wp:attachment":[{"href":"https:\/\/effluences.com\/es\/wp-json\/wp\/v2\/media?parent=261"}],"wp:term":[{"taxonomy":"product_cat","embeddable":true,"href":"https:\/\/effluences.com\/es\/wp-json\/wp\/v2\/product_cat?post=261"},{"taxonomy":"product_tag","embeddable":true,"href":"https:\/\/effluences.com\/es\/wp-json\/wp\/v2\/product_tag?post=261"}],"curies":[{"name":"wp","href":"https:\/\/api.w.org\/{rel}","templated":true}]}}