{"id":311,"date":"2023-11-15T23:15:16","date_gmt":"2023-11-15T22:15:16","guid":{"rendered":"https:\/\/effluences.lumen-care.com\/?post_type=product&#038;p=311"},"modified":"2025-06-03T14:12:25","modified_gmt":"2025-06-03T12:12:25","slug":"priere-du-nouvel-age","status":"publish","type":"product","link":"https:\/\/effluences.com\/es\/boutique\/oraciones-mantras-mandalas\/oracion-de-la-nueva-era\/","title":{"rendered":"Oraci\u00f3n New Age"},"content":{"rendered":"<p><span style=\"font-size: 90%;\"><em>Por Maitreya<\/em><\/span><br \/>\nSoy el creador del universo. Soy el padre y la madre del universo. Todo viene de m\u00ed. Todo volver\u00e1 a m\u00ed. La mente, el coraz\u00f3n y el cuerpo son mis templos, para que el Ser realice en ellos mi Ser supremo y mi Devenir.<\/p>","protected":false},"excerpt":{"rendered":"<p>Por Maitreya :<\/p>\n<p>Soy el creador del universo. Soy el padre y la madre del universo. Todo viene de m\u00ed. Todo volver\u00e1 a m\u00ed. La mente, el coraz\u00f3n y el cuerpo son mis templos, para que el Ser realice en ellos mi Ser supremo y mi Devenir.<\/p>\n<p>&nbsp;<\/p>","protected":false},"featured_media":1142,"comment_status":"open","ping_status":"closed","template":"","meta":[],"product_cat":[28],"product_tag":[],"class_list":{"0":"post-311","1":"product","2":"type-product","3":"status-publish","4":"has-post-thumbnail","6":"product_cat-prieres-mantras-mandalas","8":"first","9":"instock","10":"taxable","11":"shipping-taxable","12":"purchasable","13":"product-type-variable"},"yoast_head":"<!-- This site is optimized with the Yoast SEO Premium plugin v21.5 (Yoast SEO v23.7) - https:\/\/yoast.com\/wordpress\/plugins\/seo\/ -->\n<title>Pri\u00e8re du nouvel Age - Effluences : \u00e9lixirs \u00e9motionnels<\/title>\n<meta name=\"description\" content=\"Par MaitreyaJe suis le cr\u00e9ateur de l\u2019univers. Je suis le p\u00e8re et la m\u00e8re de l\u2019univers. Tout vient de moi. Tout retournera \u00e0 moi. Le mental, le c\u0153ur et le corps sont mes temples, pour que le Soi r\u00e9alise en eux mon \u00catre supr\u00eame et mon Devenir.\" \/>\n<meta name=\"robots\" content=\"index, follow, max-snippet:-1, max-image-preview:large, max-video-preview:-1\" \/>\n<link rel=\"canonical\" href=\"https:\/\/effluences.com\/es\/boutique\/oraciones-mantras-mandalas\/oracion-de-la-nueva-era\/\" \/>\n<meta property=\"og:locale\" content=\"es_ES\" \/>\n<meta property=\"og:type\" content=\"article\" \/>\n<meta property=\"og:title\" content=\"Pri\u00e8re du nouvel Age\" \/>\n<meta property=\"og:description\" content=\"Par MaitreyaJe suis le cr\u00e9ateur de l\u2019univers. Je suis le p\u00e8re et la m\u00e8re de l\u2019univers. Tout vient de moi. Tout retournera \u00e0 moi. Le mental, le c\u0153ur et le corps sont mes temples, pour que le Soi r\u00e9alise en eux mon \u00catre supr\u00eame et mon Devenir.\" \/>\n<meta property=\"og:url\" content=\"https:\/\/effluences.com\/es\/boutique\/oraciones-mantras-mandalas\/oracion-de-la-nueva-era\/\" \/>\n<meta property=\"og:site_name\" content=\"Effluences : \u00e9lixirs \u00e9motionnels\" \/>\n<meta property=\"article:modified_time\" content=\"2025-06-03T12:12:25+00:00\" \/>\n<meta property=\"og:image\" content=\"https:\/\/effluences.com\/wp-content\/uploads\/2023\/11\/Nouvel-Age.jpg\" \/>\n\t<meta property=\"og:image:width\" content=\"740\" \/>\n\t<meta property=\"og:image:height\" content=\"1110\" \/>\n\t<meta property=\"og:image:type\" content=\"image\/jpeg\" \/>\n<meta name=\"twitter:card\" content=\"summary_large_image\" \/>\n<meta name=\"twitter:label1\" content=\"Disponibilidad\" \/>\n\t<meta name=\"twitter:data1\" content=\"Disponible\" \/>\n<script type=\"application\/ld+json\" class=\"yoast-schema-graph\">{\"@context\":\"https:\/\/schema.org\",\"@graph\":[{\"@type\":\"WebPage\",\"@id\":\"https:\/\/effluences.com\/boutique\/prieres-mantras-mandalas\/priere-du-nouvel-age\/\",\"url\":\"https:\/\/effluences.com\/boutique\/prieres-mantras-mandalas\/priere-du-nouvel-age\/\",\"name\":\"Pri\u00e8re du nouvel Age - Effluences : \u00e9lixirs \u00e9motionnels\",\"isPartOf\":{\"@id\":\"https:\/\/effluences.com\/#website\"},\"primaryImageOfPage\":{\"@id\":\"https:\/\/effluences.com\/boutique\/prieres-mantras-mandalas\/priere-du-nouvel-age\/#primaryimage\"},\"image\":{\"@id\":\"https:\/\/effluences.com\/boutique\/prieres-mantras-mandalas\/priere-du-nouvel-age\/#primaryimage\"},\"thumbnailUrl\":\"https:\/\/effluences.com\/wp-content\/uploads\/2023\/11\/Nouvel-Age.jpg\",\"datePublished\":\"2023-11-15T22:15:16+00:00\",\"dateModified\":\"2025-06-03T12:12:25+00:00\",\"description\":\"Par MaitreyaJe suis le cr\u00e9ateur de l\u2019univers. Je suis le p\u00e8re et la m\u00e8re de l\u2019univers. Tout vient de moi. Tout retournera \u00e0 moi. Le mental, le c\u0153ur et le corps sont mes temples, pour que le Soi r\u00e9alise en eux mon \u00catre supr\u00eame et mon Devenir.\",\"breadcrumb\":{\"@id\":\"https:\/\/effluences.com\/boutique\/prieres-mantras-mandalas\/priere-du-nouvel-age\/#breadcrumb\"},\"inLanguage\":\"es\",\"potentialAction\":[{\"@type\":\"ReadAction\",\"target\":[\"https:\/\/effluences.com\/boutique\/prieres-mantras-mandalas\/priere-du-nouvel-age\/\"]}]},{\"@type\":\"ImageObject\",\"inLanguage\":\"es\",\"@id\":\"https:\/\/effluences.com\/boutique\/prieres-mantras-mandalas\/priere-du-nouvel-age\/#primaryimage\",\"url\":\"https:\/\/effluences.com\/wp-content\/uploads\/2023\/11\/Nouvel-Age.jpg\",\"contentUrl\":\"https:\/\/effluences.com\/wp-content\/uploads\/2023\/11\/Nouvel-Age.jpg\",\"width\":740,\"height\":1110},{\"@type\":\"BreadcrumbList\",\"@id\":\"https:\/\/effluences.com\/boutique\/prieres-mantras-mandalas\/priere-du-nouvel-age\/#breadcrumb\",\"itemListElement\":[{\"@type\":\"ListItem\",\"position\":1,\"name\":\"Accueil\",\"item\":\"https:\/\/effluences.com\/\"},{\"@type\":\"ListItem\",\"position\":2,\"name\":\"Boutique\",\"item\":\"https:\/\/effluences.com\/boutique\/\"},{\"@type\":\"ListItem\",\"position\":3,\"name\":\"Pri\u00e8re du nouvel Age\"}]},{\"@type\":\"WebSite\",\"@id\":\"https:\/\/effluences.com\/#website\",\"url\":\"https:\/\/effluences.com\/\",\"name\":\"Les Effluences\",\"description\":\"Boostez vos \u00e9motions positives\",\"publisher\":{\"@id\":\"https:\/\/effluences.com\/#organization\"},\"alternateName\":\"Effluences\",\"potentialAction\":[{\"@type\":\"SearchAction\",\"target\":{\"@type\":\"EntryPoint\",\"urlTemplate\":\"https:\/\/effluences.com\/?s={search_term_string}\"},\"query-input\":{\"@type\":\"PropertyValueSpecification\",\"valueRequired\":true,\"valueName\":\"search_term_string\"}}],\"inLanguage\":\"es\"},{\"@type\":\"Organization\",\"@id\":\"https:\/\/effluences.com\/#organization\",\"name\":\"Lumen Care Laboratory\",\"url\":\"https:\/\/effluences.com\/\",\"logo\":{\"@type\":\"ImageObject\",\"inLanguage\":\"es\",\"@id\":\"https:\/\/effluences.com\/#\/schema\/logo\/image\/\",\"url\":\"https:\/\/effluences.com\/wp-content\/uploads\/2023\/12\/logo-LCL-vectoriel-Def.png\",\"contentUrl\":\"https:\/\/effluences.com\/wp-content\/uploads\/2023\/12\/logo-LCL-vectoriel-Def.png\",\"width\":3790,\"height\":714,\"caption\":\"Lumen Care Laboratory\"},\"image\":{\"@id\":\"https:\/\/effluences.com\/#\/schema\/logo\/image\/\"}}]}<\/script>\n<meta property=\"product:brand\" content=\"Effluences\" \/>\n<meta property=\"og:availability\" content=\"instock\" \/>\n<meta property=\"product:availability\" content=\"instock\" \/>\n<meta property=\"product:retailer_item_id\" content=\"PM05\" \/>\n<meta property=\"product:condition\" content=\"new\" \/>\n<!-- \/ Yoast SEO Premium plugin. -->","yoast_head_json":{"title":"Pri\u00e8re du nouvel Age - Effluences : \u00e9lixirs \u00e9motionnels","description":"Par MaitreyaJe suis le cr\u00e9ateur de l\u2019univers. Je suis le p\u00e8re et la m\u00e8re de l\u2019univers. Tout vient de moi. Tout retournera \u00e0 moi. Le mental, le c\u0153ur et le corps sont mes temples, pour que le Soi r\u00e9alise en eux mon \u00catre supr\u00eame et mon Devenir.","robots":{"index":"index","follow":"follow","max-snippet":"max-snippet:-1","max-image-preview":"max-image-preview:large","max-video-preview":"max-video-preview:-1"},"canonical":"https:\/\/effluences.com\/es\/boutique\/oraciones-mantras-mandalas\/oracion-de-la-nueva-era\/","og_locale":"es_ES","og_type":"article","og_title":"Pri\u00e8re du nouvel Age","og_description":"Par MaitreyaJe suis le cr\u00e9ateur de l\u2019univers. Je suis le p\u00e8re et la m\u00e8re de l\u2019univers. Tout vient de moi. Tout retournera \u00e0 moi. Le mental, le c\u0153ur et le corps sont mes temples, pour que le Soi r\u00e9alise en eux mon \u00catre supr\u00eame et mon Devenir.","og_url":"https:\/\/effluences.com\/es\/boutique\/oraciones-mantras-mandalas\/oracion-de-la-nueva-era\/","og_site_name":"Effluences : \u00e9lixirs \u00e9motionnels","article_modified_time":"2025-06-03T12:12:25+00:00","og_image":[{"width":740,"height":1110,"url":"https:\/\/effluences.com\/wp-content\/uploads\/2023\/11\/Nouvel-Age.jpg","type":"image\/jpeg"}],"twitter_card":"summary_large_image","twitter_misc":{"Disponibilidad":"Disponible"},"schema":{"@context":"https:\/\/schema.org","@graph":[{"@type":"WebPage","@id":"https:\/\/effluences.com\/boutique\/prieres-mantras-mandalas\/priere-du-nouvel-age\/","url":"https:\/\/effluences.com\/boutique\/prieres-mantras-mandalas\/priere-du-nouvel-age\/","name":"Pri\u00e8re du nouvel Age - Effluences : \u00e9lixirs \u00e9motionnels","isPartOf":{"@id":"https:\/\/effluences.com\/#website"},"primaryImageOfPage":{"@id":"https:\/\/effluences.com\/boutique\/prieres-mantras-mandalas\/priere-du-nouvel-age\/#primaryimage"},"image":{"@id":"https:\/\/effluences.com\/boutique\/prieres-mantras-mandalas\/priere-du-nouvel-age\/#primaryimage"},"thumbnailUrl":"https:\/\/effluences.com\/wp-content\/uploads\/2023\/11\/Nouvel-Age.jpg","datePublished":"2023-11-15T22:15:16+00:00","dateModified":"2025-06-03T12:12:25+00:00","description":"Par MaitreyaJe suis le cr\u00e9ateur de l\u2019univers. Je suis le p\u00e8re et la m\u00e8re de l\u2019univers. Tout vient de moi. Tout retournera \u00e0 moi. Le mental, le c\u0153ur et le corps sont mes temples, pour que le Soi r\u00e9alise en eux mon \u00catre supr\u00eame et mon Devenir.","breadcrumb":{"@id":"https:\/\/effluences.com\/boutique\/prieres-mantras-mandalas\/priere-du-nouvel-age\/#breadcrumb"},"inLanguage":"es","potentialAction":[{"@type":"ReadAction","target":["https:\/\/effluences.com\/boutique\/prieres-mantras-mandalas\/priere-du-nouvel-age\/"]}]},{"@type":"ImageObject","inLanguage":"es","@id":"https:\/\/effluences.com\/boutique\/prieres-mantras-mandalas\/priere-du-nouvel-age\/#primaryimage","url":"https:\/\/effluences.com\/wp-content\/uploads\/2023\/11\/Nouvel-Age.jpg","contentUrl":"https:\/\/effluences.com\/wp-content\/uploads\/2023\/11\/Nouvel-Age.jpg","width":740,"height":1110},{"@type":"BreadcrumbList","@id":"https:\/\/effluences.com\/boutique\/prieres-mantras-mandalas\/priere-du-nouvel-age\/#breadcrumb","itemListElement":[{"@type":"ListItem","position":1,"name":"Accueil","item":"https:\/\/effluences.com\/"},{"@type":"ListItem","position":2,"name":"Boutique","item":"https:\/\/effluences.com\/boutique\/"},{"@type":"ListItem","position":3,"name":"Pri\u00e8re du nouvel Age"}]},{"@type":"WebSite","@id":"https:\/\/effluences.com\/#website","url":"https:\/\/effluences.com\/","name":"Les Effluences","description":"Boostez vos \u00e9motions positives","publisher":{"@id":"https:\/\/effluences.com\/#organization"},"alternateName":"Effluences","potentialAction":[{"@type":"SearchAction","target":{"@type":"EntryPoint","urlTemplate":"https:\/\/effluences.com\/?s={search_term_string}"},"query-input":{"@type":"PropertyValueSpecification","valueRequired":true,"valueName":"search_term_string"}}],"inLanguage":"es"},{"@type":"Organization","@id":"https:\/\/effluences.com\/#organization","name":"Lumen Care Laboratory","url":"https:\/\/effluences.com\/","logo":{"@type":"ImageObject","inLanguage":"es","@id":"https:\/\/effluences.com\/#\/schema\/logo\/image\/","url":"https:\/\/effluences.com\/wp-content\/uploads\/2023\/12\/logo-LCL-vectoriel-Def.png","contentUrl":"https:\/\/effluences.com\/wp-content\/uploads\/2023\/12\/logo-LCL-vectoriel-Def.png","width":3790,"height":714,"caption":"Lumen Care Laboratory"},"image":{"@id":"https:\/\/effluences.com\/#\/schema\/logo\/image\/"}}]},"product_brand":"Effluences","og_availability":"instock","product_availability":"instock","product_retailer_item_id":"PM05","product_condition":"new"},"_links":{"self":[{"href":"https:\/\/effluences.com\/es\/wp-json\/wp\/v2\/product\/311","targetHints":{"allow":["GET"]}}],"collection":[{"href":"https:\/\/effluences.com\/es\/wp-json\/wp\/v2\/product"}],"about":[{"href":"https:\/\/effluences.com\/es\/wp-json\/wp\/v2\/types\/product"}],"replies":[{"embeddable":true,"href":"https:\/\/effluences.com\/es\/wp-json\/wp\/v2\/comments?post=311"}],"version-history":[{"count":3,"href":"https:\/\/effluences.com\/es\/wp-json\/wp\/v2\/product\/311\/revisions"}],"predecessor-version":[{"id":1680,"href":"https:\/\/effluences.com\/es\/wp-json\/wp\/v2\/product\/311\/revisions\/1680"}],"wp:featuredmedia":[{"embeddable":true,"href":"https:\/\/effluences.com\/es\/wp-json\/wp\/v2\/media\/1142"}],"wp:attachment":[{"href":"https:\/\/effluences.com\/es\/wp-json\/wp\/v2\/media?parent=311"}],"wp:term":[{"taxonomy":"product_cat","embeddable":true,"href":"https:\/\/effluences.com\/es\/wp-json\/wp\/v2\/product_cat?post=311"},{"taxonomy":"product_tag","embeddable":true,"href":"https:\/\/effluences.com\/es\/wp-json\/wp\/v2\/product_tag?post=311"}],"curies":[{"name":"wp","href":"https:\/\/api.w.org\/{rel}","templated":true}]}}