{"id":41,"date":"2023-11-15T23:13:13","date_gmt":"2023-11-15T22:13:13","guid":{"rendered":"https:\/\/effluences.lumen-care.com\/?post_type=product&#038;p=41"},"modified":"2025-06-03T14:10:31","modified_gmt":"2025-06-03T12:10:31","slug":"paix-interieure_parcours","status":"publish","type":"product","link":"https:\/\/effluences.com\/es\/boutique\/cajas\/paz-intereses-efectos\/","title":{"rendered":"Paz interior - Recorrido tem\u00e1tico"},"content":{"rendered":"<div class=\"fusion-one-full fusion-layout-column fusion-column-last fusion-spacing-yes\">\n<div class=\"fusion-column-wrapper\">\n<h2 data-fontsize=\"40\" data-lineheight=\"48\"><em><b>Composici\u00f3n del set \"Paz interior<\/b><\/em><\/h2>\n<\/div>\n<\/div>\n<table style=\"border-collapse: collapse; width: 100%;\">\n<tbody>\n<tr>\n<td style=\"width: 50%;\">\n<ul>\n<li aria-level=\"1\">Comisi\u00f3n de servicio<\/li>\n<li aria-level=\"1\">Paciencia<\/li>\n<li aria-level=\"1\">Lo siento.<\/li>\n<li aria-level=\"1\">Amor<\/li>\n<li aria-level=\"1\">Hierba de San Juan<\/li>\n<\/ul>\n<\/td>\n<td style=\"width: 50%;\">\n<ul>\n<li aria-level=\"1\">Relajante<\/li>\n<li aria-level=\"1\">Dejar ir<\/li>\n<li aria-level=\"1\">Armon\u00eda<\/li>\n<li aria-level=\"1\">Paz<\/li>\n<li aria-level=\"1\">Contenido<\/li>\n<\/ul>\n<\/td>\n<\/tr>\n<\/tbody>\n<\/table>\n<p>Cuello de aluminio y caja incluidos<br \/>\n* Selecci\u00f3n de 5 efluentes<\/p>\n<h2>Un viaje de desarrollo personal<\/h2>\n<p>Recorriendo una serie de<em>Efluentes<\/em> es una forma de ver un tema desde todos los \u00e1ngulos. Cada c\u00e1psula ser\u00e1 una oportunidad para descubrir c\u00f3mo un elemento espec\u00edfico encaja con nuestros sentimientos y nuestra evoluci\u00f3n en este viaje. A veces, si una Efluencia es demasiado dif\u00edcil de llevar, d\u00e9jala a un lado. Las otras <em>Efluentes<\/em> ayudar\u00e1 a preparar el terreno.<\/p>\n<p>&nbsp;<\/p>","protected":false},"excerpt":{"rendered":"<h2>Conjunto \"Paz interior<\/h2>\n<p>Una serie de 5 o 10 c\u00e1psulas que cubren todos los aspectos del tema<\/p>\n<p>&nbsp;<\/p>\n<p>&nbsp;<\/p>","protected":false},"featured_media":1241,"comment_status":"open","ping_status":"closed","template":"","meta":[],"product_cat":[18],"product_tag":[],"class_list":{"0":"post-41","1":"product","2":"type-product","3":"status-publish","4":"has-post-thumbnail","6":"product_cat-parcours","8":"first","9":"instock","10":"taxable","11":"shipping-taxable","12":"purchasable","13":"product-type-variable"},"yoast_head":"<!-- This site is optimized with the Yoast SEO Premium plugin v21.5 (Yoast SEO v23.7) - https:\/\/yoast.com\/wordpress\/plugins\/seo\/ -->\n<title>Paix int\u00e9rieure - Parcours th\u00e9matique - Effluences : \u00e9lixirs \u00e9motionnels<\/title>\n<meta name=\"description\" content=\"Coffret &#039;Paix int\u00e9rieure&#039;. Cheminer au travers d&#039;une s\u00e9rie d&#039;Effluences permet d&#039;aborder une probl\u00e9matique sous l&#039;ensemble de ses aspects. Chaque capsule sera l&#039;occasion de d\u00e9couvrir comment un \u00e9l\u00e9ment sp\u00e9cifique s&#039;accorde avec nos ressentis et notre \u00e9volution dans ce parcours. Parfois, si une Effluence est trop difficile \u00e0 porter, la laisser de c\u00f4t\u00e9. Les autres Effluences permettront de pr\u00e9parer le terrain.\" \/>\n<meta name=\"robots\" content=\"index, follow, max-snippet:-1, max-image-preview:large, max-video-preview:-1\" \/>\n<link rel=\"canonical\" href=\"https:\/\/effluences.com\/es\/boutique\/cajas\/paz-intereses-efectos\/\" \/>\n<meta property=\"og:locale\" content=\"es_ES\" \/>\n<meta property=\"og:type\" content=\"article\" \/>\n<meta property=\"og:title\" content=\"Paix int\u00e9rieure - Parcours th\u00e9matique\" \/>\n<meta property=\"og:description\" content=\"Coffret &#039;Paix int\u00e9rieure&#039;. Cheminer au travers d&#039;une s\u00e9rie d&#039;Effluences permet d&#039;aborder une probl\u00e9matique sous l&#039;ensemble de ses aspects. Chaque capsule sera l&#039;occasion de d\u00e9couvrir comment un \u00e9l\u00e9ment sp\u00e9cifique s&#039;accorde avec nos ressentis et notre \u00e9volution dans ce parcours. Parfois, si une Effluence est trop difficile \u00e0 porter, la laisser de c\u00f4t\u00e9. Les autres Effluences permettront de pr\u00e9parer le terrain.\" \/>\n<meta property=\"og:url\" content=\"https:\/\/effluences.com\/es\/boutique\/cajas\/paz-intereses-efectos\/\" \/>\n<meta property=\"og:site_name\" content=\"Effluences : \u00e9lixirs \u00e9motionnels\" \/>\n<meta property=\"article:modified_time\" content=\"2025-06-03T12:10:31+00:00\" \/>\n<meta property=\"og:image\" content=\"https:\/\/effluences.com\/wp-content\/uploads\/2023\/11\/Coffret_paix-interieure.jpg\" \/>\n\t<meta property=\"og:image:width\" content=\"599\" \/>\n\t<meta property=\"og:image:height\" content=\"400\" \/>\n\t<meta property=\"og:image:type\" content=\"image\/jpeg\" \/>\n<meta name=\"twitter:card\" content=\"summary_large_image\" \/>\n<meta name=\"twitter:label1\" content=\"Disponibilidad\" \/>\n\t<meta name=\"twitter:data1\" content=\"Disponible\" \/>\n<script type=\"application\/ld+json\" class=\"yoast-schema-graph\">{\"@context\":\"https:\/\/schema.org\",\"@graph\":[{\"@type\":\"WebPage\",\"@id\":\"https:\/\/effluences.com\/boutique\/parcours\/paix-interieure_parcours\/\",\"url\":\"https:\/\/effluences.com\/boutique\/parcours\/paix-interieure_parcours\/\",\"name\":\"Paix int\u00e9rieure - Parcours th\u00e9matique - Effluences : \u00e9lixirs \u00e9motionnels\",\"isPartOf\":{\"@id\":\"https:\/\/effluences.com\/#website\"},\"primaryImageOfPage\":{\"@id\":\"https:\/\/effluences.com\/boutique\/parcours\/paix-interieure_parcours\/#primaryimage\"},\"image\":{\"@id\":\"https:\/\/effluences.com\/boutique\/parcours\/paix-interieure_parcours\/#primaryimage\"},\"thumbnailUrl\":\"https:\/\/effluences.com\/wp-content\/uploads\/2023\/11\/Coffret_paix-interieure.jpg\",\"datePublished\":\"2023-11-15T22:13:13+00:00\",\"dateModified\":\"2025-06-03T12:10:31+00:00\",\"description\":\"Coffret 'Paix int\u00e9rieure'. Cheminer au travers d'une s\u00e9rie d'Effluences permet d'aborder une probl\u00e9matique sous l'ensemble de ses aspects. Chaque capsule sera l'occasion de d\u00e9couvrir comment un \u00e9l\u00e9ment sp\u00e9cifique s'accorde avec nos ressentis et notre \u00e9volution dans ce parcours. Parfois, si une Effluence est trop difficile \u00e0 porter, la laisser de c\u00f4t\u00e9. Les autres Effluences permettront de pr\u00e9parer le terrain.\",\"breadcrumb\":{\"@id\":\"https:\/\/effluences.com\/boutique\/parcours\/paix-interieure_parcours\/#breadcrumb\"},\"inLanguage\":\"es\",\"potentialAction\":[{\"@type\":\"ReadAction\",\"target\":[\"https:\/\/effluences.com\/boutique\/parcours\/paix-interieure_parcours\/\"]}]},{\"@type\":\"ImageObject\",\"inLanguage\":\"es\",\"@id\":\"https:\/\/effluences.com\/boutique\/parcours\/paix-interieure_parcours\/#primaryimage\",\"url\":\"https:\/\/effluences.com\/wp-content\/uploads\/2023\/11\/Coffret_paix-interieure.jpg\",\"contentUrl\":\"https:\/\/effluences.com\/wp-content\/uploads\/2023\/11\/Coffret_paix-interieure.jpg\",\"width\":599,\"height\":400},{\"@type\":\"BreadcrumbList\",\"@id\":\"https:\/\/effluences.com\/boutique\/parcours\/paix-interieure_parcours\/#breadcrumb\",\"itemListElement\":[{\"@type\":\"ListItem\",\"position\":1,\"name\":\"Accueil\",\"item\":\"https:\/\/effluences.com\/\"},{\"@type\":\"ListItem\",\"position\":2,\"name\":\"Boutique\",\"item\":\"https:\/\/effluences.com\/boutique\/\"},{\"@type\":\"ListItem\",\"position\":3,\"name\":\"Paix int\u00e9rieure &#8211; Parcours th\u00e9matique\"}]},{\"@type\":\"WebSite\",\"@id\":\"https:\/\/effluences.com\/#website\",\"url\":\"https:\/\/effluences.com\/\",\"name\":\"Les Effluences\",\"description\":\"Boostez vos \u00e9motions positives\",\"publisher\":{\"@id\":\"https:\/\/effluences.com\/#organization\"},\"alternateName\":\"Effluences\",\"potentialAction\":[{\"@type\":\"SearchAction\",\"target\":{\"@type\":\"EntryPoint\",\"urlTemplate\":\"https:\/\/effluences.com\/?s={search_term_string}\"},\"query-input\":{\"@type\":\"PropertyValueSpecification\",\"valueRequired\":true,\"valueName\":\"search_term_string\"}}],\"inLanguage\":\"es\"},{\"@type\":\"Organization\",\"@id\":\"https:\/\/effluences.com\/#organization\",\"name\":\"Lumen Care Laboratory\",\"url\":\"https:\/\/effluences.com\/\",\"logo\":{\"@type\":\"ImageObject\",\"inLanguage\":\"es\",\"@id\":\"https:\/\/effluences.com\/#\/schema\/logo\/image\/\",\"url\":\"https:\/\/effluences.com\/wp-content\/uploads\/2023\/12\/logo-LCL-vectoriel-Def.png\",\"contentUrl\":\"https:\/\/effluences.com\/wp-content\/uploads\/2023\/12\/logo-LCL-vectoriel-Def.png\",\"width\":3790,\"height\":714,\"caption\":\"Lumen Care Laboratory\"},\"image\":{\"@id\":\"https:\/\/effluences.com\/#\/schema\/logo\/image\/\"}}]}<\/script>\n<meta property=\"product:brand\" content=\"Effluences\" \/>\n<meta property=\"og:availability\" content=\"instock\" \/>\n<meta property=\"product:availability\" content=\"instock\" \/>\n<meta property=\"product:condition\" content=\"new\" \/>\n<!-- \/ Yoast SEO Premium plugin. -->","yoast_head_json":{"title":"Paix int\u00e9rieure - Parcours th\u00e9matique - Effluences : \u00e9lixirs \u00e9motionnels","description":"Coffret 'Paix int\u00e9rieure'. Cheminer au travers d'une s\u00e9rie d'Effluences permet d'aborder une probl\u00e9matique sous l'ensemble de ses aspects. Chaque capsule sera l'occasion de d\u00e9couvrir comment un \u00e9l\u00e9ment sp\u00e9cifique s'accorde avec nos ressentis et notre \u00e9volution dans ce parcours. Parfois, si une Effluence est trop difficile \u00e0 porter, la laisser de c\u00f4t\u00e9. Les autres Effluences permettront de pr\u00e9parer le terrain.","robots":{"index":"index","follow":"follow","max-snippet":"max-snippet:-1","max-image-preview":"max-image-preview:large","max-video-preview":"max-video-preview:-1"},"canonical":"https:\/\/effluences.com\/es\/boutique\/cajas\/paz-intereses-efectos\/","og_locale":"es_ES","og_type":"article","og_title":"Paix int\u00e9rieure - Parcours th\u00e9matique","og_description":"Coffret 'Paix int\u00e9rieure'. Cheminer au travers d'une s\u00e9rie d'Effluences permet d'aborder une probl\u00e9matique sous l'ensemble de ses aspects. Chaque capsule sera l'occasion de d\u00e9couvrir comment un \u00e9l\u00e9ment sp\u00e9cifique s'accorde avec nos ressentis et notre \u00e9volution dans ce parcours. Parfois, si une Effluence est trop difficile \u00e0 porter, la laisser de c\u00f4t\u00e9. Les autres Effluences permettront de pr\u00e9parer le terrain.","og_url":"https:\/\/effluences.com\/es\/boutique\/cajas\/paz-intereses-efectos\/","og_site_name":"Effluences : \u00e9lixirs \u00e9motionnels","article_modified_time":"2025-06-03T12:10:31+00:00","og_image":[{"width":599,"height":400,"url":"https:\/\/effluences.com\/wp-content\/uploads\/2023\/11\/Coffret_paix-interieure.jpg","type":"image\/jpeg"}],"twitter_card":"summary_large_image","twitter_misc":{"Disponibilidad":"Disponible"},"schema":{"@context":"https:\/\/schema.org","@graph":[{"@type":"WebPage","@id":"https:\/\/effluences.com\/boutique\/parcours\/paix-interieure_parcours\/","url":"https:\/\/effluences.com\/boutique\/parcours\/paix-interieure_parcours\/","name":"Paix int\u00e9rieure - Parcours th\u00e9matique - Effluences : \u00e9lixirs \u00e9motionnels","isPartOf":{"@id":"https:\/\/effluences.com\/#website"},"primaryImageOfPage":{"@id":"https:\/\/effluences.com\/boutique\/parcours\/paix-interieure_parcours\/#primaryimage"},"image":{"@id":"https:\/\/effluences.com\/boutique\/parcours\/paix-interieure_parcours\/#primaryimage"},"thumbnailUrl":"https:\/\/effluences.com\/wp-content\/uploads\/2023\/11\/Coffret_paix-interieure.jpg","datePublished":"2023-11-15T22:13:13+00:00","dateModified":"2025-06-03T12:10:31+00:00","description":"Coffret 'Paix int\u00e9rieure'. Cheminer au travers d'une s\u00e9rie d'Effluences permet d'aborder une probl\u00e9matique sous l'ensemble de ses aspects. Chaque capsule sera l'occasion de d\u00e9couvrir comment un \u00e9l\u00e9ment sp\u00e9cifique s'accorde avec nos ressentis et notre \u00e9volution dans ce parcours. Parfois, si une Effluence est trop difficile \u00e0 porter, la laisser de c\u00f4t\u00e9. Les autres Effluences permettront de pr\u00e9parer le terrain.","breadcrumb":{"@id":"https:\/\/effluences.com\/boutique\/parcours\/paix-interieure_parcours\/#breadcrumb"},"inLanguage":"es","potentialAction":[{"@type":"ReadAction","target":["https:\/\/effluences.com\/boutique\/parcours\/paix-interieure_parcours\/"]}]},{"@type":"ImageObject","inLanguage":"es","@id":"https:\/\/effluences.com\/boutique\/parcours\/paix-interieure_parcours\/#primaryimage","url":"https:\/\/effluences.com\/wp-content\/uploads\/2023\/11\/Coffret_paix-interieure.jpg","contentUrl":"https:\/\/effluences.com\/wp-content\/uploads\/2023\/11\/Coffret_paix-interieure.jpg","width":599,"height":400},{"@type":"BreadcrumbList","@id":"https:\/\/effluences.com\/boutique\/parcours\/paix-interieure_parcours\/#breadcrumb","itemListElement":[{"@type":"ListItem","position":1,"name":"Accueil","item":"https:\/\/effluences.com\/"},{"@type":"ListItem","position":2,"name":"Boutique","item":"https:\/\/effluences.com\/boutique\/"},{"@type":"ListItem","position":3,"name":"Paix int\u00e9rieure &#8211; Parcours th\u00e9matique"}]},{"@type":"WebSite","@id":"https:\/\/effluences.com\/#website","url":"https:\/\/effluences.com\/","name":"Les Effluences","description":"Boostez vos \u00e9motions positives","publisher":{"@id":"https:\/\/effluences.com\/#organization"},"alternateName":"Effluences","potentialAction":[{"@type":"SearchAction","target":{"@type":"EntryPoint","urlTemplate":"https:\/\/effluences.com\/?s={search_term_string}"},"query-input":{"@type":"PropertyValueSpecification","valueRequired":true,"valueName":"search_term_string"}}],"inLanguage":"es"},{"@type":"Organization","@id":"https:\/\/effluences.com\/#organization","name":"Lumen Care Laboratory","url":"https:\/\/effluences.com\/","logo":{"@type":"ImageObject","inLanguage":"es","@id":"https:\/\/effluences.com\/#\/schema\/logo\/image\/","url":"https:\/\/effluences.com\/wp-content\/uploads\/2023\/12\/logo-LCL-vectoriel-Def.png","contentUrl":"https:\/\/effluences.com\/wp-content\/uploads\/2023\/12\/logo-LCL-vectoriel-Def.png","width":3790,"height":714,"caption":"Lumen Care Laboratory"},"image":{"@id":"https:\/\/effluences.com\/#\/schema\/logo\/image\/"}}]},"product_brand":"Effluences","og_availability":"instock","product_availability":"instock","product_condition":"new"},"_links":{"self":[{"href":"https:\/\/effluences.com\/es\/wp-json\/wp\/v2\/product\/41","targetHints":{"allow":["GET"]}}],"collection":[{"href":"https:\/\/effluences.com\/es\/wp-json\/wp\/v2\/product"}],"about":[{"href":"https:\/\/effluences.com\/es\/wp-json\/wp\/v2\/types\/product"}],"replies":[{"embeddable":true,"href":"https:\/\/effluences.com\/es\/wp-json\/wp\/v2\/comments?post=41"}],"version-history":[{"count":7,"href":"https:\/\/effluences.com\/es\/wp-json\/wp\/v2\/product\/41\/revisions"}],"predecessor-version":[{"id":1756,"href":"https:\/\/effluences.com\/es\/wp-json\/wp\/v2\/product\/41\/revisions\/1756"}],"wp:featuredmedia":[{"embeddable":true,"href":"https:\/\/effluences.com\/es\/wp-json\/wp\/v2\/media\/1241"}],"wp:attachment":[{"href":"https:\/\/effluences.com\/es\/wp-json\/wp\/v2\/media?parent=41"}],"wp:term":[{"taxonomy":"product_cat","embeddable":true,"href":"https:\/\/effluences.com\/es\/wp-json\/wp\/v2\/product_cat?post=41"},{"taxonomy":"product_tag","embeddable":true,"href":"https:\/\/effluences.com\/es\/wp-json\/wp\/v2\/product_tag?post=41"}],"curies":[{"name":"wp","href":"https:\/\/api.w.org\/{rel}","templated":true}]}}