{"id":84,"date":"2023-11-15T23:13:38","date_gmt":"2023-11-15T22:13:38","guid":{"rendered":"https:\/\/effluences.lumen-care.com\/?post_type=product&#038;p=84"},"modified":"2025-06-03T14:10:52","modified_gmt":"2025-06-03T12:10:52","slug":"sexualite","status":"publish","type":"product","link":"https:\/\/effluences.com\/es\/boutique\/emociones-positivas-2\/sexualidad\/","title":{"rendered":"Sexualidad"},"content":{"rendered":"<h2>L'<em>Efluentes<\/em> &#039;<strong>Sexualidad<\/strong>&#039; del laboratorio Lumen Care<\/h2>\n<p>Es un colgante que te ayuda a dominar tus emociones y liberar todo tu potencial. El <em>Efluentes<\/em> provocan una profunda transformaci\u00f3n positiva al entrar en contacto con la piel<strong>. <\/strong>&nbsp;<\/p>\n<h2>Una innovaci\u00f3n tecnol\u00f3gica para cuidar tus emociones<\/h2>\n<p>En <em>Efluentes<\/em> son elixires vibratorios que mejoran positivamente el bienestar emocional. Fabricadas en Francia, estas c\u00e1psulas de cristal contienen agua codificada con luz infundida con las vibraciones puras de &#039;<strong>Sexualidad<\/strong>&#039;. A diluciones muy altas, estas vibraciones irradian a trav\u00e9s del cristal de la c\u00e1psula.<\/p>","protected":false},"excerpt":{"rendered":"<h3>Refuerzo positivo : <\/h3>\n<p>Me encanta el sexo. Conecto con el placer. Libero mi deseo sexual. Me siento a gusto con mi sexualidad. Me libero de las limitaciones sexuales y me permito vivir plenamente mi sexualidad.<\/p>","protected":false},"featured_media":1169,"comment_status":"open","ping_status":"closed","template":"","meta":[],"product_cat":[24],"product_tag":[],"class_list":{"0":"post-84","1":"product","2":"type-product","3":"status-publish","4":"has-post-thumbnail","6":"product_cat-emotions-positives","8":"first","9":"instock","10":"taxable","11":"shipping-taxable","12":"purchasable","13":"product-type-variable"},"yoast_head":"<!-- This site is optimized with the Yoast SEO Premium plugin v21.5 (Yoast SEO v23.7) - https:\/\/yoast.com\/wordpress\/plugins\/seo\/ -->\n<title>Sexualit\u00e9 - Effluences : \u00e9lixirs \u00e9motionnels<\/title>\n<meta name=\"robots\" content=\"index, follow, max-snippet:-1, max-image-preview:large, max-video-preview:-1\" \/>\n<link rel=\"canonical\" href=\"https:\/\/effluences.com\/es\/boutique\/emociones-positivas-2\/sexualidad\/\" \/>\n<meta property=\"og:locale\" content=\"es_ES\" \/>\n<meta property=\"og:type\" content=\"article\" \/>\n<meta property=\"og:title\" content=\"Sexualit\u00e9\" \/>\n<meta property=\"og:description\" content=\"Renforcement positif : J&#039;aime le sexe. Je me connecte \u00e0 la jouissance. Je lib\u00e8re mon d\u00e9sir sexuel. Je suis \u00e0 l&#039;aise avec ma sexualit\u00e9. Je me lib\u00e8re de toute contrainte sexuelle et m&#039;autorise \u00e0 vivre pleinement ma sexualit\u00e9.\" \/>\n<meta property=\"og:url\" content=\"https:\/\/effluences.com\/es\/boutique\/emociones-positivas-2\/sexualidad\/\" \/>\n<meta property=\"og:site_name\" content=\"Effluences : \u00e9lixirs \u00e9motionnels\" \/>\n<meta property=\"article:modified_time\" content=\"2025-06-03T12:10:52+00:00\" \/>\n<meta property=\"og:image\" content=\"https:\/\/effluences.com\/wp-content\/uploads\/2023\/11\/Sexualite.jpg\" \/>\n\t<meta property=\"og:image:width\" content=\"740\" \/>\n\t<meta property=\"og:image:height\" content=\"1110\" \/>\n\t<meta property=\"og:image:type\" content=\"image\/jpeg\" \/>\n<meta name=\"twitter:card\" content=\"summary_large_image\" \/>\n<meta name=\"twitter:label1\" content=\"Disponibilidad\" \/>\n\t<meta name=\"twitter:data1\" content=\"Disponible\" \/>\n<script type=\"application\/ld+json\" class=\"yoast-schema-graph\">{\"@context\":\"https:\/\/schema.org\",\"@graph\":[{\"@type\":\"WebPage\",\"@id\":\"https:\/\/effluences.com\/boutique\/emotions-positives\/sexualite\/\",\"url\":\"https:\/\/effluences.com\/boutique\/emotions-positives\/sexualite\/\",\"name\":\"Sexualit\u00e9 - Effluences : \u00e9lixirs \u00e9motionnels\",\"isPartOf\":{\"@id\":\"https:\/\/effluences.com\/#website\"},\"primaryImageOfPage\":{\"@id\":\"https:\/\/effluences.com\/boutique\/emotions-positives\/sexualite\/#primaryimage\"},\"image\":{\"@id\":\"https:\/\/effluences.com\/boutique\/emotions-positives\/sexualite\/#primaryimage\"},\"thumbnailUrl\":\"https:\/\/effluences.com\/wp-content\/uploads\/2023\/11\/Sexualite.jpg\",\"datePublished\":\"2023-11-15T22:13:38+00:00\",\"dateModified\":\"2025-06-03T12:10:52+00:00\",\"breadcrumb\":{\"@id\":\"https:\/\/effluences.com\/boutique\/emotions-positives\/sexualite\/#breadcrumb\"},\"inLanguage\":\"es\",\"potentialAction\":[{\"@type\":\"ReadAction\",\"target\":[\"https:\/\/effluences.com\/boutique\/emotions-positives\/sexualite\/\"]}]},{\"@type\":\"ImageObject\",\"inLanguage\":\"es\",\"@id\":\"https:\/\/effluences.com\/boutique\/emotions-positives\/sexualite\/#primaryimage\",\"url\":\"https:\/\/effluences.com\/wp-content\/uploads\/2023\/11\/Sexualite.jpg\",\"contentUrl\":\"https:\/\/effluences.com\/wp-content\/uploads\/2023\/11\/Sexualite.jpg\",\"width\":740,\"height\":1110},{\"@type\":\"BreadcrumbList\",\"@id\":\"https:\/\/effluences.com\/boutique\/emotions-positives\/sexualite\/#breadcrumb\",\"itemListElement\":[{\"@type\":\"ListItem\",\"position\":1,\"name\":\"Accueil\",\"item\":\"https:\/\/effluences.com\/\"},{\"@type\":\"ListItem\",\"position\":2,\"name\":\"Boutique\",\"item\":\"https:\/\/effluences.com\/boutique\/\"},{\"@type\":\"ListItem\",\"position\":3,\"name\":\"Sexualit\u00e9\"}]},{\"@type\":\"WebSite\",\"@id\":\"https:\/\/effluences.com\/#website\",\"url\":\"https:\/\/effluences.com\/\",\"name\":\"Les Effluences\",\"description\":\"Boostez vos \u00e9motions positives\",\"publisher\":{\"@id\":\"https:\/\/effluences.com\/#organization\"},\"alternateName\":\"Effluences\",\"potentialAction\":[{\"@type\":\"SearchAction\",\"target\":{\"@type\":\"EntryPoint\",\"urlTemplate\":\"https:\/\/effluences.com\/?s={search_term_string}\"},\"query-input\":{\"@type\":\"PropertyValueSpecification\",\"valueRequired\":true,\"valueName\":\"search_term_string\"}}],\"inLanguage\":\"es\"},{\"@type\":\"Organization\",\"@id\":\"https:\/\/effluences.com\/#organization\",\"name\":\"Lumen Care Laboratory\",\"url\":\"https:\/\/effluences.com\/\",\"logo\":{\"@type\":\"ImageObject\",\"inLanguage\":\"es\",\"@id\":\"https:\/\/effluences.com\/#\/schema\/logo\/image\/\",\"url\":\"https:\/\/effluences.com\/wp-content\/uploads\/2023\/12\/logo-LCL-vectoriel-Def.png\",\"contentUrl\":\"https:\/\/effluences.com\/wp-content\/uploads\/2023\/12\/logo-LCL-vectoriel-Def.png\",\"width\":3790,\"height\":714,\"caption\":\"Lumen Care Laboratory\"},\"image\":{\"@id\":\"https:\/\/effluences.com\/#\/schema\/logo\/image\/\"}}]}<\/script>\n<meta property=\"product:brand\" content=\"Effluences\" \/>\n<meta property=\"og:availability\" content=\"instock\" \/>\n<meta property=\"product:availability\" content=\"instock\" \/>\n<meta property=\"product:retailer_item_id\" content=\"E32\" \/>\n<meta property=\"product:condition\" content=\"new\" \/>\n<!-- \/ Yoast SEO Premium plugin. -->","yoast_head_json":{"title":"Sexualit\u00e9 - Effluences : \u00e9lixirs \u00e9motionnels","robots":{"index":"index","follow":"follow","max-snippet":"max-snippet:-1","max-image-preview":"max-image-preview:large","max-video-preview":"max-video-preview:-1"},"canonical":"https:\/\/effluences.com\/es\/boutique\/emociones-positivas-2\/sexualidad\/","og_locale":"es_ES","og_type":"article","og_title":"Sexualit\u00e9","og_description":"Renforcement positif : J'aime le sexe. Je me connecte \u00e0 la jouissance. Je lib\u00e8re mon d\u00e9sir sexuel. Je suis \u00e0 l'aise avec ma sexualit\u00e9. Je me lib\u00e8re de toute contrainte sexuelle et m'autorise \u00e0 vivre pleinement ma sexualit\u00e9.","og_url":"https:\/\/effluences.com\/es\/boutique\/emociones-positivas-2\/sexualidad\/","og_site_name":"Effluences : \u00e9lixirs \u00e9motionnels","article_modified_time":"2025-06-03T12:10:52+00:00","og_image":[{"width":740,"height":1110,"url":"https:\/\/effluences.com\/wp-content\/uploads\/2023\/11\/Sexualite.jpg","type":"image\/jpeg"}],"twitter_card":"summary_large_image","twitter_misc":{"Disponibilidad":"Disponible"},"schema":{"@context":"https:\/\/schema.org","@graph":[{"@type":"WebPage","@id":"https:\/\/effluences.com\/boutique\/emotions-positives\/sexualite\/","url":"https:\/\/effluences.com\/boutique\/emotions-positives\/sexualite\/","name":"Sexualit\u00e9 - Effluences : \u00e9lixirs \u00e9motionnels","isPartOf":{"@id":"https:\/\/effluences.com\/#website"},"primaryImageOfPage":{"@id":"https:\/\/effluences.com\/boutique\/emotions-positives\/sexualite\/#primaryimage"},"image":{"@id":"https:\/\/effluences.com\/boutique\/emotions-positives\/sexualite\/#primaryimage"},"thumbnailUrl":"https:\/\/effluences.com\/wp-content\/uploads\/2023\/11\/Sexualite.jpg","datePublished":"2023-11-15T22:13:38+00:00","dateModified":"2025-06-03T12:10:52+00:00","breadcrumb":{"@id":"https:\/\/effluences.com\/boutique\/emotions-positives\/sexualite\/#breadcrumb"},"inLanguage":"es","potentialAction":[{"@type":"ReadAction","target":["https:\/\/effluences.com\/boutique\/emotions-positives\/sexualite\/"]}]},{"@type":"ImageObject","inLanguage":"es","@id":"https:\/\/effluences.com\/boutique\/emotions-positives\/sexualite\/#primaryimage","url":"https:\/\/effluences.com\/wp-content\/uploads\/2023\/11\/Sexualite.jpg","contentUrl":"https:\/\/effluences.com\/wp-content\/uploads\/2023\/11\/Sexualite.jpg","width":740,"height":1110},{"@type":"BreadcrumbList","@id":"https:\/\/effluences.com\/boutique\/emotions-positives\/sexualite\/#breadcrumb","itemListElement":[{"@type":"ListItem","position":1,"name":"Accueil","item":"https:\/\/effluences.com\/"},{"@type":"ListItem","position":2,"name":"Boutique","item":"https:\/\/effluences.com\/boutique\/"},{"@type":"ListItem","position":3,"name":"Sexualit\u00e9"}]},{"@type":"WebSite","@id":"https:\/\/effluences.com\/#website","url":"https:\/\/effluences.com\/","name":"Les Effluences","description":"Boostez vos \u00e9motions positives","publisher":{"@id":"https:\/\/effluences.com\/#organization"},"alternateName":"Effluences","potentialAction":[{"@type":"SearchAction","target":{"@type":"EntryPoint","urlTemplate":"https:\/\/effluences.com\/?s={search_term_string}"},"query-input":{"@type":"PropertyValueSpecification","valueRequired":true,"valueName":"search_term_string"}}],"inLanguage":"es"},{"@type":"Organization","@id":"https:\/\/effluences.com\/#organization","name":"Lumen Care Laboratory","url":"https:\/\/effluences.com\/","logo":{"@type":"ImageObject","inLanguage":"es","@id":"https:\/\/effluences.com\/#\/schema\/logo\/image\/","url":"https:\/\/effluences.com\/wp-content\/uploads\/2023\/12\/logo-LCL-vectoriel-Def.png","contentUrl":"https:\/\/effluences.com\/wp-content\/uploads\/2023\/12\/logo-LCL-vectoriel-Def.png","width":3790,"height":714,"caption":"Lumen Care Laboratory"},"image":{"@id":"https:\/\/effluences.com\/#\/schema\/logo\/image\/"}}]},"product_brand":"Effluences","og_availability":"instock","product_availability":"instock","product_retailer_item_id":"E32","product_condition":"new"},"_links":{"self":[{"href":"https:\/\/effluences.com\/es\/wp-json\/wp\/v2\/product\/84","targetHints":{"allow":["GET"]}}],"collection":[{"href":"https:\/\/effluences.com\/es\/wp-json\/wp\/v2\/product"}],"about":[{"href":"https:\/\/effluences.com\/es\/wp-json\/wp\/v2\/types\/product"}],"replies":[{"embeddable":true,"href":"https:\/\/effluences.com\/es\/wp-json\/wp\/v2\/comments?post=84"}],"version-history":[{"count":2,"href":"https:\/\/effluences.com\/es\/wp-json\/wp\/v2\/product\/84\/revisions"}],"predecessor-version":[{"id":1467,"href":"https:\/\/effluences.com\/es\/wp-json\/wp\/v2\/product\/84\/revisions\/1467"}],"wp:featuredmedia":[{"embeddable":true,"href":"https:\/\/effluences.com\/es\/wp-json\/wp\/v2\/media\/1169"}],"wp:attachment":[{"href":"https:\/\/effluences.com\/es\/wp-json\/wp\/v2\/media?parent=84"}],"wp:term":[{"taxonomy":"product_cat","embeddable":true,"href":"https:\/\/effluences.com\/es\/wp-json\/wp\/v2\/product_cat?post=84"},{"taxonomy":"product_tag","embeddable":true,"href":"https:\/\/effluences.com\/es\/wp-json\/wp\/v2\/product_tag?post=84"}],"curies":[{"name":"wp","href":"https:\/\/api.w.org\/{rel}","templated":true}]}}