{"id":88,"date":"2023-11-15T23:13:38","date_gmt":"2023-11-15T22:13:38","guid":{"rendered":"https:\/\/effluences.lumen-care.com\/?post_type=product&#038;p=88"},"modified":"2025-06-03T14:10:58","modified_gmt":"2025-06-03T12:10:58","slug":"se-liberer-des-allegeances","status":"publish","type":"product","link":"https:\/\/effluences.com\/es\/boutique\/emociones-positivas-2\/se-liberer-des-allegeances\/","title":{"rendered":"Liberarse de las lealtades"},"content":{"rendered":"<h2>L'<em>Efluentes<\/em> &#039;<strong>Liberarse de las lealtades<\/strong>&#039; del laboratorio Lumen Care<\/h2>\n<p>Es un colgante que te ayuda a dominar tus emociones y liberar todo tu potencial. El <em>Efluentes<\/em> provocan una profunda transformaci\u00f3n positiva al entrar en contacto con la piel<strong>. <\/strong>&nbsp;<\/p>\n<h2>Una innovaci\u00f3n tecnol\u00f3gica para cuidar tus emociones<\/h2>\n<p>En <em>Efluentes<\/em> son elixires vibratorios que mejoran positivamente el bienestar emocional. Fabricadas en Francia, estas c\u00e1psulas de cristal contienen agua codificada con luz infundida con las vibraciones puras de &#039;<strong>Liberarse de las lealtades<\/strong>&#039;. A diluciones muy altas, estas vibraciones irradian a trav\u00e9s del cristal de la c\u00e1psula.<\/p>","protected":false},"excerpt":{"rendered":"<h3>Refuerzo positivo : <\/h3>\n<p>Me libero de mi necesidad de reconocimiento. Me libero de cualquier lealtad a mi comunidad, mi familia, mi religi\u00f3n, mi tradici\u00f3n, mis antepasados. Me doy el derecho de romper con mi linaje. Me libero del pasado.<\/p>","protected":false},"featured_media":1185,"comment_status":"open","ping_status":"closed","template":"","meta":[],"product_cat":[24],"product_tag":[],"class_list":{"0":"post-88","1":"product","2":"type-product","3":"status-publish","4":"has-post-thumbnail","6":"product_cat-emotions-positives","8":"first","9":"instock","10":"taxable","11":"shipping-taxable","12":"purchasable","13":"product-type-variable"},"yoast_head":"<!-- This site is optimized with the Yoast SEO Premium plugin v21.5 (Yoast SEO v23.7) - https:\/\/yoast.com\/wordpress\/plugins\/seo\/ -->\n<title>Se lib\u00e9rer des all\u00e9geances - Effluences : \u00e9lixirs \u00e9motionnels<\/title>\n<meta name=\"robots\" content=\"index, follow, max-snippet:-1, max-image-preview:large, max-video-preview:-1\" \/>\n<link rel=\"canonical\" href=\"https:\/\/effluences.com\/es\/boutique\/emociones-positivas-2\/se-liberer-des-allegeances\/\" \/>\n<meta property=\"og:locale\" content=\"es_ES\" \/>\n<meta property=\"og:type\" content=\"article\" \/>\n<meta property=\"og:title\" content=\"Se lib\u00e9rer des all\u00e9geances\" \/>\n<meta property=\"og:description\" content=\"Renforcement positif : Je me lib\u00e8re de mon besoin de reconnaissance. Je me lib\u00e8re de toute all\u00e9geance envers ma communaut\u00e9, ma famille, ma religion, ma tradition, mes anc\u00eatres. Je m&#039;accorde le droit de rompre avec ma lign\u00e9e. Je me lib\u00e8re du pass\u00e9.\" \/>\n<meta property=\"og:url\" content=\"https:\/\/effluences.com\/es\/boutique\/emociones-positivas-2\/se-liberer-des-allegeances\/\" \/>\n<meta property=\"og:site_name\" content=\"Effluences : \u00e9lixirs \u00e9motionnels\" \/>\n<meta property=\"article:modified_time\" content=\"2025-06-03T12:10:58+00:00\" \/>\n<meta property=\"og:image\" content=\"https:\/\/effluences.com\/wp-content\/uploads\/2023\/11\/Allegeances.jpg\" \/>\n\t<meta property=\"og:image:width\" content=\"740\" \/>\n\t<meta property=\"og:image:height\" content=\"1110\" \/>\n\t<meta property=\"og:image:type\" content=\"image\/jpeg\" \/>\n<meta name=\"twitter:card\" content=\"summary_large_image\" \/>\n<meta name=\"twitter:label1\" content=\"Disponibilidad\" \/>\n\t<meta name=\"twitter:data1\" content=\"Disponible\" \/>\n<script type=\"application\/ld+json\" class=\"yoast-schema-graph\">{\"@context\":\"https:\/\/schema.org\",\"@graph\":[{\"@type\":\"WebPage\",\"@id\":\"https:\/\/effluences.com\/boutique\/emotions-positives\/se-liberer-des-allegeances\/\",\"url\":\"https:\/\/effluences.com\/boutique\/emotions-positives\/se-liberer-des-allegeances\/\",\"name\":\"Se lib\u00e9rer des all\u00e9geances - Effluences : \u00e9lixirs \u00e9motionnels\",\"isPartOf\":{\"@id\":\"https:\/\/effluences.com\/#website\"},\"primaryImageOfPage\":{\"@id\":\"https:\/\/effluences.com\/boutique\/emotions-positives\/se-liberer-des-allegeances\/#primaryimage\"},\"image\":{\"@id\":\"https:\/\/effluences.com\/boutique\/emotions-positives\/se-liberer-des-allegeances\/#primaryimage\"},\"thumbnailUrl\":\"https:\/\/effluences.com\/wp-content\/uploads\/2023\/11\/Allegeances.jpg\",\"datePublished\":\"2023-11-15T22:13:38+00:00\",\"dateModified\":\"2025-06-03T12:10:58+00:00\",\"breadcrumb\":{\"@id\":\"https:\/\/effluences.com\/boutique\/emotions-positives\/se-liberer-des-allegeances\/#breadcrumb\"},\"inLanguage\":\"es\",\"potentialAction\":[{\"@type\":\"ReadAction\",\"target\":[\"https:\/\/effluences.com\/boutique\/emotions-positives\/se-liberer-des-allegeances\/\"]}]},{\"@type\":\"ImageObject\",\"inLanguage\":\"es\",\"@id\":\"https:\/\/effluences.com\/boutique\/emotions-positives\/se-liberer-des-allegeances\/#primaryimage\",\"url\":\"https:\/\/effluences.com\/wp-content\/uploads\/2023\/11\/Allegeances.jpg\",\"contentUrl\":\"https:\/\/effluences.com\/wp-content\/uploads\/2023\/11\/Allegeances.jpg\",\"width\":740,\"height\":1110},{\"@type\":\"BreadcrumbList\",\"@id\":\"https:\/\/effluences.com\/boutique\/emotions-positives\/se-liberer-des-allegeances\/#breadcrumb\",\"itemListElement\":[{\"@type\":\"ListItem\",\"position\":1,\"name\":\"Accueil\",\"item\":\"https:\/\/effluences.com\/\"},{\"@type\":\"ListItem\",\"position\":2,\"name\":\"Boutique\",\"item\":\"https:\/\/effluences.com\/boutique\/\"},{\"@type\":\"ListItem\",\"position\":3,\"name\":\"Se lib\u00e9rer des all\u00e9geances\"}]},{\"@type\":\"WebSite\",\"@id\":\"https:\/\/effluences.com\/#website\",\"url\":\"https:\/\/effluences.com\/\",\"name\":\"Les Effluences\",\"description\":\"Boostez vos \u00e9motions positives\",\"publisher\":{\"@id\":\"https:\/\/effluences.com\/#organization\"},\"alternateName\":\"Effluences\",\"potentialAction\":[{\"@type\":\"SearchAction\",\"target\":{\"@type\":\"EntryPoint\",\"urlTemplate\":\"https:\/\/effluences.com\/?s={search_term_string}\"},\"query-input\":{\"@type\":\"PropertyValueSpecification\",\"valueRequired\":true,\"valueName\":\"search_term_string\"}}],\"inLanguage\":\"es\"},{\"@type\":\"Organization\",\"@id\":\"https:\/\/effluences.com\/#organization\",\"name\":\"Lumen Care Laboratory\",\"url\":\"https:\/\/effluences.com\/\",\"logo\":{\"@type\":\"ImageObject\",\"inLanguage\":\"es\",\"@id\":\"https:\/\/effluences.com\/#\/schema\/logo\/image\/\",\"url\":\"https:\/\/effluences.com\/wp-content\/uploads\/2023\/12\/logo-LCL-vectoriel-Def.png\",\"contentUrl\":\"https:\/\/effluences.com\/wp-content\/uploads\/2023\/12\/logo-LCL-vectoriel-Def.png\",\"width\":3790,\"height\":714,\"caption\":\"Lumen Care Laboratory\"},\"image\":{\"@id\":\"https:\/\/effluences.com\/#\/schema\/logo\/image\/\"}}]}<\/script>\n<meta property=\"product:brand\" content=\"Effluences\" \/>\n<meta property=\"og:availability\" content=\"instock\" \/>\n<meta property=\"product:availability\" content=\"instock\" \/>\n<meta property=\"product:retailer_item_id\" content=\"E25\" \/>\n<meta property=\"product:condition\" content=\"new\" \/>\n<!-- \/ Yoast SEO Premium plugin. -->","yoast_head_json":{"title":"Se lib\u00e9rer des all\u00e9geances - Effluences : \u00e9lixirs \u00e9motionnels","robots":{"index":"index","follow":"follow","max-snippet":"max-snippet:-1","max-image-preview":"max-image-preview:large","max-video-preview":"max-video-preview:-1"},"canonical":"https:\/\/effluences.com\/es\/boutique\/emociones-positivas-2\/se-liberer-des-allegeances\/","og_locale":"es_ES","og_type":"article","og_title":"Se lib\u00e9rer des all\u00e9geances","og_description":"Renforcement positif : Je me lib\u00e8re de mon besoin de reconnaissance. Je me lib\u00e8re de toute all\u00e9geance envers ma communaut\u00e9, ma famille, ma religion, ma tradition, mes anc\u00eatres. Je m'accorde le droit de rompre avec ma lign\u00e9e. Je me lib\u00e8re du pass\u00e9.","og_url":"https:\/\/effluences.com\/es\/boutique\/emociones-positivas-2\/se-liberer-des-allegeances\/","og_site_name":"Effluences : \u00e9lixirs \u00e9motionnels","article_modified_time":"2025-06-03T12:10:58+00:00","og_image":[{"width":740,"height":1110,"url":"https:\/\/effluences.com\/wp-content\/uploads\/2023\/11\/Allegeances.jpg","type":"image\/jpeg"}],"twitter_card":"summary_large_image","twitter_misc":{"Disponibilidad":"Disponible"},"schema":{"@context":"https:\/\/schema.org","@graph":[{"@type":"WebPage","@id":"https:\/\/effluences.com\/boutique\/emotions-positives\/se-liberer-des-allegeances\/","url":"https:\/\/effluences.com\/boutique\/emotions-positives\/se-liberer-des-allegeances\/","name":"Se lib\u00e9rer des all\u00e9geances - Effluences : \u00e9lixirs \u00e9motionnels","isPartOf":{"@id":"https:\/\/effluences.com\/#website"},"primaryImageOfPage":{"@id":"https:\/\/effluences.com\/boutique\/emotions-positives\/se-liberer-des-allegeances\/#primaryimage"},"image":{"@id":"https:\/\/effluences.com\/boutique\/emotions-positives\/se-liberer-des-allegeances\/#primaryimage"},"thumbnailUrl":"https:\/\/effluences.com\/wp-content\/uploads\/2023\/11\/Allegeances.jpg","datePublished":"2023-11-15T22:13:38+00:00","dateModified":"2025-06-03T12:10:58+00:00","breadcrumb":{"@id":"https:\/\/effluences.com\/boutique\/emotions-positives\/se-liberer-des-allegeances\/#breadcrumb"},"inLanguage":"es","potentialAction":[{"@type":"ReadAction","target":["https:\/\/effluences.com\/boutique\/emotions-positives\/se-liberer-des-allegeances\/"]}]},{"@type":"ImageObject","inLanguage":"es","@id":"https:\/\/effluences.com\/boutique\/emotions-positives\/se-liberer-des-allegeances\/#primaryimage","url":"https:\/\/effluences.com\/wp-content\/uploads\/2023\/11\/Allegeances.jpg","contentUrl":"https:\/\/effluences.com\/wp-content\/uploads\/2023\/11\/Allegeances.jpg","width":740,"height":1110},{"@type":"BreadcrumbList","@id":"https:\/\/effluences.com\/boutique\/emotions-positives\/se-liberer-des-allegeances\/#breadcrumb","itemListElement":[{"@type":"ListItem","position":1,"name":"Accueil","item":"https:\/\/effluences.com\/"},{"@type":"ListItem","position":2,"name":"Boutique","item":"https:\/\/effluences.com\/boutique\/"},{"@type":"ListItem","position":3,"name":"Se lib\u00e9rer des all\u00e9geances"}]},{"@type":"WebSite","@id":"https:\/\/effluences.com\/#website","url":"https:\/\/effluences.com\/","name":"Les Effluences","description":"Boostez vos \u00e9motions positives","publisher":{"@id":"https:\/\/effluences.com\/#organization"},"alternateName":"Effluences","potentialAction":[{"@type":"SearchAction","target":{"@type":"EntryPoint","urlTemplate":"https:\/\/effluences.com\/?s={search_term_string}"},"query-input":{"@type":"PropertyValueSpecification","valueRequired":true,"valueName":"search_term_string"}}],"inLanguage":"es"},{"@type":"Organization","@id":"https:\/\/effluences.com\/#organization","name":"Lumen Care Laboratory","url":"https:\/\/effluences.com\/","logo":{"@type":"ImageObject","inLanguage":"es","@id":"https:\/\/effluences.com\/#\/schema\/logo\/image\/","url":"https:\/\/effluences.com\/wp-content\/uploads\/2023\/12\/logo-LCL-vectoriel-Def.png","contentUrl":"https:\/\/effluences.com\/wp-content\/uploads\/2023\/12\/logo-LCL-vectoriel-Def.png","width":3790,"height":714,"caption":"Lumen Care Laboratory"},"image":{"@id":"https:\/\/effluences.com\/#\/schema\/logo\/image\/"}}]},"product_brand":"Effluences","og_availability":"instock","product_availability":"instock","product_retailer_item_id":"E25","product_condition":"new"},"_links":{"self":[{"href":"https:\/\/effluences.com\/es\/wp-json\/wp\/v2\/product\/88","targetHints":{"allow":["GET"]}}],"collection":[{"href":"https:\/\/effluences.com\/es\/wp-json\/wp\/v2\/product"}],"about":[{"href":"https:\/\/effluences.com\/es\/wp-json\/wp\/v2\/types\/product"}],"replies":[{"embeddable":true,"href":"https:\/\/effluences.com\/es\/wp-json\/wp\/v2\/comments?post=88"}],"version-history":[{"count":2,"href":"https:\/\/effluences.com\/es\/wp-json\/wp\/v2\/product\/88\/revisions"}],"predecessor-version":[{"id":1471,"href":"https:\/\/effluences.com\/es\/wp-json\/wp\/v2\/product\/88\/revisions\/1471"}],"wp:featuredmedia":[{"embeddable":true,"href":"https:\/\/effluences.com\/es\/wp-json\/wp\/v2\/media\/1185"}],"wp:attachment":[{"href":"https:\/\/effluences.com\/es\/wp-json\/wp\/v2\/media?parent=88"}],"wp:term":[{"taxonomy":"product_cat","embeddable":true,"href":"https:\/\/effluences.com\/es\/wp-json\/wp\/v2\/product_cat?post=88"},{"taxonomy":"product_tag","embeddable":true,"href":"https:\/\/effluences.com\/es\/wp-json\/wp\/v2\/product_tag?post=88"}],"curies":[{"name":"wp","href":"https:\/\/api.w.org\/{rel}","templated":true}]}}