{"id":1544,"date":"2023-12-02T13:42:27","date_gmt":"2023-12-02T12:42:27","guid":{"rendered":"https:\/\/effluences.com\/?post_type=product&#038;p=1544"},"modified":"2025-06-03T14:12:39","modified_gmt":"2025-06-03T12:12:39","slug":"asmaa-allah-al-housna","status":"publish","type":"product","link":"https:\/\/effluences.com\/it\/boutique\/preghiere-mantra-mandala\/accettazione-di-se\/","title":{"rendered":"Asmaa Allah Al Housna"},"content":{"rendered":"<p><em><img fetchpriority=\"high\" decoding=\"async\" class=\"size-medium wp-image-1552 alignright\" src=\"https:\/\/effluences.com\/wp-content\/uploads\/2023\/12\/Asmaa-Allah-171x300.png\" alt=\"\" width=\"171\" height=\"300\" srcset=\"https:\/\/effluences.com\/wp-content\/uploads\/2023\/12\/Asmaa-Allah-171x300.png 171w, https:\/\/effluences.com\/wp-content\/uploads\/2023\/12\/Asmaa-Allah-600x1053.png 600w, https:\/\/effluences.com\/wp-content\/uploads\/2023\/12\/Asmaa-Allah-583x1024.png 583w, https:\/\/effluences.com\/wp-content\/uploads\/2023\/12\/Asmaa-Allah-768x1348.png 768w, https:\/\/effluences.com\/wp-content\/uploads\/2023\/12\/Asmaa-Allah-875x1536.png 875w, https:\/\/effluences.com\/wp-content\/uploads\/2023\/12\/Asmaa-Allah-1167x2048.png 1167w, https:\/\/effluences.com\/wp-content\/uploads\/2023\/12\/Asmaa-Allah-7x12.png 7w, https:\/\/effluences.com\/wp-content\/uploads\/2023\/12\/Asmaa-Allah-46x80.png 46w\" sizes=\"(max-width: 171px) 100vw, 171px\" \/>Tradizione islamica\u00a0<\/em><\/p>\n<p>99 bei nomi di divinit\u00e0 (o virt\u00f9) : Il Misericordiosissimo, Il Sovrano, Il Puro, Il Pacificatore, Il Preservatore, L'Onnipotente, L'Imponente, Il Supremo, Il Maestoso, Il Creatore, Il Produttore, Il Plasmatore, L'Infinito Perdonatore, Il Tutto, Il Dominatore, Il Generosissimo, Il Grande Provveditore, Il Grande Giudice, L'Onnisciente....<\/p>\n<p>&nbsp;<\/p>","protected":false},"excerpt":{"rendered":"<p><em>Tradizione islamica<\/em> :<br \/>\n99 Jolis noms de Dieux : Le Tr\u00e8s-Mis\u00e9ricordieux, Le Souverain, Le Pur, La Paix, La Sauvegarde, Le Pr\u00e9servateur, Le Tout Puissant, L\u2019Imposant, Le Supr\u00eame, Le Majestueux, Le Cr\u00e9ateur, Le Producteur, Celui qui fa\u00e7onne, L\u2019Infini Pardonneur, Le Tout, Dominateur, Le Tr\u00e8s G\u00e9n\u00e9reux, Le Grand Pourvoyeur, Le Grand Juge, L\u2019Omniscient&#8230;.<\/p>\n<p>&nbsp;<\/p>","protected":false},"featured_media":1189,"comment_status":"open","ping_status":"closed","template":"","meta":[],"product_cat":[28],"product_tag":[],"class_list":{"0":"post-1544","1":"product","2":"type-product","3":"status-publish","4":"has-post-thumbnail","6":"product_cat-prieres-mantras-mandalas","8":"first","9":"instock","10":"taxable","11":"shipping-taxable","12":"purchasable","13":"product-type-variable"},"yoast_head":"<!-- This site is optimized with the Yoast SEO Premium plugin v21.5 (Yoast SEO v23.7) - https:\/\/yoast.com\/wordpress\/plugins\/seo\/ -->\n<title>Asmaa Allah Al Housna - Effluences : \u00e9lixirs \u00e9motionnels<\/title>\n<meta name=\"description\" content=\"G\u00e9om\u00e9trie sacr\u00e9e\" \/>\n<meta name=\"robots\" content=\"index, follow, max-snippet:-1, max-image-preview:large, max-video-preview:-1\" \/>\n<link rel=\"canonical\" href=\"https:\/\/effluences.com\/it\/boutique\/preghiere-mantra-mandala\/accettazione-di-se\/\" \/>\n<meta property=\"og:locale\" content=\"it_IT\" \/>\n<meta property=\"og:type\" content=\"article\" \/>\n<meta property=\"og:title\" content=\"Asmaa Allah Al Housna\" \/>\n<meta property=\"og:description\" content=\"G\u00e9om\u00e9trie sacr\u00e9e\" \/>\n<meta property=\"og:url\" content=\"https:\/\/effluences.com\/it\/boutique\/preghiere-mantra-mandala\/accettazione-di-se\/\" \/>\n<meta property=\"og:site_name\" content=\"Effluences : \u00e9lixirs \u00e9motionnels\" \/>\n<meta property=\"article:modified_time\" content=\"2025-06-03T12:12:39+00:00\" \/>\n<meta property=\"og:image\" content=\"https:\/\/effluences.com\/wp-content\/uploads\/2023\/11\/Asmaa-Allah.jpg\" \/>\n\t<meta property=\"og:image:width\" content=\"740\" \/>\n\t<meta property=\"og:image:height\" content=\"1110\" \/>\n\t<meta property=\"og:image:type\" content=\"image\/jpeg\" \/>\n<meta name=\"twitter:card\" content=\"summary_large_image\" \/>\n<meta name=\"twitter:label1\" content=\"Disponibilit\u00e0\" \/>\n\t<meta name=\"twitter:data1\" content=\"In stock\" \/>\n<script type=\"application\/ld+json\" class=\"yoast-schema-graph\">{\"@context\":\"https:\/\/schema.org\",\"@graph\":[{\"@type\":\"WebPage\",\"@id\":\"https:\/\/effluences.com\/boutique\/prieres-mantras-mandalas\/asmaa-allah-al-housna\/\",\"url\":\"https:\/\/effluences.com\/boutique\/prieres-mantras-mandalas\/asmaa-allah-al-housna\/\",\"name\":\"Asmaa Allah Al Housna - Effluences : \u00e9lixirs \u00e9motionnels\",\"isPartOf\":{\"@id\":\"https:\/\/effluences.com\/#website\"},\"primaryImageOfPage\":{\"@id\":\"https:\/\/effluences.com\/boutique\/prieres-mantras-mandalas\/asmaa-allah-al-housna\/#primaryimage\"},\"image\":{\"@id\":\"https:\/\/effluences.com\/boutique\/prieres-mantras-mandalas\/asmaa-allah-al-housna\/#primaryimage\"},\"thumbnailUrl\":\"https:\/\/effluences.com\/wp-content\/uploads\/2023\/11\/Asmaa-Allah.jpg\",\"datePublished\":\"2023-12-02T12:42:27+00:00\",\"dateModified\":\"2025-06-03T12:12:39+00:00\",\"description\":\"G\u00e9om\u00e9trie sacr\u00e9e\",\"breadcrumb\":{\"@id\":\"https:\/\/effluences.com\/boutique\/prieres-mantras-mandalas\/asmaa-allah-al-housna\/#breadcrumb\"},\"inLanguage\":\"it-IT\",\"potentialAction\":[{\"@type\":\"ReadAction\",\"target\":[\"https:\/\/effluences.com\/boutique\/prieres-mantras-mandalas\/asmaa-allah-al-housna\/\"]}]},{\"@type\":\"ImageObject\",\"inLanguage\":\"it-IT\",\"@id\":\"https:\/\/effluences.com\/boutique\/prieres-mantras-mandalas\/asmaa-allah-al-housna\/#primaryimage\",\"url\":\"https:\/\/effluences.com\/wp-content\/uploads\/2023\/11\/Asmaa-Allah.jpg\",\"contentUrl\":\"https:\/\/effluences.com\/wp-content\/uploads\/2023\/11\/Asmaa-Allah.jpg\",\"width\":740,\"height\":1110},{\"@type\":\"BreadcrumbList\",\"@id\":\"https:\/\/effluences.com\/boutique\/prieres-mantras-mandalas\/asmaa-allah-al-housna\/#breadcrumb\",\"itemListElement\":[{\"@type\":\"ListItem\",\"position\":1,\"name\":\"Accueil\",\"item\":\"https:\/\/effluences.com\/\"},{\"@type\":\"ListItem\",\"position\":2,\"name\":\"Boutique\",\"item\":\"https:\/\/effluences.com\/boutique\/\"},{\"@type\":\"ListItem\",\"position\":3,\"name\":\"Asmaa Allah Al Housna\"}]},{\"@type\":\"WebSite\",\"@id\":\"https:\/\/effluences.com\/#website\",\"url\":\"https:\/\/effluences.com\/\",\"name\":\"Les Effluences\",\"description\":\"Boostez vos \u00e9motions positives\",\"publisher\":{\"@id\":\"https:\/\/effluences.com\/#organization\"},\"alternateName\":\"Effluences\",\"potentialAction\":[{\"@type\":\"SearchAction\",\"target\":{\"@type\":\"EntryPoint\",\"urlTemplate\":\"https:\/\/effluences.com\/?s={search_term_string}\"},\"query-input\":{\"@type\":\"PropertyValueSpecification\",\"valueRequired\":true,\"valueName\":\"search_term_string\"}}],\"inLanguage\":\"it-IT\"},{\"@type\":\"Organization\",\"@id\":\"https:\/\/effluences.com\/#organization\",\"name\":\"Lumen Care Laboratory\",\"url\":\"https:\/\/effluences.com\/\",\"logo\":{\"@type\":\"ImageObject\",\"inLanguage\":\"it-IT\",\"@id\":\"https:\/\/effluences.com\/#\/schema\/logo\/image\/\",\"url\":\"https:\/\/effluences.com\/wp-content\/uploads\/2023\/12\/logo-LCL-vectoriel-Def.png\",\"contentUrl\":\"https:\/\/effluences.com\/wp-content\/uploads\/2023\/12\/logo-LCL-vectoriel-Def.png\",\"width\":3790,\"height\":714,\"caption\":\"Lumen Care Laboratory\"},\"image\":{\"@id\":\"https:\/\/effluences.com\/#\/schema\/logo\/image\/\"}}]}<\/script>\n<meta property=\"product:brand\" content=\"Effluences\" \/>\n<meta property=\"og:availability\" content=\"instock\" \/>\n<meta property=\"product:availability\" content=\"instock\" \/>\n<meta property=\"product:retailer_item_id\" content=\"PM11\" \/>\n<meta property=\"product:condition\" content=\"new\" \/>\n<!-- \/ Yoast SEO Premium plugin. -->","yoast_head_json":{"title":"Asmaa Allah Al Housna - Effluences : \u00e9lixirs \u00e9motionnels","description":"G\u00e9om\u00e9trie sacr\u00e9e","robots":{"index":"index","follow":"follow","max-snippet":"max-snippet:-1","max-image-preview":"max-image-preview:large","max-video-preview":"max-video-preview:-1"},"canonical":"https:\/\/effluences.com\/it\/boutique\/preghiere-mantra-mandala\/accettazione-di-se\/","og_locale":"it_IT","og_type":"article","og_title":"Asmaa Allah Al Housna","og_description":"G\u00e9om\u00e9trie sacr\u00e9e","og_url":"https:\/\/effluences.com\/it\/boutique\/preghiere-mantra-mandala\/accettazione-di-se\/","og_site_name":"Effluences : \u00e9lixirs \u00e9motionnels","article_modified_time":"2025-06-03T12:12:39+00:00","og_image":[{"width":740,"height":1110,"url":"https:\/\/effluences.com\/wp-content\/uploads\/2023\/11\/Asmaa-Allah.jpg","type":"image\/jpeg"}],"twitter_card":"summary_large_image","twitter_misc":{"Disponibilit\u00e0":"In stock"},"schema":{"@context":"https:\/\/schema.org","@graph":[{"@type":"WebPage","@id":"https:\/\/effluences.com\/boutique\/prieres-mantras-mandalas\/asmaa-allah-al-housna\/","url":"https:\/\/effluences.com\/boutique\/prieres-mantras-mandalas\/asmaa-allah-al-housna\/","name":"Asmaa Allah Al Housna - Effluences : \u00e9lixirs \u00e9motionnels","isPartOf":{"@id":"https:\/\/effluences.com\/#website"},"primaryImageOfPage":{"@id":"https:\/\/effluences.com\/boutique\/prieres-mantras-mandalas\/asmaa-allah-al-housna\/#primaryimage"},"image":{"@id":"https:\/\/effluences.com\/boutique\/prieres-mantras-mandalas\/asmaa-allah-al-housna\/#primaryimage"},"thumbnailUrl":"https:\/\/effluences.com\/wp-content\/uploads\/2023\/11\/Asmaa-Allah.jpg","datePublished":"2023-12-02T12:42:27+00:00","dateModified":"2025-06-03T12:12:39+00:00","description":"G\u00e9om\u00e9trie sacr\u00e9e","breadcrumb":{"@id":"https:\/\/effluences.com\/boutique\/prieres-mantras-mandalas\/asmaa-allah-al-housna\/#breadcrumb"},"inLanguage":"it-IT","potentialAction":[{"@type":"ReadAction","target":["https:\/\/effluences.com\/boutique\/prieres-mantras-mandalas\/asmaa-allah-al-housna\/"]}]},{"@type":"ImageObject","inLanguage":"it-IT","@id":"https:\/\/effluences.com\/boutique\/prieres-mantras-mandalas\/asmaa-allah-al-housna\/#primaryimage","url":"https:\/\/effluences.com\/wp-content\/uploads\/2023\/11\/Asmaa-Allah.jpg","contentUrl":"https:\/\/effluences.com\/wp-content\/uploads\/2023\/11\/Asmaa-Allah.jpg","width":740,"height":1110},{"@type":"BreadcrumbList","@id":"https:\/\/effluences.com\/boutique\/prieres-mantras-mandalas\/asmaa-allah-al-housna\/#breadcrumb","itemListElement":[{"@type":"ListItem","position":1,"name":"Accueil","item":"https:\/\/effluences.com\/"},{"@type":"ListItem","position":2,"name":"Boutique","item":"https:\/\/effluences.com\/boutique\/"},{"@type":"ListItem","position":3,"name":"Asmaa Allah Al Housna"}]},{"@type":"WebSite","@id":"https:\/\/effluences.com\/#website","url":"https:\/\/effluences.com\/","name":"Les Effluences","description":"Boostez vos \u00e9motions positives","publisher":{"@id":"https:\/\/effluences.com\/#organization"},"alternateName":"Effluences","potentialAction":[{"@type":"SearchAction","target":{"@type":"EntryPoint","urlTemplate":"https:\/\/effluences.com\/?s={search_term_string}"},"query-input":{"@type":"PropertyValueSpecification","valueRequired":true,"valueName":"search_term_string"}}],"inLanguage":"it-IT"},{"@type":"Organization","@id":"https:\/\/effluences.com\/#organization","name":"Lumen Care Laboratory","url":"https:\/\/effluences.com\/","logo":{"@type":"ImageObject","inLanguage":"it-IT","@id":"https:\/\/effluences.com\/#\/schema\/logo\/image\/","url":"https:\/\/effluences.com\/wp-content\/uploads\/2023\/12\/logo-LCL-vectoriel-Def.png","contentUrl":"https:\/\/effluences.com\/wp-content\/uploads\/2023\/12\/logo-LCL-vectoriel-Def.png","width":3790,"height":714,"caption":"Lumen Care Laboratory"},"image":{"@id":"https:\/\/effluences.com\/#\/schema\/logo\/image\/"}}]},"product_brand":"Effluences","og_availability":"instock","product_availability":"instock","product_retailer_item_id":"PM11","product_condition":"new"},"_links":{"self":[{"href":"https:\/\/effluences.com\/it\/wp-json\/wp\/v2\/product\/1544","targetHints":{"allow":["GET"]}}],"collection":[{"href":"https:\/\/effluences.com\/it\/wp-json\/wp\/v2\/product"}],"about":[{"href":"https:\/\/effluences.com\/it\/wp-json\/wp\/v2\/types\/product"}],"replies":[{"embeddable":true,"href":"https:\/\/effluences.com\/it\/wp-json\/wp\/v2\/comments?post=1544"}],"version-history":[{"count":5,"href":"https:\/\/effluences.com\/it\/wp-json\/wp\/v2\/product\/1544\/revisions"}],"predecessor-version":[{"id":1665,"href":"https:\/\/effluences.com\/it\/wp-json\/wp\/v2\/product\/1544\/revisions\/1665"}],"wp:featuredmedia":[{"embeddable":true,"href":"https:\/\/effluences.com\/it\/wp-json\/wp\/v2\/media\/1189"}],"wp:attachment":[{"href":"https:\/\/effluences.com\/it\/wp-json\/wp\/v2\/media?parent=1544"}],"wp:term":[{"taxonomy":"product_cat","embeddable":true,"href":"https:\/\/effluences.com\/it\/wp-json\/wp\/v2\/product_cat?post=1544"},{"taxonomy":"product_tag","embeddable":true,"href":"https:\/\/effluences.com\/it\/wp-json\/wp\/v2\/product_tag?post=1544"}],"curies":[{"name":"wp","href":"https:\/\/api.w.org\/{rel}","templated":true}]}}