{"id":45,"date":"2023-11-15T23:13:14","date_gmt":"2023-11-15T22:13:14","guid":{"rendered":"https:\/\/effluences.lumen-care.com\/?post_type=product&#038;p=45"},"modified":"2025-06-03T14:10:38","modified_gmt":"2025-06-03T12:10:38","slug":"souvrir-au-monde_parcours","status":"publish","type":"product","link":"https:\/\/effluences.com\/it\/boutique\/scatole\/mondo-aperto-coffret-effluenze\/","title":{"rendered":"Aprirsi al mondo - Percorso tematico"},"content":{"rendered":"<div class=\"fusion-one-full fusion-layout-column fusion-column-last fusion-spacing-yes\">\n<div class=\"fusion-column-wrapper\">\n<h2 data-fontsize=\"40\" data-lineheight=\"48\"><em><b>Composizione del set regalo \"Aprirsi al mondo<\/b><\/em><\/h2>\n<\/div>\n<\/div>\n<table style=\"border-collapse: collapse; width: 100%;\">\n<tbody>\n<tr>\n<td style=\"width: 50%;\">\n<ul>\n<li aria-level=\"1\">L'amore<\/li>\n<li aria-level=\"1\">La pace<\/li>\n<li aria-level=\"1\">Ricezione e gratitudine<\/li>\n<li aria-level=\"1\">Accettare gli altri*<\/li>\n<li aria-level=\"1\">Fiducia nell'universo<\/li>\n<\/ul>\n<\/td>\n<td style=\"width: 50%;\">\n<ul>\n<li aria-level=\"1\">Topazio blu<\/li>\n<li aria-level=\"1\">Gentilezza<\/li>\n<li aria-level=\"1\">Mi dispiace<\/li>\n<li aria-level=\"1\">Contenuto<\/li>\n<li aria-level=\"1\">Orchidea BP<\/li>\n<\/ul>\n<\/td>\n<\/tr>\n<\/tbody>\n<\/table>\n<p>Collare in alluminio e scatola inclusi<br \/>\n* Selezione per 5 effluenti<\/p>\n<h2>Un viaggio di crescita personale<\/h2>\n<p>Camminando attraverso una serie di<em>Effluenti<\/em> ci permette di affrontare un tema da tutti i suoi aspetti. Ogni capsula sar\u00e0 un'opportunit\u00e0 per scoprire come un elemento specifico si adatta ai nostri sentimenti e alla nostra evoluzione in questo viaggio. A volte, se un'Effluenza \u00e8 troppo difficile da portare, la lasciamo da parte. Le altre <em>Effluenti<\/em> contribuir\u00e0 a preparare il terreno.<\/p>\n<p>&nbsp;<\/p>","protected":false},"excerpt":{"rendered":"<h2>Cofanetto \"Aprirsi al mondo<\/h2>\n<p>Una serie di 5 o 10 capsule che coprono tutti gli aspetti della materia<\/p>\n<p>&nbsp;<\/p>\n<p>&nbsp;<\/p>","protected":false},"featured_media":1244,"comment_status":"open","ping_status":"closed","template":"","meta":[],"product_cat":[18],"product_tag":[],"class_list":{"0":"post-45","1":"product","2":"type-product","3":"status-publish","4":"has-post-thumbnail","6":"product_cat-parcours","8":"first","9":"instock","10":"taxable","11":"shipping-taxable","12":"purchasable","13":"product-type-variable"},"yoast_head":"<!-- This site is optimized with the Yoast SEO Premium plugin v21.5 (Yoast SEO v23.7) - https:\/\/yoast.com\/wordpress\/plugins\/seo\/ -->\n<title>S&#039;ouvrir au monde - Parcours th\u00e9matique - Effluences : \u00e9lixirs \u00e9motionnels<\/title>\n<meta name=\"description\" content=\"Coffret &#039;S&#039;ouvrir au monde&#039;. Cheminer au travers d&#039;une s\u00e9rie d&#039;Effluences permet d&#039;aborder une probl\u00e9matique sous l&#039;ensemble de ses aspects. Chaque capsule sera l&#039;occasion de d\u00e9couvrir comment un \u00e9l\u00e9ment sp\u00e9cifique s&#039;accorde avec nos ressentis et notre \u00e9volution dans ce parcours. Parfois, si une Effluence est trop difficile \u00e0 porter, la laisser de c\u00f4t\u00e9. Les autres Effluences permettront de pr\u00e9parer le terrain.\" \/>\n<meta name=\"robots\" content=\"index, follow, max-snippet:-1, max-image-preview:large, max-video-preview:-1\" \/>\n<link rel=\"canonical\" href=\"https:\/\/effluences.com\/it\/boutique\/scatole\/mondo-aperto-coffret-effluenze\/\" \/>\n<meta property=\"og:locale\" content=\"it_IT\" \/>\n<meta property=\"og:type\" content=\"article\" \/>\n<meta property=\"og:title\" content=\"S&#039;ouvrir au monde - Parcours th\u00e9matique\" \/>\n<meta property=\"og:description\" content=\"Coffret &#039;S&#039;ouvrir au monde&#039;. Cheminer au travers d&#039;une s\u00e9rie d&#039;Effluences permet d&#039;aborder une probl\u00e9matique sous l&#039;ensemble de ses aspects. Chaque capsule sera l&#039;occasion de d\u00e9couvrir comment un \u00e9l\u00e9ment sp\u00e9cifique s&#039;accorde avec nos ressentis et notre \u00e9volution dans ce parcours. Parfois, si une Effluence est trop difficile \u00e0 porter, la laisser de c\u00f4t\u00e9. Les autres Effluences permettront de pr\u00e9parer le terrain.\" \/>\n<meta property=\"og:url\" content=\"https:\/\/effluences.com\/it\/boutique\/scatole\/mondo-aperto-coffret-effluenze\/\" \/>\n<meta property=\"og:site_name\" content=\"Effluences : \u00e9lixirs \u00e9motionnels\" \/>\n<meta property=\"article:modified_time\" content=\"2025-06-03T12:10:38+00:00\" \/>\n<meta property=\"og:image\" content=\"https:\/\/effluences.com\/wp-content\/uploads\/2023\/11\/Coffret_souvrir-au-monde.jpg\" \/>\n\t<meta property=\"og:image:width\" content=\"599\" \/>\n\t<meta property=\"og:image:height\" content=\"400\" \/>\n\t<meta property=\"og:image:type\" content=\"image\/jpeg\" \/>\n<meta name=\"twitter:card\" content=\"summary_large_image\" \/>\n<meta name=\"twitter:label1\" content=\"Disponibilit\u00e0\" \/>\n\t<meta name=\"twitter:data1\" content=\"In stock\" \/>\n<script type=\"application\/ld+json\" class=\"yoast-schema-graph\">{\"@context\":\"https:\/\/schema.org\",\"@graph\":[{\"@type\":\"WebPage\",\"@id\":\"https:\/\/effluences.com\/boutique\/parcours\/souvrir-au-monde_parcours\/\",\"url\":\"https:\/\/effluences.com\/boutique\/parcours\/souvrir-au-monde_parcours\/\",\"name\":\"S'ouvrir au monde - Parcours th\u00e9matique - Effluences : \u00e9lixirs \u00e9motionnels\",\"isPartOf\":{\"@id\":\"https:\/\/effluences.com\/#website\"},\"primaryImageOfPage\":{\"@id\":\"https:\/\/effluences.com\/boutique\/parcours\/souvrir-au-monde_parcours\/#primaryimage\"},\"image\":{\"@id\":\"https:\/\/effluences.com\/boutique\/parcours\/souvrir-au-monde_parcours\/#primaryimage\"},\"thumbnailUrl\":\"https:\/\/effluences.com\/wp-content\/uploads\/2023\/11\/Coffret_souvrir-au-monde.jpg\",\"datePublished\":\"2023-11-15T22:13:14+00:00\",\"dateModified\":\"2025-06-03T12:10:38+00:00\",\"description\":\"Coffret 'S'ouvrir au monde'. Cheminer au travers d'une s\u00e9rie d'Effluences permet d'aborder une probl\u00e9matique sous l'ensemble de ses aspects. Chaque capsule sera l'occasion de d\u00e9couvrir comment un \u00e9l\u00e9ment sp\u00e9cifique s'accorde avec nos ressentis et notre \u00e9volution dans ce parcours. Parfois, si une Effluence est trop difficile \u00e0 porter, la laisser de c\u00f4t\u00e9. Les autres Effluences permettront de pr\u00e9parer le terrain.\",\"breadcrumb\":{\"@id\":\"https:\/\/effluences.com\/boutique\/parcours\/souvrir-au-monde_parcours\/#breadcrumb\"},\"inLanguage\":\"it-IT\",\"potentialAction\":[{\"@type\":\"ReadAction\",\"target\":[\"https:\/\/effluences.com\/boutique\/parcours\/souvrir-au-monde_parcours\/\"]}]},{\"@type\":\"ImageObject\",\"inLanguage\":\"it-IT\",\"@id\":\"https:\/\/effluences.com\/boutique\/parcours\/souvrir-au-monde_parcours\/#primaryimage\",\"url\":\"https:\/\/effluences.com\/wp-content\/uploads\/2023\/11\/Coffret_souvrir-au-monde.jpg\",\"contentUrl\":\"https:\/\/effluences.com\/wp-content\/uploads\/2023\/11\/Coffret_souvrir-au-monde.jpg\",\"width\":599,\"height\":400},{\"@type\":\"BreadcrumbList\",\"@id\":\"https:\/\/effluences.com\/boutique\/parcours\/souvrir-au-monde_parcours\/#breadcrumb\",\"itemListElement\":[{\"@type\":\"ListItem\",\"position\":1,\"name\":\"Accueil\",\"item\":\"https:\/\/effluences.com\/\"},{\"@type\":\"ListItem\",\"position\":2,\"name\":\"Boutique\",\"item\":\"https:\/\/effluences.com\/boutique\/\"},{\"@type\":\"ListItem\",\"position\":3,\"name\":\"S&#8217;ouvrir au monde &#8211; Parcours th\u00e9matique\"}]},{\"@type\":\"WebSite\",\"@id\":\"https:\/\/effluences.com\/#website\",\"url\":\"https:\/\/effluences.com\/\",\"name\":\"Les Effluences\",\"description\":\"Boostez vos \u00e9motions positives\",\"publisher\":{\"@id\":\"https:\/\/effluences.com\/#organization\"},\"alternateName\":\"Effluences\",\"potentialAction\":[{\"@type\":\"SearchAction\",\"target\":{\"@type\":\"EntryPoint\",\"urlTemplate\":\"https:\/\/effluences.com\/?s={search_term_string}\"},\"query-input\":{\"@type\":\"PropertyValueSpecification\",\"valueRequired\":true,\"valueName\":\"search_term_string\"}}],\"inLanguage\":\"it-IT\"},{\"@type\":\"Organization\",\"@id\":\"https:\/\/effluences.com\/#organization\",\"name\":\"Lumen Care Laboratory\",\"url\":\"https:\/\/effluences.com\/\",\"logo\":{\"@type\":\"ImageObject\",\"inLanguage\":\"it-IT\",\"@id\":\"https:\/\/effluences.com\/#\/schema\/logo\/image\/\",\"url\":\"https:\/\/effluences.com\/wp-content\/uploads\/2023\/12\/logo-LCL-vectoriel-Def.png\",\"contentUrl\":\"https:\/\/effluences.com\/wp-content\/uploads\/2023\/12\/logo-LCL-vectoriel-Def.png\",\"width\":3790,\"height\":714,\"caption\":\"Lumen Care Laboratory\"},\"image\":{\"@id\":\"https:\/\/effluences.com\/#\/schema\/logo\/image\/\"}}]}<\/script>\n<meta property=\"product:brand\" content=\"Effluences\" \/>\n<meta property=\"og:availability\" content=\"instock\" \/>\n<meta property=\"product:availability\" content=\"instock\" \/>\n<meta property=\"product:condition\" content=\"new\" \/>\n<!-- \/ Yoast SEO Premium plugin. -->","yoast_head_json":{"title":"S'ouvrir au monde - Parcours th\u00e9matique - Effluences : \u00e9lixirs \u00e9motionnels","description":"Coffret 'S'ouvrir au monde'. Cheminer au travers d'une s\u00e9rie d'Effluences permet d'aborder une probl\u00e9matique sous l'ensemble de ses aspects. Chaque capsule sera l'occasion de d\u00e9couvrir comment un \u00e9l\u00e9ment sp\u00e9cifique s'accorde avec nos ressentis et notre \u00e9volution dans ce parcours. Parfois, si une Effluence est trop difficile \u00e0 porter, la laisser de c\u00f4t\u00e9. Les autres Effluences permettront de pr\u00e9parer le terrain.","robots":{"index":"index","follow":"follow","max-snippet":"max-snippet:-1","max-image-preview":"max-image-preview:large","max-video-preview":"max-video-preview:-1"},"canonical":"https:\/\/effluences.com\/it\/boutique\/scatole\/mondo-aperto-coffret-effluenze\/","og_locale":"it_IT","og_type":"article","og_title":"S'ouvrir au monde - Parcours th\u00e9matique","og_description":"Coffret 'S'ouvrir au monde'. Cheminer au travers d'une s\u00e9rie d'Effluences permet d'aborder une probl\u00e9matique sous l'ensemble de ses aspects. Chaque capsule sera l'occasion de d\u00e9couvrir comment un \u00e9l\u00e9ment sp\u00e9cifique s'accorde avec nos ressentis et notre \u00e9volution dans ce parcours. Parfois, si une Effluence est trop difficile \u00e0 porter, la laisser de c\u00f4t\u00e9. Les autres Effluences permettront de pr\u00e9parer le terrain.","og_url":"https:\/\/effluences.com\/it\/boutique\/scatole\/mondo-aperto-coffret-effluenze\/","og_site_name":"Effluences : \u00e9lixirs \u00e9motionnels","article_modified_time":"2025-06-03T12:10:38+00:00","og_image":[{"width":599,"height":400,"url":"https:\/\/effluences.com\/wp-content\/uploads\/2023\/11\/Coffret_souvrir-au-monde.jpg","type":"image\/jpeg"}],"twitter_card":"summary_large_image","twitter_misc":{"Disponibilit\u00e0":"In stock"},"schema":{"@context":"https:\/\/schema.org","@graph":[{"@type":"WebPage","@id":"https:\/\/effluences.com\/boutique\/parcours\/souvrir-au-monde_parcours\/","url":"https:\/\/effluences.com\/boutique\/parcours\/souvrir-au-monde_parcours\/","name":"S'ouvrir au monde - Parcours th\u00e9matique - Effluences : \u00e9lixirs \u00e9motionnels","isPartOf":{"@id":"https:\/\/effluences.com\/#website"},"primaryImageOfPage":{"@id":"https:\/\/effluences.com\/boutique\/parcours\/souvrir-au-monde_parcours\/#primaryimage"},"image":{"@id":"https:\/\/effluences.com\/boutique\/parcours\/souvrir-au-monde_parcours\/#primaryimage"},"thumbnailUrl":"https:\/\/effluences.com\/wp-content\/uploads\/2023\/11\/Coffret_souvrir-au-monde.jpg","datePublished":"2023-11-15T22:13:14+00:00","dateModified":"2025-06-03T12:10:38+00:00","description":"Coffret 'S'ouvrir au monde'. Cheminer au travers d'une s\u00e9rie d'Effluences permet d'aborder une probl\u00e9matique sous l'ensemble de ses aspects. Chaque capsule sera l'occasion de d\u00e9couvrir comment un \u00e9l\u00e9ment sp\u00e9cifique s'accorde avec nos ressentis et notre \u00e9volution dans ce parcours. Parfois, si une Effluence est trop difficile \u00e0 porter, la laisser de c\u00f4t\u00e9. Les autres Effluences permettront de pr\u00e9parer le terrain.","breadcrumb":{"@id":"https:\/\/effluences.com\/boutique\/parcours\/souvrir-au-monde_parcours\/#breadcrumb"},"inLanguage":"it-IT","potentialAction":[{"@type":"ReadAction","target":["https:\/\/effluences.com\/boutique\/parcours\/souvrir-au-monde_parcours\/"]}]},{"@type":"ImageObject","inLanguage":"it-IT","@id":"https:\/\/effluences.com\/boutique\/parcours\/souvrir-au-monde_parcours\/#primaryimage","url":"https:\/\/effluences.com\/wp-content\/uploads\/2023\/11\/Coffret_souvrir-au-monde.jpg","contentUrl":"https:\/\/effluences.com\/wp-content\/uploads\/2023\/11\/Coffret_souvrir-au-monde.jpg","width":599,"height":400},{"@type":"BreadcrumbList","@id":"https:\/\/effluences.com\/boutique\/parcours\/souvrir-au-monde_parcours\/#breadcrumb","itemListElement":[{"@type":"ListItem","position":1,"name":"Accueil","item":"https:\/\/effluences.com\/"},{"@type":"ListItem","position":2,"name":"Boutique","item":"https:\/\/effluences.com\/boutique\/"},{"@type":"ListItem","position":3,"name":"S&#8217;ouvrir au monde &#8211; Parcours th\u00e9matique"}]},{"@type":"WebSite","@id":"https:\/\/effluences.com\/#website","url":"https:\/\/effluences.com\/","name":"Les Effluences","description":"Boostez vos \u00e9motions positives","publisher":{"@id":"https:\/\/effluences.com\/#organization"},"alternateName":"Effluences","potentialAction":[{"@type":"SearchAction","target":{"@type":"EntryPoint","urlTemplate":"https:\/\/effluences.com\/?s={search_term_string}"},"query-input":{"@type":"PropertyValueSpecification","valueRequired":true,"valueName":"search_term_string"}}],"inLanguage":"it-IT"},{"@type":"Organization","@id":"https:\/\/effluences.com\/#organization","name":"Lumen Care Laboratory","url":"https:\/\/effluences.com\/","logo":{"@type":"ImageObject","inLanguage":"it-IT","@id":"https:\/\/effluences.com\/#\/schema\/logo\/image\/","url":"https:\/\/effluences.com\/wp-content\/uploads\/2023\/12\/logo-LCL-vectoriel-Def.png","contentUrl":"https:\/\/effluences.com\/wp-content\/uploads\/2023\/12\/logo-LCL-vectoriel-Def.png","width":3790,"height":714,"caption":"Lumen Care Laboratory"},"image":{"@id":"https:\/\/effluences.com\/#\/schema\/logo\/image\/"}}]},"product_brand":"Effluences","og_availability":"instock","product_availability":"instock","product_condition":"new"},"_links":{"self":[{"href":"https:\/\/effluences.com\/it\/wp-json\/wp\/v2\/product\/45","targetHints":{"allow":["GET"]}}],"collection":[{"href":"https:\/\/effluences.com\/it\/wp-json\/wp\/v2\/product"}],"about":[{"href":"https:\/\/effluences.com\/it\/wp-json\/wp\/v2\/types\/product"}],"replies":[{"embeddable":true,"href":"https:\/\/effluences.com\/it\/wp-json\/wp\/v2\/comments?post=45"}],"version-history":[{"count":6,"href":"https:\/\/effluences.com\/it\/wp-json\/wp\/v2\/product\/45\/revisions"}],"predecessor-version":[{"id":1754,"href":"https:\/\/effluences.com\/it\/wp-json\/wp\/v2\/product\/45\/revisions\/1754"}],"wp:featuredmedia":[{"embeddable":true,"href":"https:\/\/effluences.com\/it\/wp-json\/wp\/v2\/media\/1244"}],"wp:attachment":[{"href":"https:\/\/effluences.com\/it\/wp-json\/wp\/v2\/media?parent=45"}],"wp:term":[{"taxonomy":"product_cat","embeddable":true,"href":"https:\/\/effluences.com\/it\/wp-json\/wp\/v2\/product_cat?post=45"},{"taxonomy":"product_tag","embeddable":true,"href":"https:\/\/effluences.com\/it\/wp-json\/wp\/v2\/product_tag?post=45"}],"curies":[{"name":"wp","href":"https:\/\/api.w.org\/{rel}","templated":true}]}}