{"id":81,"date":"2023-11-15T23:13:37","date_gmt":"2023-11-15T22:13:37","guid":{"rendered":"https:\/\/effluences.lumen-care.com\/?post_type=product&#038;p=81"},"modified":"2025-06-03T14:10:45","modified_gmt":"2025-06-03T12:10:45","slug":"accepter-la-verite","status":"publish","type":"product","link":"https:\/\/effluences.com\/it\/boutique\/emozioni-positive\/accettare-la-verita\/","title":{"rendered":"Accettare la verit\u00e0"},"content":{"rendered":"<h2>L'<em>Effluenza<\/em> &#039;<strong>Accettare la verit\u00e0<\/strong>&#039; dal laboratorio Lumen Care<\/h2>\n<p>\u00c8 un ciondolo che aiuta a dominare le emozioni e a liberare tutto il proprio potenziale. Il <em>Effluenti<\/em> provocano una profonda trasformazione positiva mettendoli a contatto con la pelle<strong>. <\/strong>&nbsp;<\/p>\n<h2>Un'innovazione tecnologica per prendersi cura delle emozioni<\/h2>\n<p>Il <em>Effluenti<\/em> sono elisir vibranti che agiscono per migliorare il benessere emotivo. Prodotte in Francia, queste capsule di vetro contengono acqua codificata con la luce e infusa con le vibrazioni pure del &#039;<strong>Accettare la verit\u00e0<\/strong>&#039;. A diluizioni molto elevate, queste vibrazioni si irradiano attraverso il vetro della capsula.<\/p>","protected":false},"excerpt":{"rendered":"<h3>Rinforzo positivo : <\/h3>\n<p>Accetto e riconosco la verit\u00e0 cos\u00ec com'\u00e8. Riconosco i fatti in modo fedele. Sono onesto con me stesso. Cerco la verit\u00e0 giusta.<\/p>","protected":false},"featured_media":1176,"comment_status":"open","ping_status":"closed","template":"","meta":[],"product_cat":[24],"product_tag":[],"class_list":{"0":"post-81","1":"product","2":"type-product","3":"status-publish","4":"has-post-thumbnail","6":"product_cat-emotions-positives","8":"first","9":"instock","10":"taxable","11":"shipping-taxable","12":"purchasable","13":"product-type-variable"},"yoast_head":"<!-- This site is optimized with the Yoast SEO Premium plugin v21.5 (Yoast SEO v23.7) - https:\/\/yoast.com\/wordpress\/plugins\/seo\/ -->\n<title>Accepter la v\u00e9rit\u00e9 - Effluences : \u00e9lixirs \u00e9motionnels<\/title>\n<meta name=\"robots\" content=\"index, follow, max-snippet:-1, max-image-preview:large, max-video-preview:-1\" \/>\n<link rel=\"canonical\" href=\"https:\/\/effluences.com\/it\/boutique\/emozioni-positive\/accettare-la-verita\/\" \/>\n<meta property=\"og:locale\" content=\"it_IT\" \/>\n<meta property=\"og:type\" content=\"article\" \/>\n<meta property=\"og:title\" content=\"Accepter la v\u00e9rit\u00e9\" \/>\n<meta property=\"og:description\" content=\"Renforcement positif : J\u2019accepte et je reconnais la v\u00e9rit\u00e9 telle qu\u2019elle est. Je reconnais les faits avec loyaut\u00e9. Je suis honn\u00eate envers moi-m\u00eame. Je recherche la juste v\u00e9rit\u00e9.\" \/>\n<meta property=\"og:url\" content=\"https:\/\/effluences.com\/it\/boutique\/emozioni-positive\/accettare-la-verita\/\" \/>\n<meta property=\"og:site_name\" content=\"Effluences : \u00e9lixirs \u00e9motionnels\" \/>\n<meta property=\"article:modified_time\" content=\"2025-06-03T12:10:45+00:00\" \/>\n<meta property=\"og:image\" content=\"https:\/\/effluences.com\/wp-content\/uploads\/2023\/11\/Ac.-la-verite.jpg\" \/>\n\t<meta property=\"og:image:width\" content=\"740\" \/>\n\t<meta property=\"og:image:height\" content=\"1110\" \/>\n\t<meta property=\"og:image:type\" content=\"image\/jpeg\" \/>\n<meta name=\"twitter:card\" content=\"summary_large_image\" \/>\n<meta name=\"twitter:label1\" content=\"Disponibilit\u00e0\" \/>\n\t<meta name=\"twitter:data1\" content=\"In stock\" \/>\n<script type=\"application\/ld+json\" class=\"yoast-schema-graph\">{\"@context\":\"https:\/\/schema.org\",\"@graph\":[{\"@type\":\"WebPage\",\"@id\":\"https:\/\/effluences.com\/boutique\/emotions-positives\/accepter-la-verite\/\",\"url\":\"https:\/\/effluences.com\/boutique\/emotions-positives\/accepter-la-verite\/\",\"name\":\"Accepter la v\u00e9rit\u00e9 - Effluences : \u00e9lixirs \u00e9motionnels\",\"isPartOf\":{\"@id\":\"https:\/\/effluences.com\/#website\"},\"primaryImageOfPage\":{\"@id\":\"https:\/\/effluences.com\/boutique\/emotions-positives\/accepter-la-verite\/#primaryimage\"},\"image\":{\"@id\":\"https:\/\/effluences.com\/boutique\/emotions-positives\/accepter-la-verite\/#primaryimage\"},\"thumbnailUrl\":\"https:\/\/effluences.com\/wp-content\/uploads\/2023\/11\/Ac.-la-verite.jpg\",\"datePublished\":\"2023-11-15T22:13:37+00:00\",\"dateModified\":\"2025-06-03T12:10:45+00:00\",\"breadcrumb\":{\"@id\":\"https:\/\/effluences.com\/boutique\/emotions-positives\/accepter-la-verite\/#breadcrumb\"},\"inLanguage\":\"it-IT\",\"potentialAction\":[{\"@type\":\"ReadAction\",\"target\":[\"https:\/\/effluences.com\/boutique\/emotions-positives\/accepter-la-verite\/\"]}]},{\"@type\":\"ImageObject\",\"inLanguage\":\"it-IT\",\"@id\":\"https:\/\/effluences.com\/boutique\/emotions-positives\/accepter-la-verite\/#primaryimage\",\"url\":\"https:\/\/effluences.com\/wp-content\/uploads\/2023\/11\/Ac.-la-verite.jpg\",\"contentUrl\":\"https:\/\/effluences.com\/wp-content\/uploads\/2023\/11\/Ac.-la-verite.jpg\",\"width\":740,\"height\":1110},{\"@type\":\"BreadcrumbList\",\"@id\":\"https:\/\/effluences.com\/boutique\/emotions-positives\/accepter-la-verite\/#breadcrumb\",\"itemListElement\":[{\"@type\":\"ListItem\",\"position\":1,\"name\":\"Accueil\",\"item\":\"https:\/\/effluences.com\/\"},{\"@type\":\"ListItem\",\"position\":2,\"name\":\"Boutique\",\"item\":\"https:\/\/effluences.com\/boutique\/\"},{\"@type\":\"ListItem\",\"position\":3,\"name\":\"Accepter la v\u00e9rit\u00e9\"}]},{\"@type\":\"WebSite\",\"@id\":\"https:\/\/effluences.com\/#website\",\"url\":\"https:\/\/effluences.com\/\",\"name\":\"Les Effluences\",\"description\":\"Boostez vos \u00e9motions positives\",\"publisher\":{\"@id\":\"https:\/\/effluences.com\/#organization\"},\"alternateName\":\"Effluences\",\"potentialAction\":[{\"@type\":\"SearchAction\",\"target\":{\"@type\":\"EntryPoint\",\"urlTemplate\":\"https:\/\/effluences.com\/?s={search_term_string}\"},\"query-input\":{\"@type\":\"PropertyValueSpecification\",\"valueRequired\":true,\"valueName\":\"search_term_string\"}}],\"inLanguage\":\"it-IT\"},{\"@type\":\"Organization\",\"@id\":\"https:\/\/effluences.com\/#organization\",\"name\":\"Lumen Care Laboratory\",\"url\":\"https:\/\/effluences.com\/\",\"logo\":{\"@type\":\"ImageObject\",\"inLanguage\":\"it-IT\",\"@id\":\"https:\/\/effluences.com\/#\/schema\/logo\/image\/\",\"url\":\"https:\/\/effluences.com\/wp-content\/uploads\/2023\/12\/logo-LCL-vectoriel-Def.png\",\"contentUrl\":\"https:\/\/effluences.com\/wp-content\/uploads\/2023\/12\/logo-LCL-vectoriel-Def.png\",\"width\":3790,\"height\":714,\"caption\":\"Lumen Care Laboratory\"},\"image\":{\"@id\":\"https:\/\/effluences.com\/#\/schema\/logo\/image\/\"}}]}<\/script>\n<meta property=\"product:brand\" content=\"Effluences\" \/>\n<meta property=\"og:availability\" content=\"instock\" \/>\n<meta property=\"product:availability\" content=\"instock\" \/>\n<meta property=\"product:retailer_item_id\" content=\"E35\" \/>\n<meta property=\"product:condition\" content=\"new\" \/>\n<!-- \/ Yoast SEO Premium plugin. -->","yoast_head_json":{"title":"Accepter la v\u00e9rit\u00e9 - Effluences : \u00e9lixirs \u00e9motionnels","robots":{"index":"index","follow":"follow","max-snippet":"max-snippet:-1","max-image-preview":"max-image-preview:large","max-video-preview":"max-video-preview:-1"},"canonical":"https:\/\/effluences.com\/it\/boutique\/emozioni-positive\/accettare-la-verita\/","og_locale":"it_IT","og_type":"article","og_title":"Accepter la v\u00e9rit\u00e9","og_description":"Renforcement positif : J\u2019accepte et je reconnais la v\u00e9rit\u00e9 telle qu\u2019elle est. Je reconnais les faits avec loyaut\u00e9. Je suis honn\u00eate envers moi-m\u00eame. Je recherche la juste v\u00e9rit\u00e9.","og_url":"https:\/\/effluences.com\/it\/boutique\/emozioni-positive\/accettare-la-verita\/","og_site_name":"Effluences : \u00e9lixirs \u00e9motionnels","article_modified_time":"2025-06-03T12:10:45+00:00","og_image":[{"width":740,"height":1110,"url":"https:\/\/effluences.com\/wp-content\/uploads\/2023\/11\/Ac.-la-verite.jpg","type":"image\/jpeg"}],"twitter_card":"summary_large_image","twitter_misc":{"Disponibilit\u00e0":"In stock"},"schema":{"@context":"https:\/\/schema.org","@graph":[{"@type":"WebPage","@id":"https:\/\/effluences.com\/boutique\/emotions-positives\/accepter-la-verite\/","url":"https:\/\/effluences.com\/boutique\/emotions-positives\/accepter-la-verite\/","name":"Accepter la v\u00e9rit\u00e9 - Effluences : \u00e9lixirs \u00e9motionnels","isPartOf":{"@id":"https:\/\/effluences.com\/#website"},"primaryImageOfPage":{"@id":"https:\/\/effluences.com\/boutique\/emotions-positives\/accepter-la-verite\/#primaryimage"},"image":{"@id":"https:\/\/effluences.com\/boutique\/emotions-positives\/accepter-la-verite\/#primaryimage"},"thumbnailUrl":"https:\/\/effluences.com\/wp-content\/uploads\/2023\/11\/Ac.-la-verite.jpg","datePublished":"2023-11-15T22:13:37+00:00","dateModified":"2025-06-03T12:10:45+00:00","breadcrumb":{"@id":"https:\/\/effluences.com\/boutique\/emotions-positives\/accepter-la-verite\/#breadcrumb"},"inLanguage":"it-IT","potentialAction":[{"@type":"ReadAction","target":["https:\/\/effluences.com\/boutique\/emotions-positives\/accepter-la-verite\/"]}]},{"@type":"ImageObject","inLanguage":"it-IT","@id":"https:\/\/effluences.com\/boutique\/emotions-positives\/accepter-la-verite\/#primaryimage","url":"https:\/\/effluences.com\/wp-content\/uploads\/2023\/11\/Ac.-la-verite.jpg","contentUrl":"https:\/\/effluences.com\/wp-content\/uploads\/2023\/11\/Ac.-la-verite.jpg","width":740,"height":1110},{"@type":"BreadcrumbList","@id":"https:\/\/effluences.com\/boutique\/emotions-positives\/accepter-la-verite\/#breadcrumb","itemListElement":[{"@type":"ListItem","position":1,"name":"Accueil","item":"https:\/\/effluences.com\/"},{"@type":"ListItem","position":2,"name":"Boutique","item":"https:\/\/effluences.com\/boutique\/"},{"@type":"ListItem","position":3,"name":"Accepter la v\u00e9rit\u00e9"}]},{"@type":"WebSite","@id":"https:\/\/effluences.com\/#website","url":"https:\/\/effluences.com\/","name":"Les Effluences","description":"Boostez vos \u00e9motions positives","publisher":{"@id":"https:\/\/effluences.com\/#organization"},"alternateName":"Effluences","potentialAction":[{"@type":"SearchAction","target":{"@type":"EntryPoint","urlTemplate":"https:\/\/effluences.com\/?s={search_term_string}"},"query-input":{"@type":"PropertyValueSpecification","valueRequired":true,"valueName":"search_term_string"}}],"inLanguage":"it-IT"},{"@type":"Organization","@id":"https:\/\/effluences.com\/#organization","name":"Lumen Care Laboratory","url":"https:\/\/effluences.com\/","logo":{"@type":"ImageObject","inLanguage":"it-IT","@id":"https:\/\/effluences.com\/#\/schema\/logo\/image\/","url":"https:\/\/effluences.com\/wp-content\/uploads\/2023\/12\/logo-LCL-vectoriel-Def.png","contentUrl":"https:\/\/effluences.com\/wp-content\/uploads\/2023\/12\/logo-LCL-vectoriel-Def.png","width":3790,"height":714,"caption":"Lumen Care Laboratory"},"image":{"@id":"https:\/\/effluences.com\/#\/schema\/logo\/image\/"}}]},"product_brand":"Effluences","og_availability":"instock","product_availability":"instock","product_retailer_item_id":"E35","product_condition":"new"},"_links":{"self":[{"href":"https:\/\/effluences.com\/it\/wp-json\/wp\/v2\/product\/81","targetHints":{"allow":["GET"]}}],"collection":[{"href":"https:\/\/effluences.com\/it\/wp-json\/wp\/v2\/product"}],"about":[{"href":"https:\/\/effluences.com\/it\/wp-json\/wp\/v2\/types\/product"}],"replies":[{"embeddable":true,"href":"https:\/\/effluences.com\/it\/wp-json\/wp\/v2\/comments?post=81"}],"version-history":[{"count":2,"href":"https:\/\/effluences.com\/it\/wp-json\/wp\/v2\/product\/81\/revisions"}],"predecessor-version":[{"id":1464,"href":"https:\/\/effluences.com\/it\/wp-json\/wp\/v2\/product\/81\/revisions\/1464"}],"wp:featuredmedia":[{"embeddable":true,"href":"https:\/\/effluences.com\/it\/wp-json\/wp\/v2\/media\/1176"}],"wp:attachment":[{"href":"https:\/\/effluences.com\/it\/wp-json\/wp\/v2\/media?parent=81"}],"wp:term":[{"taxonomy":"product_cat","embeddable":true,"href":"https:\/\/effluences.com\/it\/wp-json\/wp\/v2\/product_cat?post=81"},{"taxonomy":"product_tag","embeddable":true,"href":"https:\/\/effluences.com\/it\/wp-json\/wp\/v2\/product_tag?post=81"}],"curies":[{"name":"wp","href":"https:\/\/api.w.org\/{rel}","templated":true}]}}