{"id":2,"date":"2023-11-15T21:36:07","date_gmt":"2023-11-15T20:36:07","guid":{"rendered":"http:\/\/effluences.lumen-care.com\/?page_id=2"},"modified":"2024-08-18T10:11:16","modified_gmt":"2024-08-18T08:11:16","slug":"contact","status":"publish","type":"page","link":"https:\/\/effluences.com\/ja\/\u30b3\u30f3\u30bf\u30af\u30c8\/","title":{"rendered":"\u9023\u7d61\u5148"},"content":{"rendered":"<div data-elementor-type=\"wp-page\" data-elementor-id=\"2\" class=\"elementor elementor-2\" data-elementor-post-type=\"page\">\n\t\t\t\t<div class=\"elementor-element elementor-element-380c5413 e-flex e-con-boxed e-con e-parent\" data-id=\"380c5413\" data-element_type=\"container\" data-e-type=\"container\">\n\t\t\t\t\t<div class=\"e-con-inner\">\n\t\t\t\t<div class=\"elementor-element elementor-element-28d44a5c elementor-widget elementor-widget-text-editor\" data-id=\"28d44a5c\" data-element_type=\"widget\" data-e-type=\"widget\" data-widget_type=\"text-editor.default\">\n\t\t\t\t<div class=\"elementor-widget-container\">\n\t\t\t\t\t\t\t\t\t<p>\u3054\u8cfc\u5165\u524d\u306b\u3054\u8cea\u554f\u304c\u3042\u308b\u5834\u5408\u3084\u3001\u3088\u308a\u8a73\u3057\u3044\u60c5\u5831\u3092\u3054\u5e0c\u671b\u306e\u5834\u5408\u306f\u3001\u304a\u6c17\u8efd\u306b\u304a\u554f\u3044\u5408\u308f\u305b\u304f\u3060\u3055\u3044\u3001 <br \/>\u4e0b\u8a18\u306e\u30d5\u30a9\u30fc\u30e0\u306b\u3054\u8a18\u5165\u306e\u4e0a\u3001\u304a\u6c17\u8efd\u306b\u304a\u554f\u3044\u5408\u308f\u305b\u304f\u3060\u3055\u3044\u3002<\/p>\n\t\t\t\t\t\t\t\t<\/div>\n\t\t\t\t<\/div>\n\t\t\t\t\t<\/div>\n\t\t\t\t<\/div>\n\t\t<div class=\"elementor-element elementor-element-ce44882 e-flex e-con-boxed e-con e-parent\" data-id=\"ce44882\" data-element_type=\"container\" data-e-type=\"container\">\n\t\t\t\t\t<div class=\"e-con-inner\">\n\t\t<div class=\"elementor-element elementor-element-06e4e43 e-con-full e-flex e-con e-child\" data-id=\"06e4e43\" data-element_type=\"container\" data-e-type=\"container\">\n\t\t\t\t<div class=\"elementor-element elementor-element-eb510bc elementor-button-align-stretch elementor-widget elementor-widget-form\" data-id=\"eb510bc\" data-element_type=\"widget\" data-e-type=\"widget\" data-settings=\"{&quot;step_next_label&quot;:&quot;Suivant&quot;,&quot;step_previous_label&quot;:&quot;Pr\\u00e9c\\u00e9dent&quot;,&quot;button_width&quot;:&quot;100&quot;,&quot;step_type&quot;:&quot;number_text&quot;,&quot;step_icon_shape&quot;:&quot;circle&quot;}\" data-widget_type=\"form.default\">\n\t\t\t\t<div class=\"elementor-widget-container\">\n\t\t\t\t\t\t\t<form class=\"elementor-form\" method=\"post\" id=\"contact\" name=\"Nouveau formulaire\" aria-label=\"Nouveau formulaire\">\n\t\t\t<input type=\"hidden\" name=\"post_id\" value=\"2\"\/>\n\t\t\t<input type=\"hidden\" name=\"form_id\" value=\"eb510bc\"\/>\n\t\t\t<input type=\"hidden\" name=\"referer_title\" value=\"Contact - Effluences : \u00e9lixirs \u00e9motionnels\" \/>\n\n\t\t\t\t\t\t\t<input type=\"hidden\" name=\"queried_id\" value=\"2\"\/>\n\t\t\t\n\t\t\t<div class=\"elementor-form-fields-wrapper elementor-labels-above\">\n\t\t\t\t\t\t\t\t<div class=\"elementor-field-type-text elementor-field-group elementor-column elementor-field-group-name elementor-col-100 elementor-field-required elementor-mark-required\">\n\t\t\t\t\t\t\t\t\t\t\t\t<label for=\"form-field-name\" class=\"elementor-field-label\">\n\t\t\t\t\t\t\t\t\u540d\u79f0\t\t\t\t\t\t\t<\/label>\n\t\t\t\t\t\t\t\t\t\t\t\t\t\t<input size=\"1\" type=\"text\" name=\"form_fields[name]\" id=\"form-field-name\" class=\"elementor-field elementor-size-sm  elementor-field-textual\" placeholder=\"\u540d\u79f0\" required=\"required\">\n\t\t\t\t\t\t\t\t\t\t\t<\/div>\n\t\t\t\t\t\t\t\t<div class=\"elementor-field-type-email elementor-field-group elementor-column elementor-field-group-email elementor-col-100 elementor-field-required elementor-mark-required\">\n\t\t\t\t\t\t\t\t\t\t\t\t<label for=\"form-field-email\" class=\"elementor-field-label\">\n\t\t\t\t\t\t\t\t\u96fb\u5b50\u30e1\u30fc\u30eb\t\t\t\t\t\t\t<\/label>\n\t\t\t\t\t\t\t\t\t\t\t\t\t\t<input size=\"1\" type=\"email\" name=\"form_fields[email]\" id=\"form-field-email\" class=\"elementor-field elementor-size-sm  elementor-field-textual\" placeholder=\"\u96fb\u5b50\u30e1\u30fc\u30eb\" required=\"required\">\n\t\t\t\t\t\t\t\t\t\t\t<\/div>\n\t\t\t\t\t\t\t\t<div class=\"elementor-field-type-text elementor-field-group elementor-column elementor-field-group-field_8abffb6 elementor-col-100 elementor-field-required elementor-mark-required\">\n\t\t\t\t\t\t\t\t\t\t\t\t<label for=\"form-field-field_8abffb6\" class=\"elementor-field-label\">\n\t\t\t\t\t\t\t\t\u30c6\u30fc\u30de\t\t\t\t\t\t\t<\/label>\n\t\t\t\t\t\t\t\t\t\t\t\t\t\t<input size=\"1\" type=\"text\" name=\"form_fields[field_8abffb6]\" id=\"form-field-field_8abffb6\" class=\"elementor-field elementor-size-sm  elementor-field-textual\" placeholder=\"\u30c6\u30fc\u30de\" required=\"required\">\n\t\t\t\t\t\t\t\t\t\t\t<\/div>\n\t\t\t\t\t\t\t\t<div class=\"elementor-field-type-textarea elementor-field-group elementor-column elementor-field-group-message elementor-col-100 elementor-field-required elementor-mark-required\">\n\t\t\t\t\t\t\t\t\t\t\t\t<label for=\"form-field-message\" class=\"elementor-field-label\">\n\t\t\t\t\t\t\t\t\u30e1\u30c3\u30bb\u30fc\u30b8\t\t\t\t\t\t\t<\/label>\n\t\t\t\t\t\t<textarea class=\"elementor-field-textual elementor-field  elementor-size-sm\" name=\"form_fields[message]\" id=\"form-field-message\" rows=\"4\" placeholder=\"\u30e1\u30c3\u30bb\u30fc\u30b8\" required=\"required\"><\/textarea>\t\t\t\t<\/div>\n\t\t\t\t\t\t\t\t<div class=\"elementor-field-type-recaptcha_v3 elementor-field-group elementor-column elementor-field-group-field_5a35cf3 elementor-col-100 recaptcha_v3-bottomright\">\n\t\t\t\t\t<div class=\"elementor-field\" id=\"form-field-field_5a35cf3\"><div class=\"elementor-g-recaptcha\" data-sitekey=\"6LdkUSkqAAAAAHuA4gor2HcplOlarZKMEth6qQ-D\" data-type=\"v3\" data-action=\"Form\" data-badge=\"bottomright\" data-size=\"invisible\"><\/div><\/div>\t\t\t\t<\/div>\n\t\t\t\t\t\t\t\t<div class=\"elementor-field-type-text\">\n\t\t\t\t\t<input size=\"1\" type=\"text\" name=\"form_fields[field_92051b6]\" id=\"form-field-field_92051b6\" class=\"elementor-field elementor-size-sm\" style=\"display:none !important;\">\t\t\t\t<\/div>\n\t\t\t\t\t\t\t\t<div class=\"elementor-field-group elementor-column elementor-field-type-submit elementor-col-100 e-form__buttons\">\n\t\t\t\t\t<button class=\"elementor-button elementor-size-sm\" type=\"submit\">\n\t\t\t\t\t\t<span class=\"elementor-button-content-wrapper\">\n\t\t\t\t\t\t\t\t\t\t\t\t\t\t\t\t\t\t\t\t\t\t<span class=\"elementor-button-text\">\u9001\u4fe1<\/span>\n\t\t\t\t\t\t\t\t\t\t\t\t\t<\/span>\n\t\t\t\t\t<\/button>\n\t\t\t\t<\/div>\n\t\t\t<\/div>\n\t\t<input type=\"hidden\" name=\"trp-form-language\" value=\"ja\"\/><\/form>\n\t\t\t\t\t\t<\/div>\n\t\t\t\t<\/div>\n\t\t\t\t<\/div>\n\t\t<div class=\"elementor-element elementor-element-2c38acc e-con-full e-flex e-con e-child\" data-id=\"2c38acc\" data-element_type=\"container\" data-e-type=\"container\">\n\t\t\t\t<div class=\"elementor-element elementor-element-2a7435c elementor-widget elementor-widget-image\" data-id=\"2a7435c\" data-element_type=\"widget\" data-e-type=\"widget\" data-widget_type=\"image.default\">\n\t\t\t\t<div class=\"elementor-widget-container\">\n\t\t\t\t\t\t\t\t\t\t\t\t\t\t\t<img decoding=\"async\" width=\"300\" height=\"57\" src=\"https:\/\/effluences.com\/wp-content\/uploads\/2023\/12\/logo-LCL-vectoriel-Def-300x57.png\" class=\"attachment-medium size-medium wp-image-1530\" alt=\"\" srcset=\"https:\/\/effluences.com\/wp-content\/uploads\/2023\/12\/logo-LCL-vectoriel-Def-300x57.png 300w, https:\/\/effluences.com\/wp-content\/uploads\/2023\/12\/logo-LCL-vectoriel-Def-600x113.png 600w, https:\/\/effluences.com\/wp-content\/uploads\/2023\/12\/logo-LCL-vectoriel-Def-1024x193.png 1024w, https:\/\/effluences.com\/wp-content\/uploads\/2023\/12\/logo-LCL-vectoriel-Def-768x145.png 768w, https:\/\/effluences.com\/wp-content\/uploads\/2023\/12\/logo-LCL-vectoriel-Def-1536x289.png 1536w, https:\/\/effluences.com\/wp-content\/uploads\/2023\/12\/logo-LCL-vectoriel-Def-2048x386.png 2048w, https:\/\/effluences.com\/wp-content\/uploads\/2023\/12\/logo-LCL-vectoriel-Def-18x3.png 18w, https:\/\/effluences.com\/wp-content\/uploads\/2023\/12\/logo-LCL-vectoriel-Def-80x15.png 80w\" sizes=\"(max-width: 300px) 100vw, 300px\" \/>\t\t\t\t\t\t\t\t\t\t\t\t\t\t\t<\/div>\n\t\t\t\t<\/div>\n\t\t\t\t<div class=\"elementor-element elementor-element-3fecd3c elementor-widget elementor-widget-heading\" data-id=\"3fecd3c\" data-element_type=\"widget\" data-e-type=\"widget\" data-widget_type=\"heading.default\">\n\t\t\t\t<div class=\"elementor-widget-container\">\n\t\t\t\t\t<h2 class=\"elementor-heading-title elementor-size-default\">+33 (0)1 85 43 05 83<\/h2>\t\t\t\t<\/div>\n\t\t\t\t<\/div>\n\t\t\t\t<div class=\"elementor-element elementor-element-e1fae9d elementor-widget elementor-widget-text-editor\" data-id=\"e1fae9d\" data-element_type=\"widget\" data-e-type=\"widget\" data-widget_type=\"text-editor.default\">\n\t\t\t\t<div class=\"elementor-widget-container\">\n\t\t\t\t\t\t\t\t\t<p style=\"text-align: center;\">812 B chemin du P\u00e9guier - 84170 Monteux - \u30d5\u30e9\u30f3\u30b9 <br \/><span style=\"font-size: 10pt;\">(\u30aa\u30d5\u30a3\u30b9\u306f\u975e\u516c\u958b\uff09<\/span><\/p>\t\t\t\t\t\t\t\t<\/div>\n\t\t\t\t<\/div>\n\t\t\t\t<\/div>\n\t\t\t\t\t<\/div>\n\t\t\t\t<\/div>\n\t\t\t\t<\/div>","protected":false},"excerpt":{"rendered":"<p>\u3054\u8cfc\u5165\u524d\u306b\u3054\u4e0d\u660e\u306a\u70b9\u304c\u3042\u308b\u5834\u5408\u3084\u3001\u3055\u3089\u306b\u8a73\u3057\u3044\u60c5\u5831\u3092\u3054\u5e0c\u671b\u306e\u5834\u5408\u306f\u3001\u4e0b\u8a18\u306e\u30d5\u30a9\u30fc\u30e0\u306b\u3054\u8a18\u5165\u306e\u4e0a\u3001\u304a\u6c17\u8efd\u306b\u304a\u554f\u3044\u5408\u308f\u305b\u304f\u3060\u3055\u3044\u3002+33 (0)1 85 43 05 83 812 B chemin du P\u00e9guier - 84170 Monteux - France (\u30aa\u30d5\u30a3\u30b9\u306f\u4e00\u822c\u516c\u958b\u3055\u308c\u3066\u3044\u307e\u305b\u3093)<\/p>","protected":false},"author":1,"featured_media":0,"parent":0,"menu_order":0,"comment_status":"closed","ping_status":"open","template":"elementor_theme","meta":{"footnotes":""},"class_list":["post-2","page","type-page","status-publish","hentry"],"yoast_head":"<!-- This site is optimized with the Yoast SEO Premium plugin v21.5 (Yoast SEO v23.7) - https:\/\/yoast.com\/wordpress\/plugins\/seo\/ -->\n<title>Contact - Effluences : \u00e9lixirs \u00e9motionnels<\/title>\n<meta name=\"robots\" content=\"index, follow, max-snippet:-1, max-image-preview:large, max-video-preview:-1\" \/>\n<link rel=\"canonical\" href=\"https:\/\/effluences.com\/ja\/\u30b3\u30f3\u30bf\u30af\u30c8\/\" \/>\n<meta property=\"og:locale\" content=\"ja_JP\" \/>\n<meta property=\"og:type\" content=\"article\" \/>\n<meta property=\"og:title\" content=\"Contact\" \/>\n<meta property=\"og:description\" content=\"Pour toute question avant achat ou pour toute demande de renseignements, n\u2019h\u00e9sitez pas \u00e0 nous contacter en remplissant le formulaire ci-dessous. +33 (0)1 85 43 05 83 812 B chemin du P\u00e9guier \u2013 84170 Monteux &#8211; France (bureaux non ouverts au public)\" \/>\n<meta property=\"og:url\" content=\"https:\/\/effluences.com\/ja\/\u30b3\u30f3\u30bf\u30af\u30c8\/\" \/>\n<meta property=\"og:site_name\" content=\"Effluences : \u00e9lixirs \u00e9motionnels\" \/>\n<meta property=\"article:modified_time\" content=\"2024-08-18T08:11:16+00:00\" \/>\n<meta property=\"og:image\" content=\"https:\/\/effluences.com\/wp-content\/uploads\/2023\/12\/logo-LCL-vectoriel-Def-300x57.png\" \/>\n<meta name=\"twitter:card\" content=\"summary_large_image\" \/>\n<meta name=\"twitter:label1\" content=\"\u63a8\u5b9a\u8aad\u307f\u53d6\u308a\u6642\u9593\" \/>\n\t<meta name=\"twitter:data1\" content=\"1\u5206\" \/>\n<script type=\"application\/ld+json\" class=\"yoast-schema-graph\">{\"@context\":\"https:\/\/schema.org\",\"@graph\":[{\"@type\":\"WebPage\",\"@id\":\"https:\/\/effluences.com\/contact\/\",\"url\":\"https:\/\/effluences.com\/contact\/\",\"name\":\"Contact - Effluences : \u00e9lixirs \u00e9motionnels\",\"isPartOf\":{\"@id\":\"https:\/\/effluences.com\/#website\"},\"primaryImageOfPage\":{\"@id\":\"https:\/\/effluences.com\/contact\/#primaryimage\"},\"image\":{\"@id\":\"https:\/\/effluences.com\/contact\/#primaryimage\"},\"thumbnailUrl\":\"https:\/\/effluences.com\/wp-content\/uploads\/2023\/12\/logo-LCL-vectoriel-Def-300x57.png\",\"datePublished\":\"2023-11-15T20:36:07+00:00\",\"dateModified\":\"2024-08-18T08:11:16+00:00\",\"breadcrumb\":{\"@id\":\"https:\/\/effluences.com\/contact\/#breadcrumb\"},\"inLanguage\":\"ja\",\"potentialAction\":[{\"@type\":\"ReadAction\",\"target\":[\"https:\/\/effluences.com\/contact\/\"]}]},{\"@type\":\"ImageObject\",\"inLanguage\":\"ja\",\"@id\":\"https:\/\/effluences.com\/contact\/#primaryimage\",\"url\":\"https:\/\/effluences.com\/wp-content\/uploads\/2023\/12\/logo-LCL-vectoriel-Def-300x57.png\",\"contentUrl\":\"https:\/\/effluences.com\/wp-content\/uploads\/2023\/12\/logo-LCL-vectoriel-Def-300x57.png\"},{\"@type\":\"BreadcrumbList\",\"@id\":\"https:\/\/effluences.com\/contact\/#breadcrumb\",\"itemListElement\":[{\"@type\":\"ListItem\",\"position\":1,\"name\":\"Accueil\",\"item\":\"https:\/\/effluences.com\/\"},{\"@type\":\"ListItem\",\"position\":2,\"name\":\"Contact\"}]},{\"@type\":\"WebSite\",\"@id\":\"https:\/\/effluences.com\/#website\",\"url\":\"https:\/\/effluences.com\/\",\"name\":\"Les Effluences\",\"description\":\"Boostez vos \u00e9motions positives\",\"publisher\":{\"@id\":\"https:\/\/effluences.com\/#organization\"},\"alternateName\":\"Effluences\",\"potentialAction\":[{\"@type\":\"SearchAction\",\"target\":{\"@type\":\"EntryPoint\",\"urlTemplate\":\"https:\/\/effluences.com\/?s={search_term_string}\"},\"query-input\":{\"@type\":\"PropertyValueSpecification\",\"valueRequired\":true,\"valueName\":\"search_term_string\"}}],\"inLanguage\":\"ja\"},{\"@type\":\"Organization\",\"@id\":\"https:\/\/effluences.com\/#organization\",\"name\":\"Lumen Care Laboratory\",\"url\":\"https:\/\/effluences.com\/\",\"logo\":{\"@type\":\"ImageObject\",\"inLanguage\":\"ja\",\"@id\":\"https:\/\/effluences.com\/#\/schema\/logo\/image\/\",\"url\":\"https:\/\/effluences.com\/wp-content\/uploads\/2023\/12\/logo-LCL-vectoriel-Def.png\",\"contentUrl\":\"https:\/\/effluences.com\/wp-content\/uploads\/2023\/12\/logo-LCL-vectoriel-Def.png\",\"width\":3790,\"height\":714,\"caption\":\"Lumen Care Laboratory\"},\"image\":{\"@id\":\"https:\/\/effluences.com\/#\/schema\/logo\/image\/\"}}]}<\/script>\n<!-- \/ Yoast SEO Premium plugin. -->","yoast_head_json":{"title":"Contact - Effluences : \u00e9lixirs \u00e9motionnels","robots":{"index":"index","follow":"follow","max-snippet":"max-snippet:-1","max-image-preview":"max-image-preview:large","max-video-preview":"max-video-preview:-1"},"canonical":"https:\/\/effluences.com\/ja\/\u30b3\u30f3\u30bf\u30af\u30c8\/","og_locale":"ja_JP","og_type":"article","og_title":"Contact","og_description":"Pour toute question avant achat ou pour toute demande de renseignements, n\u2019h\u00e9sitez pas \u00e0 nous contacter en remplissant le formulaire ci-dessous. +33 (0)1 85 43 05 83 812 B chemin du P\u00e9guier \u2013 84170 Monteux &#8211; France (bureaux non ouverts au public)","og_url":"https:\/\/effluences.com\/ja\/\u30b3\u30f3\u30bf\u30af\u30c8\/","og_site_name":"Effluences : \u00e9lixirs \u00e9motionnels","article_modified_time":"2024-08-18T08:11:16+00:00","og_image":[{"url":"https:\/\/effluences.com\/wp-content\/uploads\/2023\/12\/logo-LCL-vectoriel-Def-300x57.png"}],"twitter_card":"summary_large_image","twitter_misc":{"\u63a8\u5b9a\u8aad\u307f\u53d6\u308a\u6642\u9593":"1\u5206"},"schema":{"@context":"https:\/\/schema.org","@graph":[{"@type":"WebPage","@id":"https:\/\/effluences.com\/contact\/","url":"https:\/\/effluences.com\/contact\/","name":"Contact - Effluences : \u00e9lixirs \u00e9motionnels","isPartOf":{"@id":"https:\/\/effluences.com\/#website"},"primaryImageOfPage":{"@id":"https:\/\/effluences.com\/contact\/#primaryimage"},"image":{"@id":"https:\/\/effluences.com\/contact\/#primaryimage"},"thumbnailUrl":"https:\/\/effluences.com\/wp-content\/uploads\/2023\/12\/logo-LCL-vectoriel-Def-300x57.png","datePublished":"2023-11-15T20:36:07+00:00","dateModified":"2024-08-18T08:11:16+00:00","breadcrumb":{"@id":"https:\/\/effluences.com\/contact\/#breadcrumb"},"inLanguage":"ja","potentialAction":[{"@type":"ReadAction","target":["https:\/\/effluences.com\/contact\/"]}]},{"@type":"ImageObject","inLanguage":"ja","@id":"https:\/\/effluences.com\/contact\/#primaryimage","url":"https:\/\/effluences.com\/wp-content\/uploads\/2023\/12\/logo-LCL-vectoriel-Def-300x57.png","contentUrl":"https:\/\/effluences.com\/wp-content\/uploads\/2023\/12\/logo-LCL-vectoriel-Def-300x57.png"},{"@type":"BreadcrumbList","@id":"https:\/\/effluences.com\/contact\/#breadcrumb","itemListElement":[{"@type":"ListItem","position":1,"name":"Accueil","item":"https:\/\/effluences.com\/"},{"@type":"ListItem","position":2,"name":"Contact"}]},{"@type":"WebSite","@id":"https:\/\/effluences.com\/#website","url":"https:\/\/effluences.com\/","name":"Les Effluences","description":"Boostez vos \u00e9motions positives","publisher":{"@id":"https:\/\/effluences.com\/#organization"},"alternateName":"Effluences","potentialAction":[{"@type":"SearchAction","target":{"@type":"EntryPoint","urlTemplate":"https:\/\/effluences.com\/?s={search_term_string}"},"query-input":{"@type":"PropertyValueSpecification","valueRequired":true,"valueName":"search_term_string"}}],"inLanguage":"ja"},{"@type":"Organization","@id":"https:\/\/effluences.com\/#organization","name":"Lumen Care Laboratory","url":"https:\/\/effluences.com\/","logo":{"@type":"ImageObject","inLanguage":"ja","@id":"https:\/\/effluences.com\/#\/schema\/logo\/image\/","url":"https:\/\/effluences.com\/wp-content\/uploads\/2023\/12\/logo-LCL-vectoriel-Def.png","contentUrl":"https:\/\/effluences.com\/wp-content\/uploads\/2023\/12\/logo-LCL-vectoriel-Def.png","width":3790,"height":714,"caption":"Lumen Care Laboratory"},"image":{"@id":"https:\/\/effluences.com\/#\/schema\/logo\/image\/"}}]}},"_links":{"self":[{"href":"https:\/\/effluences.com\/ja\/wp-json\/wp\/v2\/pages\/2","targetHints":{"allow":["GET"]}}],"collection":[{"href":"https:\/\/effluences.com\/ja\/wp-json\/wp\/v2\/pages"}],"about":[{"href":"https:\/\/effluences.com\/ja\/wp-json\/wp\/v2\/types\/page"}],"author":[{"embeddable":true,"href":"https:\/\/effluences.com\/ja\/wp-json\/wp\/v2\/users\/1"}],"replies":[{"embeddable":true,"href":"https:\/\/effluences.com\/ja\/wp-json\/wp\/v2\/comments?post=2"}],"version-history":[{"count":9,"href":"https:\/\/effluences.com\/ja\/wp-json\/wp\/v2\/pages\/2\/revisions"}],"predecessor-version":[{"id":1807,"href":"https:\/\/effluences.com\/ja\/wp-json\/wp\/v2\/pages\/2\/revisions\/1807"}],"wp:attachment":[{"href":"https:\/\/effluences.com\/ja\/wp-json\/wp\/v2\/media?parent=2"}],"curies":[{"name":"wp","href":"https:\/\/api.w.org\/{rel}","templated":true}]}}