{"id":8,"date":"2023-11-15T22:19:23","date_gmt":"2023-11-15T21:19:23","guid":{"rendered":"http:\/\/effluences.lumen-care.com\/panier\/"},"modified":"2023-11-24T23:14:25","modified_gmt":"2023-11-24T22:14:25","slug":"panier","status":"publish","type":"page","link":"https:\/\/effluences.com\/ja\/panier\/","title":{"rendered":"Panier"},"content":{"rendered":"<div data-elementor-type=\"wp-page\" data-elementor-id=\"8\" class=\"elementor elementor-8\" data-elementor-post-type=\"page\">\n\t\t\t\t<div class=\"elementor-element elementor-element-60ef2488 e-flex e-con-boxed e-con e-parent\" data-id=\"60ef2488\" data-element_type=\"container\" data-e-type=\"container\">\n\t\t\t\t\t<div class=\"e-con-inner\">\n\t\t\t\t<div class=\"elementor-element elementor-element-0ca20a0 elementor-widget elementor-widget-heading\" data-id=\"0ca20a0\" data-element_type=\"widget\" data-e-type=\"widget\" data-widget_type=\"heading.default\">\n\t\t\t\t<div class=\"elementor-widget-container\">\n\t\t\t\t\t<h2 class=\"elementor-heading-title elementor-size-default\">Votre panier<\/h2>\t\t\t\t<\/div>\n\t\t\t\t<\/div>\n\t\t\t\t\t<\/div>\n\t\t\t\t<\/div>\n\t\t\t\t<\/div>","protected":false},"excerpt":{"rendered":"<p>Votre panier Supprimer l\u2019\u00e9l\u00e9ment Miniature Produit Prix Quantit\u00e9 Sous-total &times; Nouveau d\u00e9part &#8211; Coffret 5 ou 10 Effluences &#8211; 10 Effluences 130,00&nbsp;&euro; quantit\u00e9 de Nouveau d\u00e9part &#8211; Coffret 5 ou 10 Effluences &#8211; 10 Effluences 130,00&nbsp;&euro; &times; Topaze Bleue &#8211; Avec collier simple et boite en alu 24,00&nbsp;&euro; quantit\u00e9 de Topaze Bleue &#8211; Avec collier simple et boite en alu 24,00&nbsp;&euro; Mise \u00e0 jour le panier Appliquer le code promo Totaux du panier Sous-total 154,00&nbsp;&euro; Total 154,00&nbsp;&euro; Passer \u00e0 la commande<\/p>","protected":false},"author":1,"featured_media":0,"parent":0,"menu_order":0,"comment_status":"closed","ping_status":"closed","template":"","meta":{"footnotes":""},"class_list":["post-8","page","type-page","status-publish","hentry"],"yoast_head":"<!-- This site is optimized with the Yoast SEO Premium plugin v21.5 (Yoast SEO v23.7) - https:\/\/yoast.com\/wordpress\/plugins\/seo\/ -->\n<title>Panier - Effluences : \u00e9lixirs \u00e9motionnels<\/title>\n<meta name=\"robots\" content=\"index, follow, max-snippet:-1, max-image-preview:large, max-video-preview:-1\" \/>\n<link rel=\"canonical\" href=\"https:\/\/effluences.com\/ja\/panier\/\" \/>\n<meta property=\"og:locale\" content=\"ja_JP\" \/>\n<meta property=\"og:type\" content=\"article\" \/>\n<meta property=\"og:title\" content=\"Panier\" \/>\n<meta property=\"og:description\" content=\"Votre panier Supprimer l\u2019\u00e9l\u00e9ment Miniature Produit Prix Quantit\u00e9 Sous-total &times; Nouveau d\u00e9part &#8211; Coffret 5 ou 10 Effluences &#8211; 10 Effluences 130,00&nbsp;&euro; quantit\u00e9 de Nouveau d\u00e9part &#8211; Coffret 5 ou 10 Effluences &#8211; 10 Effluences 130,00&nbsp;&euro; &times; Topaze Bleue &#8211; Avec collier simple et boite en alu 24,00&nbsp;&euro; quantit\u00e9 de Topaze Bleue &#8211; Avec collier simple et boite en alu 24,00&nbsp;&euro; Mise \u00e0 jour le panier Appliquer le code promo Totaux du panier Sous-total 154,00&nbsp;&euro; Total 154,00&nbsp;&euro; Passer \u00e0 la commande\" \/>\n<meta property=\"og:url\" content=\"https:\/\/effluences.com\/ja\/panier\/\" \/>\n<meta property=\"og:site_name\" content=\"Effluences : \u00e9lixirs \u00e9motionnels\" \/>\n<meta property=\"article:modified_time\" content=\"2023-11-24T22:14:25+00:00\" \/>\n<meta property=\"og:image\" content=\"https:\/\/effluences.com\/wp-content\/uploads\/2023\/11\/MG_2544-rotated-1-300x300.jpg\" \/>\n<meta name=\"twitter:card\" content=\"summary_large_image\" \/>\n<script type=\"application\/ld+json\" class=\"yoast-schema-graph\">{\"@context\":\"https:\/\/schema.org\",\"@graph\":[{\"@type\":\"WebPage\",\"@id\":\"https:\/\/effluences.com\/panier\/\",\"url\":\"https:\/\/effluences.com\/panier\/\",\"name\":\"Panier - Effluences : \u00e9lixirs \u00e9motionnels\",\"isPartOf\":{\"@id\":\"https:\/\/effluences.com\/#website\"},\"primaryImageOfPage\":{\"@id\":\"https:\/\/effluences.com\/panier\/#primaryimage\"},\"image\":{\"@id\":\"https:\/\/effluences.com\/panier\/#primaryimage\"},\"thumbnailUrl\":\"https:\/\/effluences.com\/wp-content\/uploads\/2023\/11\/MG_2544-rotated-1-300x300.jpg\",\"datePublished\":\"2023-11-15T21:19:23+00:00\",\"dateModified\":\"2023-11-24T22:14:25+00:00\",\"breadcrumb\":{\"@id\":\"https:\/\/effluences.com\/panier\/#breadcrumb\"},\"inLanguage\":\"ja\",\"potentialAction\":[{\"@type\":\"ReadAction\",\"target\":[\"https:\/\/effluences.com\/panier\/\"]}]},{\"@type\":\"ImageObject\",\"inLanguage\":\"ja\",\"@id\":\"https:\/\/effluences.com\/panier\/#primaryimage\",\"url\":\"https:\/\/effluences.com\/wp-content\/uploads\/2023\/11\/MG_2544-rotated-1-300x300.jpg\",\"contentUrl\":\"https:\/\/effluences.com\/wp-content\/uploads\/2023\/11\/MG_2544-rotated-1-300x300.jpg\"},{\"@type\":\"BreadcrumbList\",\"@id\":\"https:\/\/effluences.com\/panier\/#breadcrumb\",\"itemListElement\":[{\"@type\":\"ListItem\",\"position\":1,\"name\":\"Accueil\",\"item\":\"https:\/\/effluences.com\/\"},{\"@type\":\"ListItem\",\"position\":2,\"name\":\"Panier\"}]},{\"@type\":\"WebSite\",\"@id\":\"https:\/\/effluences.com\/#website\",\"url\":\"https:\/\/effluences.com\/\",\"name\":\"Les Effluences\",\"description\":\"Boostez vos \u00e9motions positives\",\"publisher\":{\"@id\":\"https:\/\/effluences.com\/#organization\"},\"alternateName\":\"Effluences\",\"potentialAction\":[{\"@type\":\"SearchAction\",\"target\":{\"@type\":\"EntryPoint\",\"urlTemplate\":\"https:\/\/effluences.com\/?s={search_term_string}\"},\"query-input\":{\"@type\":\"PropertyValueSpecification\",\"valueRequired\":true,\"valueName\":\"search_term_string\"}}],\"inLanguage\":\"ja\"},{\"@type\":\"Organization\",\"@id\":\"https:\/\/effluences.com\/#organization\",\"name\":\"Lumen Care Laboratory\",\"url\":\"https:\/\/effluences.com\/\",\"logo\":{\"@type\":\"ImageObject\",\"inLanguage\":\"ja\",\"@id\":\"https:\/\/effluences.com\/#\/schema\/logo\/image\/\",\"url\":\"https:\/\/effluences.com\/wp-content\/uploads\/2023\/12\/logo-LCL-vectoriel-Def.png\",\"contentUrl\":\"https:\/\/effluences.com\/wp-content\/uploads\/2023\/12\/logo-LCL-vectoriel-Def.png\",\"width\":3790,\"height\":714,\"caption\":\"Lumen Care Laboratory\"},\"image\":{\"@id\":\"https:\/\/effluences.com\/#\/schema\/logo\/image\/\"}}]}<\/script>\n<!-- \/ Yoast SEO Premium plugin. -->","yoast_head_json":{"title":"Panier - Effluences : \u00e9lixirs \u00e9motionnels","robots":{"index":"index","follow":"follow","max-snippet":"max-snippet:-1","max-image-preview":"max-image-preview:large","max-video-preview":"max-video-preview:-1"},"canonical":"https:\/\/effluences.com\/ja\/panier\/","og_locale":"ja_JP","og_type":"article","og_title":"Panier","og_description":"Votre panier Supprimer l\u2019\u00e9l\u00e9ment Miniature Produit Prix Quantit\u00e9 Sous-total &times; Nouveau d\u00e9part &#8211; Coffret 5 ou 10 Effluences &#8211; 10 Effluences 130,00&nbsp;&euro; quantit\u00e9 de Nouveau d\u00e9part &#8211; Coffret 5 ou 10 Effluences &#8211; 10 Effluences 130,00&nbsp;&euro; &times; Topaze Bleue &#8211; Avec collier simple et boite en alu 24,00&nbsp;&euro; quantit\u00e9 de Topaze Bleue &#8211; Avec collier simple et boite en alu 24,00&nbsp;&euro; Mise \u00e0 jour le panier Appliquer le code promo Totaux du panier Sous-total 154,00&nbsp;&euro; Total 154,00&nbsp;&euro; Passer \u00e0 la commande","og_url":"https:\/\/effluences.com\/ja\/panier\/","og_site_name":"Effluences : \u00e9lixirs \u00e9motionnels","article_modified_time":"2023-11-24T22:14:25+00:00","og_image":[{"url":"https:\/\/effluences.com\/wp-content\/uploads\/2023\/11\/MG_2544-rotated-1-300x300.jpg"}],"twitter_card":"summary_large_image","schema":{"@context":"https:\/\/schema.org","@graph":[{"@type":"WebPage","@id":"https:\/\/effluences.com\/panier\/","url":"https:\/\/effluences.com\/panier\/","name":"Panier - Effluences : \u00e9lixirs \u00e9motionnels","isPartOf":{"@id":"https:\/\/effluences.com\/#website"},"primaryImageOfPage":{"@id":"https:\/\/effluences.com\/panier\/#primaryimage"},"image":{"@id":"https:\/\/effluences.com\/panier\/#primaryimage"},"thumbnailUrl":"https:\/\/effluences.com\/wp-content\/uploads\/2023\/11\/MG_2544-rotated-1-300x300.jpg","datePublished":"2023-11-15T21:19:23+00:00","dateModified":"2023-11-24T22:14:25+00:00","breadcrumb":{"@id":"https:\/\/effluences.com\/panier\/#breadcrumb"},"inLanguage":"ja","potentialAction":[{"@type":"ReadAction","target":["https:\/\/effluences.com\/panier\/"]}]},{"@type":"ImageObject","inLanguage":"ja","@id":"https:\/\/effluences.com\/panier\/#primaryimage","url":"https:\/\/effluences.com\/wp-content\/uploads\/2023\/11\/MG_2544-rotated-1-300x300.jpg","contentUrl":"https:\/\/effluences.com\/wp-content\/uploads\/2023\/11\/MG_2544-rotated-1-300x300.jpg"},{"@type":"BreadcrumbList","@id":"https:\/\/effluences.com\/panier\/#breadcrumb","itemListElement":[{"@type":"ListItem","position":1,"name":"Accueil","item":"https:\/\/effluences.com\/"},{"@type":"ListItem","position":2,"name":"Panier"}]},{"@type":"WebSite","@id":"https:\/\/effluences.com\/#website","url":"https:\/\/effluences.com\/","name":"Les Effluences","description":"Boostez vos \u00e9motions positives","publisher":{"@id":"https:\/\/effluences.com\/#organization"},"alternateName":"Effluences","potentialAction":[{"@type":"SearchAction","target":{"@type":"EntryPoint","urlTemplate":"https:\/\/effluences.com\/?s={search_term_string}"},"query-input":{"@type":"PropertyValueSpecification","valueRequired":true,"valueName":"search_term_string"}}],"inLanguage":"ja"},{"@type":"Organization","@id":"https:\/\/effluences.com\/#organization","name":"Lumen Care Laboratory","url":"https:\/\/effluences.com\/","logo":{"@type":"ImageObject","inLanguage":"ja","@id":"https:\/\/effluences.com\/#\/schema\/logo\/image\/","url":"https:\/\/effluences.com\/wp-content\/uploads\/2023\/12\/logo-LCL-vectoriel-Def.png","contentUrl":"https:\/\/effluences.com\/wp-content\/uploads\/2023\/12\/logo-LCL-vectoriel-Def.png","width":3790,"height":714,"caption":"Lumen Care Laboratory"},"image":{"@id":"https:\/\/effluences.com\/#\/schema\/logo\/image\/"}}]}},"_links":{"self":[{"href":"https:\/\/effluences.com\/ja\/wp-json\/wp\/v2\/pages\/8","targetHints":{"allow":["GET"]}}],"collection":[{"href":"https:\/\/effluences.com\/ja\/wp-json\/wp\/v2\/pages"}],"about":[{"href":"https:\/\/effluences.com\/ja\/wp-json\/wp\/v2\/types\/page"}],"author":[{"embeddable":true,"href":"https:\/\/effluences.com\/ja\/wp-json\/wp\/v2\/users\/1"}],"replies":[{"embeddable":true,"href":"https:\/\/effluences.com\/ja\/wp-json\/wp\/v2\/comments?post=8"}],"version-history":[{"count":15,"href":"https:\/\/effluences.com\/ja\/wp-json\/wp\/v2\/pages\/8\/revisions"}],"predecessor-version":[{"id":946,"href":"https:\/\/effluences.com\/ja\/wp-json\/wp\/v2\/pages\/8\/revisions\/946"}],"wp:attachment":[{"href":"https:\/\/effluences.com\/ja\/wp-json\/wp\/v2\/media?parent=8"}],"curies":[{"name":"wp","href":"https:\/\/api.w.org\/{rel}","templated":true}]}}