{"id":295,"date":"2023-11-15T23:15:13","date_gmt":"2023-11-15T22:15:13","guid":{"rendered":"https:\/\/effluences.lumen-care.com\/?post_type=product&#038;p=295"},"modified":"2025-06-03T14:12:05","modified_gmt":"2025-06-03T12:12:05","slug":"rose","status":"publish","type":"product","link":"https:\/\/effluences.com\/ja\/boutique\/\u82b1\u3005\/\u30d4\u30f3\u30af\/","title":{"rendered":"\u30ed\u30fc\u30ba"},"content":{"rendered":"<h2>L'<em>\u30a8\u30d5\u30eb\u30a8\u30f3\u30b9<\/em> &#039;<strong>\u30ed\u30fc\u30ba<\/strong>&#039; \u30eb\u30fc\u30e1\u30f3\u30b1\u30a2\u7814\u7a76\u5ba4\u3088\u308a<\/h2>\n<p>\u3053\u306e\u30da\u30f3\u30c0\u30f3\u30c8\u306f\u3001\u81ea\u5206\u306e\u611f\u60c5\u3092\u30b3\u30f3\u30c8\u30ed\u30fc\u30eb\u3057\u3001\u6f5c\u5728\u80fd\u529b\u3092\u6700\u5927\u9650\u306b\u5f15\u304d\u51fa\u3059\u624b\u52a9\u3051\u3092\u3057\u3066\u304f\u308c\u308b\u3002\u305d\u306e <em>\u6392\u6c34<\/em> \u76ae\u819a\u306b\u63a5\u89e6\u3055\u305b\u308b\u3053\u3068\u3067\u3001\u6df1\u3044\u30dd\u30b8\u30c6\u30a3\u30d6\u306a\u5909\u5316\u3092\u3082\u305f\u3089\u3059\u3002<strong>. <\/strong>&nbsp;<\/p>\n<h2>\u611f\u60c5\u3092\u30b1\u30a2\u3059\u308b\u6280\u8853\u9769\u65b0<\/h2>\n<p>\u306b\u3064\u3044\u3066 <em>\u6392\u6c34<\/em> \u306f\u3001\u3042\u306a\u305f\u306e\u611f\u60c5\u7684\u306a\u5e78\u798f\u3092\u7a4d\u6975\u7684\u306b\u9ad8\u3081\u308b\u305f\u3081\u306b\u50cd\u304f\u632f\u52d5\u30a8\u30ea\u30af\u30b5\u30fc\u3067\u3059\u3002\u30d5\u30e9\u30f3\u30b9\u88fd\u306e\u3053\u306e\u30ac\u30e9\u30b9\u30ab\u30d7\u30bb\u30eb\u306b\u306f\u3001&amp;#039\u306e\u7d14\u7c8b\u306a\u6ce2\u52d5\u304c\u6ce8\u5165\u3055\u308c\u305f\u5149\u30a8\u30f3\u30b3\u30fc\u30c9\u6c34\u304c\u542b\u307e\u308c\u3066\u3044\u307e\u3059\uff1b<strong>\u30ed\u30fc\u30ba<\/strong>#039;\u3002\u975e\u5e38\u306b\u9ad8\u3044\u5e0c\u91c8\u5ea6\u3067\u306f\u3001\u3053\u308c\u3089\u306e\u632f\u52d5\u304c\u30ab\u30d7\u30bb\u30eb\u306e\u30ac\u30e9\u30b9\u3092\u901a\u3057\u3066\u653e\u5c04\u3055\u308c\u307e\u3059\u3002<\/p>","protected":false},"excerpt":{"rendered":"<h3>\u7a4d\u6975\u7684\u306a\u5f37\u5316\uff1a <\/h3>\n<p>\u81ea\u5206\u81ea\u8eab\u3084\u4ed6\u8005\u3068\u306e\u4ea4\u6d41\u3068\u5bfe\u8a71\u3002\u81ea\u5206\u81ea\u8eab\u3092\u5fd8\u308c\u305f\u308a\u5931\u3063\u305f\u308a\u3059\u308b\u3053\u3068\u306a\u304f\u3001\u4e16\u754c\u3068\u306e\u95a2\u4fc2\u306b\u304a\u3044\u3066\u5b8c\u5168\u3067\u7121\u50b7\u3067\u3042\u308a\u7d9a\u3051\u308b\u3053\u3068\u3092\u52a9\u3051\u308b\u3002\u4e0d\u5b89\u3001\u30b9\u30c8\u30ec\u30b9\u3001\u4e00\u6642\u7684\u306a\u3046\u3064\u72b6\u614b\u306b\u52b9\u679c\u7684\u3002<\/p>","protected":false},"featured_media":1159,"comment_status":"open","ping_status":"closed","template":"","meta":[],"product_cat":[27],"product_tag":[],"class_list":{"0":"post-295","1":"product","2":"type-product","3":"status-publish","4":"has-post-thumbnail","6":"product_cat-fleurs","8":"first","9":"instock","10":"taxable","11":"shipping-taxable","12":"purchasable","13":"product-type-variable"},"yoast_head":"<!-- This site is optimized with the Yoast SEO Premium plugin v21.5 (Yoast SEO v23.7) - https:\/\/yoast.com\/wordpress\/plugins\/seo\/ -->\n<title>Rose - Effluences : \u00e9lixirs \u00e9motionnels<\/title>\n<meta name=\"robots\" content=\"index, follow, max-snippet:-1, max-image-preview:large, max-video-preview:-1\" \/>\n<link rel=\"canonical\" href=\"https:\/\/effluences.com\/ja\/boutique\/\u82b1\u3005\/\u30d4\u30f3\u30af\/\" \/>\n<meta property=\"og:locale\" content=\"ja_JP\" \/>\n<meta property=\"og:type\" content=\"article\" \/>\n<meta property=\"og:title\" content=\"Rose\" \/>\n<meta property=\"og:description\" content=\"Renforcement positif : \u00c9change et dialogue avec soi et avec l\u2019autre. Aide \u00e0 rester entier, int\u00e8gre dans sa relation au monde, sans s\u2019oublier ni se perdre. Efficace contre l\u2019anxi\u00e9t\u00e9, le stress et les d\u00e9primes passag\u00e8res.\" \/>\n<meta property=\"og:url\" content=\"https:\/\/effluences.com\/ja\/boutique\/\u82b1\u3005\/\u30d4\u30f3\u30af\/\" \/>\n<meta property=\"og:site_name\" content=\"Effluences : \u00e9lixirs \u00e9motionnels\" \/>\n<meta property=\"article:modified_time\" content=\"2025-06-03T12:12:05+00:00\" \/>\n<meta property=\"og:image\" content=\"https:\/\/effluences.com\/wp-content\/uploads\/2023\/11\/Rose.jpg\" \/>\n\t<meta property=\"og:image:width\" content=\"740\" \/>\n\t<meta property=\"og:image:height\" content=\"1110\" \/>\n\t<meta property=\"og:image:type\" content=\"image\/jpeg\" \/>\n<meta name=\"twitter:card\" content=\"summary_large_image\" \/>\n<meta name=\"twitter:label1\" content=\"\u5728\u5eab\" \/>\n\t<meta name=\"twitter:data1\" content=\"\u5728\u5eab\u3042\u308a\" \/>\n<script type=\"application\/ld+json\" class=\"yoast-schema-graph\">{\"@context\":\"https:\/\/schema.org\",\"@graph\":[{\"@type\":\"WebPage\",\"@id\":\"https:\/\/effluences.com\/boutique\/fleurs\/rose\/\",\"url\":\"https:\/\/effluences.com\/boutique\/fleurs\/rose\/\",\"name\":\"Rose - Effluences : \u00e9lixirs \u00e9motionnels\",\"isPartOf\":{\"@id\":\"https:\/\/effluences.com\/#website\"},\"primaryImageOfPage\":{\"@id\":\"https:\/\/effluences.com\/boutique\/fleurs\/rose\/#primaryimage\"},\"image\":{\"@id\":\"https:\/\/effluences.com\/boutique\/fleurs\/rose\/#primaryimage\"},\"thumbnailUrl\":\"https:\/\/effluences.com\/wp-content\/uploads\/2023\/11\/Rose.jpg\",\"datePublished\":\"2023-11-15T22:15:13+00:00\",\"dateModified\":\"2025-06-03T12:12:05+00:00\",\"breadcrumb\":{\"@id\":\"https:\/\/effluences.com\/boutique\/fleurs\/rose\/#breadcrumb\"},\"inLanguage\":\"ja\",\"potentialAction\":[{\"@type\":\"ReadAction\",\"target\":[\"https:\/\/effluences.com\/boutique\/fleurs\/rose\/\"]}]},{\"@type\":\"ImageObject\",\"inLanguage\":\"ja\",\"@id\":\"https:\/\/effluences.com\/boutique\/fleurs\/rose\/#primaryimage\",\"url\":\"https:\/\/effluences.com\/wp-content\/uploads\/2023\/11\/Rose.jpg\",\"contentUrl\":\"https:\/\/effluences.com\/wp-content\/uploads\/2023\/11\/Rose.jpg\",\"width\":740,\"height\":1110},{\"@type\":\"BreadcrumbList\",\"@id\":\"https:\/\/effluences.com\/boutique\/fleurs\/rose\/#breadcrumb\",\"itemListElement\":[{\"@type\":\"ListItem\",\"position\":1,\"name\":\"Accueil\",\"item\":\"https:\/\/effluences.com\/\"},{\"@type\":\"ListItem\",\"position\":2,\"name\":\"Boutique\",\"item\":\"https:\/\/effluences.com\/boutique\/\"},{\"@type\":\"ListItem\",\"position\":3,\"name\":\"Rose\"}]},{\"@type\":\"WebSite\",\"@id\":\"https:\/\/effluences.com\/#website\",\"url\":\"https:\/\/effluences.com\/\",\"name\":\"Les Effluences\",\"description\":\"Boostez vos \u00e9motions positives\",\"publisher\":{\"@id\":\"https:\/\/effluences.com\/#organization\"},\"alternateName\":\"Effluences\",\"potentialAction\":[{\"@type\":\"SearchAction\",\"target\":{\"@type\":\"EntryPoint\",\"urlTemplate\":\"https:\/\/effluences.com\/?s={search_term_string}\"},\"query-input\":{\"@type\":\"PropertyValueSpecification\",\"valueRequired\":true,\"valueName\":\"search_term_string\"}}],\"inLanguage\":\"ja\"},{\"@type\":\"Organization\",\"@id\":\"https:\/\/effluences.com\/#organization\",\"name\":\"Lumen Care Laboratory\",\"url\":\"https:\/\/effluences.com\/\",\"logo\":{\"@type\":\"ImageObject\",\"inLanguage\":\"ja\",\"@id\":\"https:\/\/effluences.com\/#\/schema\/logo\/image\/\",\"url\":\"https:\/\/effluences.com\/wp-content\/uploads\/2023\/12\/logo-LCL-vectoriel-Def.png\",\"contentUrl\":\"https:\/\/effluences.com\/wp-content\/uploads\/2023\/12\/logo-LCL-vectoriel-Def.png\",\"width\":3790,\"height\":714,\"caption\":\"Lumen Care Laboratory\"},\"image\":{\"@id\":\"https:\/\/effluences.com\/#\/schema\/logo\/image\/\"}}]}<\/script>\n<meta property=\"product:brand\" content=\"Effluences\" \/>\n<meta property=\"og:availability\" content=\"instock\" \/>\n<meta property=\"product:availability\" content=\"instock\" \/>\n<meta property=\"product:retailer_item_id\" content=\"F07\" \/>\n<meta property=\"product:condition\" content=\"new\" \/>\n<!-- \/ Yoast SEO Premium plugin. -->","yoast_head_json":{"title":"Rose - Effluences : \u00e9lixirs \u00e9motionnels","robots":{"index":"index","follow":"follow","max-snippet":"max-snippet:-1","max-image-preview":"max-image-preview:large","max-video-preview":"max-video-preview:-1"},"canonical":"https:\/\/effluences.com\/ja\/boutique\/\u82b1\u3005\/\u30d4\u30f3\u30af\/","og_locale":"ja_JP","og_type":"article","og_title":"Rose","og_description":"Renforcement positif : \u00c9change et dialogue avec soi et avec l\u2019autre. Aide \u00e0 rester entier, int\u00e8gre dans sa relation au monde, sans s\u2019oublier ni se perdre. Efficace contre l\u2019anxi\u00e9t\u00e9, le stress et les d\u00e9primes passag\u00e8res.","og_url":"https:\/\/effluences.com\/ja\/boutique\/\u82b1\u3005\/\u30d4\u30f3\u30af\/","og_site_name":"Effluences : \u00e9lixirs \u00e9motionnels","article_modified_time":"2025-06-03T12:12:05+00:00","og_image":[{"width":740,"height":1110,"url":"https:\/\/effluences.com\/wp-content\/uploads\/2023\/11\/Rose.jpg","type":"image\/jpeg"}],"twitter_card":"summary_large_image","twitter_misc":{"\u5728\u5eab":"\u5728\u5eab\u3042\u308a"},"schema":{"@context":"https:\/\/schema.org","@graph":[{"@type":"WebPage","@id":"https:\/\/effluences.com\/boutique\/fleurs\/rose\/","url":"https:\/\/effluences.com\/boutique\/fleurs\/rose\/","name":"Rose - Effluences : \u00e9lixirs \u00e9motionnels","isPartOf":{"@id":"https:\/\/effluences.com\/#website"},"primaryImageOfPage":{"@id":"https:\/\/effluences.com\/boutique\/fleurs\/rose\/#primaryimage"},"image":{"@id":"https:\/\/effluences.com\/boutique\/fleurs\/rose\/#primaryimage"},"thumbnailUrl":"https:\/\/effluences.com\/wp-content\/uploads\/2023\/11\/Rose.jpg","datePublished":"2023-11-15T22:15:13+00:00","dateModified":"2025-06-03T12:12:05+00:00","breadcrumb":{"@id":"https:\/\/effluences.com\/boutique\/fleurs\/rose\/#breadcrumb"},"inLanguage":"ja","potentialAction":[{"@type":"ReadAction","target":["https:\/\/effluences.com\/boutique\/fleurs\/rose\/"]}]},{"@type":"ImageObject","inLanguage":"ja","@id":"https:\/\/effluences.com\/boutique\/fleurs\/rose\/#primaryimage","url":"https:\/\/effluences.com\/wp-content\/uploads\/2023\/11\/Rose.jpg","contentUrl":"https:\/\/effluences.com\/wp-content\/uploads\/2023\/11\/Rose.jpg","width":740,"height":1110},{"@type":"BreadcrumbList","@id":"https:\/\/effluences.com\/boutique\/fleurs\/rose\/#breadcrumb","itemListElement":[{"@type":"ListItem","position":1,"name":"Accueil","item":"https:\/\/effluences.com\/"},{"@type":"ListItem","position":2,"name":"Boutique","item":"https:\/\/effluences.com\/boutique\/"},{"@type":"ListItem","position":3,"name":"Rose"}]},{"@type":"WebSite","@id":"https:\/\/effluences.com\/#website","url":"https:\/\/effluences.com\/","name":"Les Effluences","description":"Boostez vos \u00e9motions positives","publisher":{"@id":"https:\/\/effluences.com\/#organization"},"alternateName":"Effluences","potentialAction":[{"@type":"SearchAction","target":{"@type":"EntryPoint","urlTemplate":"https:\/\/effluences.com\/?s={search_term_string}"},"query-input":{"@type":"PropertyValueSpecification","valueRequired":true,"valueName":"search_term_string"}}],"inLanguage":"ja"},{"@type":"Organization","@id":"https:\/\/effluences.com\/#organization","name":"Lumen Care Laboratory","url":"https:\/\/effluences.com\/","logo":{"@type":"ImageObject","inLanguage":"ja","@id":"https:\/\/effluences.com\/#\/schema\/logo\/image\/","url":"https:\/\/effluences.com\/wp-content\/uploads\/2023\/12\/logo-LCL-vectoriel-Def.png","contentUrl":"https:\/\/effluences.com\/wp-content\/uploads\/2023\/12\/logo-LCL-vectoriel-Def.png","width":3790,"height":714,"caption":"Lumen Care Laboratory"},"image":{"@id":"https:\/\/effluences.com\/#\/schema\/logo\/image\/"}}]},"product_brand":"Effluences","og_availability":"instock","product_availability":"instock","product_retailer_item_id":"F07","product_condition":"new"},"_links":{"self":[{"href":"https:\/\/effluences.com\/ja\/wp-json\/wp\/v2\/product\/295","targetHints":{"allow":["GET"]}}],"collection":[{"href":"https:\/\/effluences.com\/ja\/wp-json\/wp\/v2\/product"}],"about":[{"href":"https:\/\/effluences.com\/ja\/wp-json\/wp\/v2\/types\/product"}],"replies":[{"embeddable":true,"href":"https:\/\/effluences.com\/ja\/wp-json\/wp\/v2\/comments?post=295"}],"version-history":[{"count":2,"href":"https:\/\/effluences.com\/ja\/wp-json\/wp\/v2\/product\/295\/revisions"}],"predecessor-version":[{"id":1511,"href":"https:\/\/effluences.com\/ja\/wp-json\/wp\/v2\/product\/295\/revisions\/1511"}],"wp:featuredmedia":[{"embeddable":true,"href":"https:\/\/effluences.com\/ja\/wp-json\/wp\/v2\/media\/1159"}],"wp:attachment":[{"href":"https:\/\/effluences.com\/ja\/wp-json\/wp\/v2\/media?parent=295"}],"wp:term":[{"taxonomy":"product_cat","embeddable":true,"href":"https:\/\/effluences.com\/ja\/wp-json\/wp\/v2\/product_cat?post=295"},{"taxonomy":"product_tag","embeddable":true,"href":"https:\/\/effluences.com\/ja\/wp-json\/wp\/v2\/product_tag?post=295"}],"curies":[{"name":"wp","href":"https:\/\/api.w.org\/{rel}","templated":true}]}}