{"id":303,"date":"2023-11-15T23:15:14","date_gmt":"2023-11-15T22:15:14","guid":{"rendered":"https:\/\/effluences.lumen-care.com\/?post_type=product&#038;p=303"},"modified":"2025-06-03T14:12:12","modified_gmt":"2025-06-03T12:12:12","slug":"azalee","status":"publish","type":"product","link":"https:\/\/effluences.com\/ja\/boutique\/\u82b1\u3005\/\u30a2\u30b6\u30ea\u30fc\/","title":{"rendered":"\u30a2\u30b6\u30ec\u30a2"},"content":{"rendered":"<h2>L'<em>\u30a8\u30d5\u30eb\u30a8\u30f3\u30b9<\/em> &#039;<strong>\u30a2\u30b6\u30ec\u30a2<\/strong>&#039; \u30eb\u30fc\u30e1\u30f3\u30b1\u30a2\u7814\u7a76\u5ba4\u3088\u308a<\/h2>\n<p>\u3053\u306e\u30da\u30f3\u30c0\u30f3\u30c8\u306f\u3001\u81ea\u5206\u306e\u611f\u60c5\u3092\u30b3\u30f3\u30c8\u30ed\u30fc\u30eb\u3057\u3001\u6f5c\u5728\u80fd\u529b\u3092\u6700\u5927\u9650\u306b\u5f15\u304d\u51fa\u3059\u624b\u52a9\u3051\u3092\u3057\u3066\u304f\u308c\u308b\u3002\u305d\u306e <em>\u6392\u6c34<\/em> \u76ae\u819a\u306b\u63a5\u89e6\u3055\u305b\u308b\u3053\u3068\u3067\u3001\u6df1\u3044\u30dd\u30b8\u30c6\u30a3\u30d6\u306a\u5909\u5316\u3092\u3082\u305f\u3089\u3059\u3002<strong>. <\/strong>&nbsp;<\/p>\n<h2>\u611f\u60c5\u3092\u30b1\u30a2\u3059\u308b\u6280\u8853\u9769\u65b0<\/h2>\n<p>\u306b\u3064\u3044\u3066 <em>\u6392\u6c34<\/em> \u306f\u3001\u3042\u306a\u305f\u306e\u611f\u60c5\u7684\u306a\u5e78\u798f\u3092\u7a4d\u6975\u7684\u306b\u9ad8\u3081\u308b\u305f\u3081\u306b\u50cd\u304f\u632f\u52d5\u30a8\u30ea\u30af\u30b5\u30fc\u3067\u3059\u3002\u30d5\u30e9\u30f3\u30b9\u88fd\u306e\u3053\u306e\u30ac\u30e9\u30b9\u30ab\u30d7\u30bb\u30eb\u306b\u306f\u3001&amp;#039\u306e\u7d14\u7c8b\u306a\u6ce2\u52d5\u304c\u6ce8\u5165\u3055\u308c\u305f\u5149\u30a8\u30f3\u30b3\u30fc\u30c9\u6c34\u304c\u542b\u307e\u308c\u3066\u3044\u307e\u3059\uff1b<strong>\u30a2\u30b6\u30ec\u30a2<\/strong>#039;\u3002\u975e\u5e38\u306b\u9ad8\u3044\u5e0c\u91c8\u5ea6\u3067\u306f\u3001\u3053\u308c\u3089\u306e\u632f\u52d5\u304c\u30ab\u30d7\u30bb\u30eb\u306e\u30ac\u30e9\u30b9\u3092\u901a\u3057\u3066\u653e\u5c04\u3055\u308c\u307e\u3059\u3002<\/p>","protected":false},"excerpt":{"rendered":"<h3>\u7a4d\u6975\u7684\u306a\u5f37\u5316\uff1a <\/h3>\n<p>\u30a2\u30f3\u30ab\u30fc\u30a8\u30cd\u30eb\u30ae\u30fc\u3068\u5185\u306a\u308b\u5f37\u3055\u3092\u4e0e\u3048\u308b\u3002\u548c\u89e3\u3092\u4fc3\u3059\u3002<\/p>","protected":false},"featured_media":1190,"comment_status":"open","ping_status":"closed","template":"","meta":[],"product_cat":[27],"product_tag":[],"class_list":{"0":"post-303","1":"product","2":"type-product","3":"status-publish","4":"has-post-thumbnail","6":"product_cat-fleurs","8":"first","9":"instock","10":"taxable","11":"shipping-taxable","12":"purchasable","13":"product-type-variable"},"yoast_head":"<!-- This site is optimized with the Yoast SEO Premium plugin v21.5 (Yoast SEO v23.7) - https:\/\/yoast.com\/wordpress\/plugins\/seo\/ -->\n<title>Azal\u00e9e - Effluences : \u00e9lixirs \u00e9motionnels<\/title>\n<meta name=\"robots\" content=\"index, follow, max-snippet:-1, max-image-preview:large, max-video-preview:-1\" \/>\n<link rel=\"canonical\" href=\"https:\/\/effluences.com\/ja\/boutique\/\u82b1\u3005\/\u30a2\u30b6\u30ea\u30fc\/\" \/>\n<meta property=\"og:locale\" content=\"ja_JP\" \/>\n<meta property=\"og:type\" content=\"article\" \/>\n<meta property=\"og:title\" content=\"Azal\u00e9e\" \/>\n<meta property=\"og:description\" content=\"Renforcement positif : Apporte une \u00e9nergie d\u2019ancrage et de force int\u00e9rieure. Favorise la r\u00e9conciliation.\" \/>\n<meta property=\"og:url\" content=\"https:\/\/effluences.com\/ja\/boutique\/\u82b1\u3005\/\u30a2\u30b6\u30ea\u30fc\/\" \/>\n<meta property=\"og:site_name\" content=\"Effluences : \u00e9lixirs \u00e9motionnels\" \/>\n<meta property=\"article:modified_time\" content=\"2025-06-03T12:12:12+00:00\" \/>\n<meta property=\"og:image\" content=\"https:\/\/effluences.com\/wp-content\/uploads\/2023\/11\/Azalee.jpg\" \/>\n\t<meta property=\"og:image:width\" content=\"740\" \/>\n\t<meta property=\"og:image:height\" content=\"1110\" \/>\n\t<meta property=\"og:image:type\" content=\"image\/jpeg\" \/>\n<meta name=\"twitter:card\" content=\"summary_large_image\" \/>\n<meta name=\"twitter:label1\" content=\"\u5728\u5eab\" \/>\n\t<meta name=\"twitter:data1\" content=\"\u5728\u5eab\u3042\u308a\" \/>\n<script type=\"application\/ld+json\" class=\"yoast-schema-graph\">{\"@context\":\"https:\/\/schema.org\",\"@graph\":[{\"@type\":\"WebPage\",\"@id\":\"https:\/\/effluences.com\/boutique\/fleurs\/azalee\/\",\"url\":\"https:\/\/effluences.com\/boutique\/fleurs\/azalee\/\",\"name\":\"Azal\u00e9e - Effluences : \u00e9lixirs \u00e9motionnels\",\"isPartOf\":{\"@id\":\"https:\/\/effluences.com\/#website\"},\"primaryImageOfPage\":{\"@id\":\"https:\/\/effluences.com\/boutique\/fleurs\/azalee\/#primaryimage\"},\"image\":{\"@id\":\"https:\/\/effluences.com\/boutique\/fleurs\/azalee\/#primaryimage\"},\"thumbnailUrl\":\"https:\/\/effluences.com\/wp-content\/uploads\/2023\/11\/Azalee.jpg\",\"datePublished\":\"2023-11-15T22:15:14+00:00\",\"dateModified\":\"2025-06-03T12:12:12+00:00\",\"breadcrumb\":{\"@id\":\"https:\/\/effluences.com\/boutique\/fleurs\/azalee\/#breadcrumb\"},\"inLanguage\":\"ja\",\"potentialAction\":[{\"@type\":\"ReadAction\",\"target\":[\"https:\/\/effluences.com\/boutique\/fleurs\/azalee\/\"]}]},{\"@type\":\"ImageObject\",\"inLanguage\":\"ja\",\"@id\":\"https:\/\/effluences.com\/boutique\/fleurs\/azalee\/#primaryimage\",\"url\":\"https:\/\/effluences.com\/wp-content\/uploads\/2023\/11\/Azalee.jpg\",\"contentUrl\":\"https:\/\/effluences.com\/wp-content\/uploads\/2023\/11\/Azalee.jpg\",\"width\":740,\"height\":1110},{\"@type\":\"BreadcrumbList\",\"@id\":\"https:\/\/effluences.com\/boutique\/fleurs\/azalee\/#breadcrumb\",\"itemListElement\":[{\"@type\":\"ListItem\",\"position\":1,\"name\":\"Accueil\",\"item\":\"https:\/\/effluences.com\/\"},{\"@type\":\"ListItem\",\"position\":2,\"name\":\"Boutique\",\"item\":\"https:\/\/effluences.com\/boutique\/\"},{\"@type\":\"ListItem\",\"position\":3,\"name\":\"Azal\u00e9e\"}]},{\"@type\":\"WebSite\",\"@id\":\"https:\/\/effluences.com\/#website\",\"url\":\"https:\/\/effluences.com\/\",\"name\":\"Les Effluences\",\"description\":\"Boostez vos \u00e9motions positives\",\"publisher\":{\"@id\":\"https:\/\/effluences.com\/#organization\"},\"alternateName\":\"Effluences\",\"potentialAction\":[{\"@type\":\"SearchAction\",\"target\":{\"@type\":\"EntryPoint\",\"urlTemplate\":\"https:\/\/effluences.com\/?s={search_term_string}\"},\"query-input\":{\"@type\":\"PropertyValueSpecification\",\"valueRequired\":true,\"valueName\":\"search_term_string\"}}],\"inLanguage\":\"ja\"},{\"@type\":\"Organization\",\"@id\":\"https:\/\/effluences.com\/#organization\",\"name\":\"Lumen Care Laboratory\",\"url\":\"https:\/\/effluences.com\/\",\"logo\":{\"@type\":\"ImageObject\",\"inLanguage\":\"ja\",\"@id\":\"https:\/\/effluences.com\/#\/schema\/logo\/image\/\",\"url\":\"https:\/\/effluences.com\/wp-content\/uploads\/2023\/12\/logo-LCL-vectoriel-Def.png\",\"contentUrl\":\"https:\/\/effluences.com\/wp-content\/uploads\/2023\/12\/logo-LCL-vectoriel-Def.png\",\"width\":3790,\"height\":714,\"caption\":\"Lumen Care Laboratory\"},\"image\":{\"@id\":\"https:\/\/effluences.com\/#\/schema\/logo\/image\/\"}}]}<\/script>\n<meta property=\"product:brand\" content=\"Effluences\" \/>\n<meta property=\"og:availability\" content=\"instock\" \/>\n<meta property=\"product:availability\" content=\"instock\" \/>\n<meta property=\"product:retailer_item_id\" content=\"F04\" \/>\n<meta property=\"product:condition\" content=\"new\" \/>\n<!-- \/ Yoast SEO Premium plugin. -->","yoast_head_json":{"title":"Azal\u00e9e - Effluences : \u00e9lixirs \u00e9motionnels","robots":{"index":"index","follow":"follow","max-snippet":"max-snippet:-1","max-image-preview":"max-image-preview:large","max-video-preview":"max-video-preview:-1"},"canonical":"https:\/\/effluences.com\/ja\/boutique\/\u82b1\u3005\/\u30a2\u30b6\u30ea\u30fc\/","og_locale":"ja_JP","og_type":"article","og_title":"Azal\u00e9e","og_description":"Renforcement positif : Apporte une \u00e9nergie d\u2019ancrage et de force int\u00e9rieure. Favorise la r\u00e9conciliation.","og_url":"https:\/\/effluences.com\/ja\/boutique\/\u82b1\u3005\/\u30a2\u30b6\u30ea\u30fc\/","og_site_name":"Effluences : \u00e9lixirs \u00e9motionnels","article_modified_time":"2025-06-03T12:12:12+00:00","og_image":[{"width":740,"height":1110,"url":"https:\/\/effluences.com\/wp-content\/uploads\/2023\/11\/Azalee.jpg","type":"image\/jpeg"}],"twitter_card":"summary_large_image","twitter_misc":{"\u5728\u5eab":"\u5728\u5eab\u3042\u308a"},"schema":{"@context":"https:\/\/schema.org","@graph":[{"@type":"WebPage","@id":"https:\/\/effluences.com\/boutique\/fleurs\/azalee\/","url":"https:\/\/effluences.com\/boutique\/fleurs\/azalee\/","name":"Azal\u00e9e - Effluences : \u00e9lixirs \u00e9motionnels","isPartOf":{"@id":"https:\/\/effluences.com\/#website"},"primaryImageOfPage":{"@id":"https:\/\/effluences.com\/boutique\/fleurs\/azalee\/#primaryimage"},"image":{"@id":"https:\/\/effluences.com\/boutique\/fleurs\/azalee\/#primaryimage"},"thumbnailUrl":"https:\/\/effluences.com\/wp-content\/uploads\/2023\/11\/Azalee.jpg","datePublished":"2023-11-15T22:15:14+00:00","dateModified":"2025-06-03T12:12:12+00:00","breadcrumb":{"@id":"https:\/\/effluences.com\/boutique\/fleurs\/azalee\/#breadcrumb"},"inLanguage":"ja","potentialAction":[{"@type":"ReadAction","target":["https:\/\/effluences.com\/boutique\/fleurs\/azalee\/"]}]},{"@type":"ImageObject","inLanguage":"ja","@id":"https:\/\/effluences.com\/boutique\/fleurs\/azalee\/#primaryimage","url":"https:\/\/effluences.com\/wp-content\/uploads\/2023\/11\/Azalee.jpg","contentUrl":"https:\/\/effluences.com\/wp-content\/uploads\/2023\/11\/Azalee.jpg","width":740,"height":1110},{"@type":"BreadcrumbList","@id":"https:\/\/effluences.com\/boutique\/fleurs\/azalee\/#breadcrumb","itemListElement":[{"@type":"ListItem","position":1,"name":"Accueil","item":"https:\/\/effluences.com\/"},{"@type":"ListItem","position":2,"name":"Boutique","item":"https:\/\/effluences.com\/boutique\/"},{"@type":"ListItem","position":3,"name":"Azal\u00e9e"}]},{"@type":"WebSite","@id":"https:\/\/effluences.com\/#website","url":"https:\/\/effluences.com\/","name":"Les Effluences","description":"Boostez vos \u00e9motions positives","publisher":{"@id":"https:\/\/effluences.com\/#organization"},"alternateName":"Effluences","potentialAction":[{"@type":"SearchAction","target":{"@type":"EntryPoint","urlTemplate":"https:\/\/effluences.com\/?s={search_term_string}"},"query-input":{"@type":"PropertyValueSpecification","valueRequired":true,"valueName":"search_term_string"}}],"inLanguage":"ja"},{"@type":"Organization","@id":"https:\/\/effluences.com\/#organization","name":"Lumen Care Laboratory","url":"https:\/\/effluences.com\/","logo":{"@type":"ImageObject","inLanguage":"ja","@id":"https:\/\/effluences.com\/#\/schema\/logo\/image\/","url":"https:\/\/effluences.com\/wp-content\/uploads\/2023\/12\/logo-LCL-vectoriel-Def.png","contentUrl":"https:\/\/effluences.com\/wp-content\/uploads\/2023\/12\/logo-LCL-vectoriel-Def.png","width":3790,"height":714,"caption":"Lumen Care Laboratory"},"image":{"@id":"https:\/\/effluences.com\/#\/schema\/logo\/image\/"}}]},"product_brand":"Effluences","og_availability":"instock","product_availability":"instock","product_retailer_item_id":"F04","product_condition":"new"},"_links":{"self":[{"href":"https:\/\/effluences.com\/ja\/wp-json\/wp\/v2\/product\/303","targetHints":{"allow":["GET"]}}],"collection":[{"href":"https:\/\/effluences.com\/ja\/wp-json\/wp\/v2\/product"}],"about":[{"href":"https:\/\/effluences.com\/ja\/wp-json\/wp\/v2\/types\/product"}],"replies":[{"embeddable":true,"href":"https:\/\/effluences.com\/ja\/wp-json\/wp\/v2\/comments?post=303"}],"version-history":[{"count":3,"href":"https:\/\/effluences.com\/ja\/wp-json\/wp\/v2\/product\/303\/revisions"}],"predecessor-version":[{"id":1516,"href":"https:\/\/effluences.com\/ja\/wp-json\/wp\/v2\/product\/303\/revisions\/1516"}],"wp:featuredmedia":[{"embeddable":true,"href":"https:\/\/effluences.com\/ja\/wp-json\/wp\/v2\/media\/1190"}],"wp:attachment":[{"href":"https:\/\/effluences.com\/ja\/wp-json\/wp\/v2\/media?parent=303"}],"wp:term":[{"taxonomy":"product_cat","embeddable":true,"href":"https:\/\/effluences.com\/ja\/wp-json\/wp\/v2\/product_cat?post=303"},{"taxonomy":"product_tag","embeddable":true,"href":"https:\/\/effluences.com\/ja\/wp-json\/wp\/v2\/product_tag?post=303"}],"curies":[{"name":"wp","href":"https:\/\/api.w.org\/{rel}","templated":true}]}}