{"id":1098,"date":"2023-11-29T20:44:50","date_gmt":"2023-11-29T19:44:50","guid":{"rendered":"https:\/\/effluences.com\/?page_id=1098"},"modified":"2023-11-29T20:44:52","modified_gmt":"2023-11-29T19:44:52","slug":"mentions-legales","status":"publish","type":"page","link":"https:\/\/effluences.com\/zh\/\u6ee1\u5206\/","title":{"rendered":"\u6cd5\u5f8b\u4fe1\u606f"},"content":{"rendered":"<p><strong>1.\u7f51\u7ad9\u4ecb\u7ecd \uff1a<\/strong> \u6839\u636e 2004 \u5e74 6 \u6708 21 \u65e5\u9881\u5e03\u7684\u7b2c 2004-575 \u53f7\u300a\u6570\u5b57\u7ecf\u6d4e\u4fe1\u5fc3\u6cd5\u300b\uff08\u7b80\u79f0 L.C.E.N.\uff09\u7b2c 6-III \u6761\u548c\u7b2c 19 \u6761\u7684\u89c4\u5b9a\uff0c\u6211\u4eec\u63d0\u8bf7\u7528\u6237\u548c\u7f51\u7ad9\u8bbf\u95ee\u8005\u6ce8\u610f\uff1a \uff1a <a href=\"http:\/\/lumen-care.com\" target=\"_blank\" rel=\"noreferrer noopener\">effluences.com<\/a> \u4ee5\u4e0b\u4fe1\u606f\uff1a<\/p><p><strong>\u6cd5\u5f8b\u4fe1\u606f - \u7f51\u7ad9\u6240\u6709\u8005 \uff1a<\/strong><\/p><p>\u6cd5\u5f8b\u5f62\u5f0f \uff1a <strong>SAS<\/strong> \u516c\u53f8\u540d\u79f0 \uff1a<strong> \u6d41\u660e\u62a4\u7406\u5b9e\u9a8c\u5ba4<\/strong> \u5730\u5740 <strong>812 B chemin du P\u00e9guier\uff0c84170 Monteux\uff0c\u6cd5\u56fd<\/strong> \u7535\u8bdd <strong>+33 (0)1 85 43 05 83<\/strong><\/p><p>\u9996\u90fd \uff1a<strong> 1700 \u20ac<\/strong> SIRET \uff1a <strong>82461056200012<\/strong> APE \u4ee3\u7801 \uff1a <strong>7211Z<\/strong> \u589e\u503c\u7a0e\u53f7 \uff1a <strong>FR55824610562<\/strong> \u57f9\u8bad\u5458\u7f16\u53f7 \uff1a <strong>11950629595<\/strong> \u7535\u5b50\u90ae\u4ef6\u5730\u5740\uff1acontact [at] effluences.com \u7f51\u7ad9\u521b\u5efa\u8005\u662f \uff1a <strong>\u6d41\u660e\u62a4\u7406\u5b9e\u9a8c\u5ba4 <\/strong>\u8be5\u51fa\u7248\u7269\u7684\u8d1f\u8d23\u4eba\u662f \uff1a <strong>\u5965\u5229\u7ef4\u5c14-\u5e93\u6069<\/strong> \u7f51\u7ad9\u4e3b\u673a\u4e3a\uff1aOVH - RCS Roubaix-Tourcoing 424 761 419 00045 - 2 rue Kellermann, 59100 Roubaix - France<\/p><p>\u8fd9\u4e9b\u6cd5\u5f8b\u901a\u544a\u662f\u7531 <strong><a href=\"https:\/\/www.generer-mentions-legales.com\">\u6cd5\u5f8b\u901a\u544a<\/a><\/strong><\/p><p><strong>2.\u6240\u63d0\u4f9b\u670d\u52a1\u7684\u8bf4\u660e \uff1a<\/strong><\/p><p>\u7f51\u7ad9 <a href=\"http:\/\/lumen-care.com\" target=\"_blank\" rel=\"noreferrer noopener\">effluences.com<\/a> \u65e8\u5728\u63d0\u4f9b\u6709\u5173\u516c\u53f8\u6240\u6709\u6d3b\u52a8\u7684\u4fe1\u606f\u3002\u7f51\u7ad9\u6240\u6709\u8005\u52aa\u529b\u5728\u7f51\u7ad9\u4e0a\u63d0\u4f9b <a href=\"http:\/\/lumen-care.com\" target=\"_blank\" rel=\"noreferrer noopener\">effluences.com<\/a> \u4fe1\u606f\u5c3d\u53ef\u80fd\u51c6\u786e\u3002\u4f46\u662f\uff0c\u5bf9\u4e8e\u4fe1\u606f\u7684\u4efb\u4f55\u9057\u6f0f\u3001\u4e0d\u51c6\u786e\u6216\u66f4\u65b0\u5931\u8d25\uff0c\u65e0\u8bba\u662f\u7f51\u7ad9\u7684\u8fc7\u9519\u8fd8\u662f\u63d0\u4f9b\u4fe1\u606f\u7684\u7b2c\u4e09\u65b9\u5408\u4f5c\u4f19\u4f34\u7684\u8fc7\u9519\uff0c\u7f51\u7ad9\u6982\u4e0d\u8d1f\u8d23\u3002\u7f51\u7ad9\u4e0a\u63d0\u4f9b\u7684\u6240\u6709\u4fe1\u606f <a href=\"http:\/\/lumen-care.com\" target=\"_blank\" rel=\"noreferrer noopener\">effluences.com<\/a> \u6240\u63d0\u4f9b\u7684\u4fe1\u606f\u4ec5\u4f9b\u53c2\u8003\uff0c\u5e76\u975e\u8be6\u5c3d\u65e0\u9057\uff0c\u4e14\u53ef\u80fd\u4f1a\u6709\u6240\u53d8\u66f4\u3002\u8fd9\u4e9b\u4fe1\u606f\u5728\u53d1\u5e03\u540e\u53ef\u80fd\u4f1a\u6709\u4efb\u4f55\u66f4\u6539\u3002<\/p><p><strong>3.\u77e5\u8bc6\u4ea7\u6743\u4e0e\u4f2a\u9020 \uff1a<\/strong> \u672c\u7f51\u7ad9\u6240\u6709\u8005\u62e5\u6709\u672c\u7f51\u7ad9\u6240\u6709\u5185\u5bb9\u7684\u77e5\u8bc6\u4ea7\u6743\u6216\u4f7f\u7528\u6743\uff0c\u5c24\u5176\u662f\u6587\u672c\u3001\u56fe\u50cf\u3001\u56fe\u5f62\u3001\u6807\u8bc6\u3001\u56fe\u6807\u3001\u58f0\u97f3\u3001\u8f6f\u4ef6\u3002 \u9664\u975e\u4e8b\u5148\u901a\u8fc7\u7535\u5b50\u90ae\u4ef6\u8054\u7cfb\uff1acontact [at] effluences.com\u83b7\u5f97\u4e66\u9762\u6388\u6743\uff0c\u5426\u5219\u7981\u6b62\u5bf9\u672c\u7f51\u7ad9\u7684\u5168\u90e8\u6216\u90e8\u5206\u5185\u5bb9\u8fdb\u884c\u590d\u5236\u3001\u5c55\u793a\u3001\u4fee\u6539\u3001\u51fa\u7248\u3001\u6539\u7f16\uff0c\u65e0\u8bba\u91c7\u7528\u4f55\u79cd\u65b9\u5f0f\u6216\u8fc7\u7a0b\u3002\u4efb\u4f55\u672a\u7ecf\u6388\u6743\u4f7f\u7528\u672c\u7f51\u7ad9\u6216\u5176\u5305\u542b\u7684\u4efb\u4f55\u5185\u5bb9\u7684\u884c\u4e3a\u90fd\u5c06\u88ab\u89c6\u4e3a\u6784\u6210\u4fb5\u6743\uff0c\u5e76\u5c06\u6839\u636e\u300a\u6cd5\u56fd\u77e5\u8bc6\u4ea7\u6743\u6cd5\u5178\u300b\u7b2c L.335-2 \u6761\u53ca\u5176\u540e\u6761\u6b3e\u8fdb\u884c\u8d77\u8bc9\u3002<\/p><p><strong>4.\u8d85\u6587\u672c\u94fe\u63a5\u548c cookie \uff1a<\/strong><\/p><p>\u7f51\u7ad9 <a href=\"http:\/\/lumen-care.com\" target=\"_blank\" rel=\"noreferrer noopener\">effluences.com<\/a> \u672c\u7f51\u7ad9\u5305\u542b\u4e00\u4e9b\u7ecf\u7f51\u7ad9\u6240\u6709\u8005\u6388\u6743\u5efa\u7acb\u7684\u901a\u5f80\u5176\u4ed6\u7f51\u7ad9\uff08\u5408\u4f5c\u4f19\u4f34\u3001\u4fe1\u606f\u7b49\uff09\u7684\u8d85\u6587\u672c\u94fe\u63a5\u3002\u4f46\u662f\uff0c\u7f51\u7ad9\u6240\u6709\u8005\u65e0\u6cd5\u68c0\u67e5\u4ee5\u8fd9\u79cd\u65b9\u5f0f\u8bbf\u95ee\u7684\u7f51\u7ad9\u7684\u5185\u5bb9\uff0c\u56e0\u6b64\u62d2\u7edd\u5bf9\u4efb\u4f55\u975e\u6cd5\u5185\u5bb9\u7684\u98ce\u9669\u627f\u62c5\u8d23\u4efb\u3002\u7528\u6237\u987b\u77e5\uff0c\u5728\u8bbf\u95ee\u672c\u7f51\u7ad9\u65f6 <a href=\"http:\/\/lumen-care.com\" target=\"_blank\" rel=\"noreferrer noopener\">effluences.com<\/a>\u5982\u679c\u60a8\u8bbf\u95ee\u6211\u4eec\u7684\u7f51\u7ad9\uff0c\u60a8\u7684\u8ba1\u7b97\u673a\u4e0a\u53ef\u80fd\u4f1a\u81ea\u52a8\u5b89\u88c5\u4e00\u4e2a\u6216\u591a\u4e2a cookie\u3002Cookie \u662f\u4e00\u4e2a\u65e0\u6cd5\u8bc6\u522b\u7528\u6237\u8eab\u4efd\u7684\u5c0f\u6587\u4ef6\uff0c\u4f46\u53ef\u4ee5\u8bb0\u5f55\u8ba1\u7b97\u673a\u5728\u7f51\u7ad9\u4e0a\u6d4f\u89c8\u7684\u76f8\u5173\u4fe1\u606f\u3002\u901a\u8fc7\u8fd9\u79cd\u65b9\u5f0f\u83b7\u5f97\u7684\u6570\u636e\u65e8\u5728\u65b9\u4fbf\u7528\u6237\u4ee5\u540e\u6d4f\u89c8\u7f51\u7ad9\uff0c\u4e5f\u53ef\u7528\u4e8e\u6d4b\u91cf\u8bbf\u5ba2\u6570\u91cf\u3002\u53ef\u4ee5\u5bf9\u6d4f\u89c8\u5668\u8f6f\u4ef6\u8fdb\u884c\u914d\u7f6e\uff0c\u4ee5\u4fbf\u901a\u77e5\u7528\u6237 cookie \u7684\u5b58\u5728\uff0c\u5e76\u5728\u5fc5\u8981\u65f6\u62d2\u7edd\u63a5\u53d7 cookie\uff0c\u5177\u4f53\u8bf4\u660e\u89c1\u4ee5\u4e0b\u5730\u5740\uff1awww.cnil.fr \u62d2\u7edd\u5b89\u88c5 cookie \u53ef\u80fd\u5bfc\u81f4\u65e0\u6cd5\u8bbf\u95ee\u67d0\u4e9b\u670d\u52a1\u3002\u4e0d\u8fc7\uff0c\u7528\u6237\u53ef\u4ee5\u5bf9\u7535\u8111\u8fdb\u884c\u5982\u4e0b\u914d\u7f6e\uff0c\u4ee5\u62d2\u7edd\u5b89\u88c5 Cookie\uff1aInternet Explorer\uff1a\u5de5\u5177\u9009\u9879\u5361\/Internet \u9009\u9879\u3002\u5355\u51fb \"\u4fdd\u5bc6 \"\u5e76\u9009\u62e9 \"\u963b\u6b62\u6240\u6709 cookie\"\u3002\u7528 \"\u786e\u5b9a \"\u786e\u8ba4\u3002\u706b\u72d0\u6d4f\u89c8\u5668\uff1a\u7f16\u8f91\/\u9996\u9009\u9879\u9009\u9879\u5361\u3002\u70b9\u51fb\u9ad8\u7ea7\uff0c\u9009\u62e9\u505c\u7528 cookie\u3002\u70b9\u51fb \"\u786e\u5b9a \"\u8fdb\u884c\u786e\u8ba4\u3002<\/p><p><strong>5.\u4fdd\u62a4\u4eba\u5458\u548c\u8d22\u4ea7--\u4e2a\u4eba\u6570\u636e\u7684\u7ba1\u7406 \uff1a<\/strong><\/p><p>\u7528\u6237\uff1a\u767b\u5f55\u548c\u4f7f\u7528\u4e0a\u8ff0\u7f51\u7ad9\u7684\u4e92\u8054\u7f51\u7528\u6237\uff1a <a href=\"http:\/\/lumen-care.com\" target=\"_blank\" rel=\"noreferrer noopener\">effluences.com<\/a> \u5728\u6cd5\u56fd\uff0c\u4e2a\u4eba\u6570\u636e\u53d7 1978 \u5e74 1 \u6708 6 \u65e5\u7b2c 78-87 \u53f7\u6cd5\u5f8b\u30012004 \u5e74 8 \u6708 6 \u65e5\u7b2c 2004-801 \u53f7\u6cd5\u5f8b\u3001\u300a\u5211\u6cd5\u5178\u300b\u7b2c L.226-13 \u6761\u548c 1995 \u5e74 10 \u6708 24 \u65e5\u6b27\u6d32\u6307\u4ee4\u7684\u4fdd\u62a4\u3002<\/p><p>\u5728\u7f51\u7ad9\u4e0a <a href=\"http:\/\/lumen-care.com\" target=\"_blank\" rel=\"noreferrer noopener\">effluences.com<\/a>\u7f51\u7ad9\u6240\u6709\u8005\u6536\u96c6\u4e0e\u7528\u6237\u6709\u5173\u7684\u4e2a\u4eba\u4fe1\u606f\u4ec5\u7528\u4e8e\u7f51\u7ad9\u63d0\u4f9b\u7684\u67d0\u4e9b\u670d\u52a1\u3002 <a href=\"http:\/\/lumen-care.com\" target=\"_blank\" rel=\"noreferrer noopener\">effluences.com<\/a>.\u7528\u6237\u5728\u63d0\u4f9b\u8fd9\u4e9b\u4fe1\u606f\u65f6\u5bf9\u4e8b\u5b9e\u5b8c\u5168\u77e5\u60c5\uff0c\u5c24\u5176\u662f\u5728\u81ea\u5df1\u8f93\u5165\u4fe1\u606f\u65f6\u3002\u7528\u6237 <a href=\"http:\/\/lumen-care.com\" target=\"_blank\" rel=\"noreferrer noopener\">effluences.com<\/a> \u63d0\u4f9b\u8fd9\u4e9b\u4fe1\u606f\u7684\u4e49\u52a1\u3002\u6839\u636e 1978 \u5e74 1 \u6708 6 \u65e5\u9881\u5e03\u7684\u300a\u6cd5\u56fd\u6570\u636e\u4fdd\u62a4\u6cd5\u300b\uff0878-17\uff09\u7b2c 38 \u6761\u53ca\u5176\u540e\u6761\u6b3e\u7684\u89c4\u5b9a\uff0c\u6240\u6709\u7528\u6237\u5747\u6709\u6743\u8bbf\u95ee\u3001\u4fee\u6539\u3001\u5220\u9664\u548c\u53cd\u5bf9\u4e0e\u5176\u76f8\u5173\u7684\u4efb\u4f55\u4e2a\u4eba\u6570\u636e\u3002\u5982\u9700\u884c\u4f7f\u6b64\u9879\u6743\u5229\uff0c\u8bf7\u5c06\u60a8\u7684\u8bf7\u6c42\u53d1\u9001\u81f3 <a href=\"http:\/\/lumen-care.com\" target=\"_blank\" rel=\"noreferrer noopener\">effluences.com<\/a> \u901a\u8fc7\u7535\u5b50\u90ae\u4ef6\u53d1\u9001\uff0c\u6216\u5bc4\u9001\u4e00\u4efd\u7ecf\u7b7e\u540d\u7684\u4e66\u9762\u7533\u8bf7\uff0c\u5e76\u9644\u4e0a\u9644\u6709\u8bc1\u4ef6\u6301\u6709\u4eba\u7b7e\u540d\u7684\u8eab\u4efd\u8bc1\u4ef6\u526f\u672c\uff0c\u6ce8\u660e\u7b54\u590d\u5e94\u5bc4\u5f80\u7684\u5730\u5740\u3002<\/p><p>\u7528\u6237\u7684\u4e2a\u4eba\u4fe1\u606f <a href=\"http:\/\/lumen-care.com\" target=\"_blank\" rel=\"noreferrer noopener\">effluences.com<\/a> \u5728\u7528\u6237\u4e0d\u77e5\u60c5\u7684\u60c5\u51b5\u4e0b\u53d1\u5e03\u3001\u4ea4\u6362\u3001\u8f6c\u79fb\u3001\u8f6c\u8ba9\u6216\u4ee5\u4efb\u4f55\u5a92\u4ecb\u51fa\u552e\u7ed9\u7b2c\u4e09\u65b9\u3002\u53ea\u6709\u5047\u8bbe\u8d2d\u4e70\u4e86\u8be5\u7f51\u7ad9 <a href=\"http:\/\/lumen-care.com\" target=\"_blank\" rel=\"noreferrer noopener\">effluences.com<\/a> \u7f51\u7ad9\u6240\u6709\u8005\u53ca\u5176\u6743\u5229\u5c06\u5141\u8bb8\u628a\u4e0a\u8ff0\u4fe1\u606f\u4f20\u9001\u7ed9\u6700\u7ec8\u8d2d\u4e70\u8005\uff0c\u800c\u6700\u7ec8\u8d2d\u4e70\u8005\u4e5f\u540c\u6837\u6709\u4e49\u52a1\u4fdd\u62a4\u548c\u4fee\u6539\u7f51\u7ad9\u7528\u6237\u7684\u6570\u636e\u3002 <a href=\"http:\/\/lumen-care.com\" target=\"_blank\" rel=\"noreferrer noopener\">effluences.com<\/a>.<\/p><p>effluences.com \u7f51\u7ad9\u9075\u5b88 RGPD\uff08\u53c2\u89c1\u6211\u4eec\u7684 RGPD \u653f\u7b56\uff09\u3002<\/p><p>\u6570\u636e\u5e93\u53d7 1998 \u5e74 7 \u6708 1 \u65e5\u6cd5\u5f8b\u6761\u6b3e\u7684\u4fdd\u62a4\uff0c\u8be5\u6cd5\u5f8b\u79fb\u690d\u4e86 1996 \u5e74 3 \u6708 11 \u65e5\u5173\u4e8e\u6570\u636e\u5e93\u6cd5\u5f8b\u4fdd\u62a4\u7684\u7b2c 96\/9 \u53f7\u6307\u4ee4\u3002<\/p>","protected":false},"excerpt":{"rendered":"<p>1.\u7f51\u7ad9\u4ecb\u7ecd\uff1a\u6839\u636e 2004 \u5e74 6 \u6708 21 \u65e5\u7b2c 2004-575 \u53f7\u300a\u6570\u5b57\u7ecf\u6d4e\u4fe1\u5fc3\u6cd5\u300b\uff08\u7b80\u79f0 L.C.E.N.\uff09\u7b2c 6-III \u6761\u548c\u7b2c 19 \u6761\u7684\u89c4\u5b9a\uff0c\u6211\u4eec\u63d0\u8bf7\u7528\u6237\u548c\u7f51\u7ad9\u8bbf\u95ee\u8005\u6ce8\u610f\u4ee5\u4e0b\u4fe1\u606f\uff1a effluences.com\uff1a\u6cd5\u5f8b\u4fe1\u606f - \u7f51\u7ad9\u6240\u6709\u8005\uff1a\u8868\u683c [...]<\/p>","protected":false},"author":1,"featured_media":0,"parent":0,"menu_order":0,"comment_status":"closed","ping_status":"closed","template":"","meta":{"footnotes":""},"class_list":["post-1098","page","type-page","status-publish","hentry"],"yoast_head":"<!-- This site is optimized with the Yoast SEO Premium plugin v21.5 (Yoast SEO v23.7) - https:\/\/yoast.com\/wordpress\/plugins\/seo\/ -->\n<title>Mentions l\u00e9gales - Effluences : \u00e9lixirs \u00e9motionnels<\/title>\n<meta name=\"robots\" content=\"index, follow, max-snippet:-1, max-image-preview:large, max-video-preview:-1\" \/>\n<link rel=\"canonical\" href=\"https:\/\/effluences.com\/zh\/\u6ee1\u5206\/\" \/>\n<meta property=\"og:locale\" content=\"zh_CN\" \/>\n<meta property=\"og:type\" content=\"article\" \/>\n<meta property=\"og:title\" content=\"Mentions l\u00e9gales\" \/>\n<meta property=\"og:description\" content=\"1. Pr\u00e9sentation du site : Conform\u00e9ment aux dispositions des articles 6-III et 19 de la Loi n\u00b0 2004-575 du 21 juin 2004 pour la Confiance dans l&rsquo;\u00e9conomie num\u00e9rique, dite L.C.E.N., nous portons \u00e0 la connaissance des utilisateurs et visiteurs du site : effluences.com les informations suivantes : Informations l\u00e9gales &#8211; Propri\u00e9taire du site : Forme [&hellip;]\" \/>\n<meta property=\"og:url\" content=\"https:\/\/effluences.com\/zh\/\u6ee1\u5206\/\" \/>\n<meta property=\"og:site_name\" content=\"Effluences : \u00e9lixirs \u00e9motionnels\" \/>\n<meta property=\"article:modified_time\" content=\"2023-11-29T19:44:52+00:00\" \/>\n<meta property=\"og:image\" content=\"https:\/\/effluences.com\/wp-content\/uploads\/2023\/11\/Logo-Effluences.png\" \/>\n\t<meta property=\"og:image:width\" content=\"336\" \/>\n\t<meta property=\"og:image:height\" content=\"98\" \/>\n\t<meta property=\"og:image:type\" content=\"image\/png\" \/>\n<meta name=\"twitter:card\" content=\"summary_large_image\" \/>\n<meta name=\"twitter:label1\" content=\"\u9884\u8ba1\u9605\u8bfb\u65f6\u95f4\" \/>\n\t<meta name=\"twitter:data1\" content=\"5 \u5206\" \/>\n<script type=\"application\/ld+json\" class=\"yoast-schema-graph\">{\"@context\":\"https:\/\/schema.org\",\"@graph\":[{\"@type\":\"WebPage\",\"@id\":\"https:\/\/effluences.com\/mentions-legales\/\",\"url\":\"https:\/\/effluences.com\/mentions-legales\/\",\"name\":\"Mentions l\u00e9gales - Effluences : \u00e9lixirs \u00e9motionnels\",\"isPartOf\":{\"@id\":\"https:\/\/effluences.com\/#website\"},\"datePublished\":\"2023-11-29T19:44:50+00:00\",\"dateModified\":\"2023-11-29T19:44:52+00:00\",\"breadcrumb\":{\"@id\":\"https:\/\/effluences.com\/mentions-legales\/#breadcrumb\"},\"inLanguage\":\"zh-Hans\",\"potentialAction\":[{\"@type\":\"ReadAction\",\"target\":[\"https:\/\/effluences.com\/mentions-legales\/\"]}]},{\"@type\":\"BreadcrumbList\",\"@id\":\"https:\/\/effluences.com\/mentions-legales\/#breadcrumb\",\"itemListElement\":[{\"@type\":\"ListItem\",\"position\":1,\"name\":\"Accueil\",\"item\":\"https:\/\/effluences.com\/\"},{\"@type\":\"ListItem\",\"position\":2,\"name\":\"Mentions l\u00e9gales\"}]},{\"@type\":\"WebSite\",\"@id\":\"https:\/\/effluences.com\/#website\",\"url\":\"https:\/\/effluences.com\/\",\"name\":\"Les Effluences\",\"description\":\"Boostez vos \u00e9motions positives\",\"publisher\":{\"@id\":\"https:\/\/effluences.com\/#organization\"},\"alternateName\":\"Effluences\",\"potentialAction\":[{\"@type\":\"SearchAction\",\"target\":{\"@type\":\"EntryPoint\",\"urlTemplate\":\"https:\/\/effluences.com\/?s={search_term_string}\"},\"query-input\":{\"@type\":\"PropertyValueSpecification\",\"valueRequired\":true,\"valueName\":\"search_term_string\"}}],\"inLanguage\":\"zh-Hans\"},{\"@type\":\"Organization\",\"@id\":\"https:\/\/effluences.com\/#organization\",\"name\":\"Lumen Care Laboratory\",\"url\":\"https:\/\/effluences.com\/\",\"logo\":{\"@type\":\"ImageObject\",\"inLanguage\":\"zh-Hans\",\"@id\":\"https:\/\/effluences.com\/#\/schema\/logo\/image\/\",\"url\":\"https:\/\/effluences.com\/wp-content\/uploads\/2023\/12\/logo-LCL-vectoriel-Def.png\",\"contentUrl\":\"https:\/\/effluences.com\/wp-content\/uploads\/2023\/12\/logo-LCL-vectoriel-Def.png\",\"width\":3790,\"height\":714,\"caption\":\"Lumen Care Laboratory\"},\"image\":{\"@id\":\"https:\/\/effluences.com\/#\/schema\/logo\/image\/\"}}]}<\/script>\n<!-- \/ Yoast SEO Premium plugin. -->","yoast_head_json":{"title":"Mentions l\u00e9gales - Effluences : \u00e9lixirs \u00e9motionnels","robots":{"index":"index","follow":"follow","max-snippet":"max-snippet:-1","max-image-preview":"max-image-preview:large","max-video-preview":"max-video-preview:-1"},"canonical":"https:\/\/effluences.com\/zh\/\u6ee1\u5206\/","og_locale":"zh_CN","og_type":"article","og_title":"Mentions l\u00e9gales","og_description":"1. Pr\u00e9sentation du site : Conform\u00e9ment aux dispositions des articles 6-III et 19 de la Loi n\u00b0 2004-575 du 21 juin 2004 pour la Confiance dans l&rsquo;\u00e9conomie num\u00e9rique, dite L.C.E.N., nous portons \u00e0 la connaissance des utilisateurs et visiteurs du site : effluences.com les informations suivantes : Informations l\u00e9gales &#8211; Propri\u00e9taire du site : Forme [&hellip;]","og_url":"https:\/\/effluences.com\/zh\/\u6ee1\u5206\/","og_site_name":"Effluences : \u00e9lixirs \u00e9motionnels","article_modified_time":"2023-11-29T19:44:52+00:00","og_image":[{"width":336,"height":98,"url":"https:\/\/effluences.com\/wp-content\/uploads\/2023\/11\/Logo-Effluences.png","type":"image\/png"}],"twitter_card":"summary_large_image","twitter_misc":{"\u9884\u8ba1\u9605\u8bfb\u65f6\u95f4":"5 \u5206"},"schema":{"@context":"https:\/\/schema.org","@graph":[{"@type":"WebPage","@id":"https:\/\/effluences.com\/mentions-legales\/","url":"https:\/\/effluences.com\/mentions-legales\/","name":"Mentions l\u00e9gales - Effluences : \u00e9lixirs \u00e9motionnels","isPartOf":{"@id":"https:\/\/effluences.com\/#website"},"datePublished":"2023-11-29T19:44:50+00:00","dateModified":"2023-11-29T19:44:52+00:00","breadcrumb":{"@id":"https:\/\/effluences.com\/mentions-legales\/#breadcrumb"},"inLanguage":"zh-Hans","potentialAction":[{"@type":"ReadAction","target":["https:\/\/effluences.com\/mentions-legales\/"]}]},{"@type":"BreadcrumbList","@id":"https:\/\/effluences.com\/mentions-legales\/#breadcrumb","itemListElement":[{"@type":"ListItem","position":1,"name":"Accueil","item":"https:\/\/effluences.com\/"},{"@type":"ListItem","position":2,"name":"Mentions l\u00e9gales"}]},{"@type":"WebSite","@id":"https:\/\/effluences.com\/#website","url":"https:\/\/effluences.com\/","name":"Les Effluences","description":"Boostez vos \u00e9motions positives","publisher":{"@id":"https:\/\/effluences.com\/#organization"},"alternateName":"Effluences","potentialAction":[{"@type":"SearchAction","target":{"@type":"EntryPoint","urlTemplate":"https:\/\/effluences.com\/?s={search_term_string}"},"query-input":{"@type":"PropertyValueSpecification","valueRequired":true,"valueName":"search_term_string"}}],"inLanguage":"zh-Hans"},{"@type":"Organization","@id":"https:\/\/effluences.com\/#organization","name":"Lumen Care Laboratory","url":"https:\/\/effluences.com\/","logo":{"@type":"ImageObject","inLanguage":"zh-Hans","@id":"https:\/\/effluences.com\/#\/schema\/logo\/image\/","url":"https:\/\/effluences.com\/wp-content\/uploads\/2023\/12\/logo-LCL-vectoriel-Def.png","contentUrl":"https:\/\/effluences.com\/wp-content\/uploads\/2023\/12\/logo-LCL-vectoriel-Def.png","width":3790,"height":714,"caption":"Lumen Care Laboratory"},"image":{"@id":"https:\/\/effluences.com\/#\/schema\/logo\/image\/"}}]}},"_links":{"self":[{"href":"https:\/\/effluences.com\/zh\/wp-json\/wp\/v2\/pages\/1098","targetHints":{"allow":["GET"]}}],"collection":[{"href":"https:\/\/effluences.com\/zh\/wp-json\/wp\/v2\/pages"}],"about":[{"href":"https:\/\/effluences.com\/zh\/wp-json\/wp\/v2\/types\/page"}],"author":[{"embeddable":true,"href":"https:\/\/effluences.com\/zh\/wp-json\/wp\/v2\/users\/1"}],"replies":[{"embeddable":true,"href":"https:\/\/effluences.com\/zh\/wp-json\/wp\/v2\/comments?post=1098"}],"version-history":[{"count":1,"href":"https:\/\/effluences.com\/zh\/wp-json\/wp\/v2\/pages\/1098\/revisions"}],"predecessor-version":[{"id":1100,"href":"https:\/\/effluences.com\/zh\/wp-json\/wp\/v2\/pages\/1098\/revisions\/1100"}],"wp:attachment":[{"href":"https:\/\/effluences.com\/zh\/wp-json\/wp\/v2\/media?parent=1098"}],"curies":[{"name":"wp","href":"https:\/\/api.w.org\/{rel}","templated":true}]}}