{"id":251,"date":"2023-11-15T23:14:52","date_gmt":"2023-11-15T22:14:52","guid":{"rendered":"https:\/\/effluences.lumen-care.com\/?post_type=product&#038;p=251"},"modified":"2025-06-03T14:11:25","modified_gmt":"2025-06-03T12:11:25","slug":"bienveillance","status":"publish","type":"product","link":"https:\/\/effluences.com\/zh\/boutique\/\u60c5\u7eea-\u79ef\u6781\/\u4ec1\u6148\/","title":{"rendered":"\u4ec1\u6148"},"content":{"rendered":"<h2>L'<em>\u6c61\u6c34<\/em> &#039;<strong>\u4ec1\u6148<\/strong>&#039;\u6765\u81ea Lumen Care \u5b9e\u9a8c\u5ba4<\/h2>\n<p>\u662f\u4e00\u6b3e\u80fd\u5e2e\u52a9\u4f60\u63a7\u5236\u60c5\u7eea\u3001\u5145\u5206\u91ca\u653e\u6f5c\u80fd\u7684\u540a\u5760\u3002\u5b83\u7684 <em>\u6c61\u6c34<\/em> \u901a\u8fc7\u4e0e\u76ae\u80a4\u63a5\u89e6\uff0c\u5e26\u6765\u6df1\u523b\u7684\u79ef\u6781\u53d8\u5316<strong>. <\/strong>&nbsp;<\/p>\n<h2>\u5173\u6ce8\u60a8\u60c5\u7eea\u7684\u6280\u672f\u521b\u65b0<\/h2>\n<p>\"(\u300a\u4e16\u754c\u4eba\u6743\u5ba3\u8a00\u300b) <em>\u6c61\u6c34<\/em> \u662f\u4e00\u79cd\u632f\u52a8\u7075\u836f\uff0c\u80fd\u79ef\u6781\u63d0\u5347\u60a8\u7684\u60c5\u7eea\u5065\u5eb7\u3002\u8fd9\u4e9b\u73bb\u7483\u80f6\u56ca\u7531\u6cd5\u56fd\u5236\u9020\uff0c\u5185\u542b\u5149\u7f16\u7801\u6c34\uff0c\u6ce8\u5165\u4e86&amp;#039\u7684\u7eaf\u51c0\u632f\u52a8\uff1b<strong>\u4ec1\u6148<\/strong>&#039;\u3002\u5728\u6781\u9ad8\u7684\u7a00\u91ca\u5ea6\u4e0b\uff0c\u8fd9\u4e9b\u632f\u52a8\u4f1a\u900f\u8fc7\u80f6\u56ca\u7684\u73bb\u7483\u53d1\u51fa\u8f90\u5c04\u3002<\/p>","protected":false},"excerpt":{"rendered":"<h3>\u6b63\u9762\u5f3a\u5316 \uff1a <\/h3>\n<p>\u6211\u5584\u5f85\u4ed6\u4eba\uff0c\u5bbd\u5bb9\u81ea\u5df1\u3002\u6211\u5fc3\u5730\u5584\u826f\u3002\u6211\u6709\u540c\u7406\u5fc3\u3002\u6211\u5bcc\u6709\u540c\u60c5\u5fc3\u548c\u6e29\u67d4\u3002<\/p>","protected":false},"featured_media":1191,"comment_status":"open","ping_status":"closed","template":"","meta":[],"product_cat":[24],"product_tag":[],"class_list":{"0":"post-251","1":"product","2":"type-product","3":"status-publish","4":"has-post-thumbnail","6":"product_cat-emotions-positives","8":"first","9":"instock","10":"taxable","11":"shipping-taxable","12":"purchasable","13":"product-type-variable"},"yoast_head":"<!-- This site is optimized with the Yoast SEO Premium plugin v21.5 (Yoast SEO v23.7) - https:\/\/yoast.com\/wordpress\/plugins\/seo\/ -->\n<title>Bienveillance - Effluences : \u00e9lixirs \u00e9motionnels<\/title>\n<meta name=\"robots\" content=\"index, follow, max-snippet:-1, max-image-preview:large, max-video-preview:-1\" \/>\n<link rel=\"canonical\" href=\"https:\/\/effluences.com\/zh\/boutique\/\u60c5\u7eea-\u79ef\u6781\/\u4ec1\u6148\/\" \/>\n<meta property=\"og:locale\" content=\"zh_CN\" \/>\n<meta property=\"og:type\" content=\"article\" \/>\n<meta property=\"og:title\" content=\"Bienveillance\" \/>\n<meta property=\"og:description\" content=\"Renforcement positif : Je suis bienveillant\u00b7e et indulgent\u00b7e envers les autres et envers moi-m\u00eame. Je suis tendre. J&#039;ai de l&#039;empathie. Je me connecte \u00e0 la compassion et \u00e0 la douceur.\" \/>\n<meta property=\"og:url\" content=\"https:\/\/effluences.com\/zh\/boutique\/\u60c5\u7eea-\u79ef\u6781\/\u4ec1\u6148\/\" \/>\n<meta property=\"og:site_name\" content=\"Effluences : \u00e9lixirs \u00e9motionnels\" \/>\n<meta property=\"article:modified_time\" content=\"2025-06-03T12:11:25+00:00\" \/>\n<meta property=\"og:image\" content=\"https:\/\/effluences.com\/wp-content\/uploads\/2023\/11\/Bienveillance.jpg\" \/>\n\t<meta property=\"og:image:width\" content=\"740\" \/>\n\t<meta property=\"og:image:height\" content=\"1110\" \/>\n\t<meta property=\"og:image:type\" content=\"image\/jpeg\" \/>\n<meta name=\"twitter:card\" content=\"summary_large_image\" \/>\n<meta name=\"twitter:label1\" content=\"Availability\" \/>\n\t<meta name=\"twitter:data1\" content=\"In stock\" \/>\n<script type=\"application\/ld+json\" class=\"yoast-schema-graph\">{\"@context\":\"https:\/\/schema.org\",\"@graph\":[{\"@type\":\"WebPage\",\"@id\":\"https:\/\/effluences.com\/boutique\/emotions-positives\/bienveillance\/\",\"url\":\"https:\/\/effluences.com\/boutique\/emotions-positives\/bienveillance\/\",\"name\":\"Bienveillance - Effluences : \u00e9lixirs \u00e9motionnels\",\"isPartOf\":{\"@id\":\"https:\/\/effluences.com\/#website\"},\"primaryImageOfPage\":{\"@id\":\"https:\/\/effluences.com\/boutique\/emotions-positives\/bienveillance\/#primaryimage\"},\"image\":{\"@id\":\"https:\/\/effluences.com\/boutique\/emotions-positives\/bienveillance\/#primaryimage\"},\"thumbnailUrl\":\"https:\/\/effluences.com\/wp-content\/uploads\/2023\/11\/Bienveillance.jpg\",\"datePublished\":\"2023-11-15T22:14:52+00:00\",\"dateModified\":\"2025-06-03T12:11:25+00:00\",\"breadcrumb\":{\"@id\":\"https:\/\/effluences.com\/boutique\/emotions-positives\/bienveillance\/#breadcrumb\"},\"inLanguage\":\"zh-Hans\",\"potentialAction\":[{\"@type\":\"ReadAction\",\"target\":[\"https:\/\/effluences.com\/boutique\/emotions-positives\/bienveillance\/\"]}]},{\"@type\":\"ImageObject\",\"inLanguage\":\"zh-Hans\",\"@id\":\"https:\/\/effluences.com\/boutique\/emotions-positives\/bienveillance\/#primaryimage\",\"url\":\"https:\/\/effluences.com\/wp-content\/uploads\/2023\/11\/Bienveillance.jpg\",\"contentUrl\":\"https:\/\/effluences.com\/wp-content\/uploads\/2023\/11\/Bienveillance.jpg\",\"width\":740,\"height\":1110},{\"@type\":\"BreadcrumbList\",\"@id\":\"https:\/\/effluences.com\/boutique\/emotions-positives\/bienveillance\/#breadcrumb\",\"itemListElement\":[{\"@type\":\"ListItem\",\"position\":1,\"name\":\"Accueil\",\"item\":\"https:\/\/effluences.com\/\"},{\"@type\":\"ListItem\",\"position\":2,\"name\":\"Boutique\",\"item\":\"https:\/\/effluences.com\/boutique\/\"},{\"@type\":\"ListItem\",\"position\":3,\"name\":\"Bienveillance\"}]},{\"@type\":\"WebSite\",\"@id\":\"https:\/\/effluences.com\/#website\",\"url\":\"https:\/\/effluences.com\/\",\"name\":\"Les Effluences\",\"description\":\"Boostez vos \u00e9motions positives\",\"publisher\":{\"@id\":\"https:\/\/effluences.com\/#organization\"},\"alternateName\":\"Effluences\",\"potentialAction\":[{\"@type\":\"SearchAction\",\"target\":{\"@type\":\"EntryPoint\",\"urlTemplate\":\"https:\/\/effluences.com\/?s={search_term_string}\"},\"query-input\":{\"@type\":\"PropertyValueSpecification\",\"valueRequired\":true,\"valueName\":\"search_term_string\"}}],\"inLanguage\":\"zh-Hans\"},{\"@type\":\"Organization\",\"@id\":\"https:\/\/effluences.com\/#organization\",\"name\":\"Lumen Care Laboratory\",\"url\":\"https:\/\/effluences.com\/\",\"logo\":{\"@type\":\"ImageObject\",\"inLanguage\":\"zh-Hans\",\"@id\":\"https:\/\/effluences.com\/#\/schema\/logo\/image\/\",\"url\":\"https:\/\/effluences.com\/wp-content\/uploads\/2023\/12\/logo-LCL-vectoriel-Def.png\",\"contentUrl\":\"https:\/\/effluences.com\/wp-content\/uploads\/2023\/12\/logo-LCL-vectoriel-Def.png\",\"width\":3790,\"height\":714,\"caption\":\"Lumen Care Laboratory\"},\"image\":{\"@id\":\"https:\/\/effluences.com\/#\/schema\/logo\/image\/\"}}]}<\/script>\n<meta property=\"product:brand\" content=\"Effluences\" \/>\n<meta property=\"og:availability\" content=\"instock\" \/>\n<meta property=\"product:availability\" content=\"instock\" \/>\n<meta property=\"product:retailer_item_id\" content=\"E09\" \/>\n<meta property=\"product:condition\" content=\"new\" \/>\n<!-- \/ Yoast SEO Premium plugin. -->","yoast_head_json":{"title":"Bienveillance - Effluences : \u00e9lixirs \u00e9motionnels","robots":{"index":"index","follow":"follow","max-snippet":"max-snippet:-1","max-image-preview":"max-image-preview:large","max-video-preview":"max-video-preview:-1"},"canonical":"https:\/\/effluences.com\/zh\/boutique\/\u60c5\u7eea-\u79ef\u6781\/\u4ec1\u6148\/","og_locale":"zh_CN","og_type":"article","og_title":"Bienveillance","og_description":"Renforcement positif : Je suis bienveillant\u00b7e et indulgent\u00b7e envers les autres et envers moi-m\u00eame. Je suis tendre. J'ai de l'empathie. Je me connecte \u00e0 la compassion et \u00e0 la douceur.","og_url":"https:\/\/effluences.com\/zh\/boutique\/\u60c5\u7eea-\u79ef\u6781\/\u4ec1\u6148\/","og_site_name":"Effluences : \u00e9lixirs \u00e9motionnels","article_modified_time":"2025-06-03T12:11:25+00:00","og_image":[{"width":740,"height":1110,"url":"https:\/\/effluences.com\/wp-content\/uploads\/2023\/11\/Bienveillance.jpg","type":"image\/jpeg"}],"twitter_card":"summary_large_image","twitter_misc":{"Availability":"In stock"},"schema":{"@context":"https:\/\/schema.org","@graph":[{"@type":"WebPage","@id":"https:\/\/effluences.com\/boutique\/emotions-positives\/bienveillance\/","url":"https:\/\/effluences.com\/boutique\/emotions-positives\/bienveillance\/","name":"Bienveillance - Effluences : \u00e9lixirs \u00e9motionnels","isPartOf":{"@id":"https:\/\/effluences.com\/#website"},"primaryImageOfPage":{"@id":"https:\/\/effluences.com\/boutique\/emotions-positives\/bienveillance\/#primaryimage"},"image":{"@id":"https:\/\/effluences.com\/boutique\/emotions-positives\/bienveillance\/#primaryimage"},"thumbnailUrl":"https:\/\/effluences.com\/wp-content\/uploads\/2023\/11\/Bienveillance.jpg","datePublished":"2023-11-15T22:14:52+00:00","dateModified":"2025-06-03T12:11:25+00:00","breadcrumb":{"@id":"https:\/\/effluences.com\/boutique\/emotions-positives\/bienveillance\/#breadcrumb"},"inLanguage":"zh-Hans","potentialAction":[{"@type":"ReadAction","target":["https:\/\/effluences.com\/boutique\/emotions-positives\/bienveillance\/"]}]},{"@type":"ImageObject","inLanguage":"zh-Hans","@id":"https:\/\/effluences.com\/boutique\/emotions-positives\/bienveillance\/#primaryimage","url":"https:\/\/effluences.com\/wp-content\/uploads\/2023\/11\/Bienveillance.jpg","contentUrl":"https:\/\/effluences.com\/wp-content\/uploads\/2023\/11\/Bienveillance.jpg","width":740,"height":1110},{"@type":"BreadcrumbList","@id":"https:\/\/effluences.com\/boutique\/emotions-positives\/bienveillance\/#breadcrumb","itemListElement":[{"@type":"ListItem","position":1,"name":"Accueil","item":"https:\/\/effluences.com\/"},{"@type":"ListItem","position":2,"name":"Boutique","item":"https:\/\/effluences.com\/boutique\/"},{"@type":"ListItem","position":3,"name":"Bienveillance"}]},{"@type":"WebSite","@id":"https:\/\/effluences.com\/#website","url":"https:\/\/effluences.com\/","name":"Les Effluences","description":"Boostez vos \u00e9motions positives","publisher":{"@id":"https:\/\/effluences.com\/#organization"},"alternateName":"Effluences","potentialAction":[{"@type":"SearchAction","target":{"@type":"EntryPoint","urlTemplate":"https:\/\/effluences.com\/?s={search_term_string}"},"query-input":{"@type":"PropertyValueSpecification","valueRequired":true,"valueName":"search_term_string"}}],"inLanguage":"zh-Hans"},{"@type":"Organization","@id":"https:\/\/effluences.com\/#organization","name":"Lumen Care Laboratory","url":"https:\/\/effluences.com\/","logo":{"@type":"ImageObject","inLanguage":"zh-Hans","@id":"https:\/\/effluences.com\/#\/schema\/logo\/image\/","url":"https:\/\/effluences.com\/wp-content\/uploads\/2023\/12\/logo-LCL-vectoriel-Def.png","contentUrl":"https:\/\/effluences.com\/wp-content\/uploads\/2023\/12\/logo-LCL-vectoriel-Def.png","width":3790,"height":714,"caption":"Lumen Care Laboratory"},"image":{"@id":"https:\/\/effluences.com\/#\/schema\/logo\/image\/"}}]},"product_brand":"Effluences","og_availability":"instock","product_availability":"instock","product_retailer_item_id":"E09","product_condition":"new"},"_links":{"self":[{"href":"https:\/\/effluences.com\/zh\/wp-json\/wp\/v2\/product\/251","targetHints":{"allow":["GET"]}}],"collection":[{"href":"https:\/\/effluences.com\/zh\/wp-json\/wp\/v2\/product"}],"about":[{"href":"https:\/\/effluences.com\/zh\/wp-json\/wp\/v2\/types\/product"}],"replies":[{"embeddable":true,"href":"https:\/\/effluences.com\/zh\/wp-json\/wp\/v2\/comments?post=251"}],"version-history":[{"count":2,"href":"https:\/\/effluences.com\/zh\/wp-json\/wp\/v2\/product\/251\/revisions"}],"predecessor-version":[{"id":1488,"href":"https:\/\/effluences.com\/zh\/wp-json\/wp\/v2\/product\/251\/revisions\/1488"}],"wp:featuredmedia":[{"embeddable":true,"href":"https:\/\/effluences.com\/zh\/wp-json\/wp\/v2\/media\/1191"}],"wp:attachment":[{"href":"https:\/\/effluences.com\/zh\/wp-json\/wp\/v2\/media?parent=251"}],"wp:term":[{"taxonomy":"product_cat","embeddable":true,"href":"https:\/\/effluences.com\/zh\/wp-json\/wp\/v2\/product_cat?post=251"},{"taxonomy":"product_tag","embeddable":true,"href":"https:\/\/effluences.com\/zh\/wp-json\/wp\/v2\/product_tag?post=251"}],"curies":[{"name":"wp","href":"https:\/\/api.w.org\/{rel}","templated":true}]}}